{"id":21337,"date":"2023-03-08T16:27:41","date_gmt":"2023-03-08T15:27:41","guid":{"rendered":"https:\/\/www.templars-route.eu\/cellier-templier-de-saint-julien-les-villas\/"},"modified":"2023-03-08T16:27:41","modified_gmt":"2023-03-08T15:27:41","slug":"cellier-templier-de-saint-julien-les-villas","status":"publish","type":"page","link":"https:\/\/www.templars-route.eu\/pt-pt\/cellier-templier-de-saint-julien-les-villas\/","title":{"rendered":"Cellier templier de Saint-Julien-les-Villas"},"content":{"rendered":"<div class=\"wpb-content-wrapper\"><p>[vc_row css_animation=&#8221;&#8221; row_type=&#8221;row&#8221; use_row_as_full_screen_section=&#8221;no&#8221; type=&#8221;full_width&#8221; angled_section=&#8221;no&#8221; text_align=&#8221;left&#8221; background_image_as_pattern=&#8221;without_pattern&#8221;][vc_column width=&#8221;1\/2&#8243;][vc_single_image image=&#8221;20484&#8243; img_size=&#8221;large&#8221; alignment=&#8221;center&#8221; qode_css_animation=&#8221;&#8221;][vc_empty_space][vc_empty_space][\/vc_column][vc_column width=&#8221;1\/2&#8243;][vc_column_text]S\u2019il y avait une maison du temple \u00e0 Saint-Julien-les-Villas (qui s\u2019appelait alors Sancey), le cellier m\u00e9di\u00e9val vo\u00fbt\u00e9 d\u2019ogives situ\u00e9 en bord de Seine, est le r\u00e9sultat d\u2019une anastylose r\u00e9alis\u00e9e en 2000-2002. Il avait initialement \u00e9t\u00e9 b\u00e2ti au Pavillon-Sainte-Julie o\u00f9 la commanderie de Payns poss\u00e9dait une maison secondaire. Mis en vente \u00e0 la fin du XXe si\u00e8cle, il a \u00e9t\u00e9 d\u00e9mont\u00e9, achet\u00e9 par la municipalit\u00e9 de Saint-Julien puis reconstruit pierre par pierre. Il sert aujourd\u2019hui d\u2019\u00e9crin \u00e0 la Maison du Patrimoine.[\/vc_column_text][vc_empty_space][\/vc_column][\/vc_row][vc_row css_animation=&#8221;&#8221; row_type=&#8221;row&#8221; use_row_as_full_screen_section=&#8221;no&#8221; type=&#8221;full_width&#8221; angled_section=&#8221;no&#8221; text_align=&#8221;left&#8221; background_image_as_pattern=&#8221;without_pattern&#8221;][vc_column][vc_separator type=&#8221;normal&#8221;][vc_empty_space][\/vc_column][\/vc_row][vc_row css_animation=&#8221;&#8221; row_type=&#8221;row&#8221; use_row_as_full_screen_section=&#8221;no&#8221; type=&#8221;full_width&#8221; angled_section=&#8221;no&#8221; text_align=&#8221;left&#8221; background_image_as_pattern=&#8221;without_pattern&#8221;][vc_column width=&#8221;1\/2&#8243;][vc_empty_space height=&#8221;15px&#8221;][vc_column_text]<\/p>\n<h2>Coordonn\u00e9es<\/h2>\n<p>&nbsp;<\/p>\n<p><strong>Maison du patrimoine Troyes Champagne M\u00e9tropole<\/strong><\/p>\n<p>3 Rue Jean Jacques Rousseau<br \/>\n10800 Saint-Julien-les-Villas[\/vc_column_text][vc_empty_space][\/vc_column][vc_column width=&#8221;1\/2&#8243;]<div id='wrap_map_69dc4c091feb4' class='ultimate-map-wrapper ult-adjust-bottom-margin ' style=' height:300px;'><div id='map_69dc4c091feb4' data-map_override='0' class='ultimate_google_map wpb_content_element 0' style='width:100%;height:300px;'><\/div><\/div><script type='text\/javascript'>\n\t\t\t(function($) {\n  \t\t\t'use strict';\n\t\t\tvar map_map_69dc4c091feb4 = null;\n\t\t\tvar coordinate_map_69dc4c091feb4;\n\t\t\tvar isDraggable = $(document).width() > 641 ? 'true' : 'true';\n\t\t\ttry\n\t\t\t{\n\t\t\t\tvar map_map_69dc4c091feb4 = null;\n\t\t\t\tvar coordinate_map_69dc4c091feb4;\n\t\t\t\tcoordinate_map_69dc4c091feb4 = new google.maps.LatLng(48.2741604799, 4.0990595377577);\n\t\t\t\tvar mapOptions=\n\t\t\t\t{\n\t\t\t\t\tzoom: 12,\n\t\t\t\t\tcenter: coordinate_map_69dc4c091feb4,\n\t\t\t\t\tscaleControl: true,\n\t\t\t\t\tstreetViewControl: false,\n\t\t\t\t\tmapTypeControl: false,\n\t\t\t\t\tpanControl: false,\n\t\t\t\t\tzoomControl: false,\n\t\t\t\t\tscrollwheel: true,\n\t\t\t\t\tdraggable: isDraggable,\n\t\t\t\t\tzoomControlOptions: {\n\t\t\t\t\t\tposition: google.maps.ControlPosition.right_bottom\n\t\t\t\t\t},mapTypeId: google.maps.MapTypeId.roadmap,};var map_map_69dc4c091feb4 = new google.maps.Map(document.getElementById('map_69dc4c091feb4'),mapOptions);\n\t\t\t\t\t\tvar x = 'infowindow_open_value';\n\t\t\t\t\t\tvar marker_map_69dc4c091feb4 = new google.maps.Marker({\n\t\t\t\t\t\tposition: new google.maps.LatLng('48.2741604799', '4.0990595377577'),\n\t\t\t\t\t\tanimation:  google.maps.Animation.DROP,\n\t\t\t\t\t\tmap: map_map_69dc4c091feb4,\n\t\t\t\t\t\ticon: ''\n\t\t\t\t\t});\tgoogle.maps.event.addListener(marker_map_69dc4c091feb4, 'click', toggleBounce);}\n\t\t\tcatch(e){};\n\t\t\tjQuery(document).ready(function($){\n\t\t\t\tgoogle.maps.event.trigger(map_map_69dc4c091feb4, 'resize');\n\t\t\t\t$(window).on('resize', function(){\n\t\t\t\t\tgoogle.maps.event.trigger(map_map_69dc4c091feb4, 'resize');\n\t\t\t\t\tif(map_map_69dc4c091feb4!=null)\n\t\t\t\t\t\tmap_map_69dc4c091feb4.setCenter(coordinate_map_69dc4c091feb4);\n\t\t\t\t});\n\t\t\t\t$('.ui-tabs').on('tabsactivate', function(event, ui) {\n\t\t\t\t   if($(this).find('.ultimate-map-wrapper').length > 0)\n\t\t\t\t\t{\n\t\t\t\t\t\tsetTimeout(function(){\n\t\t\t\t\t\t\t$(window).trigger('resize');\n\t\t\t\t\t\t},200);\n\t\t\t\t\t}\n\t\t\t\t});\n\t\t\t\t$('.ui-accordion').on('accordionactivate', function(event, ui) {\n\t\t\t\t   if($(this).find('.ultimate-map-wrapper').length > 0)\n\t\t\t\t\t{\n\t\t\t\t\t\tsetTimeout(function(){\n\t\t\t\t\t\t\t$(window).trigger('resize');\n\t\t\t\t\t\t},200);\n\t\t\t\t\t}\n\t\t\t\t});\n\t\t\t\t$(window).on('load',function(){\n\t\t\t\t\tsetTimeout(function(){\n\t\t\t\t\t\t$(window).trigger('resize');\n\t\t\t\t\t},200);\n\t\t\t\t});\n\t\t\t\t$('.ult_exp_section').on('select', function(){\n\t\t\t\t\tif($(map_map_69dc4c091feb4).parents('.ult_exp_section'))\n\t\t\t\t\t{\n\t\t\t\t\t\tsetTimeout(function(){\n\t\t\t\t\t\t\t$(window).trigger('resize');\n\t\t\t\t\t\t},200);\n\t\t\t\t\t}\n\t\t\t\t});\n\t\t\t\t$(document).on('onUVCModalPopupOpen', function(){\n\t\t\t\t\tif($(map_map_69dc4c091feb4).parents('.ult_modal-content'))\n\t\t\t\t\t{\n\t\t\t\t\t\tsetTimeout(function(){\n\t\t\t\t\t\t\t$(window).trigger('resize');\n\t\t\t\t\t\t},200);\n\t\t\t\t\t}\n\t\t\t\t});\n\t\t\t\t$(document).on('click','.ult_tab_li',function(){\n\t\t\t\t\t$(window).trigger('resize');\n\t\t\t\t\tsetTimeout(function(){\n\t\t\t\t\t\t$(window).trigger('resize');\n\t\t\t\t\t},200);\n\t\t\t\t});\n\t\t\t});\n\t\t\tfunction toggleBounce() {\n\t\t\t  if (marker_map_69dc4c091feb4.getAnimation() != null) {\n\t\t\t\tmarker_map_69dc4c091feb4.setAnimation(null);\n\t\t\t  } else {\n\t\t\t\tmarker_map_69dc4c091feb4.setAnimation(google.maps.Animation.BOUNCE);\n\t\t\t  }\n\t\t\t}\n\t\t\t})(jQuery);\n\t\t\t<\/script>[\/vc_column][\/vc_row]<\/p>\n<\/div>","protected":false},"excerpt":{"rendered":"<p>[vc_row css_animation=&#8221;&#8221; row_type=&#8221;row&#8221; use_row_as_full_screen_section=&#8221;no&#8221; type=&#8221;full_width&#8221; angled_section=&#8221;no&#8221; text_align=&#8221;left&#8221; background_image_as_pattern=&#8221;without_pattern&#8221;][vc_column width=&#8221;1\/2&#8243;][vc_single_image image=&#8221;20484&#8243; img_size=&#8221;large&#8221; alignment=&#8221;center&#8221; qode_css_animation=&#8221;&#8221;][vc_empty_space][vc_empty_space][\/vc_column][vc_column width=&#8221;1\/2&#8243;][vc_column_text]S\u2019il y avait une maison du temple \u00e0 Saint-Julien-les-Villas (qui s\u2019appelait alors Sancey), le cellier m\u00e9di\u00e9val vo\u00fbt\u00e9 d\u2019ogives situ\u00e9 en bord de Seine, est le r\u00e9sultat d\u2019une anastylose r\u00e9alis\u00e9e en 2000-2002. Il&#8230;<\/p>\n","protected":false},"author":95,"featured_media":0,"parent":0,"menu_order":0,"comment_status":"closed","ping_status":"closed","template":"","meta":{"footnotes":""},"class_list":["post-21337","page","type-page","status-publish","hentry"],"yoast_head":"<!-- This site is optimized with the Yoast SEO plugin v26.6 - https:\/\/yoast.com\/wordpress\/plugins\/seo\/ -->\n<title>Cellier templier de Saint-Julien-les-Villas - European Templar Route<\/title>\n<meta name=\"robots\" content=\"index, follow, max-snippet:-1, max-image-preview:large, max-video-preview:-1\" \/>\n<link rel=\"canonical\" href=\"https:\/\/www.templars-route.eu\/pt-pt\/cellier-templier-de-saint-julien-les-villas\/\" \/>\n<meta property=\"og:locale\" content=\"pt_PT\" \/>\n<meta property=\"og:type\" content=\"article\" \/>\n<meta property=\"og:title\" content=\"Cellier templier de Saint-Julien-les-Villas - European Templar Route\" \/>\n<meta property=\"og:description\" content=\"[vc_row css_animation=&#8221;&#8221; row_type=&#8221;row&#8221; use_row_as_full_screen_section=&#8221;no&#8221; type=&#8221;full_width&#8221; angled_section=&#8221;no&#8221; text_align=&#8221;left&#8221; background_image_as_pattern=&#8221;without_pattern&#8221;][vc_column width=&#8221;1\/2&#8243;][vc_single_image image=&#8221;20484&#8243; img_size=&#8221;large&#8221; alignment=&#8221;center&#8221; qode_css_animation=&#8221;&#8221;][vc_empty_space][vc_empty_space][\/vc_column][vc_column width=&#8221;1\/2&#8243;][vc_column_text]S\u2019il y avait une maison du temple \u00e0 Saint-Julien-les-Villas (qui s\u2019appelait alors Sancey), le cellier m\u00e9di\u00e9val vo\u00fbt\u00e9 d\u2019ogives situ\u00e9 en bord de Seine, est le r\u00e9sultat d\u2019une anastylose r\u00e9alis\u00e9e en 2000-2002. Il...\" \/>\n<meta property=\"og:url\" content=\"https:\/\/www.templars-route.eu\/pt-pt\/cellier-templier-de-saint-julien-les-villas\/\" \/>\n<meta property=\"og:site_name\" content=\"European Templar Route\" \/>\n<meta name=\"twitter:card\" content=\"summary_large_image\" \/>\n<meta name=\"twitter:label1\" content=\"Tempo estimado de leitura\" \/>\n\t<meta name=\"twitter:data1\" content=\"1 minuto\" \/>\n<script type=\"application\/ld+json\" class=\"yoast-schema-graph\">{\"@context\":\"https:\/\/schema.org\",\"@graph\":[{\"@type\":\"WebPage\",\"@id\":\"https:\/\/www.templars-route.eu\/pt-pt\/cellier-templier-de-saint-julien-les-villas\/\",\"url\":\"https:\/\/www.templars-route.eu\/pt-pt\/cellier-templier-de-saint-julien-les-villas\/\",\"name\":\"Cellier templier de Saint-Julien-les-Villas - European Templar Route\",\"isPartOf\":{\"@id\":\"https:\/\/www.templars-route.eu\/fr\/#website\"},\"datePublished\":\"2023-03-08T15:27:41+00:00\",\"breadcrumb\":{\"@id\":\"https:\/\/www.templars-route.eu\/pt-pt\/cellier-templier-de-saint-julien-les-villas\/#breadcrumb\"},\"inLanguage\":\"pt-PT\",\"potentialAction\":[{\"@type\":\"ReadAction\",\"target\":[\"https:\/\/www.templars-route.eu\/pt-pt\/cellier-templier-de-saint-julien-les-villas\/\"]}]},{\"@type\":\"BreadcrumbList\",\"@id\":\"https:\/\/www.templars-route.eu\/pt-pt\/cellier-templier-de-saint-julien-les-villas\/#breadcrumb\",\"itemListElement\":[{\"@type\":\"ListItem\",\"position\":1,\"name\":\"Accueil\",\"item\":\"https:\/\/www.templars-route.eu\/pt-pt\/\"},{\"@type\":\"ListItem\",\"position\":2,\"name\":\"Cellier templier de Saint-Julien-les-Villas\"}]},{\"@type\":\"WebSite\",\"@id\":\"https:\/\/www.templars-route.eu\/fr\/#website\",\"url\":\"https:\/\/www.templars-route.eu\/fr\/\",\"name\":\"European Templar Route\",\"description\":\"Un site utilisant Mobylee\",\"potentialAction\":[{\"@type\":\"SearchAction\",\"target\":{\"@type\":\"EntryPoint\",\"urlTemplate\":\"https:\/\/www.templars-route.eu\/fr\/?s={search_term_string}\"},\"query-input\":{\"@type\":\"PropertyValueSpecification\",\"valueRequired\":true,\"valueName\":\"search_term_string\"}}],\"inLanguage\":\"pt-PT\"}]}<\/script>\n<!-- \/ Yoast SEO plugin. -->","yoast_head_json":{"title":"Cellier templier de Saint-Julien-les-Villas - European Templar Route","robots":{"index":"index","follow":"follow","max-snippet":"max-snippet:-1","max-image-preview":"max-image-preview:large","max-video-preview":"max-video-preview:-1"},"canonical":"https:\/\/www.templars-route.eu\/pt-pt\/cellier-templier-de-saint-julien-les-villas\/","og_locale":"pt_PT","og_type":"article","og_title":"Cellier templier de Saint-Julien-les-Villas - European Templar Route","og_description":"[vc_row css_animation=&#8221;&#8221; row_type=&#8221;row&#8221; use_row_as_full_screen_section=&#8221;no&#8221; type=&#8221;full_width&#8221; angled_section=&#8221;no&#8221; text_align=&#8221;left&#8221; background_image_as_pattern=&#8221;without_pattern&#8221;][vc_column width=&#8221;1\/2&#8243;][vc_single_image image=&#8221;20484&#8243; img_size=&#8221;large&#8221; alignment=&#8221;center&#8221; qode_css_animation=&#8221;&#8221;][vc_empty_space][vc_empty_space][\/vc_column][vc_column width=&#8221;1\/2&#8243;][vc_column_text]S\u2019il y avait une maison du temple \u00e0 Saint-Julien-les-Villas (qui s\u2019appelait alors Sancey), le cellier m\u00e9di\u00e9val vo\u00fbt\u00e9 d\u2019ogives situ\u00e9 en bord de Seine, est le r\u00e9sultat d\u2019une anastylose r\u00e9alis\u00e9e en 2000-2002. Il...","og_url":"https:\/\/www.templars-route.eu\/pt-pt\/cellier-templier-de-saint-julien-les-villas\/","og_site_name":"European Templar Route","twitter_card":"summary_large_image","twitter_misc":{"Tempo estimado de leitura":"1 minuto"},"schema":{"@context":"https:\/\/schema.org","@graph":[{"@type":"WebPage","@id":"https:\/\/www.templars-route.eu\/pt-pt\/cellier-templier-de-saint-julien-les-villas\/","url":"https:\/\/www.templars-route.eu\/pt-pt\/cellier-templier-de-saint-julien-les-villas\/","name":"Cellier templier de Saint-Julien-les-Villas - European Templar Route","isPartOf":{"@id":"https:\/\/www.templars-route.eu\/fr\/#website"},"datePublished":"2023-03-08T15:27:41+00:00","breadcrumb":{"@id":"https:\/\/www.templars-route.eu\/pt-pt\/cellier-templier-de-saint-julien-les-villas\/#breadcrumb"},"inLanguage":"pt-PT","potentialAction":[{"@type":"ReadAction","target":["https:\/\/www.templars-route.eu\/pt-pt\/cellier-templier-de-saint-julien-les-villas\/"]}]},{"@type":"BreadcrumbList","@id":"https:\/\/www.templars-route.eu\/pt-pt\/cellier-templier-de-saint-julien-les-villas\/#breadcrumb","itemListElement":[{"@type":"ListItem","position":1,"name":"Accueil","item":"https:\/\/www.templars-route.eu\/pt-pt\/"},{"@type":"ListItem","position":2,"name":"Cellier templier de Saint-Julien-les-Villas"}]},{"@type":"WebSite","@id":"https:\/\/www.templars-route.eu\/fr\/#website","url":"https:\/\/www.templars-route.eu\/fr\/","name":"European Templar Route","description":"Un site utilisant Mobylee","potentialAction":[{"@type":"SearchAction","target":{"@type":"EntryPoint","urlTemplate":"https:\/\/www.templars-route.eu\/fr\/?s={search_term_string}"},"query-input":{"@type":"PropertyValueSpecification","valueRequired":true,"valueName":"search_term_string"}}],"inLanguage":"pt-PT"}]}},"_links":{"self":[{"href":"https:\/\/www.templars-route.eu\/pt-pt\/wp-json\/wp\/v2\/pages\/21337\/"}],"collection":[{"href":"https:\/\/www.templars-route.eu\/pt-pt\/wp-json\/wp\/v2\/pages\/"}],"about":[{"href":"https:\/\/www.templars-route.eu\/pt-pt\/wp-json\/wp\/v2\/types\/page\/"}],"author":[{"embeddable":true,"href":"https:\/\/www.templars-route.eu\/pt-pt\/wp-json\/wp\/v2\/users\/95\/"}],"replies":[{"embeddable":true,"href":"https:\/\/www.templars-route.eu\/pt-pt\/wp-json\/wp\/v2\/comments\/?post=21337"}],"version-history":[{"count":0,"href":"https:\/\/www.templars-route.eu\/pt-pt\/wp-json\/wp\/v2\/pages\/21337\/revisions\/"}],"wp:attachment":[{"href":"https:\/\/www.templars-route.eu\/pt-pt\/wp-json\/wp\/v2\/media\/?parent=21337"}],"curies":[{"name":"wp","href":"https:\/\/api.w.org\/{rel}","templated":true}]}}