{"id":19531,"date":"2021-01-26T11:41:35","date_gmt":"2021-01-26T10:41:35","guid":{"rendered":"https:\/\/www.templars-route.eu\/?page_id=19531"},"modified":"2021-01-26T11:47:09","modified_gmt":"2021-01-26T10:47:09","slug":"comandaria-san-filipo-deplano-2-3-2","status":"publish","type":"page","link":"https:\/\/www.templars-route.eu\/pt-pt\/comandaria-san-filipo-deplano-2-3-2\/","title":{"rendered":"Ruspaglia Santa Maria"},"content":{"rendered":"<div class=\"wpb-content-wrapper\"><p>[vc_row css_animation=&#8221;&#8221; row_type=&#8221;row&#8221; use_row_as_full_screen_section=&#8221;no&#8221; type=&#8221;full_width&#8221; angled_section=&#8221;no&#8221; text_align=&#8221;left&#8221; background_image_as_pattern=&#8221;without_pattern&#8221;][vc_column width=&#8221;2\/3&#8243;][vc_column_text]Em 1164 os Condes de Biandrate confirmaram a doa\u00e7\u00e3o ao Templo de todos os seus bens ad locum ubi Ruspalia dicitur e em circuitu (dentro e nos arredores de Ruspalia), perto de San Giusto Canavese. H\u00e1 poucas refer\u00eancias \u00e0 casa dos Templ\u00e1rios, provavelmente constru\u00edda gra\u00e7as \u00e0 doa\u00e7\u00e3o da fam\u00edlia Biandrate. Em 1222, Giacomo de Mellacio, tutor da Casa Templ\u00e1ria de Vercelli, foi nomeado para proteger os interesses das casas de Vercelli, Novara, Isana, Ruspaglia e Ivrea. O documento refere-se \u00e0 casa Ruspaglia como uma domus e dedicada a Santa Maria. Mais tarde, Gabriele, domus tutor Templi of Ruspalia (tutor da casa de Ruspaglia), participa no cap\u00edtulo provincial realizado em Piacenza em 1271.<\/p>\n<p>Hoje em dia continua a existir uma pequena igreja em Ruspaglia, que pertenceu ao hospital e foi provavelmente constru\u00edda pelos Cavaleiros Templ\u00e1rios. Nos arquivos h\u00e1 um vest\u00edgio de uma visita anterior que teve lugar em 1768. Este documento diz-nos que a igreja, dedicada a San Giacomo, fazia parte das recomenda\u00e7\u00f5es de Ivrea. Aqui a dedica\u00e7\u00e3o \u00e9 diferente da de Santa Maria no tempo dos Templ\u00e1rios e provavelmente remonta ao per\u00edodo ap\u00f3s a sua entrega aos Cavaleiros de S\u00e3o Jo\u00e3o. N\u00e3o longe desta igreja existe uma casa agr\u00edcola chamada &#8220;La Commenda&#8221;, que, segundo os documentos dos Cavaleiros de S\u00e3o Jo\u00e3o, pertencia \u00e0 Ordem. Devido \u00e0 falta de estudos detalhados e de uma s\u00e9rie de trabalhos e altera\u00e7\u00f5es posteriores, \u00e9 imposs\u00edvel estabelecer se algumas partes deste edif\u00edcio datam da fase templ\u00e1ria.[\/vc_column_text][vc_empty_space][\/vc_column][vc_column width=&#8221;1\/3&#8243;][vc_single_image image=&#8221;19532&#8243; img_size=&#8221;medium&#8221; qode_css_animation=&#8221;&#8221;][\/vc_column][\/vc_row][vc_row css_animation=&#8221;&#8221; row_type=&#8221;row&#8221; use_row_as_full_screen_section=&#8221;no&#8221; type=&#8221;full_width&#8221; angled_section=&#8221;no&#8221; text_align=&#8221;left&#8221; background_image_as_pattern=&#8221;without_pattern&#8221;][vc_column width=&#8221;1\/2&#8243;][vc_column_text]<\/p>\n<h2>Detalhes de contacto<\/h2>\n<p>&nbsp;<\/p>\n<p>Chiesa di Santa Maria (San Giacomo)<\/p>\n<p>Ruspaglia, 10090, San Giusto Canavese, TO[\/vc_column_text][\/vc_column][vc_column width=&#8221;1\/2&#8243;][vc_gmaps link=&#8221;#E-8_JTNDaWZyYW1lJTIwc3JjJTNEJTIyaHR0cHMlM0ElMkYlMkZ3d3cuZ29vZ2xlLmNvbSUyRm1hcHMlMkZlbWJlZCUzRnBiJTNEJTIxMW0xNCUyMTFtOCUyMTFtMyUyMTFkMjgwNi40OTExOTcyMzM3MDU0JTIxMmQ3LjgxNjI0NTMlMjEzZDQ1LjI5ODUwMjQlMjEzbTIlMjExaTEwMjQlMjEyaTc2OCUyMTRmMTMuMSUyMTNtMyUyMTFtMiUyMTFzMHg0Nzg4N2Q0NGY1ZjAwZTZiJTI1M0EweGI5MGE0Nzc0YzI5YjA4ZTMlMjEyc0NhcHBlbGxhJTI1MjBkaSUyNTIwU2FuJTI1MjBHaWFjb21vJTI1MjBkaSUyNTIwUnVzcGFnbGlhJTIxNWUwJTIxM20yJTIxMXNmciUyMTJzZnIlMjE0djE2MTE2NTY5MzE0OTAlMjE1bTIlMjExc2ZyJTIxMnNmciUyMiUyMHdpZHRoJTNEJTIyNjAwJTIyJTIwaGVpZ2h0JTNEJTIyNDUwJTIyJTIwZnJhbWVib3JkZXIlM0QlMjIwJTIyJTIwc3R5bGUlM0QlMjJib3JkZXIlM0EwJTNCJTIyJTIwYWxsb3dmdWxsc2NyZWVuJTNEJTIyJTIyJTIwYXJpYS1oaWRkZW4lM0QlMjJmYWxzZSUyMiUyMHRhYmluZGV4JTNEJTIyMCUyMiUzRSUzQyUyRmlmcmFtZSUzRQ==&#8221;][\/vc_column][\/vc_row]<\/p>\n<\/div>","protected":false},"excerpt":{"rendered":"<p>[vc_row css_animation=&#8221;&#8221; row_type=&#8221;row&#8221; use_row_as_full_screen_section=&#8221;no&#8221; type=&#8221;full_width&#8221; angled_section=&#8221;no&#8221; text_align=&#8221;left&#8221; background_image_as_pattern=&#8221;without_pattern&#8221;][vc_column width=&#8221;2\/3&#8243;][vc_column_text]Em 1164 os Condes de Biandrate confirmaram a doa\u00e7\u00e3o ao Templo de todos os seus bens ad locum ubi Ruspalia dicitur e em circuitu (dentro e nos arredores de Ruspalia), perto de San Giusto Canavese. H\u00e1 poucas&#8230;<\/p>\n","protected":false},"author":16,"featured_media":0,"parent":0,"menu_order":0,"comment_status":"closed","ping_status":"closed","template":"","meta":{"footnotes":""},"class_list":["post-19531","page","type-page","status-publish","hentry"],"yoast_head":"<!-- This site is optimized with the Yoast SEO plugin v26.6 - https:\/\/yoast.com\/wordpress\/plugins\/seo\/ -->\n<title>Ruspaglia Santa Maria - European Templar Route<\/title>\n<meta name=\"robots\" content=\"index, follow, max-snippet:-1, max-image-preview:large, max-video-preview:-1\" \/>\n<link rel=\"canonical\" href=\"https:\/\/www.templars-route.eu\/pt-pt\/comandaria-san-filipo-deplano-2-3-2\/\" \/>\n<meta property=\"og:locale\" content=\"pt_PT\" \/>\n<meta property=\"og:type\" content=\"article\" \/>\n<meta property=\"og:title\" content=\"Ruspaglia Santa Maria - European Templar Route\" \/>\n<meta property=\"og:description\" content=\"[vc_row css_animation=&#8221;&#8221; row_type=&#8221;row&#8221; use_row_as_full_screen_section=&#8221;no&#8221; type=&#8221;full_width&#8221; angled_section=&#8221;no&#8221; text_align=&#8221;left&#8221; background_image_as_pattern=&#8221;without_pattern&#8221;][vc_column width=&#8221;2\/3&#8243;][vc_column_text]Em 1164 os Condes de Biandrate confirmaram a doa\u00e7\u00e3o ao Templo de todos os seus bens ad locum ubi Ruspalia dicitur e em circuitu (dentro e nos arredores de Ruspalia), perto de San Giusto Canavese. H\u00e1 poucas...\" \/>\n<meta property=\"og:url\" content=\"https:\/\/www.templars-route.eu\/pt-pt\/comandaria-san-filipo-deplano-2-3-2\/\" \/>\n<meta property=\"og:site_name\" content=\"European Templar Route\" \/>\n<meta property=\"article:modified_time\" content=\"2021-01-26T10:47:09+00:00\" \/>\n<meta name=\"twitter:card\" content=\"summary_large_image\" \/>\n<meta name=\"twitter:label1\" content=\"Tempo estimado de leitura\" \/>\n\t<meta name=\"twitter:data1\" content=\"2 minutos\" \/>\n<script type=\"application\/ld+json\" class=\"yoast-schema-graph\">{\"@context\":\"https:\/\/schema.org\",\"@graph\":[{\"@type\":\"WebPage\",\"@id\":\"https:\/\/www.templars-route.eu\/pt-pt\/comandaria-san-filipo-deplano-2-3-2\/\",\"url\":\"https:\/\/www.templars-route.eu\/pt-pt\/comandaria-san-filipo-deplano-2-3-2\/\",\"name\":\"Ruspaglia Santa Maria - European Templar Route\",\"isPartOf\":{\"@id\":\"https:\/\/www.templars-route.eu\/fr\/#website\"},\"datePublished\":\"2021-01-26T10:41:35+00:00\",\"dateModified\":\"2021-01-26T10:47:09+00:00\",\"breadcrumb\":{\"@id\":\"https:\/\/www.templars-route.eu\/pt-pt\/comandaria-san-filipo-deplano-2-3-2\/#breadcrumb\"},\"inLanguage\":\"pt-PT\",\"potentialAction\":[{\"@type\":\"ReadAction\",\"target\":[\"https:\/\/www.templars-route.eu\/pt-pt\/comandaria-san-filipo-deplano-2-3-2\/\"]}]},{\"@type\":\"BreadcrumbList\",\"@id\":\"https:\/\/www.templars-route.eu\/pt-pt\/comandaria-san-filipo-deplano-2-3-2\/#breadcrumb\",\"itemListElement\":[{\"@type\":\"ListItem\",\"position\":1,\"name\":\"Accueil\",\"item\":\"https:\/\/www.templars-route.eu\/pt-pt\/\"},{\"@type\":\"ListItem\",\"position\":2,\"name\":\"Ruspaglia Santa Maria\"}]},{\"@type\":\"WebSite\",\"@id\":\"https:\/\/www.templars-route.eu\/fr\/#website\",\"url\":\"https:\/\/www.templars-route.eu\/fr\/\",\"name\":\"European Templar Route\",\"description\":\"Un site utilisant Mobylee\",\"potentialAction\":[{\"@type\":\"SearchAction\",\"target\":{\"@type\":\"EntryPoint\",\"urlTemplate\":\"https:\/\/www.templars-route.eu\/fr\/?s={search_term_string}\"},\"query-input\":{\"@type\":\"PropertyValueSpecification\",\"valueRequired\":true,\"valueName\":\"search_term_string\"}}],\"inLanguage\":\"pt-PT\"}]}<\/script>\n<!-- \/ Yoast SEO plugin. -->","yoast_head_json":{"title":"Ruspaglia Santa Maria - European Templar Route","robots":{"index":"index","follow":"follow","max-snippet":"max-snippet:-1","max-image-preview":"max-image-preview:large","max-video-preview":"max-video-preview:-1"},"canonical":"https:\/\/www.templars-route.eu\/pt-pt\/comandaria-san-filipo-deplano-2-3-2\/","og_locale":"pt_PT","og_type":"article","og_title":"Ruspaglia Santa Maria - European Templar Route","og_description":"[vc_row css_animation=&#8221;&#8221; row_type=&#8221;row&#8221; use_row_as_full_screen_section=&#8221;no&#8221; type=&#8221;full_width&#8221; angled_section=&#8221;no&#8221; text_align=&#8221;left&#8221; background_image_as_pattern=&#8221;without_pattern&#8221;][vc_column width=&#8221;2\/3&#8243;][vc_column_text]Em 1164 os Condes de Biandrate confirmaram a doa\u00e7\u00e3o ao Templo de todos os seus bens ad locum ubi Ruspalia dicitur e em circuitu (dentro e nos arredores de Ruspalia), perto de San Giusto Canavese. H\u00e1 poucas...","og_url":"https:\/\/www.templars-route.eu\/pt-pt\/comandaria-san-filipo-deplano-2-3-2\/","og_site_name":"European Templar Route","article_modified_time":"2021-01-26T10:47:09+00:00","twitter_card":"summary_large_image","twitter_misc":{"Tempo estimado de leitura":"2 minutos"},"schema":{"@context":"https:\/\/schema.org","@graph":[{"@type":"WebPage","@id":"https:\/\/www.templars-route.eu\/pt-pt\/comandaria-san-filipo-deplano-2-3-2\/","url":"https:\/\/www.templars-route.eu\/pt-pt\/comandaria-san-filipo-deplano-2-3-2\/","name":"Ruspaglia Santa Maria - European Templar Route","isPartOf":{"@id":"https:\/\/www.templars-route.eu\/fr\/#website"},"datePublished":"2021-01-26T10:41:35+00:00","dateModified":"2021-01-26T10:47:09+00:00","breadcrumb":{"@id":"https:\/\/www.templars-route.eu\/pt-pt\/comandaria-san-filipo-deplano-2-3-2\/#breadcrumb"},"inLanguage":"pt-PT","potentialAction":[{"@type":"ReadAction","target":["https:\/\/www.templars-route.eu\/pt-pt\/comandaria-san-filipo-deplano-2-3-2\/"]}]},{"@type":"BreadcrumbList","@id":"https:\/\/www.templars-route.eu\/pt-pt\/comandaria-san-filipo-deplano-2-3-2\/#breadcrumb","itemListElement":[{"@type":"ListItem","position":1,"name":"Accueil","item":"https:\/\/www.templars-route.eu\/pt-pt\/"},{"@type":"ListItem","position":2,"name":"Ruspaglia Santa Maria"}]},{"@type":"WebSite","@id":"https:\/\/www.templars-route.eu\/fr\/#website","url":"https:\/\/www.templars-route.eu\/fr\/","name":"European Templar Route","description":"Un site utilisant Mobylee","potentialAction":[{"@type":"SearchAction","target":{"@type":"EntryPoint","urlTemplate":"https:\/\/www.templars-route.eu\/fr\/?s={search_term_string}"},"query-input":{"@type":"PropertyValueSpecification","valueRequired":true,"valueName":"search_term_string"}}],"inLanguage":"pt-PT"}]}},"_links":{"self":[{"href":"https:\/\/www.templars-route.eu\/pt-pt\/wp-json\/wp\/v2\/pages\/19531\/"}],"collection":[{"href":"https:\/\/www.templars-route.eu\/pt-pt\/wp-json\/wp\/v2\/pages\/"}],"about":[{"href":"https:\/\/www.templars-route.eu\/pt-pt\/wp-json\/wp\/v2\/types\/page\/"}],"author":[{"embeddable":true,"href":"https:\/\/www.templars-route.eu\/pt-pt\/wp-json\/wp\/v2\/users\/16\/"}],"replies":[{"embeddable":true,"href":"https:\/\/www.templars-route.eu\/pt-pt\/wp-json\/wp\/v2\/comments\/?post=19531"}],"version-history":[{"count":2,"href":"https:\/\/www.templars-route.eu\/pt-pt\/wp-json\/wp\/v2\/pages\/19531\/revisions\/"}],"predecessor-version":[{"id":19543,"href":"https:\/\/www.templars-route.eu\/pt-pt\/wp-json\/wp\/v2\/pages\/19531\/revisions\/19543\/"}],"wp:attachment":[{"href":"https:\/\/www.templars-route.eu\/pt-pt\/wp-json\/wp\/v2\/media\/?parent=19531"}],"curies":[{"name":"wp","href":"https:\/\/api.w.org\/{rel}","templated":true}]}}