{"id":18851,"date":"2021-01-12T17:47:48","date_gmt":"2021-01-12T16:47:48","guid":{"rendered":"https:\/\/www.templars-route.eu\/?page_id=18851"},"modified":"2021-01-12T17:48:10","modified_gmt":"2021-01-12T16:48:10","slug":"igreja-de-san-bevignate-em-perugia","status":"publish","type":"page","link":"https:\/\/www.templars-route.eu\/pt-pt\/igreja-de-san-bevignate-em-perugia\/","title":{"rendered":"Igreja de San Bevignate em Perugia"},"content":{"rendered":"<div class=\"wpb-content-wrapper\"><p>[vc_row css_animation=&#8221;&#8221; row_type=&#8221;row&#8221; use_row_as_full_screen_section=&#8221;no&#8221; type=&#8221;full_width&#8221; angled_section=&#8221;no&#8221; text_align=&#8221;left&#8221; background_image_as_pattern=&#8221;without_pattern&#8221;][vc_column width=&#8221;1\/2&#8243;][vc_column_text]<\/p>\n<h3>A cria\u00e7\u00e3o do edif\u00edcio<\/h3>\n<p>&nbsp;<\/p>\n<p>A igreja de San Bevignate foi constru\u00edda no local de uma antiga &#8220;fullonica&#8221; (lavandaria) do per\u00edodo romano, cujas ru\u00ednas na cave tamb\u00e9m podem ser visitadas. Neste territ\u00f3rio de Perugia, desde 1243, os Templ\u00e1rios tinham uma pequena igreja dedicada a San Gerolamo. A abadia de San Giustino di Arno, San Gerolamo e o complexo de San Bevignate eram de facto uma \u00fanica &#8220;precettoria&#8221; (comando).<\/p>\n<p>A igreja foi fundada em 1256 sob proposta do influente frade templ\u00e1rio Bonvicino, nascido em Assis e cubicolarius (colaborador pr\u00f3ximo) de quatro papas. Foi constru\u00eddo de acordo com o bispo e o munic\u00edpio de Perugia e foi dedicado a San Bevignate.[\/vc_column_text][\/vc_column][vc_column width=&#8221;1\/2&#8243;][vc_empty_space][vc_video link=&#8221;https:\/\/www.youtube.com\/watch?v=nPNLfbpfbdc&#8221;][vc_column_text]Complexo Templ\u00e1rio de San Bevignate pelo Munic\u00edpio de Perugia[\/vc_column_text][vc_empty_space][\/vc_column][\/vc_row][vc_row css_animation=&#8221;&#8221; row_type=&#8221;row&#8221; use_row_as_full_screen_section=&#8221;no&#8221; type=&#8221;full_width&#8221; angled_section=&#8221;no&#8221; text_align=&#8221;left&#8221; background_image_as_pattern=&#8221;without_pattern&#8221;][vc_column][vc_column_text]San Bevignate era um eremita que era particularmente adorado pelo povo de Perugia, que tinha vivido algumas d\u00e9cadas antes e que os Templ\u00e1rios, o Bispo e o pr\u00f3prio munic\u00edpio, tinham tentado em v\u00e1rias ocasi\u00f5es canonizar. Isto explica, entre outras coisas, as dimens\u00f5es imponentes do edif\u00edcio, pensadas com o culto c\u00edvico de San Bevignate, cujo corpo se encontra debaixo do altar. Este culto, com as esmolas que se seguiriam, teria tamb\u00e9m beneficiado a Ordem e os seus projectos para al\u00e9m do Mediterr\u00e2neo.<\/p>\n<p>&nbsp;<\/p>\n<p>A arquitectura austera de arenito com uma \u00fanica nave com ab\u00f3badas transversais recorda formas g\u00f3ticas de inspira\u00e7\u00e3o cisterciense e edif\u00edcios constru\u00eddos nos mesmos anos na regi\u00e3o de Perugia. \u00c9 tamb\u00e9m coerente com a arquitectura da ordem do templo.<\/p>\n<p>&nbsp;<\/p>\n<p>A parte residencial foi inicialmente limitada a uma estrutura de torre perto da igreja (mais tarde torre do sino), depois ampliada para uma ala conventual.[\/vc_column_text][vc_empty_space][\/vc_column][\/vc_row][vc_row css_animation=&#8221;&#8221; row_type=&#8221;row&#8221; use_row_as_full_screen_section=&#8221;no&#8221; type=&#8221;full_width&#8221; angled_section=&#8221;no&#8221; text_align=&#8221;left&#8221; background_image_as_pattern=&#8221;without_pattern&#8221;][vc_column width=&#8221;2\/3&#8243;][vc_column_text]<\/p>\n<h3>Elementos decorativos excepcionais<\/h3>\n<p>&nbsp;<\/p>\n<p>A decora\u00e7\u00e3o do fresco \u00e9 caracterizada por uma primeira fase (cerca de 1265-70) durante a qual os pintores locais, num estilo popular e comunicativo, pintaram um conjunto de falsos freixos e elementos simb\u00f3licos comuns a todos os Templ\u00e1rios (cruz, as nove estrelas simbolizando os fundadores da Ordem, motivo floral). Na tribuna h\u00e1 cenas cristol\u00f3gicas, o Ju\u00edzo Final, a \u00daltima Ceia e alguns santos e cultos c\u00edvicos, entre eles Bevignate e Fran Raniero Fasani, Eremita de Perugia, provavelmente ligados ao mesmo Bevignate, e do movimento penitencial dos &#8220;Flagellanti&#8221; (Flagelantes) em 1260. Na parte interior da fachada, em tr\u00eas bandas sobrepostas, s\u00e3o ilustradas hist\u00f3rias de empresas templ\u00e1rias, seja num campo de batalha ou durante travessias de barco para a Terra Santa.[\/vc_column_text][\/vc_column][vc_column width=&#8221;1\/3&#8243;][vc_empty_space][vc_single_image image=&#8221;15613&#8243; img_size=&#8221;large&#8221; alignment=&#8221;center&#8221; onclick=&#8221;link_image&#8221; qode_css_animation=&#8221;&#8221;][vc_column_text]<\/p>\n<p style=\"text-align: center\">Igreja de San Bevignate,\u00a0Comune di Perugia<\/p>\n<p>[\/vc_column_text][vc_empty_space][\/vc_column][\/vc_row][vc_row css_animation=&#8221;&#8221; row_type=&#8221;row&#8221; use_row_as_full_screen_section=&#8221;no&#8221; type=&#8221;full_width&#8221; angled_section=&#8221;no&#8221; text_align=&#8221;left&#8221; background_image_as_pattern=&#8221;without_pattern&#8221;][vc_column width=&#8221;1\/4&#8243;][vc_empty_space][vc_single_image image=&#8221;15609&#8243; img_size=&#8221;medium&#8221; add_caption=&#8221;yes&#8221; alignment=&#8221;center&#8221; onclick=&#8221;link_image&#8221; qode_css_animation=&#8221;&#8221; qode_hover_animation=&#8221;bottom_title&#8221;][vc_column_text]<\/p>\n<p style=\"text-align: center\">Frescoes da abside quadrada, Comune di Perugia<\/p>\n<p>[\/vc_column_text][vc_empty_space][\/vc_column][vc_column width=&#8221;3\/4&#8243;][vc_empty_space][vc_column_text]Numa segunda fase, os 12 ap\u00f3stolos foram retratados com tra\u00e7os bizantinos romanos ao longo das paredes. Estas pinturas datam de 1280 ou um pouco mais tarde. A s\u00e9rie de ap\u00f3stolos foi provavelmente pintada quando a &#8220;precettoria&#8221; (comando) recebeu o franc\u00eas Guillaume Charnier, documentado como presente em Perugia em 1283, um membro muito importante da Ordem e j\u00e1 &#8220;osti\u00e1rio&#8221; (sacrist\u00e3o) do Papa Niccol\u00f2 III (1277 &#8211; 1280). Nessa altura, parte do altar continha provavelmente um tr\u00edptico refinado com uma Madonna com Crian\u00e7a e hist\u00f3rias da Vida de Cristo (tamb\u00e9m conhecido como o Tr\u00edptico de Perugia ou Marzolini, hoje vis\u00edvel na Galleria Nazionale na \u00dambria).<\/p>\n<p>&nbsp;<\/p>\n<p>O edif\u00edcio e os elementos decorativos constituem uma das testemunhas mais completas e melhor conservadas da hist\u00f3ria dos cavaleiros do templo.[\/vc_column_text][\/vc_column][\/vc_row][vc_row css_animation=&#8221;&#8221; row_type=&#8221;row&#8221; use_row_as_full_screen_section=&#8221;no&#8221; type=&#8221;full_width&#8221; angled_section=&#8221;no&#8221; text_align=&#8221;left&#8221; background_image_as_pattern=&#8221;without_pattern&#8221;][vc_column][vc_column_text]<\/p>\n<p style=\"text-align: right\"><em>por Mirko Santanicchia<\/em><\/p>\n<p>[\/vc_column_text][vc_empty_space][\/vc_column][\/vc_row][vc_row css_animation=&#8221;&#8221; row_type=&#8221;row&#8221; use_row_as_full_screen_section=&#8221;no&#8221; type=&#8221;full_width&#8221; angled_section=&#8221;no&#8221; text_align=&#8221;left&#8221; background_image_as_pattern=&#8221;without_pattern&#8221;][vc_column width=&#8221;1\/2&#8243;][vc_column_text]<\/p>\n<h2>Detalhes de contacto<\/h2>\n<p><strong>Complexo Templ\u00e1rio de San Bevignate<\/strong><\/p>\n<p>Via Enrico Dal Pozzo<br \/>\n06126 Perugia PG, Italie<\/p>\n<p>tel. +39 075 9477727 (info and reservation)<br \/>\nE-mail: <a href=\"mailto:palazzodellapenna@munus.com\" target=\"_blank\" rel=\"noopener noreferrer\">palazzodellapenna@munus.com<\/a>[\/vc_column_text][vc_empty_space height=&#8221;50px&#8221;][\/vc_column][vc_column width=&#8221;1\/2&#8243;]<div id='wrap_map_69deebbe1e45e' class='ultimate-map-wrapper ult-adjust-bottom-margin ' style=' height:300px;'><div id='map_69deebbe1e45e' data-map_override='0' class='ultimate_google_map wpb_content_element 0' style='width:100%;height:300px;'><\/div><\/div><script type='text\/javascript'>\n\t\t\t(function($) {\n  \t\t\t'use strict';\n\t\t\tvar map_map_69deebbe1e45e = null;\n\t\t\tvar coordinate_map_69deebbe1e45e;\n\t\t\tvar isDraggable = $(document).width() > 641 ? 'true' : 'true';\n\t\t\ttry\n\t\t\t{\n\t\t\t\tvar map_map_69deebbe1e45e = null;\n\t\t\t\tvar coordinate_map_69deebbe1e45e;\n\t\t\t\tcoordinate_map_69deebbe1e45e = new google.maps.LatLng(43.110656, 12.409926);\n\t\t\t\tvar mapOptions=\n\t\t\t\t{\n\t\t\t\t\tzoom: 12,\n\t\t\t\t\tcenter: coordinate_map_69deebbe1e45e,\n\t\t\t\t\tscaleControl: true,\n\t\t\t\t\tstreetViewControl: false,\n\t\t\t\t\tmapTypeControl: false,\n\t\t\t\t\tpanControl: false,\n\t\t\t\t\tzoomControl: false,\n\t\t\t\t\tscrollwheel: false,\n\t\t\t\t\tdraggable: isDraggable,\n\t\t\t\t\tzoomControlOptions: {\n\t\t\t\t\t\tposition: google.maps.ControlPosition.right_bottom\n\t\t\t\t\t},mapTypeId: google.maps.MapTypeId.roadmap,};var map_map_69deebbe1e45e = new google.maps.Map(document.getElementById('map_69deebbe1e45e'),mapOptions);\n\t\t\t\t\t\tvar x = 'infowindow_open_value';\n\t\t\t\t\t\tvar marker_map_69deebbe1e45e = new google.maps.Marker({\n\t\t\t\t\t\tposition: new google.maps.LatLng('43.110656', '12.409926'),\n\t\t\t\t\t\tanimation:  google.maps.Animation.DROP,\n\t\t\t\t\t\tmap: map_map_69deebbe1e45e,\n\t\t\t\t\t\ticon: ''\n\t\t\t\t\t});\tgoogle.maps.event.addListener(marker_map_69deebbe1e45e, 'click', toggleBounce);}\n\t\t\tcatch(e){};\n\t\t\tjQuery(document).ready(function($){\n\t\t\t\tgoogle.maps.event.trigger(map_map_69deebbe1e45e, 'resize');\n\t\t\t\t$(window).on('resize', function(){\n\t\t\t\t\tgoogle.maps.event.trigger(map_map_69deebbe1e45e, 'resize');\n\t\t\t\t\tif(map_map_69deebbe1e45e!=null)\n\t\t\t\t\t\tmap_map_69deebbe1e45e.setCenter(coordinate_map_69deebbe1e45e);\n\t\t\t\t});\n\t\t\t\t$('.ui-tabs').on('tabsactivate', function(event, ui) {\n\t\t\t\t   if($(this).find('.ultimate-map-wrapper').length > 0)\n\t\t\t\t\t{\n\t\t\t\t\t\tsetTimeout(function(){\n\t\t\t\t\t\t\t$(window).trigger('resize');\n\t\t\t\t\t\t},200);\n\t\t\t\t\t}\n\t\t\t\t});\n\t\t\t\t$('.ui-accordion').on('accordionactivate', function(event, ui) {\n\t\t\t\t   if($(this).find('.ultimate-map-wrapper').length > 0)\n\t\t\t\t\t{\n\t\t\t\t\t\tsetTimeout(function(){\n\t\t\t\t\t\t\t$(window).trigger('resize');\n\t\t\t\t\t\t},200);\n\t\t\t\t\t}\n\t\t\t\t});\n\t\t\t\t$(window).on('load',function(){\n\t\t\t\t\tsetTimeout(function(){\n\t\t\t\t\t\t$(window).trigger('resize');\n\t\t\t\t\t},200);\n\t\t\t\t});\n\t\t\t\t$('.ult_exp_section').on('select', function(){\n\t\t\t\t\tif($(map_map_69deebbe1e45e).parents('.ult_exp_section'))\n\t\t\t\t\t{\n\t\t\t\t\t\tsetTimeout(function(){\n\t\t\t\t\t\t\t$(window).trigger('resize');\n\t\t\t\t\t\t},200);\n\t\t\t\t\t}\n\t\t\t\t});\n\t\t\t\t$(document).on('onUVCModalPopupOpen', function(){\n\t\t\t\t\tif($(map_map_69deebbe1e45e).parents('.ult_modal-content'))\n\t\t\t\t\t{\n\t\t\t\t\t\tsetTimeout(function(){\n\t\t\t\t\t\t\t$(window).trigger('resize');\n\t\t\t\t\t\t},200);\n\t\t\t\t\t}\n\t\t\t\t});\n\t\t\t\t$(document).on('click','.ult_tab_li',function(){\n\t\t\t\t\t$(window).trigger('resize');\n\t\t\t\t\tsetTimeout(function(){\n\t\t\t\t\t\t$(window).trigger('resize');\n\t\t\t\t\t},200);\n\t\t\t\t});\n\t\t\t});\n\t\t\tfunction toggleBounce() {\n\t\t\t  if (marker_map_69deebbe1e45e.getAnimation() != null) {\n\t\t\t\tmarker_map_69deebbe1e45e.setAnimation(null);\n\t\t\t  } else {\n\t\t\t\tmarker_map_69deebbe1e45e.setAnimation(google.maps.Animation.BOUNCE);\n\t\t\t  }\n\t\t\t}\n\t\t\t})(jQuery);\n\t\t\t<\/script>[\/vc_column][\/vc_row]<\/p>\n<\/div>","protected":false},"excerpt":{"rendered":"<p>[vc_row css_animation=&#8221;&#8221; row_type=&#8221;row&#8221; use_row_as_full_screen_section=&#8221;no&#8221; type=&#8221;full_width&#8221; angled_section=&#8221;no&#8221; text_align=&#8221;left&#8221; background_image_as_pattern=&#8221;without_pattern&#8221;][vc_column width=&#8221;1\/2&#8243;][vc_column_text] A cria\u00e7\u00e3o do edif\u00edcio &nbsp; A igreja de San Bevignate foi constru\u00edda no local de uma antiga &#8220;fullonica&#8221; (lavandaria) do per\u00edodo romano, cujas ru\u00ednas na cave tamb\u00e9m podem ser visitadas. Neste territ\u00f3rio de Perugia, desde 1243,&#8230;<\/p>\n","protected":false},"author":27,"featured_media":0,"parent":0,"menu_order":0,"comment_status":"closed","ping_status":"closed","template":"","meta":{"footnotes":""},"class_list":["post-18851","page","type-page","status-publish","hentry"],"yoast_head":"<!-- This site is optimized with the Yoast SEO plugin v26.6 - https:\/\/yoast.com\/wordpress\/plugins\/seo\/ -->\n<title>Igreja de San Bevignate em Perugia - European Templar Route<\/title>\n<meta name=\"robots\" content=\"index, follow, max-snippet:-1, max-image-preview:large, max-video-preview:-1\" \/>\n<link rel=\"canonical\" href=\"https:\/\/www.templars-route.eu\/pt-pt\/igreja-de-san-bevignate-em-perugia\/\" \/>\n<meta property=\"og:locale\" content=\"pt_PT\" \/>\n<meta property=\"og:type\" content=\"article\" \/>\n<meta property=\"og:title\" content=\"Igreja de San Bevignate em Perugia - European Templar Route\" \/>\n<meta property=\"og:description\" content=\"[vc_row css_animation=&#8221;&#8221; row_type=&#8221;row&#8221; use_row_as_full_screen_section=&#8221;no&#8221; type=&#8221;full_width&#8221; angled_section=&#8221;no&#8221; text_align=&#8221;left&#8221; background_image_as_pattern=&#8221;without_pattern&#8221;][vc_column width=&#8221;1\/2&#8243;][vc_column_text] A cria\u00e7\u00e3o do edif\u00edcio &nbsp; A igreja de San Bevignate foi constru\u00edda no local de uma antiga &#8220;fullonica&#8221; (lavandaria) do per\u00edodo romano, cujas ru\u00ednas na cave tamb\u00e9m podem ser visitadas. Neste territ\u00f3rio de Perugia, desde 1243,...\" \/>\n<meta property=\"og:url\" content=\"https:\/\/www.templars-route.eu\/pt-pt\/igreja-de-san-bevignate-em-perugia\/\" \/>\n<meta property=\"og:site_name\" content=\"European Templar Route\" \/>\n<meta property=\"article:modified_time\" content=\"2021-01-12T16:48:10+00:00\" \/>\n<meta name=\"twitter:card\" content=\"summary_large_image\" \/>\n<meta name=\"twitter:label1\" content=\"Tempo estimado de leitura\" \/>\n\t<meta name=\"twitter:data1\" content=\"5 minutos\" \/>\n<script type=\"application\/ld+json\" class=\"yoast-schema-graph\">{\"@context\":\"https:\/\/schema.org\",\"@graph\":[{\"@type\":\"WebPage\",\"@id\":\"https:\/\/www.templars-route.eu\/pt-pt\/igreja-de-san-bevignate-em-perugia\/\",\"url\":\"https:\/\/www.templars-route.eu\/pt-pt\/igreja-de-san-bevignate-em-perugia\/\",\"name\":\"Igreja de San Bevignate em Perugia - European Templar Route\",\"isPartOf\":{\"@id\":\"https:\/\/www.templars-route.eu\/fr\/#website\"},\"datePublished\":\"2021-01-12T16:47:48+00:00\",\"dateModified\":\"2021-01-12T16:48:10+00:00\",\"breadcrumb\":{\"@id\":\"https:\/\/www.templars-route.eu\/pt-pt\/igreja-de-san-bevignate-em-perugia\/#breadcrumb\"},\"inLanguage\":\"pt-PT\",\"potentialAction\":[{\"@type\":\"ReadAction\",\"target\":[\"https:\/\/www.templars-route.eu\/pt-pt\/igreja-de-san-bevignate-em-perugia\/\"]}]},{\"@type\":\"BreadcrumbList\",\"@id\":\"https:\/\/www.templars-route.eu\/pt-pt\/igreja-de-san-bevignate-em-perugia\/#breadcrumb\",\"itemListElement\":[{\"@type\":\"ListItem\",\"position\":1,\"name\":\"Accueil\",\"item\":\"https:\/\/www.templars-route.eu\/pt-pt\/\"},{\"@type\":\"ListItem\",\"position\":2,\"name\":\"Igreja de San Bevignate em Perugia\"}]},{\"@type\":\"WebSite\",\"@id\":\"https:\/\/www.templars-route.eu\/fr\/#website\",\"url\":\"https:\/\/www.templars-route.eu\/fr\/\",\"name\":\"European Templar Route\",\"description\":\"Un site utilisant Mobylee\",\"potentialAction\":[{\"@type\":\"SearchAction\",\"target\":{\"@type\":\"EntryPoint\",\"urlTemplate\":\"https:\/\/www.templars-route.eu\/fr\/?s={search_term_string}\"},\"query-input\":{\"@type\":\"PropertyValueSpecification\",\"valueRequired\":true,\"valueName\":\"search_term_string\"}}],\"inLanguage\":\"pt-PT\"}]}<\/script>\n<!-- \/ Yoast SEO plugin. -->","yoast_head_json":{"title":"Igreja de San Bevignate em Perugia - European Templar Route","robots":{"index":"index","follow":"follow","max-snippet":"max-snippet:-1","max-image-preview":"max-image-preview:large","max-video-preview":"max-video-preview:-1"},"canonical":"https:\/\/www.templars-route.eu\/pt-pt\/igreja-de-san-bevignate-em-perugia\/","og_locale":"pt_PT","og_type":"article","og_title":"Igreja de San Bevignate em Perugia - European Templar Route","og_description":"[vc_row css_animation=&#8221;&#8221; row_type=&#8221;row&#8221; use_row_as_full_screen_section=&#8221;no&#8221; type=&#8221;full_width&#8221; angled_section=&#8221;no&#8221; text_align=&#8221;left&#8221; background_image_as_pattern=&#8221;without_pattern&#8221;][vc_column width=&#8221;1\/2&#8243;][vc_column_text] A cria\u00e7\u00e3o do edif\u00edcio &nbsp; A igreja de San Bevignate foi constru\u00edda no local de uma antiga &#8220;fullonica&#8221; (lavandaria) do per\u00edodo romano, cujas ru\u00ednas na cave tamb\u00e9m podem ser visitadas. Neste territ\u00f3rio de Perugia, desde 1243,...","og_url":"https:\/\/www.templars-route.eu\/pt-pt\/igreja-de-san-bevignate-em-perugia\/","og_site_name":"European Templar Route","article_modified_time":"2021-01-12T16:48:10+00:00","twitter_card":"summary_large_image","twitter_misc":{"Tempo estimado de leitura":"5 minutos"},"schema":{"@context":"https:\/\/schema.org","@graph":[{"@type":"WebPage","@id":"https:\/\/www.templars-route.eu\/pt-pt\/igreja-de-san-bevignate-em-perugia\/","url":"https:\/\/www.templars-route.eu\/pt-pt\/igreja-de-san-bevignate-em-perugia\/","name":"Igreja de San Bevignate em Perugia - European Templar Route","isPartOf":{"@id":"https:\/\/www.templars-route.eu\/fr\/#website"},"datePublished":"2021-01-12T16:47:48+00:00","dateModified":"2021-01-12T16:48:10+00:00","breadcrumb":{"@id":"https:\/\/www.templars-route.eu\/pt-pt\/igreja-de-san-bevignate-em-perugia\/#breadcrumb"},"inLanguage":"pt-PT","potentialAction":[{"@type":"ReadAction","target":["https:\/\/www.templars-route.eu\/pt-pt\/igreja-de-san-bevignate-em-perugia\/"]}]},{"@type":"BreadcrumbList","@id":"https:\/\/www.templars-route.eu\/pt-pt\/igreja-de-san-bevignate-em-perugia\/#breadcrumb","itemListElement":[{"@type":"ListItem","position":1,"name":"Accueil","item":"https:\/\/www.templars-route.eu\/pt-pt\/"},{"@type":"ListItem","position":2,"name":"Igreja de San Bevignate em Perugia"}]},{"@type":"WebSite","@id":"https:\/\/www.templars-route.eu\/fr\/#website","url":"https:\/\/www.templars-route.eu\/fr\/","name":"European Templar Route","description":"Un site utilisant Mobylee","potentialAction":[{"@type":"SearchAction","target":{"@type":"EntryPoint","urlTemplate":"https:\/\/www.templars-route.eu\/fr\/?s={search_term_string}"},"query-input":{"@type":"PropertyValueSpecification","valueRequired":true,"valueName":"search_term_string"}}],"inLanguage":"pt-PT"}]}},"_links":{"self":[{"href":"https:\/\/www.templars-route.eu\/pt-pt\/wp-json\/wp\/v2\/pages\/18851\/"}],"collection":[{"href":"https:\/\/www.templars-route.eu\/pt-pt\/wp-json\/wp\/v2\/pages\/"}],"about":[{"href":"https:\/\/www.templars-route.eu\/pt-pt\/wp-json\/wp\/v2\/types\/page\/"}],"author":[{"embeddable":true,"href":"https:\/\/www.templars-route.eu\/pt-pt\/wp-json\/wp\/v2\/users\/27\/"}],"replies":[{"embeddable":true,"href":"https:\/\/www.templars-route.eu\/pt-pt\/wp-json\/wp\/v2\/comments\/?post=18851"}],"version-history":[{"count":2,"href":"https:\/\/www.templars-route.eu\/pt-pt\/wp-json\/wp\/v2\/pages\/18851\/revisions\/"}],"predecessor-version":[{"id":18855,"href":"https:\/\/www.templars-route.eu\/pt-pt\/wp-json\/wp\/v2\/pages\/18851\/revisions\/18855\/"}],"wp:attachment":[{"href":"https:\/\/www.templars-route.eu\/pt-pt\/wp-json\/wp\/v2\/media\/?parent=18851"}],"curies":[{"name":"wp","href":"https:\/\/api.w.org\/{rel}","templated":true}]}}