{"id":18845,"date":"2021-01-12T17:35:54","date_gmt":"2021-01-12T16:35:54","guid":{"rendered":"https:\/\/www.templars-route.eu\/?page_id=18845"},"modified":"2021-01-12T17:35:54","modified_gmt":"2021-01-12T16:35:54","slug":"igreja-de-santa-maria-dos-olivais-de-tomar","status":"publish","type":"page","link":"https:\/\/www.templars-route.eu\/pt-pt\/igreja-de-santa-maria-dos-olivais-de-tomar\/","title":{"rendered":"Igreja de Santa Maria dos Olivais de Tomar"},"content":{"rendered":"<div class=\"wpb-content-wrapper\"><p>[vc_row css_animation=&#8221;&#8221; row_type=&#8221;row&#8221; use_row_as_full_screen_section=&#8221;no&#8221; type=&#8221;full_width&#8221; angled_section=&#8221;no&#8221; text_align=&#8221;left&#8221; background_image_as_pattern=&#8221;without_pattern&#8221;][vc_column width=&#8221;2\/3&#8243;][vc_column_text]A Igreja de Santa Maria do Olival \u00e9 o pante\u00e3o dos Mestres Templ\u00e1rios portugueses. Foi constru\u00eddo no s\u00e9culo XIII no topo da igreja original da Ordem do Templo, que tamb\u00e9m foi constru\u00edda sobre uma constru\u00e7\u00e3o anterior, um mosteiro pertencente \u00e0 ordem de S. Bento durante o per\u00edodo visig\u00f3tico.<\/p>\n<p>&nbsp;<\/p>\n<p>A arquitectura mostra a transi\u00e7\u00e3o entre os estilos rom\u00e2nico e g\u00f3tico. As capelas laterais e a galeria sul est\u00e3o em estilo renascentista datado do s\u00e9culo XVI. O t\u00famulo de Gualdim Pais (na segunda capela lateral), a figura de Nossa Senhora (de Diogo Pires-o-Velho), o t\u00famulo renascentista do 1\u00ba Bispo do Funchal (na capela principal \u00e0 esquerda) e a capela de Sim\u00e3o Preto com azulejos do s\u00e9culo XVII s\u00e3o todos dignos de interesse.<\/p>\n<p>&nbsp;<\/p>\n<p>Esta igreja tornou-se a &#8220;Igreja M\u00e3e&#8221; de todas as igrejas na \u00c1sia, \u00c1frica e Am\u00e9rica por uma bula papal do Papa Calisto III em 13 de Mar\u00e7o de 1455. Isto estabeleceu que o anterior tinha jurisdi\u00e7\u00e3o eclesi\u00e1stica sobre os territ\u00f3rios ultramarinos e os seus habitantes.<\/p>\n<p>&nbsp;<\/p>\n<p>A torre sineira, que tinha sido utilizada como torre de vigia desde o s\u00e9culo XII, foi reconstru\u00edda no s\u00e9culo XVI.[\/vc_column_text][\/vc_column][vc_column width=&#8221;1\/3&#8243;][vc_gallery interval=&#8221;3&#8243; images=&#8221;18596,18601&#8243; img_size=&#8221;large&#8221;][\/vc_column][\/vc_row][vc_row css_animation=&#8221;&#8221; row_type=&#8221;row&#8221; use_row_as_full_screen_section=&#8221;no&#8221; type=&#8221;full_width&#8221; angled_section=&#8221;no&#8221; text_align=&#8221;left&#8221; background_image_as_pattern=&#8221;without_pattern&#8221;][vc_column][vc_empty_space][\/vc_column][\/vc_row][vc_row css_animation=&#8221;&#8221; row_type=&#8221;row&#8221; use_row_as_full_screen_section=&#8221;no&#8221; type=&#8221;full_width&#8221; angled_section=&#8221;no&#8221; text_align=&#8221;left&#8221; background_image_as_pattern=&#8221;without_pattern&#8221;][vc_column width=&#8221;1\/2&#8243;][vc_column_text]<\/p>\n<h2>Detalhes de contacto<\/h2>\n<p>&nbsp;<\/p>\n<p><strong>Igreja de Santa Maria do Olival<\/strong><\/p>\n<p>Estrada de Marmelais de Baixo<br \/>\n2300-000 TOMAR[\/vc_column_text][\/vc_column][vc_column width=&#8221;1\/2&#8243;][vc_gmaps link=&#8221;#E-8_JTNDaWZyYW1lJTIwc3JjJTNEJTIyaHR0cHMlM0ElMkYlMkZ3d3cuZ29vZ2xlLmNvbSUyRm1hcHMlMkZlbWJlZCUzRnBiJTNEJTIxMW0xNCUyMTFtOCUyMTFtMyUyMTFkMTIyOTYuNTY3ODY3ODcyMjg5JTIxMmQtOC40MDczMjg4JTIxM2QzOS42MDE0ODQzJTIxM20yJTIxMWkxMDI0JTIxMmk3NjglMjE0ZjEzLjElMjEzbTMlMjExbTIlMjExczB4MCUyNTNBMHhiNWI2OWM3YmNlOWYxNzc0JTIxMnMlMjVDMyUyNTg5Z2xpc2UlMjUyMGRlJTI1MjBTYW50YSUyNTIwTWFyaWElMjUyMGRvJTI1MjBPbGl2YWwlMjE1ZTAlMjEzbTIlMjExc2ZyJTIxMnNmciUyMTR2MTYwNjc1Nzg5Mzg3NSUyMTVtMiUyMTFzZnIlMjEyc2ZyJTIyJTIwd2lkdGglM0QlMjI2MDAlMjIlMjBoZWlnaHQlM0QlMjIzMDAlMjIlMjBmcmFtZWJvcmRlciUzRCUyMjAlMjIlMjBzdHlsZSUzRCUyMmJvcmRlciUzQTAlM0IlMjIlMjBhbGxvd2Z1bGxzY3JlZW4lM0QlMjIlMjIlMjBhcmlhLWhpZGRlbiUzRCUyMmZhbHNlJTIyJTIwdGFiaW5kZXglM0QlMjIwJTIyJTNFJTNDJTJGaWZyYW1lJTNF&#8221;][\/vc_column][\/vc_row]<\/p>\n<\/div>","protected":false},"excerpt":{"rendered":"<p>[vc_row css_animation=&#8221;&#8221; row_type=&#8221;row&#8221; use_row_as_full_screen_section=&#8221;no&#8221; type=&#8221;full_width&#8221; angled_section=&#8221;no&#8221; text_align=&#8221;left&#8221; background_image_as_pattern=&#8221;without_pattern&#8221;][vc_column width=&#8221;2\/3&#8243;][vc_column_text]A Igreja de Santa Maria do Olival \u00e9 o pante\u00e3o dos Mestres Templ\u00e1rios portugueses. Foi constru\u00eddo no s\u00e9culo XIII no topo da igreja original da Ordem do Templo, que tamb\u00e9m foi constru\u00edda sobre uma constru\u00e7\u00e3o anterior, um&#8230;<\/p>\n","protected":false},"author":27,"featured_media":0,"parent":0,"menu_order":0,"comment_status":"closed","ping_status":"closed","template":"","meta":{"footnotes":""},"class_list":["post-18845","page","type-page","status-publish","hentry"],"yoast_head":"<!-- This site is optimized with the Yoast SEO plugin v26.6 - https:\/\/yoast.com\/wordpress\/plugins\/seo\/ -->\n<title>Igreja de Santa Maria dos Olivais de Tomar - European Templar Route<\/title>\n<meta name=\"robots\" content=\"index, follow, max-snippet:-1, max-image-preview:large, max-video-preview:-1\" \/>\n<link rel=\"canonical\" href=\"https:\/\/www.templars-route.eu\/pt-pt\/igreja-de-santa-maria-dos-olivais-de-tomar\/\" \/>\n<meta property=\"og:locale\" content=\"pt_PT\" \/>\n<meta property=\"og:type\" content=\"article\" \/>\n<meta property=\"og:title\" content=\"Igreja de Santa Maria dos Olivais de Tomar - European Templar Route\" \/>\n<meta property=\"og:description\" content=\"[vc_row css_animation=&#8221;&#8221; row_type=&#8221;row&#8221; use_row_as_full_screen_section=&#8221;no&#8221; type=&#8221;full_width&#8221; angled_section=&#8221;no&#8221; text_align=&#8221;left&#8221; background_image_as_pattern=&#8221;without_pattern&#8221;][vc_column width=&#8221;2\/3&#8243;][vc_column_text]A Igreja de Santa Maria do Olival \u00e9 o pante\u00e3o dos Mestres Templ\u00e1rios portugueses. Foi constru\u00eddo no s\u00e9culo XIII no topo da igreja original da Ordem do Templo, que tamb\u00e9m foi constru\u00edda sobre uma constru\u00e7\u00e3o anterior, um...\" \/>\n<meta property=\"og:url\" content=\"https:\/\/www.templars-route.eu\/pt-pt\/igreja-de-santa-maria-dos-olivais-de-tomar\/\" \/>\n<meta property=\"og:site_name\" content=\"European Templar Route\" \/>\n<meta name=\"twitter:card\" content=\"summary_large_image\" \/>\n<meta name=\"twitter:label1\" content=\"Tempo estimado de leitura\" \/>\n\t<meta name=\"twitter:data1\" content=\"2 minutos\" \/>\n<script type=\"application\/ld+json\" class=\"yoast-schema-graph\">{\"@context\":\"https:\/\/schema.org\",\"@graph\":[{\"@type\":\"WebPage\",\"@id\":\"https:\/\/www.templars-route.eu\/pt-pt\/igreja-de-santa-maria-dos-olivais-de-tomar\/\",\"url\":\"https:\/\/www.templars-route.eu\/pt-pt\/igreja-de-santa-maria-dos-olivais-de-tomar\/\",\"name\":\"Igreja de Santa Maria dos Olivais de Tomar - European Templar Route\",\"isPartOf\":{\"@id\":\"https:\/\/www.templars-route.eu\/fr\/#website\"},\"datePublished\":\"2021-01-12T16:35:54+00:00\",\"breadcrumb\":{\"@id\":\"https:\/\/www.templars-route.eu\/pt-pt\/igreja-de-santa-maria-dos-olivais-de-tomar\/#breadcrumb\"},\"inLanguage\":\"pt-PT\",\"potentialAction\":[{\"@type\":\"ReadAction\",\"target\":[\"https:\/\/www.templars-route.eu\/pt-pt\/igreja-de-santa-maria-dos-olivais-de-tomar\/\"]}]},{\"@type\":\"BreadcrumbList\",\"@id\":\"https:\/\/www.templars-route.eu\/pt-pt\/igreja-de-santa-maria-dos-olivais-de-tomar\/#breadcrumb\",\"itemListElement\":[{\"@type\":\"ListItem\",\"position\":1,\"name\":\"Accueil\",\"item\":\"https:\/\/www.templars-route.eu\/pt-pt\/\"},{\"@type\":\"ListItem\",\"position\":2,\"name\":\"Igreja de Santa Maria dos Olivais de Tomar\"}]},{\"@type\":\"WebSite\",\"@id\":\"https:\/\/www.templars-route.eu\/fr\/#website\",\"url\":\"https:\/\/www.templars-route.eu\/fr\/\",\"name\":\"European Templar Route\",\"description\":\"Un site utilisant Mobylee\",\"potentialAction\":[{\"@type\":\"SearchAction\",\"target\":{\"@type\":\"EntryPoint\",\"urlTemplate\":\"https:\/\/www.templars-route.eu\/fr\/?s={search_term_string}\"},\"query-input\":{\"@type\":\"PropertyValueSpecification\",\"valueRequired\":true,\"valueName\":\"search_term_string\"}}],\"inLanguage\":\"pt-PT\"}]}<\/script>\n<!-- \/ Yoast SEO plugin. -->","yoast_head_json":{"title":"Igreja de Santa Maria dos Olivais de Tomar - European Templar Route","robots":{"index":"index","follow":"follow","max-snippet":"max-snippet:-1","max-image-preview":"max-image-preview:large","max-video-preview":"max-video-preview:-1"},"canonical":"https:\/\/www.templars-route.eu\/pt-pt\/igreja-de-santa-maria-dos-olivais-de-tomar\/","og_locale":"pt_PT","og_type":"article","og_title":"Igreja de Santa Maria dos Olivais de Tomar - European Templar Route","og_description":"[vc_row css_animation=&#8221;&#8221; row_type=&#8221;row&#8221; use_row_as_full_screen_section=&#8221;no&#8221; type=&#8221;full_width&#8221; angled_section=&#8221;no&#8221; text_align=&#8221;left&#8221; background_image_as_pattern=&#8221;without_pattern&#8221;][vc_column width=&#8221;2\/3&#8243;][vc_column_text]A Igreja de Santa Maria do Olival \u00e9 o pante\u00e3o dos Mestres Templ\u00e1rios portugueses. Foi constru\u00eddo no s\u00e9culo XIII no topo da igreja original da Ordem do Templo, que tamb\u00e9m foi constru\u00edda sobre uma constru\u00e7\u00e3o anterior, um...","og_url":"https:\/\/www.templars-route.eu\/pt-pt\/igreja-de-santa-maria-dos-olivais-de-tomar\/","og_site_name":"European Templar Route","twitter_card":"summary_large_image","twitter_misc":{"Tempo estimado de leitura":"2 minutos"},"schema":{"@context":"https:\/\/schema.org","@graph":[{"@type":"WebPage","@id":"https:\/\/www.templars-route.eu\/pt-pt\/igreja-de-santa-maria-dos-olivais-de-tomar\/","url":"https:\/\/www.templars-route.eu\/pt-pt\/igreja-de-santa-maria-dos-olivais-de-tomar\/","name":"Igreja de Santa Maria dos Olivais de Tomar - European Templar Route","isPartOf":{"@id":"https:\/\/www.templars-route.eu\/fr\/#website"},"datePublished":"2021-01-12T16:35:54+00:00","breadcrumb":{"@id":"https:\/\/www.templars-route.eu\/pt-pt\/igreja-de-santa-maria-dos-olivais-de-tomar\/#breadcrumb"},"inLanguage":"pt-PT","potentialAction":[{"@type":"ReadAction","target":["https:\/\/www.templars-route.eu\/pt-pt\/igreja-de-santa-maria-dos-olivais-de-tomar\/"]}]},{"@type":"BreadcrumbList","@id":"https:\/\/www.templars-route.eu\/pt-pt\/igreja-de-santa-maria-dos-olivais-de-tomar\/#breadcrumb","itemListElement":[{"@type":"ListItem","position":1,"name":"Accueil","item":"https:\/\/www.templars-route.eu\/pt-pt\/"},{"@type":"ListItem","position":2,"name":"Igreja de Santa Maria dos Olivais de Tomar"}]},{"@type":"WebSite","@id":"https:\/\/www.templars-route.eu\/fr\/#website","url":"https:\/\/www.templars-route.eu\/fr\/","name":"European Templar Route","description":"Un site utilisant Mobylee","potentialAction":[{"@type":"SearchAction","target":{"@type":"EntryPoint","urlTemplate":"https:\/\/www.templars-route.eu\/fr\/?s={search_term_string}"},"query-input":{"@type":"PropertyValueSpecification","valueRequired":true,"valueName":"search_term_string"}}],"inLanguage":"pt-PT"}]}},"_links":{"self":[{"href":"https:\/\/www.templars-route.eu\/pt-pt\/wp-json\/wp\/v2\/pages\/18845\/"}],"collection":[{"href":"https:\/\/www.templars-route.eu\/pt-pt\/wp-json\/wp\/v2\/pages\/"}],"about":[{"href":"https:\/\/www.templars-route.eu\/pt-pt\/wp-json\/wp\/v2\/types\/page\/"}],"author":[{"embeddable":true,"href":"https:\/\/www.templars-route.eu\/pt-pt\/wp-json\/wp\/v2\/users\/27\/"}],"replies":[{"embeddable":true,"href":"https:\/\/www.templars-route.eu\/pt-pt\/wp-json\/wp\/v2\/comments\/?post=18845"}],"version-history":[{"count":2,"href":"https:\/\/www.templars-route.eu\/pt-pt\/wp-json\/wp\/v2\/pages\/18845\/revisions\/"}],"predecessor-version":[{"id":18848,"href":"https:\/\/www.templars-route.eu\/pt-pt\/wp-json\/wp\/v2\/pages\/18845\/revisions\/18848\/"}],"wp:attachment":[{"href":"https:\/\/www.templars-route.eu\/pt-pt\/wp-json\/wp\/v2\/media\/?parent=18845"}],"curies":[{"name":"wp","href":"https:\/\/api.w.org\/{rel}","templated":true}]}}