{"id":18842,"date":"2021-01-12T17:29:40","date_gmt":"2021-01-12T16:29:40","guid":{"rendered":"https:\/\/www.templars-route.eu\/?page_id=18842"},"modified":"2021-01-12T17:29:40","modified_gmt":"2021-01-12T16:29:40","slug":"castelo-templario-de-ponferrada","status":"publish","type":"page","link":"https:\/\/www.templars-route.eu\/pt-pt\/castelo-templario-de-ponferrada\/","title":{"rendered":"Castelo Templ\u00e1rio de Ponferrada"},"content":{"rendered":"<div class=\"wpb-content-wrapper\"><p>[vc_row css_animation=&#8221;&#8221; row_type=&#8221;row&#8221; use_row_as_full_screen_section=&#8221;no&#8221; type=&#8221;full_width&#8221; angled_section=&#8221;no&#8221; text_align=&#8221;left&#8221; background_image_as_pattern=&#8221;without_pattern&#8221;][vc_column width=&#8221;1\/2&#8243;][vc_column_text]Quando em 1178 os reis de Le\u00e3o doaram Ponferrada \u00e0 Ordem do Templo, os Templ\u00e1rios ocuparam uma pequena fortaleza que era originalmente um castro e mais tarde uma cidadela romana.<\/p>\n<p>Alargaram-no, refor\u00e7aram-no como defesa do Caminho de Santiago, e conclu\u00edram-no em 1282.<\/p>\n<p>&nbsp;<\/p>\n<p>O castelo tal como o conhecemos hoje \u00e9 o resultado de uma grande s\u00e9rie de amplia\u00e7\u00f5es, reformas e adi\u00e7\u00f5es.<\/p>\n<p>As primeiras transforma\u00e7\u00f5es afectaram o recinto do plano quadrado no in\u00edcio do s\u00e9culo XII e continuaram nas \u00faltimas \u00e1reas constru\u00eddas no final do s\u00e9culo XV e in\u00edcio do s\u00e9culo XVI.<\/p>\n<p>Outras incorpora\u00e7\u00f5es posteriores, como os est\u00e1bulos em 1848 e as numerosas reformas realizadas desde o in\u00edcio do s\u00e9culo XX, contribu\u00edram para a complexidade do actual castelo.<\/p>\n<p>Os bras\u00f5es e escudos dos que l\u00e1 viveram e contribu\u00edram para a sua constru\u00e7\u00e3o mostram a exist\u00eancia de diferentes etapas<\/p>\n<p>&nbsp;<\/p>\n<p>Foi declarado Monumento Hist\u00f3rico-Artistico Nacional em 1924[\/vc_column_text][\/vc_column][vc_column width=&#8221;1\/2&#8243;][vc_empty_space][vc_video link=&#8221;https:\/\/www.youtube.com\/watch?v=F4Y5inSmQJM&#8221;][vc_column_text]V\u00eddeo por Ayuntamiento de Ponferrada[\/vc_column_text][vc_empty_space][\/vc_column][\/vc_row][vc_row css_animation=&#8221;&#8221; row_type=&#8221;row&#8221; use_row_as_full_screen_section=&#8221;no&#8221; type=&#8221;full_width&#8221; angled_section=&#8221;no&#8221; text_align=&#8221;left&#8221; background_image_as_pattern=&#8221;without_pattern&#8221;][vc_column width=&#8221;1\/2&#8243;][vc_empty_space height=&#8221;50px&#8221;][vc_column_text]<\/p>\n<h2>Detalhes de contacto<\/h2>\n<p class=\"section-hero-header-title-subtitle\"><strong>Castillo de los Templarios<\/strong><\/p>\n<p>Av. el Castillo, s\/n,<br \/>\n24400 Ponferrada, Le\u00f3n, Espagne<br \/>\ntel. +34 987 402 244<br \/>\n<a href=\"http:\/\/www.castillodelostemplarios.com\/\" target=\"_blank\" rel=\"noopener noreferrer\">www.castillodelostemplarios.com<\/a>[\/vc_column_text][\/vc_column][vc_column width=&#8221;1\/2&#8243;][vc_empty_space][vc_gmaps link=&#8221;#E-8_JTNDaWZyYW1lJTIwc3JjJTNEJTIyaHR0cHMlM0ElMkYlMkZ3d3cuZ29vZ2xlLmNvbSUyRm1hcHMlMkZlbWJlZCUzRnBiJTNEJTIxMW0xOCUyMTFtMTIlMjExbTMlMjExZDI5MzkuNTM0MDAyMjg0ODg3NyUyMTJkLTYuNTk1Njg5Nzg0MzU4Njg1JTIxM2Q0Mi41NDM5NTI3MzE0NjA3MzUlMjEybTMlMjExZjAlMjEyZjAlMjEzZjAlMjEzbTIlMjExaTEwMjQlMjEyaTc2OCUyMTRmMTMuMSUyMTNtMyUyMTFtMiUyMTFzMHhkMzc5YTg1MmMyY2YyMzUlMjUzQTB4ZmVmOGUxMDQ4MjQzNDI4OCUyMTJzQ2glMjVDMyUyNUEydGVhdSUyNTIwZGUlMjUyMFBvbmZlcnJhZGElMjE1ZTAlMjEzbTIlMjExc2ZyJTIxMnNmciUyMTR2MTYwNjc1OTA3NzcyNSUyMTVtMiUyMTFzZnIlMjEyc2ZyJTIyJTIwd2lkdGglM0QlMjI2MDAlMjIlMjBoZWlnaHQlM0QlMjIzMDAlMjIlMjBmcmFtZWJvcmRlciUzRCUyMjAlMjIlMjBzdHlsZSUzRCUyMmJvcmRlciUzQTAlM0IlMjIlMjBhbGxvd2Z1bGxzY3JlZW4lM0QlMjIlMjIlMjBhcmlhLWhpZGRlbiUzRCUyMmZhbHNlJTIyJTIwdGFiaW5kZXglM0QlMjIwJTIyJTNFJTNDJTJGaWZyYW1lJTNF&#8221;][\/vc_column][vc_column][\/vc_column][\/vc_row]<\/p>\n<\/div>","protected":false},"excerpt":{"rendered":"<p>[vc_row css_animation=&#8221;&#8221; row_type=&#8221;row&#8221; use_row_as_full_screen_section=&#8221;no&#8221; type=&#8221;full_width&#8221; angled_section=&#8221;no&#8221; text_align=&#8221;left&#8221; background_image_as_pattern=&#8221;without_pattern&#8221;][vc_column width=&#8221;1\/2&#8243;][vc_column_text]Quando em 1178 os reis de Le\u00e3o doaram Ponferrada \u00e0 Ordem do Templo, os Templ\u00e1rios ocuparam uma pequena fortaleza que era originalmente um castro e mais tarde uma cidadela romana. Alargaram-no, refor\u00e7aram-no como defesa do Caminho de&#8230;<\/p>\n","protected":false},"author":27,"featured_media":0,"parent":0,"menu_order":0,"comment_status":"closed","ping_status":"closed","template":"","meta":{"footnotes":""},"class_list":["post-18842","page","type-page","status-publish","hentry"],"yoast_head":"<!-- This site is optimized with the Yoast SEO plugin v26.6 - https:\/\/yoast.com\/wordpress\/plugins\/seo\/ -->\n<title>Castelo Templ\u00e1rio de Ponferrada - European Templar Route<\/title>\n<meta name=\"robots\" content=\"index, follow, max-snippet:-1, max-image-preview:large, max-video-preview:-1\" \/>\n<link rel=\"canonical\" href=\"https:\/\/www.templars-route.eu\/pt-pt\/castelo-templario-de-ponferrada\/\" \/>\n<meta property=\"og:locale\" content=\"pt_PT\" \/>\n<meta property=\"og:type\" content=\"article\" \/>\n<meta property=\"og:title\" content=\"Castelo Templ\u00e1rio de Ponferrada - European Templar Route\" \/>\n<meta property=\"og:description\" content=\"[vc_row css_animation=&#8221;&#8221; row_type=&#8221;row&#8221; use_row_as_full_screen_section=&#8221;no&#8221; type=&#8221;full_width&#8221; angled_section=&#8221;no&#8221; text_align=&#8221;left&#8221; background_image_as_pattern=&#8221;without_pattern&#8221;][vc_column width=&#8221;1\/2&#8243;][vc_column_text]Quando em 1178 os reis de Le\u00e3o doaram Ponferrada \u00e0 Ordem do Templo, os Templ\u00e1rios ocuparam uma pequena fortaleza que era originalmente um castro e mais tarde uma cidadela romana. Alargaram-no, refor\u00e7aram-no como defesa do Caminho de...\" \/>\n<meta property=\"og:url\" content=\"https:\/\/www.templars-route.eu\/pt-pt\/castelo-templario-de-ponferrada\/\" \/>\n<meta property=\"og:site_name\" content=\"European Templar Route\" \/>\n<meta name=\"twitter:card\" content=\"summary_large_image\" \/>\n<meta name=\"twitter:label1\" content=\"Tempo estimado de leitura\" \/>\n\t<meta name=\"twitter:data1\" content=\"2 minutos\" \/>\n<script type=\"application\/ld+json\" class=\"yoast-schema-graph\">{\"@context\":\"https:\/\/schema.org\",\"@graph\":[{\"@type\":\"WebPage\",\"@id\":\"https:\/\/www.templars-route.eu\/pt-pt\/castelo-templario-de-ponferrada\/\",\"url\":\"https:\/\/www.templars-route.eu\/pt-pt\/castelo-templario-de-ponferrada\/\",\"name\":\"Castelo Templ\u00e1rio de Ponferrada - European Templar Route\",\"isPartOf\":{\"@id\":\"https:\/\/www.templars-route.eu\/fr\/#website\"},\"datePublished\":\"2021-01-12T16:29:40+00:00\",\"breadcrumb\":{\"@id\":\"https:\/\/www.templars-route.eu\/pt-pt\/castelo-templario-de-ponferrada\/#breadcrumb\"},\"inLanguage\":\"pt-PT\",\"potentialAction\":[{\"@type\":\"ReadAction\",\"target\":[\"https:\/\/www.templars-route.eu\/pt-pt\/castelo-templario-de-ponferrada\/\"]}]},{\"@type\":\"BreadcrumbList\",\"@id\":\"https:\/\/www.templars-route.eu\/pt-pt\/castelo-templario-de-ponferrada\/#breadcrumb\",\"itemListElement\":[{\"@type\":\"ListItem\",\"position\":1,\"name\":\"Accueil\",\"item\":\"https:\/\/www.templars-route.eu\/pt-pt\/\"},{\"@type\":\"ListItem\",\"position\":2,\"name\":\"Castelo Templ\u00e1rio de Ponferrada\"}]},{\"@type\":\"WebSite\",\"@id\":\"https:\/\/www.templars-route.eu\/fr\/#website\",\"url\":\"https:\/\/www.templars-route.eu\/fr\/\",\"name\":\"European Templar Route\",\"description\":\"Un site utilisant Mobylee\",\"potentialAction\":[{\"@type\":\"SearchAction\",\"target\":{\"@type\":\"EntryPoint\",\"urlTemplate\":\"https:\/\/www.templars-route.eu\/fr\/?s={search_term_string}\"},\"query-input\":{\"@type\":\"PropertyValueSpecification\",\"valueRequired\":true,\"valueName\":\"search_term_string\"}}],\"inLanguage\":\"pt-PT\"}]}<\/script>\n<!-- \/ Yoast SEO plugin. -->","yoast_head_json":{"title":"Castelo Templ\u00e1rio de Ponferrada - European Templar Route","robots":{"index":"index","follow":"follow","max-snippet":"max-snippet:-1","max-image-preview":"max-image-preview:large","max-video-preview":"max-video-preview:-1"},"canonical":"https:\/\/www.templars-route.eu\/pt-pt\/castelo-templario-de-ponferrada\/","og_locale":"pt_PT","og_type":"article","og_title":"Castelo Templ\u00e1rio de Ponferrada - European Templar Route","og_description":"[vc_row css_animation=&#8221;&#8221; row_type=&#8221;row&#8221; use_row_as_full_screen_section=&#8221;no&#8221; type=&#8221;full_width&#8221; angled_section=&#8221;no&#8221; text_align=&#8221;left&#8221; background_image_as_pattern=&#8221;without_pattern&#8221;][vc_column width=&#8221;1\/2&#8243;][vc_column_text]Quando em 1178 os reis de Le\u00e3o doaram Ponferrada \u00e0 Ordem do Templo, os Templ\u00e1rios ocuparam uma pequena fortaleza que era originalmente um castro e mais tarde uma cidadela romana. Alargaram-no, refor\u00e7aram-no como defesa do Caminho de...","og_url":"https:\/\/www.templars-route.eu\/pt-pt\/castelo-templario-de-ponferrada\/","og_site_name":"European Templar Route","twitter_card":"summary_large_image","twitter_misc":{"Tempo estimado de leitura":"2 minutos"},"schema":{"@context":"https:\/\/schema.org","@graph":[{"@type":"WebPage","@id":"https:\/\/www.templars-route.eu\/pt-pt\/castelo-templario-de-ponferrada\/","url":"https:\/\/www.templars-route.eu\/pt-pt\/castelo-templario-de-ponferrada\/","name":"Castelo Templ\u00e1rio de Ponferrada - European Templar Route","isPartOf":{"@id":"https:\/\/www.templars-route.eu\/fr\/#website"},"datePublished":"2021-01-12T16:29:40+00:00","breadcrumb":{"@id":"https:\/\/www.templars-route.eu\/pt-pt\/castelo-templario-de-ponferrada\/#breadcrumb"},"inLanguage":"pt-PT","potentialAction":[{"@type":"ReadAction","target":["https:\/\/www.templars-route.eu\/pt-pt\/castelo-templario-de-ponferrada\/"]}]},{"@type":"BreadcrumbList","@id":"https:\/\/www.templars-route.eu\/pt-pt\/castelo-templario-de-ponferrada\/#breadcrumb","itemListElement":[{"@type":"ListItem","position":1,"name":"Accueil","item":"https:\/\/www.templars-route.eu\/pt-pt\/"},{"@type":"ListItem","position":2,"name":"Castelo Templ\u00e1rio de Ponferrada"}]},{"@type":"WebSite","@id":"https:\/\/www.templars-route.eu\/fr\/#website","url":"https:\/\/www.templars-route.eu\/fr\/","name":"European Templar Route","description":"Un site utilisant Mobylee","potentialAction":[{"@type":"SearchAction","target":{"@type":"EntryPoint","urlTemplate":"https:\/\/www.templars-route.eu\/fr\/?s={search_term_string}"},"query-input":{"@type":"PropertyValueSpecification","valueRequired":true,"valueName":"search_term_string"}}],"inLanguage":"pt-PT"}]}},"_links":{"self":[{"href":"https:\/\/www.templars-route.eu\/pt-pt\/wp-json\/wp\/v2\/pages\/18842\/"}],"collection":[{"href":"https:\/\/www.templars-route.eu\/pt-pt\/wp-json\/wp\/v2\/pages\/"}],"about":[{"href":"https:\/\/www.templars-route.eu\/pt-pt\/wp-json\/wp\/v2\/types\/page\/"}],"author":[{"embeddable":true,"href":"https:\/\/www.templars-route.eu\/pt-pt\/wp-json\/wp\/v2\/users\/27\/"}],"replies":[{"embeddable":true,"href":"https:\/\/www.templars-route.eu\/pt-pt\/wp-json\/wp\/v2\/comments\/?post=18842"}],"version-history":[{"count":1,"href":"https:\/\/www.templars-route.eu\/pt-pt\/wp-json\/wp\/v2\/pages\/18842\/revisions\/"}],"predecessor-version":[{"id":18844,"href":"https:\/\/www.templars-route.eu\/pt-pt\/wp-json\/wp\/v2\/pages\/18842\/revisions\/18844\/"}],"wp:attachment":[{"href":"https:\/\/www.templars-route.eu\/pt-pt\/wp-json\/wp\/v2\/media\/?parent=18842"}],"curies":[{"name":"wp","href":"https:\/\/api.w.org\/{rel}","templated":true}]}}