{"id":18835,"date":"2021-01-12T17:31:07","date_gmt":"2021-01-12T16:31:07","guid":{"rendered":"https:\/\/www.templars-route.eu\/?page_id=18835"},"modified":"2021-01-12T17:54:03","modified_gmt":"2021-01-12T16:54:03","slug":"o-patrimonio-templario-na-peninsula-iberica","status":"publish","type":"page","link":"https:\/\/www.templars-route.eu\/pt-pt\/o-patrimonio-templario-na-peninsula-iberica\/","title":{"rendered":"O patrim\u00f3nio templ\u00e1rio na Pen\u00ednsula Ib\u00e9rica"},"content":{"rendered":"\t\t<div data-elementor-type=\"wp-page\" data-elementor-id=\"18835\" class=\"elementor elementor-18835\">\n\t\t\t\t\t\t<section class=\"elementor-section elementor-top-section elementor-element elementor-element-206ac8c elementor-section-boxed elementor-section-height-default elementor-section-height-default\" data-id=\"206ac8c\" data-element_type=\"section\" data-e-type=\"section\">\n\t\t\t\t\t\t<div class=\"elementor-container elementor-column-gap-default\">\n\t\t\t\t\t<div class=\"elementor-column elementor-col-100 elementor-top-column elementor-element elementor-element-cb029f2\" data-id=\"cb029f2\" data-element_type=\"column\" data-e-type=\"column\">\n\t\t\t<div class=\"elementor-widget-wrap elementor-element-populated\">\n\t\t\t\t\t\t<div class=\"elementor-element elementor-element-03e7b1d elementor-widget elementor-widget-text-editor\" data-id=\"03e7b1d\" data-element_type=\"widget\" data-e-type=\"widget\" data-widget_type=\"text-editor.default\">\n\t\t\t\t<div class=\"elementor-widget-container\">\n\t\t\t\t\t\t\t\t\t<p>Os Templ\u00e1rios estabeleceram-se nas prov\u00edncias de Castilla y Le\u00f3n, Arag\u00e3o, Catalunha, Navarra e Portugal.\u00a0<\/p><p>\u00a0<\/p><p>A\u00ed constru\u00edram cerca de uma centena de comandantes para fornecer rendimentos para financiar as actividades militares dos cavaleiros. Os comandantes fortificados est\u00e3o presentes principalmente na Pen\u00ednsula Ib\u00e9rica, que est\u00e1 sob amea\u00e7a dos sarracenos.\u00a0<\/p><p>Os castelos e fortalezas da Ordem do Templo pontuam as paisagens de Espanha e Portugal. S\u00e3o constru\u00eddos para proteger as fronteiras com os reinos mu\u00e7ulmanos.\u00a0\u00c0 medida que os territ\u00f3rios foram gradualmente reconquistados para o sul (Reconquista), aos Templ\u00e1rios foi atribu\u00edda a tarefa de colonizar os territ\u00f3rios e de construir os comandos. Alguns comandantes, tais como Granyena em 1131, foram mesmo transformados em comandantes.\u00a0A Pen\u00ednsula Ib\u00e9rica tem pelo menos 82 basti\u00f5es (76 em Espanha e 6 em Portugal). Isto \u00e9 mais do que no Oriente.\u00a0<\/p>\t\t\t\t\t\t\t\t<\/div>\n\t\t\t\t<\/div>\n\t\t\t\t\t<\/div>\n\t\t<\/div>\n\t\t\t\t\t<\/div>\n\t\t<\/section>\n\t\t\t\t<section class=\"elementor-section elementor-top-section elementor-element elementor-element-96550cb elementor-section-boxed elementor-section-height-default elementor-section-height-default\" data-id=\"96550cb\" data-element_type=\"section\" data-e-type=\"section\">\n\t\t\t\t\t\t<div class=\"elementor-container elementor-column-gap-default\">\n\t\t\t\t\t<div class=\"elementor-column elementor-col-100 elementor-top-column elementor-element elementor-element-4504e7a\" data-id=\"4504e7a\" data-element_type=\"column\" data-e-type=\"column\">\n\t\t\t<div class=\"elementor-widget-wrap elementor-element-populated\">\n\t\t\t\t\t\t<div class=\"elementor-element elementor-element-4942a13 elementor-widget elementor-widget-spacer\" data-id=\"4942a13\" data-element_type=\"widget\" data-e-type=\"widget\" data-widget_type=\"spacer.default\">\n\t\t\t\t<div class=\"elementor-widget-container\">\n\t\t\t\t\t\t\t<div class=\"elementor-spacer\">\n\t\t\t<div class=\"elementor-spacer-inner\"><\/div>\n\t\t<\/div>\n\t\t\t\t\t\t<\/div>\n\t\t\t\t<\/div>\n\t\t\t\t\t<\/div>\n\t\t<\/div>\n\t\t\t\t\t<\/div>\n\t\t<\/section>\n\t\t\t\t<section class=\"elementor-section elementor-top-section elementor-element elementor-element-5924a8a elementor-section-boxed elementor-section-height-default elementor-section-height-default\" data-id=\"5924a8a\" data-element_type=\"section\" data-e-type=\"section\">\n\t\t\t\t\t\t<div class=\"elementor-container elementor-column-gap-default\">\n\t\t\t\t\t<div class=\"elementor-column elementor-col-25 elementor-top-column elementor-element elementor-element-a73c2cd\" data-id=\"a73c2cd\" data-element_type=\"column\" data-e-type=\"column\">\n\t\t\t<div class=\"elementor-widget-wrap elementor-element-populated\">\n\t\t\t\t\t\t<div class=\"elementor-element elementor-element-f4a6219 elementor-widget elementor-widget-image\" data-id=\"f4a6219\" data-element_type=\"widget\" data-e-type=\"widget\" data-widget_type=\"image.default\">\n\t\t\t\t<div class=\"elementor-widget-container\">\n\t\t\t\t\t\t\t\t\t\t\t\t<figure class=\"wp-caption\">\n\t\t\t\t\t\t\t\t\t\t\t<a href=\"https:\/\/www.templars-route.eu\/pt-pt\/castelo-dos-templarios-convento-de-cristo\/\">\n\t\t\t\t\t\t\t<img fetchpriority=\"high\" decoding=\"async\" width=\"570\" height=\"570\" src=\"https:\/\/www.templars-route.eu\/assets\/uploads\/sites\/40\/2020\/11\/FOTO-7-1-570x570.jpg\" class=\"elementor-animation-grow attachment-portfolio-square size-portfolio-square wp-image-18008\" alt=\"\" srcset=\"https:\/\/www.templars-route.eu\/assets\/uploads\/sites\/40\/2020\/11\/FOTO-7-1-570x570.jpg 570w, https:\/\/www.templars-route.eu\/assets\/uploads\/sites\/40\/2020\/11\/FOTO-7-1-150x150.jpg 150w, https:\/\/www.templars-route.eu\/assets\/uploads\/sites\/40\/2020\/11\/FOTO-7-1-500x500.jpg 500w, https:\/\/www.templars-route.eu\/assets\/uploads\/sites\/40\/2020\/11\/FOTO-7-1-1000x1000.jpg 1000w\" sizes=\"(max-width: 570px) 100vw, 570px\" \/>\t\t\t\t\t\t\t\t<\/a>\n\t\t\t\t\t\t\t\t\t\t\t<figcaption class=\"widget-image-caption wp-caption-text\">Castelo dos Templ\u00e1rios-Convento de Cristo de Tomar<\/figcaption>\n\t\t\t\t\t\t\t\t\t\t<\/figure>\n\t\t\t\t\t\t\t\t\t<\/div>\n\t\t\t\t<\/div>\n\t\t\t\t\t<\/div>\n\t\t<\/div>\n\t\t\t\t<div class=\"elementor-column elementor-col-25 elementor-top-column elementor-element elementor-element-1342cdd\" data-id=\"1342cdd\" data-element_type=\"column\" data-e-type=\"column\">\n\t\t\t<div class=\"elementor-widget-wrap elementor-element-populated\">\n\t\t\t\t\t\t<div class=\"elementor-element elementor-element-14d18cc elementor-widget elementor-widget-image\" data-id=\"14d18cc\" data-element_type=\"widget\" data-e-type=\"widget\" data-settings=\"{&quot;_animation&quot;:&quot;none&quot;}\" data-widget_type=\"image.default\">\n\t\t\t\t<div class=\"elementor-widget-container\">\n\t\t\t\t\t\t\t\t\t\t\t\t<figure class=\"wp-caption\">\n\t\t\t\t\t\t\t\t\t\t\t<a href=\"https:\/\/www.templars-route.eu\/pt-pt\/igreja-de-santa-maria-dos-olivais-de-tomar\/\">\n\t\t\t\t\t\t\t<img decoding=\"async\" width=\"570\" height=\"570\" src=\"https:\/\/www.templars-route.eu\/assets\/uploads\/sites\/40\/2020\/12\/sta-maria-dos-olivais-sr-fernando-570x570.jpg\" class=\"elementor-animation-grow attachment-portfolio-square size-portfolio-square wp-image-18601\" alt=\"\" srcset=\"https:\/\/www.templars-route.eu\/assets\/uploads\/sites\/40\/2020\/12\/sta-maria-dos-olivais-sr-fernando-570x570.jpg 570w, https:\/\/www.templars-route.eu\/assets\/uploads\/sites\/40\/2020\/12\/sta-maria-dos-olivais-sr-fernando-150x150.jpg 150w, https:\/\/www.templars-route.eu\/assets\/uploads\/sites\/40\/2020\/12\/sta-maria-dos-olivais-sr-fernando-500x500.jpg 500w, https:\/\/www.templars-route.eu\/assets\/uploads\/sites\/40\/2020\/12\/sta-maria-dos-olivais-sr-fernando-1000x1000.jpg 1000w\" sizes=\"(max-width: 570px) 100vw, 570px\" \/>\t\t\t\t\t\t\t\t<\/a>\n\t\t\t\t\t\t\t\t\t\t\t<figcaption class=\"widget-image-caption wp-caption-text\">Igreja de Santa Maria dos Olivais de Tomar<\/figcaption>\n\t\t\t\t\t\t\t\t\t\t<\/figure>\n\t\t\t\t\t\t\t\t\t<\/div>\n\t\t\t\t<\/div>\n\t\t\t\t\t<\/div>\n\t\t<\/div>\n\t\t\t\t<div class=\"elementor-column elementor-col-25 elementor-top-column elementor-element elementor-element-7d5e0f9\" data-id=\"7d5e0f9\" data-element_type=\"column\" data-e-type=\"column\">\n\t\t\t<div class=\"elementor-widget-wrap elementor-element-populated\">\n\t\t\t\t\t\t<div class=\"elementor-element elementor-element-c69be23 elementor-widget elementor-widget-image\" data-id=\"c69be23\" data-element_type=\"widget\" data-e-type=\"widget\" data-widget_type=\"image.default\">\n\t\t\t\t<div class=\"elementor-widget-container\">\n\t\t\t\t\t\t\t\t\t\t\t\t<figure class=\"wp-caption\">\n\t\t\t\t\t\t\t\t\t\t\t<a href=\"https:\/\/www.templars-route.eu\/pt-pt\/castelo-templario-de-ponferrada\/\">\n\t\t\t\t\t\t\t<img decoding=\"async\" width=\"570\" height=\"570\" src=\"https:\/\/www.templars-route.eu\/assets\/uploads\/sites\/40\/2018\/11\/castillo_templarios_ponferrada_2017_000-570x570.jpg\" class=\"elementor-animation-grow attachment-portfolio-square size-portfolio-square wp-image-15770\" alt=\"\" srcset=\"https:\/\/www.templars-route.eu\/assets\/uploads\/sites\/40\/2018\/11\/castillo_templarios_ponferrada_2017_000-570x570.jpg 570w, https:\/\/www.templars-route.eu\/assets\/uploads\/sites\/40\/2018\/11\/castillo_templarios_ponferrada_2017_000-150x150.jpg 150w, https:\/\/www.templars-route.eu\/assets\/uploads\/sites\/40\/2018\/11\/castillo_templarios_ponferrada_2017_000-500x500.jpg 500w, https:\/\/www.templars-route.eu\/assets\/uploads\/sites\/40\/2018\/11\/castillo_templarios_ponferrada_2017_000-1000x1000.jpg 1000w\" sizes=\"(max-width: 570px) 100vw, 570px\" \/>\t\t\t\t\t\t\t\t<\/a>\n\t\t\t\t\t\t\t\t\t\t\t<figcaption class=\"widget-image-caption wp-caption-text\">Castelo de Ponferrada<\/figcaption>\n\t\t\t\t\t\t\t\t\t\t<\/figure>\n\t\t\t\t\t\t\t\t\t<\/div>\n\t\t\t\t<\/div>\n\t\t\t\t\t<\/div>\n\t\t<\/div>\n\t\t\t\t<div class=\"elementor-column elementor-col-25 elementor-top-column elementor-element elementor-element-1236e0f\" data-id=\"1236e0f\" data-element_type=\"column\" data-e-type=\"column\">\n\t\t\t<div class=\"elementor-widget-wrap\">\n\t\t\t\t\t\t\t<\/div>\n\t\t<\/div>\n\t\t\t\t\t<\/div>\n\t\t<\/section>\n\t\t\t\t<\/div>\n\t\t","protected":false},"excerpt":{"rendered":"<p>Os Templ\u00e1rios estabeleceram-se nas prov\u00edncias de Castilla y Le\u00f3n, Arag\u00e3o, Catalunha, Navarra e Portugal. A\u00ed constru\u00edram cerca de uma centena de comandantes para fornecer rendimentos para financiar as actividades militares dos cavaleiros. Os comandantes fortificados est\u00e3o presentes principalmente na Pen\u00ednsula Ib\u00e9rica, que est\u00e1 sob amea\u00e7a&#8230;<\/p>\n","protected":false},"author":27,"featured_media":0,"parent":0,"menu_order":0,"comment_status":"closed","ping_status":"closed","template":"","meta":{"footnotes":""},"class_list":["post-18835","page","type-page","status-publish","hentry"],"yoast_head":"<!-- This site is optimized with the Yoast SEO plugin v26.6 - https:\/\/yoast.com\/wordpress\/plugins\/seo\/ -->\n<title>O patrim\u00f3nio templ\u00e1rio na Pen\u00ednsula Ib\u00e9rica - European Templar Route<\/title>\n<meta name=\"robots\" content=\"index, follow, max-snippet:-1, max-image-preview:large, max-video-preview:-1\" \/>\n<link rel=\"canonical\" href=\"https:\/\/www.templars-route.eu\/pt-pt\/o-patrimonio-templario-na-peninsula-iberica\/\" \/>\n<meta property=\"og:locale\" content=\"pt_PT\" \/>\n<meta property=\"og:type\" content=\"article\" \/>\n<meta property=\"og:title\" content=\"O patrim\u00f3nio templ\u00e1rio na Pen\u00ednsula Ib\u00e9rica - European Templar Route\" \/>\n<meta property=\"og:description\" content=\"Os Templ\u00e1rios estabeleceram-se nas prov\u00edncias de Castilla y Le\u00f3n, Arag\u00e3o, Catalunha, Navarra e Portugal. A\u00ed constru\u00edram cerca de uma centena de comandantes para fornecer rendimentos para financiar as actividades militares dos cavaleiros. Os comandantes fortificados est\u00e3o presentes principalmente na Pen\u00ednsula Ib\u00e9rica, que est\u00e1 sob amea\u00e7a...\" \/>\n<meta property=\"og:url\" content=\"https:\/\/www.templars-route.eu\/pt-pt\/o-patrimonio-templario-na-peninsula-iberica\/\" \/>\n<meta property=\"og:site_name\" content=\"European Templar Route\" \/>\n<meta property=\"article:modified_time\" content=\"2021-01-12T16:54:03+00:00\" \/>\n<meta property=\"og:image\" content=\"https:\/\/european-templar-route.v3.mobylee.com\/assets\/uploads\/sites\/40\/2020\/11\/FOTO-7-1-570x570.jpg\" \/>\n<meta name=\"twitter:card\" content=\"summary_large_image\" \/>\n<meta name=\"twitter:label1\" content=\"Tempo estimado de leitura\" \/>\n\t<meta name=\"twitter:data1\" content=\"1 minuto\" \/>\n<script type=\"application\/ld+json\" class=\"yoast-schema-graph\">{\"@context\":\"https:\/\/schema.org\",\"@graph\":[{\"@type\":\"WebPage\",\"@id\":\"https:\/\/www.templars-route.eu\/pt-pt\/o-patrimonio-templario-na-peninsula-iberica\/\",\"url\":\"https:\/\/www.templars-route.eu\/pt-pt\/o-patrimonio-templario-na-peninsula-iberica\/\",\"name\":\"O patrim\u00f3nio templ\u00e1rio na Pen\u00ednsula Ib\u00e9rica - European Templar Route\",\"isPartOf\":{\"@id\":\"https:\/\/www.templars-route.eu\/fr\/#website\"},\"primaryImageOfPage\":{\"@id\":\"https:\/\/www.templars-route.eu\/pt-pt\/o-patrimonio-templario-na-peninsula-iberica\/#primaryimage\"},\"image\":{\"@id\":\"https:\/\/www.templars-route.eu\/pt-pt\/o-patrimonio-templario-na-peninsula-iberica\/#primaryimage\"},\"thumbnailUrl\":\"https:\/\/european-templar-route.v3.mobylee.com\/assets\/uploads\/sites\/40\/2020\/11\/FOTO-7-1-570x570.jpg\",\"datePublished\":\"2021-01-12T16:31:07+00:00\",\"dateModified\":\"2021-01-12T16:54:03+00:00\",\"breadcrumb\":{\"@id\":\"https:\/\/www.templars-route.eu\/pt-pt\/o-patrimonio-templario-na-peninsula-iberica\/#breadcrumb\"},\"inLanguage\":\"pt-PT\",\"potentialAction\":[{\"@type\":\"ReadAction\",\"target\":[\"https:\/\/www.templars-route.eu\/pt-pt\/o-patrimonio-templario-na-peninsula-iberica\/\"]}]},{\"@type\":\"ImageObject\",\"inLanguage\":\"pt-PT\",\"@id\":\"https:\/\/www.templars-route.eu\/pt-pt\/o-patrimonio-templario-na-peninsula-iberica\/#primaryimage\",\"url\":\"https:\/\/european-templar-route.v3.mobylee.com\/assets\/uploads\/sites\/40\/2020\/11\/FOTO-7-1-570x570.jpg\",\"contentUrl\":\"https:\/\/european-templar-route.v3.mobylee.com\/assets\/uploads\/sites\/40\/2020\/11\/FOTO-7-1-570x570.jpg\"},{\"@type\":\"BreadcrumbList\",\"@id\":\"https:\/\/www.templars-route.eu\/pt-pt\/o-patrimonio-templario-na-peninsula-iberica\/#breadcrumb\",\"itemListElement\":[{\"@type\":\"ListItem\",\"position\":1,\"name\":\"Accueil\",\"item\":\"https:\/\/www.templars-route.eu\/pt-pt\/\"},{\"@type\":\"ListItem\",\"position\":2,\"name\":\"O patrim\u00f3nio templ\u00e1rio na Pen\u00ednsula Ib\u00e9rica\"}]},{\"@type\":\"WebSite\",\"@id\":\"https:\/\/www.templars-route.eu\/fr\/#website\",\"url\":\"https:\/\/www.templars-route.eu\/fr\/\",\"name\":\"European Templar Route\",\"description\":\"Un site utilisant Mobylee\",\"potentialAction\":[{\"@type\":\"SearchAction\",\"target\":{\"@type\":\"EntryPoint\",\"urlTemplate\":\"https:\/\/www.templars-route.eu\/fr\/?s={search_term_string}\"},\"query-input\":{\"@type\":\"PropertyValueSpecification\",\"valueRequired\":true,\"valueName\":\"search_term_string\"}}],\"inLanguage\":\"pt-PT\"}]}<\/script>\n<!-- \/ Yoast SEO plugin. -->","yoast_head_json":{"title":"O patrim\u00f3nio templ\u00e1rio na Pen\u00ednsula Ib\u00e9rica - European Templar Route","robots":{"index":"index","follow":"follow","max-snippet":"max-snippet:-1","max-image-preview":"max-image-preview:large","max-video-preview":"max-video-preview:-1"},"canonical":"https:\/\/www.templars-route.eu\/pt-pt\/o-patrimonio-templario-na-peninsula-iberica\/","og_locale":"pt_PT","og_type":"article","og_title":"O patrim\u00f3nio templ\u00e1rio na Pen\u00ednsula Ib\u00e9rica - European Templar Route","og_description":"Os Templ\u00e1rios estabeleceram-se nas prov\u00edncias de Castilla y Le\u00f3n, Arag\u00e3o, Catalunha, Navarra e Portugal. A\u00ed constru\u00edram cerca de uma centena de comandantes para fornecer rendimentos para financiar as actividades militares dos cavaleiros. Os comandantes fortificados est\u00e3o presentes principalmente na Pen\u00ednsula Ib\u00e9rica, que est\u00e1 sob amea\u00e7a...","og_url":"https:\/\/www.templars-route.eu\/pt-pt\/o-patrimonio-templario-na-peninsula-iberica\/","og_site_name":"European Templar Route","article_modified_time":"2021-01-12T16:54:03+00:00","og_image":[{"url":"https:\/\/european-templar-route.v3.mobylee.com\/assets\/uploads\/sites\/40\/2020\/11\/FOTO-7-1-570x570.jpg","type":"","width":"","height":""}],"twitter_card":"summary_large_image","twitter_misc":{"Tempo estimado de leitura":"1 minuto"},"schema":{"@context":"https:\/\/schema.org","@graph":[{"@type":"WebPage","@id":"https:\/\/www.templars-route.eu\/pt-pt\/o-patrimonio-templario-na-peninsula-iberica\/","url":"https:\/\/www.templars-route.eu\/pt-pt\/o-patrimonio-templario-na-peninsula-iberica\/","name":"O patrim\u00f3nio templ\u00e1rio na Pen\u00ednsula Ib\u00e9rica - European Templar Route","isPartOf":{"@id":"https:\/\/www.templars-route.eu\/fr\/#website"},"primaryImageOfPage":{"@id":"https:\/\/www.templars-route.eu\/pt-pt\/o-patrimonio-templario-na-peninsula-iberica\/#primaryimage"},"image":{"@id":"https:\/\/www.templars-route.eu\/pt-pt\/o-patrimonio-templario-na-peninsula-iberica\/#primaryimage"},"thumbnailUrl":"https:\/\/european-templar-route.v3.mobylee.com\/assets\/uploads\/sites\/40\/2020\/11\/FOTO-7-1-570x570.jpg","datePublished":"2021-01-12T16:31:07+00:00","dateModified":"2021-01-12T16:54:03+00:00","breadcrumb":{"@id":"https:\/\/www.templars-route.eu\/pt-pt\/o-patrimonio-templario-na-peninsula-iberica\/#breadcrumb"},"inLanguage":"pt-PT","potentialAction":[{"@type":"ReadAction","target":["https:\/\/www.templars-route.eu\/pt-pt\/o-patrimonio-templario-na-peninsula-iberica\/"]}]},{"@type":"ImageObject","inLanguage":"pt-PT","@id":"https:\/\/www.templars-route.eu\/pt-pt\/o-patrimonio-templario-na-peninsula-iberica\/#primaryimage","url":"https:\/\/european-templar-route.v3.mobylee.com\/assets\/uploads\/sites\/40\/2020\/11\/FOTO-7-1-570x570.jpg","contentUrl":"https:\/\/european-templar-route.v3.mobylee.com\/assets\/uploads\/sites\/40\/2020\/11\/FOTO-7-1-570x570.jpg"},{"@type":"BreadcrumbList","@id":"https:\/\/www.templars-route.eu\/pt-pt\/o-patrimonio-templario-na-peninsula-iberica\/#breadcrumb","itemListElement":[{"@type":"ListItem","position":1,"name":"Accueil","item":"https:\/\/www.templars-route.eu\/pt-pt\/"},{"@type":"ListItem","position":2,"name":"O patrim\u00f3nio templ\u00e1rio na Pen\u00ednsula Ib\u00e9rica"}]},{"@type":"WebSite","@id":"https:\/\/www.templars-route.eu\/fr\/#website","url":"https:\/\/www.templars-route.eu\/fr\/","name":"European Templar Route","description":"Un site utilisant Mobylee","potentialAction":[{"@type":"SearchAction","target":{"@type":"EntryPoint","urlTemplate":"https:\/\/www.templars-route.eu\/fr\/?s={search_term_string}"},"query-input":{"@type":"PropertyValueSpecification","valueRequired":true,"valueName":"search_term_string"}}],"inLanguage":"pt-PT"}]}},"_links":{"self":[{"href":"https:\/\/www.templars-route.eu\/pt-pt\/wp-json\/wp\/v2\/pages\/18835\/"}],"collection":[{"href":"https:\/\/www.templars-route.eu\/pt-pt\/wp-json\/wp\/v2\/pages\/"}],"about":[{"href":"https:\/\/www.templars-route.eu\/pt-pt\/wp-json\/wp\/v2\/types\/page\/"}],"author":[{"embeddable":true,"href":"https:\/\/www.templars-route.eu\/pt-pt\/wp-json\/wp\/v2\/users\/27\/"}],"replies":[{"embeddable":true,"href":"https:\/\/www.templars-route.eu\/pt-pt\/wp-json\/wp\/v2\/comments\/?post=18835"}],"version-history":[{"count":4,"href":"https:\/\/www.templars-route.eu\/pt-pt\/wp-json\/wp\/v2\/pages\/18835\/revisions\/"}],"predecessor-version":[{"id":18862,"href":"https:\/\/www.templars-route.eu\/pt-pt\/wp-json\/wp\/v2\/pages\/18835\/revisions\/18862\/"}],"wp:attachment":[{"href":"https:\/\/www.templars-route.eu\/pt-pt\/wp-json\/wp\/v2\/media\/?parent=18835"}],"curies":[{"name":"wp","href":"https:\/\/api.w.org\/{rel}","templated":true}]}}