{"id":18693,"date":"2020-11-13T15:36:17","date_gmt":"2020-11-13T14:36:17","guid":{"rendered":"https:\/\/www.templars-route.eu\/um-grande-projecto-europeu\/"},"modified":"2023-02-28T10:06:58","modified_gmt":"2023-02-28T09:06:58","slug":"um-grande-projecto-europeu","status":"publish","type":"page","link":"https:\/\/www.templars-route.eu\/pt-pt\/um-grande-projecto-europeu\/","title":{"rendered":"Um grande projecto europeu"},"content":{"rendered":"<div class=\"wpb-content-wrapper\"><p>[vc_row css_animation=&#8221;&#8221; row_type=&#8221;row&#8221; use_row_as_full_screen_section=&#8221;no&#8221; type=&#8221;full_width&#8221; angled_section=&#8221;no&#8221; text_align=&#8221;left&#8221; background_image_as_pattern=&#8221;without_pattern&#8221;][vc_column width=&#8221;2\/3&#8243;][vc_tabs style=&#8221;boxed&#8221;][vc_tab title=&#8221;Fundadores&#8221; tab_id=&#8221;e4424130-d19d-10&#8243;][vc_column_text]<\/p>\n<div class=\"wpb_text_column wpb_content_element \">\n<div class=\"wpb_wrapper\">\n<p>Em 2012, o Aube dedicou o seu ano cultural aos Templ\u00e1rios, cujo evento central foi a exposi\u00e7\u00e3o Templar, uma hist\u00f3ria, o nosso tesouro organizado pelo Conselho Departamental. Foi no simp\u00f3sio internacional deste evento que o Aube e os portugueses levantaram pela primeira vez a possibilidade de criar um Itiner\u00e1rio Cultural Europeu dos Cavaleiros Templ\u00e1rios.<\/p>\n<p>&nbsp;<\/p>\n<p>Enquanto o Departamento de <strong>Aube representa o \u201cAlfa\u201d do itiner\u00e1rio, o ber\u00e7o dos Templ\u00e1rios, a cidade de Tomar \u00e9 a \u201cOmega\u201d, a cidade sobrevivente mais longa da Ordem.<\/strong><\/p>\n<p>&nbsp;<\/p>\n<p>A hist\u00f3ria da Ordem do Templo est\u00e1 intimamente ligada ao departamento. Hugues de Payns, nativo de uma aldeia perto de Troyes, foi o fundador e primeiro mestre do Templo, uma ordem reconhecida no Conselho de Troyes em 1129. A regra da Ordem foi elaborada e adoptada sob a \u00e9gide de Bernard de Clairvaux. O champanhe forneceu figuras importantes da Ordem do Templo e das Cruzadas.<\/p>\n<p>&nbsp;<\/p>\n<p>A cidade de Tomar, localizada no cora\u00e7\u00e3o de Portugal, foi fundada em 1160 como a sede dos Templ\u00e1rios. Foi a \u00faltima sede provincial templ\u00e1ria na Europa. Listado pela UNESCO como Patrim\u00f3nio Mundial, preserva um patrim\u00f3nio templ\u00e1rio em perfeito estado, incluindo o castelo, o Convento de Cristo e os t\u00famulos dos primeiros Templ\u00e1rios.<\/p>\n<p>&nbsp;<\/p>\n<p>Em 2014, para comemorar o 700\u00ba anivers\u00e1rio da morte na fogueira de Jacques de Molay, o \u00faltimo Grande Mestre da Ordem dos Templ\u00e1rios, L\u2019Aube e Tomar decidiram unir-se em torno do tema dos Templ\u00e1rios e criar um Itiner\u00e1rio Cultural Europeu (ECI) intitulado: \u201cRota Templ\u00e1ria Europeia\u201d.<\/p>\n<p>&nbsp;<\/p>\n<p>Para tornar este projecto uma realidade, os dois territ\u00f3rios <strong>criaram a Federa\u00e7\u00e3o Europeia da Rota dos Templ\u00e1rios em 2016.<\/strong><\/p>\n<\/div>\n<\/div>\n<p>[\/vc_column_text][\/vc_tab][vc_tab title=&#8221;Membros&#8221; tab_id=&#8221;87947675-0c45-10&#8243;][vc_column_text]At\u00e9 \u00e0 data, os membros s\u00e3o :<\/p>\n<p>&nbsp;<\/p>\n<p><strong>Os membros fundadores<\/strong><\/p>\n<p>Conselho Departamental de Aube, Fran\u00e7a (2016)<br \/>\nCidade de Tomar, Portugal (2016)<br \/>\nCidade de Ponferrada, Espanha (2017)<br \/>\nCidade de Perugia, It\u00e1lia (2017)<\/p>\n<p>&nbsp;<\/p>\n<p><strong>Membros activos<\/strong><\/p>\n<p>Temple Church, Londres, Reino Unido (2018)<br \/>\nAssocia\u00e7\u00e3o dos &#8220;Amigos da Hist\u00f3ria de Vianden&#8221;, Luxemburgo (2019)<br \/>\nCidade de Mesnil-Saint-Loup (Aube), Fran\u00e7a (2019)<br \/>\nAssocia\u00e7\u00e3o dos &#8221; Amigos do Comando de Epailly (C\u00f4te-d&#8217;Or), Fran\u00e7a (2019)<br \/>\nPosto de Turismo do Pays Ch\u00e2tillonnais (C\u00f4te-d&#8217;Or), Fran\u00e7a (2019)<br \/>\nAssocia\u00e7\u00e3o &#8221; M\u00e9moires d&#8217;Orient &#8221; (Regi\u00e3o Grand-Est), Fran\u00e7a (2019)<br \/>\nComando do Templo de Rugney (Vosges), Fran\u00e7a (2019)<br \/>\nAssocia\u00e7\u00e3o dos &#8221; Amigos do Comando do Templo de Jal\u00e8s (Ard\u00e8che), Fran\u00e7a (2019)<br \/>\nAssocia\u00e7\u00e3o &#8221; Hugues de Payns &#8221; (Aube), Fran\u00e7a (2019)<br \/>\nAssocia\u00e7\u00e3o &#8221; Le Souffleur de Plume &#8221; (Vendeuvre-sur-Barse, Aube), Fran\u00e7a (2019)<br \/>\nAssocia\u00e7\u00e3o &#8221; Templ&#8217;Anima &#8220;, Portugal (2019)<br \/>\nCidade de Sainte-Eulalie de Cernon (Aveyron), Fran\u00e7a (2020)<br \/>\nAg\u00eancia Departamental do Turismo (Aube), Fran\u00e7a (2020)<br \/>\nCidade de Laon (Aisne), Fran\u00e7a (2021)<br \/>\n\u00ab Les Blancs-Manteaux &#8221; Empresa, Fran\u00e7a (2021)<br \/>\nO Projecto Beauc\u00e9ant, B\u00e9lgica (2021)<br \/>\nCidade de Troyes (Aube), Fran\u00e7a (2022)<br \/>\nCidade de Coulommiers (Seine-et-Marne), Fran\u00e7a (2022)<br \/>\nCidade de Saint-Julien-les-Villas (Aube), Fran\u00e7a (2022)<br \/>\nAssocia\u00e7\u00e3o &#8221; O Comando de Arville &#8221; (Loir-et-Cher), Fran\u00e7a (2022)<br \/>\nFestival Internazionale dei Templari, Alessandria, It\u00e1lia (2022)<br \/>\nVia del Sale, de Perugia a Ancona, It\u00e1lia (2022)<\/p>\n<p>&nbsp;<\/p>\n<p><strong>Membros associados<\/strong><\/p>\n<p>Champagne R\u00e9mi Massin &amp; Fils (Aube), Fran\u00e7a (2019)<br \/>\nL&#8217;Empreinte des F\u00e9es &#8211; Champagne Dumont (Aube), Fran\u00e7a (2019)<br \/>\nComando de San Filippo de Plano, It\u00e1lia (2019)<br \/>\nCidade de Temple-sur-Lot (Lot-et-Garonne), Fran\u00e7a (2020)<br \/>\nConselho Departamental de Touraine &#8211; Fortaleza Real de Chinon, Fran\u00e7a (2021)<br \/>\nComando de Courval (Calvados), Fran\u00e7a (2022)[\/vc_column_text][\/vc_tab][vc_tab title=&#8221;Presid\u00eancia&#8221; tab_id=&#8221;1605279507282-2-0&#8243;][vc_column_text]Na Assembleia Geral de Junho de 2020, a <strong>Sra. Anabela Freitas, Presidente da C\u00e2mara de Tomar<\/strong>, foi eleita Presidente por um mandato de 3 anos. (Portugal). \u00c9 assistida pela vice-presidente da Andrea ROMIZI, Presidente da C\u00e2mara de Perugia (It\u00e1lia) e Val\u00e9ry DENIS, Vice-Presidente do Conselho Departamental do Aube e Co-Presidente da Comiss\u00e3o de Coes\u00e3o Territorial e Atractividade \/ Turismo &#8211; Comiss\u00e3o de Cultura (Fran\u00e7a).[\/vc_column_text][\/vc_tab][vc_tab title=&#8221;Estatutos&#8221; tab_id=&#8221;1605279517834-3-10&#8243;][vc_column_text]A 17 de Outubro de 2018, os membros, reunidos numa assembleia geral extraordin\u00e1ria em Perugia, It\u00e1lia, adoptaram estatutos dispon\u00edveis em franc\u00eas.<br \/>\n<a href=\"https:\/\/www.templars-route.eu\/assets\/uploads\/sites\/40\/2020\/11\/TREF-statuts-au-18.10.17.pdf\" target=\"_blank\" rel=\"noopener noreferrer\">T\u00e9l\u00e9chargez les statuts<\/a>[\/vc_column_text][\/vc_tab][vc_tab title=&#8221;Objectivos&#8221; tab_id=&#8221;1606228282639-6-1&#8243;][vc_column_text]Tal como apresentado nos estatutos da Federa\u00e7\u00e3o Europeia da Rota dos Templ\u00e1rios, \u201c<strong>o objectivo da associa\u00e7\u00e3o \u00e9 reunir os territ\u00f3rios e institui\u00e7\u00f5es dos estados membros do Conselho da Europa, representando os territ\u00f3rios (estados, departamentos, intermunicipalidades, comunas, associa\u00e7\u00f5es, etc.) que foram afectados pela presen\u00e7a dos Templ\u00e1rios<\/strong>\u201d, em torno das seguintes directrizes:<\/p>\n<ul>\n<li>Promover interc\u00e2mbios atrav\u00e9s da organiza\u00e7\u00e3o de encontros, col\u00f3quios e publica\u00e7\u00f5es em rela\u00e7\u00e3o a universidades, institui\u00e7\u00f5es culturais e associa\u00e7\u00f5es hist\u00f3ricas.<\/li>\n<li>Promover e apoiar ac\u00e7\u00f5es para aumentar o valor do patrim\u00f3nio templ\u00e1rio.<\/li>\n<li>Desenvolver ac\u00e7\u00f5es de anima\u00e7\u00e3o e promo\u00e7\u00e3o atrav\u00e9s da cria\u00e7\u00e3o de exposi\u00e7\u00f5es, eventos art\u00edsticos e culturais e visitas de descoberta, particularmente no contexto de interc\u00e2mbios tur\u00edsticos, escolares e universit\u00e1rios.<\/li>\n<\/ul>\n<p>&nbsp;<\/p>\n<p>No \u00e2mbito do programa Rotas Culturais Europeias, a Rota dos Cavaleiros Templ\u00e1rios compromete-se a cumprir os seguintes objectivos<\/p>\n<p>&nbsp;<\/p>\n<ol>\n<li>Investiga\u00e7\u00e3o e coopera\u00e7\u00e3o para o desenvolvimento<\/li>\n<li>Promo\u00e7\u00e3o da mem\u00f3ria, hist\u00f3ria e patrim\u00f3nio europeus<\/li>\n<li>Interc\u00e2mbio cultural e educativo de jovens europeus<\/li>\n<li>A pr\u00e1tica contempor\u00e2nea da cultura e das artes<\/li>\n<li>Turismo cultural e desenvolvimento cultural sustent\u00e1vel<\/li>\n<\/ol>\n<p>[\/vc_column_text][\/vc_tab][vc_tab title=&#8221;Comit\u00e9 Cient\u00edfico&#8221; tab_id=&#8221;1605279706353-4-8&#8243;][vc_row_inner row_type=&#8221;row&#8221; type=&#8221;full_width&#8221; text_align=&#8221;left&#8221; css_animation=&#8221;&#8221;][vc_column_inner][vc_column_text]O comit\u00e9 cient\u00edfico \u00e9 o garante da legitimidade patrimonial da Rota dos Templ\u00e1rios como Itiner\u00e1rio Cultural Europeu. \u00c9 respons\u00e1vel pela valida\u00e7\u00e3o da informa\u00e7\u00e3o cient\u00edfica publicada, enriquecendo o conhecimento sobre o ecossistema Templ\u00e1rio e desenvolvendo liga\u00e7\u00f5es sociais, culturais e econ\u00f3micas internacionais.<\/p>\n<p>&nbsp;<\/p>\n<p><strong>Presidente Honor\u00e1rio : <\/strong>Alain DEMURGER<\/p>\n<p><strong>Presidente do Conselho de Administra\u00e7\u00e3o :<\/strong> Arnaud BAUDIN<\/p>\n<p>&nbsp;<\/p>\n<p><strong>Fran\u00e7a<\/strong> :<\/p>\n<ul>\n<li>Arnaud BAUDIN, doutor em Hist\u00f3ria, especialista em Champanhe medieval, sigil\u00f3grafo e her\u00e1ldico e vice-director do Departamento de Arquivos e Patrim\u00f3nio do Aube, Fran\u00e7a<\/li>\n<li>Damien CARRAZ, professor universit\u00e1rio de hist\u00f3ria medieval, especialista da Ordem do Templo na Universidade Jean Jaur\u00e8s (Toulouse)<\/li>\n<li>Pierre-Vincent CLAVERIE, investigador independente em hist\u00f3ria medieval, especialista da Ordem do Templo<\/li>\n<li>Alain DEMURGER, Professor Honor\u00e1rio de Hist\u00f3ria Medieval especializado na Ordem do Templo e no Julgamento na Universidade de Paris 1 Panth\u00e9on-Sorbonne, Fran\u00e7a<\/li>\n<li>Fran\u00e7ois GILET, historiador independente, especialista da Commanderie d\u2019Avalleur<\/li>\n<li>Philippe JOSSERAND, professor de hist\u00f3ria medieval, especialista em ordens militares e templarismo (s\u00e9culos XVI-XVIII) na Universidade de Nantes<\/li>\n<li>Thierry LEROY, doutor em hist\u00f3ria, especialista de Hugues de Payns<\/li>\n<li>Vincent MARCHAISSEAU, arque\u00f3logo do Institut national de recherches arch\u00e9ologiques pr\u00e9ventives (Instituto Nacional de Investiga\u00e7\u00e3o Arqueol\u00f3gica Preventiva)<\/li>\n<li>Jean MESQUI, castelologista, especialista em arquitectura militar das Cruzadas<\/li>\n<li>C\u00e9dric ROMS, arque\u00f3logo do Institut national de recherches arch\u00e9ologiques pr\u00e9ventives (Instituto Nacional de Investiga\u00e7\u00e3o Arqueol\u00f3gica Preventiva)<\/li>\n<\/ul>\n<p>&nbsp;<\/p>\n<p><strong>It\u00e1lia <\/strong>:<\/p>\n<ul>\n<li>Elena BELLOMO, PhD em Hist\u00f3ria Medieval, especialista em ordens militares e cruzadas na Universidade de Cardiff.<\/li>\n<li>Gaetano CURZI, doutor\u00a0e professor catedr\u00e1tico de hist\u00f3ria da arte medieval, especialista em arte durante as Cruzadas na Universit\u00e0 di Chieti, Pescara<\/li>\n<li>Sonia MERLI, doutora em hist\u00f3ria, diplomata<\/li>\n<li>Loris NADOTTI, professor de hist\u00f3ria econ\u00f3mica, especialista em economia e pol\u00edticas de financiamento territorial, transfer\u00eancia de tecnologia e avalia\u00e7\u00e3o de impacto tur\u00edstico na Universit\u00e0 degli Studi di Perugia<\/li>\n<li>Giuliano ROMALLI, ISCR Istituto superiore per la conservazione ed il restauro, Ministero dei Beni Culturali, Roma)<\/li>\n<li>Mirko SANTANICCHIA, doutor e professor de hist\u00f3ria da arte medieval, especialista em arte italiana do final da Idade M\u00e9dia, tamb\u00e9m em rela\u00e7\u00e3o \u00e0s Ordens da Terra Santa na Universit\u00e0 degli Studi di Perugia<\/li>\n<li>Carlo TOSCO, doutor e professor titular de hist\u00f3ria da arquitectura, especialista em arquitectura e paisagens medievais no Politecnico di Torino<\/li>\n<\/ul>\n<p>&nbsp;<\/p>\n<p><strong>Portugal<\/strong> :<\/p>\n<ul>\n<li>\u00c1lvaro Jos\u00e9 BARBOSA, arquitecto, licenciado em conserva\u00e7\u00e3o do patrim\u00f3nio arquitect\u00f3nico e paisag\u00edstico pela Universidade de \u00c9vora, curador do Convento de Cristo em Tomar<\/li>\n<li>Maria Jo\u00e3o BRANCO, Doutora em Hist\u00f3ria e Professora de Hist\u00f3ria Medieval na Faculdade de Ci\u00eancias Sociais e Humanas, Universidad Nueva de Lisboa.<\/li>\n<li>Hermenegildo FERNANDES, Doutor em Hist\u00f3ria especializado em hist\u00f3ria medieval, islamismo medieval e hist\u00f3ria do Gharb al-Andalus na Universidade de Lisboa.<\/li>\n<li>Ernesto JANA, professor, historiador no Gabinete de Estudos &#8220;Olissiponenses&#8221;<\/li>\n<li>Gomes Martins MIGUEL, Doutor em Hist\u00f3ria e Professor de Hist\u00f3ria Medieval, especialista em Reconquista e Hist\u00f3ria de Lisboa no CMLisboa e na Universidade Nova de Lisboa.<\/li>\n<li>Antonio Carlos MARTINS GODINHO, licenciado em Hist\u00f3ria, p\u00f3s-graduado em Ci\u00eancias Documentais (Biblioteca e Documenta\u00e7\u00e3o) pela Universidade de Coimbra. Professor e Bibliotec\u00e1rio.<\/li>\n<li>Joaquim NUNES, Membro Fundador da Associa\u00e7\u00e3o Templ\u2019Anima<\/li>\n<\/ul>\n<p>&nbsp;<\/p>\n<p><strong>Espagne\u00a0: <\/strong>Joan FUGUET I SANS, Doutor e Professor de Hist\u00f3ria Medieval, especialista em Ordens Militares Ib\u00e9ricas na Escola de Conserva\u00e7\u00e3o e Restaura\u00e7\u00e3o da Catalunha<\/p>\n<p>&nbsp;<\/p>\n<p><strong>Royaume-Uni :<\/strong><\/p>\n<ul>\n<li>Helen NICHOLSON, Professora de Hist\u00f3ria Medieval, especialista no Odre do Templo da Universidade de Cardiff (Pa\u00eds de Gales)<\/li>\n<li>Nicholas MORTON, Docente e investigador na Universidade de Nottingham Trent (Inglaterra)<\/li>\n<\/ul>\n<p>&nbsp;<\/p>\n<p><strong>Allemagne : <\/strong>Karl BORCHARDT (University of W\u00fcrzburg)<\/p>\n<p>&nbsp;<\/p>\n<p><strong>Gr\u00e8ce : <\/strong><\/p>\n<ul>\n<li>Nikolaos CHRISSIS, professor assistente de Hist\u00f3ria Medieval Europeia na Universidade Dem\u00f3crito da Tr\u00e1cia<\/li>\n<li>Ioanna CHRISTOFORAKI, colega investigadora, Centro de Investiga\u00e7\u00e3o de Arte Bizantina e P\u00f3s-Bizantina (Academia de Atenas)<\/li>\n<\/ul>\n<p>&nbsp;<\/p>\n<p><strong>Pol\u00f3nia:<\/strong> Maria STARNAWSKA, doutora em Hist\u00f3ria, professora na Universidade de Ci\u00eancias Naturais e Humanas de Siedlce<\/p>\n<p>&nbsp;<\/p>\n<p style=\"text-align: justify\"><strong>Chypre :<\/strong> Nicholas COUREAS, \u00a0investigador em hist\u00f3ria medieval, especialista na ordem do templo em Chipre no Cyprus Research Center, Department of History<\/p>\n<p>&nbsp;<\/p>\n<p><strong>Isra\u00ebl :<\/strong> Vardit SHOTTEN-HALLEL, arque\u00f3logo no Israel Antiquities Authority<\/p>\n<p>&nbsp;<\/p>\n<p><strong>Etats-Unis :<\/strong><\/p>\n<ul>\n<li>Sean L. FIELD, Professor na Universidade de Vermont (Burlington)<\/li>\n<li>Jochen BURGTORF, Professor na Universidade Estatal da Calif\u00f3rnia (Fullerton)<\/li>\n<\/ul>\n<p>&nbsp;<\/p>\n<p>&nbsp;<\/p>\n<p style=\"text-align: center\"><em>Deseja contribuir com os seus conhecimentos nos campos da hist\u00f3ria, patrim\u00f3nio, entretenimento, economia, geografia, turismo?<\/em><\/p>\n<p>&nbsp;<\/p>\n<p style=\"text-align: center\">O seu contacto<\/p>\n<p style=\"text-align: center\"><strong>Arnaud BAUDIN<\/strong><br \/>\n<em>Presidente do Comit\u00e9 Cient\u00edfico<br \/>\nDirector Adjunto<br \/>\nDirection des Archives et du Patrimoine de l\u2019Aube<br \/>\n<\/em>131 Rue Etienne Pedron, 10000 TROYES \u2013 FRANCE<br \/>\nt\u00e9l : 03 25 42 52 95<br \/>\n<u><a href=\"mailto:Arnaud.Baudin@aube.fr\">Arnaud.Baudin@aube.fr<\/a><\/u><\/p>\n<p>[\/vc_column_text][\/vc_column_inner][\/vc_row_inner][\/vc_tab][vc_tab title=&#8221;Carta do Comit\u00e9 Cient\u00edfico&#8221; tab_id=&#8221;1605279738560-5-1&#8243;][vc_column_text]Descarregue aqui a carta do comit\u00e9 cient\u00edfico<\/p>\n<ul>\n<li><a href=\"https:\/\/www.templars-route.eu\/assets\/uploads\/sites\/40\/2022\/02\/Charte-du-comite\u0301-scientifique_FR.pdf\">Em franc\u00eas<\/a><\/li>\n<li><a href=\"https:\/\/www.templars-route.eu\/assets\/uploads\/sites\/40\/2022\/02\/Charter-of-the-TREF-Scientific-Committee_GB.pdf\">Em ingl\u00eas<\/a><\/li>\n<\/ul>\n<p>[\/vc_column_text][\/vc_tab][\/vc_tabs][\/vc_column][vc_column width=&#8221;1\/3&#8243;][vc_column_text]<\/p>\n<h2>Junte-se ao projecto<\/h2>\n<p>&nbsp;<\/p>\n<h3>Deseja<\/h3>\n<p>&nbsp;<\/p>\n<ul>\n<li>Desenvolver um sector tur\u00edstico e cultural.<\/li>\n<li>Beneficiar das ac\u00e7\u00f5es e feedback da rede internacional.<\/li>\n<li>Promover o interc\u00e2mbio tur\u00edstico, escolar e universit\u00e1rio.<\/li>\n<li>Para avan\u00e7ar o conhecimento sobre os Cavaleiros Templ\u00e1rios<\/li>\n<li>Encorajar uma din\u00e2mica territorial sobre este tema.<\/li>\n<li>Para melhorar a visibilidade do territ\u00f3rio.<\/li>\n<li>Tirar partido das convocat\u00f3rias europeias para projectos sobre este tema.<\/li>\n<\/ul>\n<p>[\/vc_column_text][vc_empty_space][vc_column_text]<\/p>\n<h2>Torne-se um membro<\/h2>\n<p>&nbsp;<\/p>\n<p>Os membros activos ou associados s\u00e3o pessoas singulares ou colectivas, ou institui\u00e7\u00f5es que t\u00eam uma rela\u00e7\u00e3o directa com o objectivo da associa\u00e7\u00e3o, e que desejam ser associados ao projecto \u201cRota dos Templ\u00e1rios\u201d.[\/vc_column_text][vc_empty_space]<a  itemprop=\"url\" href=\"mailto:soutien.fr1@templarfederation.org\" target=\"_self\"  class=\"qbutton  center default\" style=\"\">Contacte-nos<\/a>[vc_row_inner row_type=&#8221;row&#8221; type=&#8221;full_width&#8221; text_align=&#8221;left&#8221; css_animation=&#8221;&#8221;][vc_column_inner][\/vc_column_inner][\/vc_row_inner][\/vc_column][\/vc_row]<\/p>\n<\/div>","protected":false},"excerpt":{"rendered":"<p>[vc_row css_animation=&#8221;&#8221; row_type=&#8221;row&#8221; use_row_as_full_screen_section=&#8221;no&#8221; type=&#8221;full_width&#8221; angled_section=&#8221;no&#8221; text_align=&#8221;left&#8221; background_image_as_pattern=&#8221;without_pattern&#8221;][vc_column width=&#8221;2\/3&#8243;][vc_tabs style=&#8221;boxed&#8221;][vc_tab title=&#8221;Fundadores&#8221; tab_id=&#8221;e4424130-d19d-10&#8243;][vc_column_text] Em 2012, o Aube dedicou o seu ano cultural aos Templ\u00e1rios, cujo evento central foi a exposi\u00e7\u00e3o Templar, uma hist\u00f3ria, o nosso tesouro organizado pelo Conselho Departamental. Foi no simp\u00f3sio internacional deste evento&#8230;<\/p>\n","protected":false},"author":27,"featured_media":0,"parent":0,"menu_order":0,"comment_status":"closed","ping_status":"closed","template":"","meta":{"footnotes":""},"class_list":["post-18693","page","type-page","status-publish","hentry"],"yoast_head":"<!-- This site is optimized with the Yoast SEO plugin v26.6 - https:\/\/yoast.com\/wordpress\/plugins\/seo\/ -->\n<title>Um grande projecto europeu - European Templar Route<\/title>\n<meta name=\"robots\" content=\"index, follow, max-snippet:-1, max-image-preview:large, max-video-preview:-1\" \/>\n<link rel=\"canonical\" href=\"https:\/\/www.templars-route.eu\/pt-pt\/um-grande-projecto-europeu\/\" \/>\n<meta property=\"og:locale\" content=\"pt_PT\" \/>\n<meta property=\"og:type\" content=\"article\" \/>\n<meta property=\"og:title\" content=\"Um grande projecto europeu - European Templar Route\" \/>\n<meta property=\"og:description\" content=\"[vc_row css_animation=&#8221;&#8221; row_type=&#8221;row&#8221; use_row_as_full_screen_section=&#8221;no&#8221; type=&#8221;full_width&#8221; angled_section=&#8221;no&#8221; text_align=&#8221;left&#8221; background_image_as_pattern=&#8221;without_pattern&#8221;][vc_column width=&#8221;2\/3&#8243;][vc_tabs style=&#8221;boxed&#8221;][vc_tab title=&#8221;Fundadores&#8221; tab_id=&#8221;e4424130-d19d-10&#8243;][vc_column_text] Em 2012, o Aube dedicou o seu ano cultural aos Templ\u00e1rios, cujo evento central foi a exposi\u00e7\u00e3o Templar, uma hist\u00f3ria, o nosso tesouro organizado pelo Conselho Departamental. Foi no simp\u00f3sio internacional deste evento...\" \/>\n<meta property=\"og:url\" content=\"https:\/\/www.templars-route.eu\/pt-pt\/um-grande-projecto-europeu\/\" \/>\n<meta property=\"og:site_name\" content=\"European Templar Route\" \/>\n<meta property=\"article:modified_time\" content=\"2023-02-28T09:06:58+00:00\" \/>\n<meta name=\"twitter:card\" content=\"summary_large_image\" \/>\n<meta name=\"twitter:label1\" content=\"Tempo estimado de leitura\" \/>\n\t<meta name=\"twitter:data1\" content=\"10 minutos\" \/>\n<script type=\"application\/ld+json\" class=\"yoast-schema-graph\">{\"@context\":\"https:\/\/schema.org\",\"@graph\":[{\"@type\":\"WebPage\",\"@id\":\"https:\/\/www.templars-route.eu\/pt-pt\/um-grande-projecto-europeu\/\",\"url\":\"https:\/\/www.templars-route.eu\/pt-pt\/um-grande-projecto-europeu\/\",\"name\":\"Um grande projecto europeu - European Templar Route\",\"isPartOf\":{\"@id\":\"https:\/\/www.templars-route.eu\/fr\/#website\"},\"datePublished\":\"2020-11-13T14:36:17+00:00\",\"dateModified\":\"2023-02-28T09:06:58+00:00\",\"breadcrumb\":{\"@id\":\"https:\/\/www.templars-route.eu\/pt-pt\/um-grande-projecto-europeu\/#breadcrumb\"},\"inLanguage\":\"pt-PT\",\"potentialAction\":[{\"@type\":\"ReadAction\",\"target\":[\"https:\/\/www.templars-route.eu\/pt-pt\/um-grande-projecto-europeu\/\"]}]},{\"@type\":\"BreadcrumbList\",\"@id\":\"https:\/\/www.templars-route.eu\/pt-pt\/um-grande-projecto-europeu\/#breadcrumb\",\"itemListElement\":[{\"@type\":\"ListItem\",\"position\":1,\"name\":\"Accueil\",\"item\":\"https:\/\/www.templars-route.eu\/pt-pt\/\"},{\"@type\":\"ListItem\",\"position\":2,\"name\":\"Um grande projecto europeu\"}]},{\"@type\":\"WebSite\",\"@id\":\"https:\/\/www.templars-route.eu\/fr\/#website\",\"url\":\"https:\/\/www.templars-route.eu\/fr\/\",\"name\":\"European Templar Route\",\"description\":\"Un site utilisant Mobylee\",\"potentialAction\":[{\"@type\":\"SearchAction\",\"target\":{\"@type\":\"EntryPoint\",\"urlTemplate\":\"https:\/\/www.templars-route.eu\/fr\/?s={search_term_string}\"},\"query-input\":{\"@type\":\"PropertyValueSpecification\",\"valueRequired\":true,\"valueName\":\"search_term_string\"}}],\"inLanguage\":\"pt-PT\"}]}<\/script>\n<!-- \/ Yoast SEO plugin. -->","yoast_head_json":{"title":"Um grande projecto europeu - European Templar Route","robots":{"index":"index","follow":"follow","max-snippet":"max-snippet:-1","max-image-preview":"max-image-preview:large","max-video-preview":"max-video-preview:-1"},"canonical":"https:\/\/www.templars-route.eu\/pt-pt\/um-grande-projecto-europeu\/","og_locale":"pt_PT","og_type":"article","og_title":"Um grande projecto europeu - European Templar Route","og_description":"[vc_row css_animation=&#8221;&#8221; row_type=&#8221;row&#8221; use_row_as_full_screen_section=&#8221;no&#8221; type=&#8221;full_width&#8221; angled_section=&#8221;no&#8221; text_align=&#8221;left&#8221; background_image_as_pattern=&#8221;without_pattern&#8221;][vc_column width=&#8221;2\/3&#8243;][vc_tabs style=&#8221;boxed&#8221;][vc_tab title=&#8221;Fundadores&#8221; tab_id=&#8221;e4424130-d19d-10&#8243;][vc_column_text] Em 2012, o Aube dedicou o seu ano cultural aos Templ\u00e1rios, cujo evento central foi a exposi\u00e7\u00e3o Templar, uma hist\u00f3ria, o nosso tesouro organizado pelo Conselho Departamental. Foi no simp\u00f3sio internacional deste evento...","og_url":"https:\/\/www.templars-route.eu\/pt-pt\/um-grande-projecto-europeu\/","og_site_name":"European Templar Route","article_modified_time":"2023-02-28T09:06:58+00:00","twitter_card":"summary_large_image","twitter_misc":{"Tempo estimado de leitura":"10 minutos"},"schema":{"@context":"https:\/\/schema.org","@graph":[{"@type":"WebPage","@id":"https:\/\/www.templars-route.eu\/pt-pt\/um-grande-projecto-europeu\/","url":"https:\/\/www.templars-route.eu\/pt-pt\/um-grande-projecto-europeu\/","name":"Um grande projecto europeu - European Templar Route","isPartOf":{"@id":"https:\/\/www.templars-route.eu\/fr\/#website"},"datePublished":"2020-11-13T14:36:17+00:00","dateModified":"2023-02-28T09:06:58+00:00","breadcrumb":{"@id":"https:\/\/www.templars-route.eu\/pt-pt\/um-grande-projecto-europeu\/#breadcrumb"},"inLanguage":"pt-PT","potentialAction":[{"@type":"ReadAction","target":["https:\/\/www.templars-route.eu\/pt-pt\/um-grande-projecto-europeu\/"]}]},{"@type":"BreadcrumbList","@id":"https:\/\/www.templars-route.eu\/pt-pt\/um-grande-projecto-europeu\/#breadcrumb","itemListElement":[{"@type":"ListItem","position":1,"name":"Accueil","item":"https:\/\/www.templars-route.eu\/pt-pt\/"},{"@type":"ListItem","position":2,"name":"Um grande projecto europeu"}]},{"@type":"WebSite","@id":"https:\/\/www.templars-route.eu\/fr\/#website","url":"https:\/\/www.templars-route.eu\/fr\/","name":"European Templar Route","description":"Un site utilisant Mobylee","potentialAction":[{"@type":"SearchAction","target":{"@type":"EntryPoint","urlTemplate":"https:\/\/www.templars-route.eu\/fr\/?s={search_term_string}"},"query-input":{"@type":"PropertyValueSpecification","valueRequired":true,"valueName":"search_term_string"}}],"inLanguage":"pt-PT"}]}},"_links":{"self":[{"href":"https:\/\/www.templars-route.eu\/pt-pt\/wp-json\/wp\/v2\/pages\/18693\/"}],"collection":[{"href":"https:\/\/www.templars-route.eu\/pt-pt\/wp-json\/wp\/v2\/pages\/"}],"about":[{"href":"https:\/\/www.templars-route.eu\/pt-pt\/wp-json\/wp\/v2\/types\/page\/"}],"author":[{"embeddable":true,"href":"https:\/\/www.templars-route.eu\/pt-pt\/wp-json\/wp\/v2\/users\/27\/"}],"replies":[{"embeddable":true,"href":"https:\/\/www.templars-route.eu\/pt-pt\/wp-json\/wp\/v2\/comments\/?post=18693"}],"version-history":[{"count":5,"href":"https:\/\/www.templars-route.eu\/pt-pt\/wp-json\/wp\/v2\/pages\/18693\/revisions\/"}],"predecessor-version":[{"id":20277,"href":"https:\/\/www.templars-route.eu\/pt-pt\/wp-json\/wp\/v2\/pages\/18693\/revisions\/20277\/"}],"wp:attachment":[{"href":"https:\/\/www.templars-route.eu\/pt-pt\/wp-json\/wp\/v2\/media\/?parent=18693"}],"curies":[{"name":"wp","href":"https:\/\/api.w.org\/{rel}","templated":true}]}}