{"id":18726,"date":"2020-12-23T11:58:37","date_gmt":"2020-12-23T10:58:37","guid":{"rendered":"https:\/\/www.templars-route.eu\/i-testi-fondatori\/"},"modified":"2020-12-23T12:16:10","modified_gmt":"2020-12-23T11:16:10","slug":"i-testi-fondatori","status":"publish","type":"page","link":"https:\/\/www.templars-route.eu\/it\/i-testi-fondatori\/","title":{"rendered":"I testi fondatori"},"content":{"rendered":"<div class=\"wpb-content-wrapper\">\t\t<div data-elementor-type=\"wp-page\" data-elementor-id=\"18726\" class=\"elementor elementor-18726\">\n\t\t\t\t\t\t<section class=\"elementor-section elementor-top-section elementor-element elementor-element-3a76204b elementor-section-boxed elementor-section-height-default elementor-section-height-default\" data-id=\"3a76204b\" data-element_type=\"section\" data-e-type=\"section\">\n\t\t\t\t\t\t<div class=\"elementor-container elementor-column-gap-default\">\n\t\t\t\t\t<div class=\"elementor-column elementor-col-100 elementor-top-column elementor-element elementor-element-b8b85f2\" data-id=\"b8b85f2\" data-element_type=\"column\" data-e-type=\"column\">\n\t\t\t<div class=\"elementor-widget-wrap elementor-element-populated\">\n\t\t\t\t\t\t<div class=\"elementor-element elementor-element-2135389a elementor-widget elementor-widget-text-editor\" data-id=\"2135389a\" data-element_type=\"widget\" data-e-type=\"widget\" data-widget_type=\"text-editor.default\">\n\t\t\t\t<div class=\"elementor-widget-container\">\n\t\t\t\t\t\t\t\t\t<p>[vc_row css_animation=&#8221;&#8221; row_type=&#8221;row&#8221; use_row_as_full_screen_section=&#8221;no&#8221; type=&#8221;full_width&#8221; angled_section=&#8221;no&#8221; text_align=&#8221;left&#8221; background_image_as_pattern=&#8221;without_pattern&#8221;][vc_column][vc_column_text]<\/p>\n<h3>Il Concilio di Troyes e il governo dei Cavalieri Templari<\/h3>\n<p>[\/vc_column_text][\/vc_column][\/vc_row][vc_row css_animation=&#8221;&#8221; row_type=&#8221;row&#8221; use_row_as_full_screen_section=&#8221;no&#8221; type=&#8221;full_width&#8221; angled_section=&#8221;no&#8221; text_align=&#8221;left&#8221; background_image_as_pattern=&#8221;without_pattern&#8221;][vc_column][vc_column_text]<\/p>\n<div align=\"justify\">\n<p>Il Concilio che ha aperto nella Cattedrale di Troyes il 13 gennaio 1129, ha stabilito la regola dell&#8217;Ordine del Tempio, rendendo ufficiale il primo ordine religioso e militare della Cristianit\u00e0. Di ritorno da Gerusalemme con alcuni dei suoi compagni, Hugues de Payns ha mobilitato le sue energie per ottenere il riconoscimento dello status innovativo di &#8220;monaco soldato&#8221; che aveva creato nella Citt\u00e0 Santa. Tra i sostegni religiosi e politici da lui richiesti, quello di papa Onorio II \u00e8 stato decisivo. Ha promesso a Hughes che avrebbe convocato un consiglio provinciale per fornire una regola di vita alla nuova comunit\u00e0. Il 13 gennaio 1129 il consiglio comunale ha aperto nella cattedrale di Troyes e la scelta di Troyes non deve nulla al caso. Hugues de Payns trov\u00f2 un&#8217;eco naturale nel suo Champagne natale, con il conte Thibaud II e la sua aristocrazia. Soprattutto, riusc\u00ec a convincere l&#8217;abate Bernardo di Chiaravalle dei meriti della duplice vocazione religiosa e militare dell&#8217;ordine. Il 13 gennaio 1129, sotto l&#8217;autorit\u00e0 del legato del Papa, Mathieu d&#8217;Albano, e intorno a Bernardo di Chiaravalle, la figura pi\u00f9 influente dell&#8217;assemblea, si riuniscono i prelati pi\u00f9 importanti delle province ecclesiastiche di Sens e Reims: gli arcivescovi (Reims e Sens), i vescovi (Chartres, Soissons, Parigi, Troyes, Orl\u00e9ans, Ch\u00e2lons, Laon, Beauvais), gli abati (Clairvaux, C\u00eeteaux, V\u00e9zelay, Pontigny, Trois-Fontaines, Saint-Denis de Reims, Saint-\u00c9tienne de Dijon e Molesme). Sono presenti anche alcuni laici: il conte di Champagne Thibaud II con il suo seneschal Andr\u00e9 de Baudement, cos\u00ec come il conte di Nevers, Guglielmo II.<\/p>\n<\/div>\n<p>[\/vc_column_text][vc_empty_space][\/vc_column][\/vc_row][vc_row css_animation=&#8221;&#8221; row_type=&#8221;row&#8221; use_row_as_full_screen_section=&#8221;no&#8221; type=&#8221;full_width&#8221; angled_section=&#8221;no&#8221; text_align=&#8221;left&#8221; background_image_as_pattern=&#8221;without_pattern&#8221;][vc_column width=&#8221;1\/2&#8243;][vc_empty_space][vc_column_text]<\/p>\n<div align=\"justify\">Adottata alla fine del Concilio, la regola primitiva, ispirata alla regola di San Benedetto, comprende 71 articoli in latino che definiscono la vita dei Templari, sia monaci che guerrieri. I primi articoli trattano del coraggio, della disciplina e dell&#8217;umilt\u00e0, delle loro qualit\u00e0 essenziali e primordiali. Rapidamente tradotta in francese, la regola si arricchisce di nuovi articoli per risolvere meglio i problemi quotidiani della loro vita comunitaria.<\/div>\n<p>[\/vc_column_text][\/vc_column][vc_column width=&#8221;1\/2&#8243;][vc_single_image image=&#8221;15114&#8243; img_size=&#8221;medium&#8221; alignment=&#8221;center&#8221; qode_css_animation=&#8221;&#8221;][\/vc_column][\/vc_row][vc_row css_animation=&#8221;&#8221; row_type=&#8221;row&#8221; use_row_as_full_screen_section=&#8221;no&#8221; type=&#8221;full_width&#8221; angled_section=&#8221;no&#8221; text_align=&#8221;left&#8221; background_image_as_pattern=&#8221;without_pattern&#8221;][vc_column][vc_empty_space][vc_column_text]<\/p>\n<h3>Elogio della nuova cavalleria<\/h3>\n<p>[\/vc_column_text][\/vc_column][\/vc_row][vc_row css_animation=&#8221;&#8221; row_type=&#8221;row&#8221; use_row_as_full_screen_section=&#8221;no&#8221; type=&#8221;full_width&#8221; angled_section=&#8221;no&#8221; text_align=&#8221;left&#8221; background_image_as_pattern=&#8221;without_pattern&#8221;][vc_column][vc_column_text]<\/p>\n<div align=\"justify\">Su richiesta di Hugues de Payns, Bernard de Clairvaux scrisse il De laudae novae militiae o Elogio della Nuova Cavalleria, per legittimare la duplice vocazione, religiosa e militare, di Hugues de Payns e dei suoi compagni. In essa afferma che l&#8217;indispensabile protezione dei Luoghi Santi e dei cristiani giustifica la guerra contro i loro aggressori, infedeli mossi dal &#8220;Maligno&#8221;, da cui il termine &#8220;malicidio&#8221;, usato per descrivere l&#8217;omicidio perpetrato da un Templare.<\/div>\n<blockquote>\n<div style=\"padding-left: 60px;\" align=\"justify\">&#8220;Ripeto, il cavaliere di Cristo d\u00e0 la morte in modo sicuro e la riceve con ancora maggiore sicurezza. Se muore, \u00e8 per il suo bene, se uccide, \u00e8 per Cristo&#8230;. Nell&#8217;uccidere un criminale, non agisce come un assassino, ma, oserei dire, come un malicida&#8230;. Non che sia necessario, inoltre, massacrare i pagani, se ci fosse un altro modo per impedire loro di molestare e opprimere troppo pesantemente i cristiani. Ma \u00e8 meglio, comunque, ucciderli che lasciare che lo scettro dei peccatori cada sulla parte dei giusti a rischio, per i giusti, di tendere la mano all&#8217;iniquit\u00e0&#8221;.<\/div>\n<\/blockquote>\n<p>[\/vc_column_text][\/vc_column][\/vc_row]<\/p>\n\t\t\t\t\t\t\t\t<\/div>\n\t\t\t\t<\/div>\n\t\t\t\t\t<\/div>\n\t\t<\/div>\n\t\t\t\t\t<\/div>\n\t\t<\/section>\n\t\t\t\t<section class=\"elementor-section elementor-top-section elementor-element elementor-element-d802849 elementor-section-boxed elementor-section-height-default elementor-section-height-default\" data-id=\"d802849\" data-element_type=\"section\" data-e-type=\"section\">\n\t\t\t\t\t\t<div class=\"elementor-container elementor-column-gap-default\">\n\t\t\t\t\t<div class=\"elementor-column elementor-col-100 elementor-top-column elementor-element elementor-element-7f32412\" data-id=\"7f32412\" data-element_type=\"column\" data-e-type=\"column\">\n\t\t\t<div class=\"elementor-widget-wrap elementor-element-populated\">\n\t\t\t\t\t\t<div class=\"elementor-element elementor-element-043a485 elementor-widget elementor-widget-spacer\" data-id=\"043a485\" data-element_type=\"widget\" data-e-type=\"widget\" data-widget_type=\"spacer.default\">\n\t\t\t\t<div class=\"elementor-widget-container\">\n\t\t\t\t\t\t\t<div class=\"elementor-spacer\">\n\t\t\t<div class=\"elementor-spacer-inner\"><\/div>\n\t\t<\/div>\n\t\t\t\t\t\t<\/div>\n\t\t\t\t<\/div>\n\t\t\t\t\t<\/div>\n\t\t<\/div>\n\t\t\t\t\t<\/div>\n\t\t<\/section>\n\t\t\t\t<section class=\"elementor-section elementor-top-section elementor-element elementor-element-7af9c20 elementor-section-boxed elementor-section-height-default elementor-section-height-default\" data-id=\"7af9c20\" data-element_type=\"section\" data-e-type=\"section\">\n\t\t\t\t\t\t<div class=\"elementor-container elementor-column-gap-default\">\n\t\t\t\t\t<div class=\"elementor-column elementor-col-33 elementor-top-column elementor-element elementor-element-eb77919\" data-id=\"eb77919\" data-element_type=\"column\" data-e-type=\"column\">\n\t\t\t<div class=\"elementor-widget-wrap elementor-element-populated\">\n\t\t\t\t\t\t<div class=\"elementor-element elementor-element-6fa12e4 elementor-align-center elementor-widget elementor-widget-button\" data-id=\"6fa12e4\" data-element_type=\"widget\" data-e-type=\"widget\" data-widget_type=\"button.default\">\n\t\t\t\t<div class=\"elementor-widget-container\">\n\t\t\t\t\t\t\t\t\t<div class=\"elementor-button-wrapper\">\n\t\t\t\t\t<a class=\"elementor-button elementor-button-link elementor-size-md\" href=\"https:\/\/www.templars-route.eu\/it\/la-storia-dei-templari\/\">\n\t\t\t\t\t\t<span class=\"elementor-button-content-wrapper\">\n\t\t\t\t\t\t\t\t\t<span class=\"elementor-button-text\">LA STORIA DEI TEMPLARI<\/span>\n\t\t\t\t\t<\/span>\n\t\t\t\t\t<\/a>\n\t\t\t\t<\/div>\n\t\t\t\t\t\t\t\t<\/div>\n\t\t\t\t<\/div>\n\t\t\t\t\t<\/div>\n\t\t<\/div>\n\t\t\t\t<div class=\"elementor-column elementor-col-33 elementor-top-column elementor-element elementor-element-2993e57\" data-id=\"2993e57\" data-element_type=\"column\" data-e-type=\"column\">\n\t\t\t<div class=\"elementor-widget-wrap elementor-element-populated\">\n\t\t\t\t\t\t<div class=\"elementor-element elementor-element-a286389 elementor-align-center elementor-widget elementor-widget-button\" data-id=\"a286389\" data-element_type=\"widget\" data-e-type=\"widget\" data-widget_type=\"button.default\">\n\t\t\t\t<div class=\"elementor-widget-container\">\n\t\t\t\t\t\t\t\t\t<div class=\"elementor-button-wrapper\">\n\t\t\t\t\t<a class=\"elementor-button elementor-button-link elementor-size-md\" href=\"https:\/\/www.templars-route.eu\/it\/i-grandi-personaggi\/\">\n\t\t\t\t\t\t<span class=\"elementor-button-content-wrapper\">\n\t\t\t\t\t\t\t\t\t<span class=\"elementor-button-text\">GRANDI PERSONE<\/span>\n\t\t\t\t\t<\/span>\n\t\t\t\t\t<\/a>\n\t\t\t\t<\/div>\n\t\t\t\t\t\t\t\t<\/div>\n\t\t\t\t<\/div>\n\t\t\t\t\t<\/div>\n\t\t<\/div>\n\t\t\t\t<div class=\"elementor-column elementor-col-33 elementor-top-column elementor-element elementor-element-6146ad4\" data-id=\"6146ad4\" data-element_type=\"column\" data-e-type=\"column\">\n\t\t\t<div class=\"elementor-widget-wrap elementor-element-populated\">\n\t\t\t\t\t\t<div class=\"elementor-element elementor-element-353451f elementor-align-center elementor-widget elementor-widget-button\" data-id=\"353451f\" data-element_type=\"widget\" data-e-type=\"widget\" data-widget_type=\"button.default\">\n\t\t\t\t<div class=\"elementor-widget-container\">\n\t\t\t\t\t\t\t\t\t<div class=\"elementor-button-wrapper\">\n\t\t\t\t\t<a class=\"elementor-button elementor-button-link elementor-size-md\" href=\"\/?page_id=15147\">\n\t\t\t\t\t\t<span class=\"elementor-button-content-wrapper\">\n\t\t\t\t\t\t\t\t\t<span class=\"elementor-button-text\">TUTTI GLI STRUMENTI PER CAPIRE<\/span>\n\t\t\t\t\t<\/span>\n\t\t\t\t\t<\/a>\n\t\t\t\t<\/div>\n\t\t\t\t\t\t\t\t<\/div>\n\t\t\t\t<\/div>\n\t\t\t\t\t<\/div>\n\t\t<\/div>\n\t\t\t\t\t<\/div>\n\t\t<\/section>\n\t\t\t\t<\/div>\n\t\t<\/div>","protected":false},"excerpt":{"rendered":"<p>[vc_row css_animation=&#8221;&#8221; row_type=&#8221;row&#8221; use_row_as_full_screen_section=&#8221;no&#8221; type=&#8221;full_width&#8221; angled_section=&#8221;no&#8221; text_align=&#8221;left&#8221; background_image_as_pattern=&#8221;without_pattern&#8221;][vc_column][vc_column_text] Il Concilio di Troyes e il governo dei Cavalieri Templari [\/vc_column_text][\/vc_column][\/vc_row][vc_row css_animation=&#8221;&#8221; row_type=&#8221;row&#8221; use_row_as_full_screen_section=&#8221;no&#8221; type=&#8221;full_width&#8221; angled_section=&#8221;no&#8221; text_align=&#8221;left&#8221; background_image_as_pattern=&#8221;without_pattern&#8221;][vc_column][vc_column_text] Il Concilio che ha aperto nella Cattedrale di Troyes il 13 gennaio 1129 ha stabilito la regola dell&#8217;Ordine del&#8230;<\/p>\n","protected":false},"author":1,"featured_media":0,"parent":0,"menu_order":0,"comment_status":"closed","ping_status":"closed","template":"","meta":{"footnotes":""},"class_list":["post-18726","page","type-page","status-publish","hentry"],"yoast_head":"<!-- This site is optimized with the Yoast SEO plugin v26.6 - https:\/\/yoast.com\/wordpress\/plugins\/seo\/ -->\n<title>I testi fondatori - European Templar Route<\/title>\n<meta name=\"robots\" content=\"index, follow, max-snippet:-1, max-image-preview:large, max-video-preview:-1\" \/>\n<link rel=\"canonical\" href=\"https:\/\/www.templars-route.eu\/it\/i-testi-fondatori\/\" \/>\n<meta property=\"og:locale\" content=\"it_IT\" \/>\n<meta property=\"og:type\" content=\"article\" \/>\n<meta property=\"og:title\" content=\"I testi fondatori - European Templar Route\" \/>\n<meta property=\"og:description\" content=\"[vc_row css_animation=&#8221;&#8221; row_type=&#8221;row&#8221; use_row_as_full_screen_section=&#8221;no&#8221; type=&#8221;full_width&#8221; angled_section=&#8221;no&#8221; text_align=&#8221;left&#8221; background_image_as_pattern=&#8221;without_pattern&#8221;][vc_column][vc_column_text] Il Concilio di Troyes e il governo dei Cavalieri Templari [\/vc_column_text][\/vc_column][\/vc_row][vc_row css_animation=&#8221;&#8221; row_type=&#8221;row&#8221; use_row_as_full_screen_section=&#8221;no&#8221; type=&#8221;full_width&#8221; angled_section=&#8221;no&#8221; text_align=&#8221;left&#8221; background_image_as_pattern=&#8221;without_pattern&#8221;][vc_column][vc_column_text] Il Concilio che ha aperto nella Cattedrale di Troyes il 13 gennaio 1129 ha stabilito la regola dell&#8217;Ordine del...\" \/>\n<meta property=\"og:url\" content=\"https:\/\/www.templars-route.eu\/it\/i-testi-fondatori\/\" \/>\n<meta property=\"og:site_name\" content=\"European Templar Route\" \/>\n<meta property=\"article:modified_time\" content=\"2020-12-23T11:16:10+00:00\" \/>\n<meta name=\"twitter:card\" content=\"summary_large_image\" \/>\n<meta name=\"twitter:label1\" content=\"Tempo di lettura stimato\" \/>\n\t<meta name=\"twitter:data1\" content=\"4 minuti\" \/>\n<script type=\"application\/ld+json\" class=\"yoast-schema-graph\">{\"@context\":\"https:\/\/schema.org\",\"@graph\":[{\"@type\":\"WebPage\",\"@id\":\"https:\/\/www.templars-route.eu\/it\/i-testi-fondatori\/\",\"url\":\"https:\/\/www.templars-route.eu\/it\/i-testi-fondatori\/\",\"name\":\"I testi fondatori - European Templar Route\",\"isPartOf\":{\"@id\":\"https:\/\/www.templars-route.eu\/fr\/#website\"},\"datePublished\":\"2020-12-23T10:58:37+00:00\",\"dateModified\":\"2020-12-23T11:16:10+00:00\",\"breadcrumb\":{\"@id\":\"https:\/\/www.templars-route.eu\/it\/i-testi-fondatori\/#breadcrumb\"},\"inLanguage\":\"it-IT\",\"potentialAction\":[{\"@type\":\"ReadAction\",\"target\":[\"https:\/\/www.templars-route.eu\/it\/i-testi-fondatori\/\"]}]},{\"@type\":\"BreadcrumbList\",\"@id\":\"https:\/\/www.templars-route.eu\/it\/i-testi-fondatori\/#breadcrumb\",\"itemListElement\":[{\"@type\":\"ListItem\",\"position\":1,\"name\":\"Accueil\",\"item\":\"https:\/\/www.templars-route.eu\/it\/\"},{\"@type\":\"ListItem\",\"position\":2,\"name\":\"I testi fondatori\"}]},{\"@type\":\"WebSite\",\"@id\":\"https:\/\/www.templars-route.eu\/fr\/#website\",\"url\":\"https:\/\/www.templars-route.eu\/fr\/\",\"name\":\"European Templar Route\",\"description\":\"Un site utilisant Mobylee\",\"potentialAction\":[{\"@type\":\"SearchAction\",\"target\":{\"@type\":\"EntryPoint\",\"urlTemplate\":\"https:\/\/www.templars-route.eu\/fr\/?s={search_term_string}\"},\"query-input\":{\"@type\":\"PropertyValueSpecification\",\"valueRequired\":true,\"valueName\":\"search_term_string\"}}],\"inLanguage\":\"it-IT\"}]}<\/script>\n<!-- \/ Yoast SEO plugin. -->","yoast_head_json":{"title":"I testi fondatori - European Templar Route","robots":{"index":"index","follow":"follow","max-snippet":"max-snippet:-1","max-image-preview":"max-image-preview:large","max-video-preview":"max-video-preview:-1"},"canonical":"https:\/\/www.templars-route.eu\/it\/i-testi-fondatori\/","og_locale":"it_IT","og_type":"article","og_title":"I testi fondatori - European Templar Route","og_description":"[vc_row css_animation=&#8221;&#8221; row_type=&#8221;row&#8221; use_row_as_full_screen_section=&#8221;no&#8221; type=&#8221;full_width&#8221; angled_section=&#8221;no&#8221; text_align=&#8221;left&#8221; background_image_as_pattern=&#8221;without_pattern&#8221;][vc_column][vc_column_text] Il Concilio di Troyes e il governo dei Cavalieri Templari [\/vc_column_text][\/vc_column][\/vc_row][vc_row css_animation=&#8221;&#8221; row_type=&#8221;row&#8221; use_row_as_full_screen_section=&#8221;no&#8221; type=&#8221;full_width&#8221; angled_section=&#8221;no&#8221; text_align=&#8221;left&#8221; background_image_as_pattern=&#8221;without_pattern&#8221;][vc_column][vc_column_text] Il Concilio che ha aperto nella Cattedrale di Troyes il 13 gennaio 1129 ha stabilito la regola dell&#8217;Ordine del...","og_url":"https:\/\/www.templars-route.eu\/it\/i-testi-fondatori\/","og_site_name":"European Templar Route","article_modified_time":"2020-12-23T11:16:10+00:00","twitter_card":"summary_large_image","twitter_misc":{"Tempo di lettura stimato":"4 minuti"},"schema":{"@context":"https:\/\/schema.org","@graph":[{"@type":"WebPage","@id":"https:\/\/www.templars-route.eu\/it\/i-testi-fondatori\/","url":"https:\/\/www.templars-route.eu\/it\/i-testi-fondatori\/","name":"I testi fondatori - European Templar Route","isPartOf":{"@id":"https:\/\/www.templars-route.eu\/fr\/#website"},"datePublished":"2020-12-23T10:58:37+00:00","dateModified":"2020-12-23T11:16:10+00:00","breadcrumb":{"@id":"https:\/\/www.templars-route.eu\/it\/i-testi-fondatori\/#breadcrumb"},"inLanguage":"it-IT","potentialAction":[{"@type":"ReadAction","target":["https:\/\/www.templars-route.eu\/it\/i-testi-fondatori\/"]}]},{"@type":"BreadcrumbList","@id":"https:\/\/www.templars-route.eu\/it\/i-testi-fondatori\/#breadcrumb","itemListElement":[{"@type":"ListItem","position":1,"name":"Accueil","item":"https:\/\/www.templars-route.eu\/it\/"},{"@type":"ListItem","position":2,"name":"I testi fondatori"}]},{"@type":"WebSite","@id":"https:\/\/www.templars-route.eu\/fr\/#website","url":"https:\/\/www.templars-route.eu\/fr\/","name":"European Templar Route","description":"Un site utilisant Mobylee","potentialAction":[{"@type":"SearchAction","target":{"@type":"EntryPoint","urlTemplate":"https:\/\/www.templars-route.eu\/fr\/?s={search_term_string}"},"query-input":{"@type":"PropertyValueSpecification","valueRequired":true,"valueName":"search_term_string"}}],"inLanguage":"it-IT"}]}},"_links":{"self":[{"href":"https:\/\/www.templars-route.eu\/it\/wp-json\/wp\/v2\/pages\/18726\/"}],"collection":[{"href":"https:\/\/www.templars-route.eu\/it\/wp-json\/wp\/v2\/pages\/"}],"about":[{"href":"https:\/\/www.templars-route.eu\/it\/wp-json\/wp\/v2\/types\/page\/"}],"author":[{"embeddable":true,"href":"https:\/\/www.templars-route.eu\/it\/wp-json\/wp\/v2\/users\/1\/"}],"replies":[{"embeddable":true,"href":"https:\/\/www.templars-route.eu\/it\/wp-json\/wp\/v2\/comments\/?post=18726"}],"version-history":[{"count":5,"href":"https:\/\/www.templars-route.eu\/it\/wp-json\/wp\/v2\/pages\/18726\/revisions\/"}],"predecessor-version":[{"id":18735,"href":"https:\/\/www.templars-route.eu\/it\/wp-json\/wp\/v2\/pages\/18726\/revisions\/18735\/"}],"wp:attachment":[{"href":"https:\/\/www.templars-route.eu\/it\/wp-json\/wp\/v2\/media\/?parent=18726"}],"curies":[{"name":"wp","href":"https:\/\/api.w.org\/{rel}","templated":true}]}}