{"id":18688,"date":"2020-12-22T16:38:45","date_gmt":"2020-12-22T15:38:45","guid":{"rendered":"https:\/\/www.templars-route.eu\/un-grande-progetto-europeo\/"},"modified":"2023-02-28T10:06:16","modified_gmt":"2023-02-28T09:06:16","slug":"un-grande-progetto-europeo","status":"publish","type":"page","link":"https:\/\/www.templars-route.eu\/it\/un-grande-progetto-europeo\/","title":{"rendered":"Un grande progetto europeo"},"content":{"rendered":"<div class=\"wpb-content-wrapper\"><p>[vc_row css_animation=&#8221;&#8221; row_type=&#8221;row&#8221; use_row_as_full_screen_section=&#8221;no&#8221; type=&#8221;full_width&#8221; angled_section=&#8221;no&#8221; text_align=&#8221;left&#8221; background_image_as_pattern=&#8221;without_pattern&#8221;][vc_column width=&#8221;2\/3&#8243;][vc_tabs style=&#8221;boxed&#8221;][vc_tab title=&#8221;Fondatori&#8221; tab_id=&#8221;e4424130-d19d-10&#8243;][vc_column_text]<\/p>\n<div class=\"wpb_text_column wpb_content_element \">\n<div class=\"wpb_wrapper\">\n<p>Nel 2012 l&#8217;Aube ha dedicato il suo anno culturale ai Cavalieri Templari, il cui evento centrale \u00e8 stata la mostra Templari, una storia, il nostro tesoro organizzata dal Consiglio Dipartimentale. \u00c8 stato in occasione del colloquio internazionale di questo evento che il popolo di Aube e i portoghesi hanno per la prima volta sollevato la possibilit\u00e0 di creare un Itinerario Culturale Europeo dei Cavalieri Templari.<\/p>\n<p>&nbsp;<\/p>\n<p>Mentre il Dipartimento di <strong>Aube rappresenta l'&#8221;Alfa&#8221; dell&#8217;itinerario, la culla dei Cavalieri Templari, la citt\u00e0 di Tomar \u00e8 l'&#8221;Omega&#8221;, la citt\u00e0 pi\u00f9 longeva dell&#8217;Ordine<\/strong>.<\/p>\n<p>&nbsp;<\/p>\n<p>La storia dell&#8217;Ordine dei Templari \u00e8 strettamente legata al Dipartimento.\u00a0 Hugues de Payns, originario di un villaggio vicino a Troyes, fu il fondatore e primo maestro del Tempio, un ordine riconosciuto al Concilio di Troyes nel 1129. La regola dell&#8217;Ordine fu redatta e adottata sotto l&#8217;egida di Bernardo di Chiaravalle.<\/p>\n<p>&nbsp;<\/p>\n<p>La citt\u00e0 di Tomar, situata nel cuore del Portogallo, fu fondata nel 1160 come sede dei Cavalieri Templari. Era l&#8217;ultima sede provinciale dei Templari in Europa. Elencata dall&#8217;UNESCO come patrimonio dell&#8217;umanit\u00e0, conserva un patrimonio templare in perfetto stato di conservazione, tra cui il castello, il Convento di Cristo e le tombe dei primi Templari.<\/p>\n<p>&nbsp;<\/p>\n<p>Nel 2014, per commemorare il 700\u00b0 anniversario della morte sul rogo di Jacques de Molay, l&#8217;ultimo Gran Maestro dell&#8217;Ordine dei Templari, L&#8217;Aube e Tomar hanno deciso di unirsi attorno al tema dei Templari e di creare un Itinerario Culturale Europeo (ICE) dal titolo &#8220;Rotta Europea dei Templari&#8221;. Per realizzare questo progetto, i due territori hanno <strong>creato nel 2016 l&#8217;associazione della Federazione Europea della Rotta dei Templari.<\/strong><\/p>\n<\/div>\n<\/div>\n<p>[\/vc_column_text][\/vc_tab][vc_tab title=&#8221;Membri&#8221; tab_id=&#8221;87947675-0c45-10&#8243;][vc_column_text]Ad oggi, i membri sono:<\/p>\n<p>&nbsp;<\/p>\n<p><strong>Membri fondatori<\/strong><\/p>\n<ul>\n<li>Dipartimento di Aube, Francia<\/li>\n<li>Citt\u00e0 di Tomar, Portogallo<\/li>\n<li>Citt\u00e0 di Ponferrada, Spagna (2017)<\/li>\n<li>Citt\u00e0 di Perugia, Italia (2017)<\/li>\n<\/ul>\n<p>&nbsp;<\/p>\n<p><strong>Membri attivi<\/strong><\/p>\n<ul>\n<li>Temple Church, Inghilterra (2018)<\/li>\n<li>Associazione degli Amici della Storia di Vianden, Lussemburgo (2019)<\/li>\n<li>Comune di Mesnil-Saint-Loup, Aube (2019)<\/li>\n<li>Association des Amis de la Commanderie d&#8217;Epailly, Costa d&#8217;Oro (2019)<\/li>\n<li>Office de tourisme du Pays Ch\u00e2tillonnais, Costa d&#8217;Oro (2019)<\/li>\n<li>Association M\u00e9moires d&#8217;Orient, Grand-Est (2019)<\/li>\n<li>Commanderie templi\u00e8re de Rugney, Vosges (2019)<\/li>\n<li>Commanderie Templi\u00e8re de Jales, Ard\u00e8che (2019)<\/li>\n<li>Mus\u00e9e Hugues de Payns, Aube (2019)<\/li>\n<li>Souffleur de Plume, Aube (2019)<\/li>\n<li>Temple-sur-Lot, Lot-et-Garonne (2020)<\/li>\n<li>Ste-Eulalie de Cernon, Aveyron (2020)<\/li>\n<li>Agence d\u00e9partementale du tourisme, Aube (2020)<\/li>\n<li>Compagnie des Blancs manteaux (2021)<\/li>\n<li>Ville de Laon, Aisne (2021)<\/li>\n<li>Conseil d\u00e9partemental, Touraine (2021)<\/li>\n<li>Projet Beauc\u00e9ant (2021)<\/li>\n<\/ul>\n<p>&nbsp;<\/p>\n<p><strong>Membri associati<\/strong><\/p>\n<ul>\n<li>Champagne R\u00e9mi Massin &amp; fils (2019)<\/li>\n<li>Champagne Dumont (2019)<\/li>\n<li>Commanderie San Filippo de Plano, Italia (2019)<\/li>\n<\/ul>\n<p>[\/vc_column_text][\/vc_tab][vc_tab title=&#8221;Presidenza&#8221; tab_id=&#8221;1605279507282-2-0&#8243;][vc_column_text]All&#8217;Assemblea Generale del giugno 2020, <strong>la signora Anabela Freitas, Sindaco di Tomar<\/strong>, \u00e8 stata eletta Presidente per un mandato di 3 anni. (Portogallo). \u00c8 coadiuvata dalla vicepresidenza di Andrea ROMIZI, Sindaco di Perugia (Italia) e da Val\u00e9ry DENIS, Vicepresidente del Consiglio Dipartimentale dell&#8217;Aube e copresidente della Commissione Coesione Territoriale e Attrattivit\u00e0 \/ Turismo &#8211; Cultura (Francia).[\/vc_column_text][\/vc_tab][vc_tab title=&#8221;Statuto&#8221; tab_id=&#8221;1605279517834-3-10&#8243;][vc_column_text]Il 17 ottobre 2018 i soci, riuniti in assemblea generale straordinaria a Perugia, hanno adottato lo statuto disponibile in francese.<\/p>\n<p>&nbsp;<\/p>\n<p><a href=\"https:\/\/www.templars-route.eu\/assets\/uploads\/sites\/40\/2020\/11\/TREF-statuts-au-18.10.17.pdf\">Scarica gli statuti<\/a>[\/vc_column_text][\/vc_tab][vc_tab title=&#8221;Obiettivi&#8221; tab_id=&#8221;1606228282639-6-1&#8243;][vc_column_text]Come presentato nello statuto della Federazione Europea della Rotta dei Templari, &#8220;<strong>l&#8217;associazione si propone di riunire i territori e le istituzioni degli stati membri del Consiglio d&#8217;Europa, in rappresentanza di quei territori (stati, dipartimenti, intercomunalit\u00e0, comuni, associazioni, ecc.) che sono stati interessati dalla presenza dei Templari<\/strong>&#8221; intorno alle seguenti linee guida:<\/p>\n<p>&nbsp;<\/p>\n<ul>\n<li>Promuovere gli scambi organizzando incontri, colloqui e pubblicazioni in collegamento con universit\u00e0, istituzioni culturali e associazioni storiche.<\/li>\n<li>Promuovere e sostenere azioni di valorizzazione del patrimonio dei Templari.<\/li>\n<li>Sviluppare attivit\u00e0 di animazione e promozione attraverso la creazione di mostre, eventi artistici e culturali e percorsi di scoperta, in particolare nell&#8217;ambito degli scambi turistici, scolastici e universitari.<\/li>\n<\/ul>\n<p>&nbsp;<\/p>\n<p>Nell&#8217;ambito del programma degli Itinerari culturali europei, l&#8217;Itinerario dei Templari si impegna a realizzare i seguenti obiettivi<\/p>\n<ul>\n<li>Cooperazione nella ricerca e nello sviluppo<\/li>\n<li>Promozione della memoria, della storia e del patrimonio europeo<\/li>\n<li>Scambi culturali ed educativi dei giovani europeiPratica culturale e artistica contemporanea<\/li>\n<li>Turismo culturale e sviluppo culturale sostenibile.<\/li>\n<\/ul>\n<p>[\/vc_column_text][\/vc_tab][vc_tab title=&#8221;Comitato scientifico&#8221; tab_id=&#8221;1605279706353-4-8&#8243;][vc_row_inner row_type=&#8221;row&#8221; type=&#8221;full_width&#8221; text_align=&#8221;left&#8221; css_animation=&#8221;&#8221;][vc_column_inner][vc_column_text]Il comitato scientifico \u00e8 il garante della legittimit\u00e0 patrimoniale dell&#8217;Itinerario dei Cavalieri Templari come Itinerario Culturale Europeo. Ha il compito di convalidare le informazioni scientifiche pubblicate, arricchire la conoscenza dell&#8217;ecosistema dei Templari e sviluppare i legami sociali, culturali ed economici internazionali.<\/p>\n<p>&nbsp;<\/p>\n<p><strong>Presidente onorario :<\/strong> Alain DEMURGER<\/p>\n<p><strong>Pr\u00e9sident :<\/strong> Arnaud BAUDIN<\/p>\n<p>&nbsp;<\/p>\n<p><strong>Francia :<\/strong><\/p>\n<ul>\n<li>Arnaud BAUDIN, vice direttore degli archivi e del patrimonio dell&#8217;Aube, dottore in storia<\/li>\n<li>Damien CARRAZ, professore all&#8217;Universit\u00e0 di Tolosa-Jean Jaur\u00e8s<\/li>\n<li>Pierre-Vincent CLAVERIE, Centro di ricerca scientifica di Cipro<\/li>\n<li>Alain DEMURGER, docente onorario all&#8217;Universit\u00e0 di Parigi 1 Panth\u00e9on-Sorbonne<\/li>\n<li>Fran\u00e7ois GILET, storico indipendente<\/li>\n<li>Philippe JOSSERAND, docente all&#8217;Universit\u00e0 di Nantes<\/li>\n<li>Thierry LEROY, dottore in storia<\/li>\n<li>Vincent MARCHAISSEAU, Istituto Nazionale di Ricerca Archeologica Preventiva (INRAP)<\/li>\n<li>Jean MESQUI, castellologo, specialista dell&#8217;architettura fortificata delle Crociate<\/li>\n<li>C\u00e9dric ROMS, Istituto Nazionale di Ricerca Archeologica Preventiva (INRAP)<\/li>\n<\/ul>\n<p>&nbsp;<\/p>\n<p><strong>Italia :<\/strong><\/p>\n<ul>\n<li>Elena BELLOMO, dottore in storia<\/li>\n<li>Gaetano CURZI, dottore in Storia dell&#8217;Arte e professore all&#8217;Universit\u00e0 di Chieti &#8211; Pescara<\/li>\n<li>Sonia MERLI, dottore in storia<\/li>\n<li>Loris NADOTTI, professore di storia economica all&#8217;Universit\u00e0 degli Studi di Perugia<\/li>\n<li>Giuliano ROMALLI, ISCR (Istituto superiore per la conservazione ed il restauro, Ministero dei Beni Culturali, Roma)<\/li>\n<li>Mirko SANTANICCHIA, dottore in Storia dell&#8217;Arte e professore all&#8217;Universit\u00e0 degli Studi di Perugia<\/li>\n<li>Carlo TOSCO, storico dell&#8217;architettura e del paesaggio, professore al Politecnico di Torino<\/li>\n<\/ul>\n<p>&nbsp;<\/p>\n<p><strong>Portogallo :<\/strong><\/p>\n<ul>\n<li>\u00c1lvaro Jos\u00e9 BARBOSA, architetto, laureato in conservazione del patrimonio architettonico e paesaggistico all&#8217;Universit\u00e0 di \u00c9vora, curatore del Convento di Cristo a Tomar<\/li>\n<li>Maria Jo\u00e3o BRANCO, Dottore in Storia e Professore di Storia Medievale alla Facolt\u00e0 di Scienze Sociali e Umanistiche, Universidade Nova de Lisboa<\/li>\n<li>Hermenegildo FERNANDES, dottore in Storia specializzato in storia medievale, Islam medievale e storia del Gharb al-Andalus all&#8217;Universit\u00e0 di Lisbona<\/li>\n<li>Ernesto JANA, insegnante, storico dell&#8217;Ufficio Studi &#8220;Olissiponenses<\/li>\n<li>Gomes Martins MIGUEL, dottore in storia e professore di storia medievale al CMLisboa e alla Nuova Universit\u00e0 di Lisbona<\/li>\n<li>Antonio Carlos MARTINS GODINHO, laureato in Storia con pos graduazione in scienze documentarie (Biblioteca e Documentazione) all\u2019Universit\u00e0 di Coimbra. Professore e Bibliotecario.<\/li>\n<li>Joaquim NUNES, membro fondatore dell&#8217;Associazione Templ&#8217;Anima<\/li>\n<\/ul>\n<p>&nbsp;<\/p>\n<p><strong>Spagna:<\/strong><\/p>\n<ul>\n<li>Joan FUGUET I SANS, dottore e professore di storia alla Scuola di Conservazione e Restauro della Catalogna<\/li>\n<li>Salvador REMIREZ VALLEJO, dottore in storia e archeologo, ricercatore associato presso l&#8217;Instituto de Estudios Riojanos<\/li>\n<\/ul>\n<p>&nbsp;<\/p>\n<p><strong>Regno Unito:<\/strong><\/p>\n<ul>\n<li>Helen NICHOLSON, professore all&#8217;Universit\u00e0 di Cardiff (Galles)<\/li>\n<li>Nicholas MORTON, docente alla Nottingham Trent University (Inghilterra)<\/li>\n<\/ul>\n<p>&nbsp;<\/p>\n<p><strong>Germania:<\/strong> Karl BORCHARDT (Universit\u00e0 di W\u00fcrzburg)<\/p>\n<p>&nbsp;<\/p>\n<p><strong>Grecia:<\/strong><\/p>\n<ul>\n<li>Nikolaos CHRISSIS, professore assistente di Storia europea medievale all&#8217;Universit\u00e0 Democrito di Tracia<\/li>\n<li>Ioanna CHRISTOFORAKI, ricercatrice, Centro di ricerca per l&#8217;arte bizantina e post-bizantina (Accademia di Atene). Bizantina (Accademia di Atene)<\/li>\n<\/ul>\n<p>&nbsp;<\/p>\n<p><strong>Poland:<\/strong><\/p>\n<ul>\n<li>Maria STARNAWSKA, doctor in History, professor at the Siedlce University of Natural Sciences and Humanities<\/li>\n<\/ul>\n<p>&nbsp;<\/p>\n<p><strong>Cipro:<\/strong> Nicholas COUREAS, ricercatore presso il Cyprus Research Center, Dipartimento di Storia<\/p>\n<p>&nbsp;<\/p>\n<p><strong>Israele:<\/strong> Vardit SHOTTEN-HALLEL, archeologa dell&#8217;Autorit\u00e0 Israeliana per le Antichit\u00e0<\/p>\n<p>&nbsp;<\/p>\n<p><strong>Stati Uniti:<\/strong><\/p>\n<ul>\n<li>Sean L. FIELD, professore all&#8217;Universit\u00e0 del Vermont (Burlington)<\/li>\n<li>Jochen BURGTORF, professore alla California State University (Fullerton)<\/li>\n<\/ul>\n<p>&nbsp;<\/p>\n<p>Volete contribuire con la vostra esperienza nei campi della storia, del patrimonio, dell&#8217;intrattenimento, dell&#8217;economia, della geografia, del turismo?<\/p>\n<p>&nbsp;<\/p>\n<p style=\"text-align: center\"><em>Il vostro contatto<\/em><\/p>\n<p>&nbsp;<\/p>\n<p style=\"text-align: center\"><strong>Arnaud BAUDIN<\/strong><\/p>\n<p style=\"text-align: center\"><em>Pr\u00e9sident du Comit\u00e9 Scientifique<br \/>\nDirecteur adjoint<br \/>\nDirection des Archives et du Patrimoine de l\u2019Aube<\/em><\/p>\n<p style=\"text-align: center\"><em>131 Rue Etienne Pedron, 10000 TROYES \u2013 FRANCE<\/em><\/p>\n<p style=\"text-align: center\">tel : 03 25 42 52 95<\/p>\n<p style=\"text-align: center\">Arnaud.Baudin@aube.fr<\/p>\n<p>[\/vc_column_text][\/vc_column_inner][\/vc_row_inner][\/vc_tab][vc_tab title=&#8221;Statuto del Comitato Scientifico&#8221; tab_id=&#8221;1605279738560-5-1&#8243;][vc_column_text]Scarica qui la carta del comitato scientificoIn franceseIn inglese<\/p>\n<p><a href=\"https:\/\/www.templars-route.eu\/assets\/uploads\/sites\/40\/2022\/02\/Charte-du-comite\u0301-scientifique_FR.pdf\">In francese<\/a><br \/>\n<a href=\"https:\/\/www.templars-route.eu\/assets\/uploads\/sites\/40\/2022\/02\/Charter-of-the-TREF-Scientific-Committee_GB.pdf\">In inglese <\/a>[\/vc_column_text][\/vc_tab][\/vc_tabs][\/vc_column][vc_column width=&#8221;1\/3&#8243;][vc_column_text]<\/p>\n<h2>Unisciti al progetto<\/h2>\n<h3>Volete<\/h3>\n<ul>\n<li>sviluppare un settore turistico e culturale.<\/li>\n<li>Approfittate delle azioni e dei feedback della rete internazionale.<\/li>\n<li>Promuovete gli scambi turistici, scolastici e universitari.<\/li>\n<li>Promuovete la conoscenza dei Cavalieri Templari.<\/li>\n<li>Incoraggiate una dinamica territoriale su questo tema.<\/li>\n<li>Migliorate la visibilit\u00e0 del territorio.Approfittate dei bandi europei per la presentazione di progetti su questo tema.<\/li>\n<\/ul>\n<p>[\/vc_column_text][vc_empty_space][vc_column_text]<\/p>\n<h2>Diventa membro<\/h2>\n<p>I membri attivi o associati sono persone fisiche o giuridiche, o istituzioni che hanno un rapporto diretto con lo scopo dell&#8217;associazione e che desiderano essere associati al progetto &#8220;Itinerario dei Templari&#8221;.[\/vc_column_text][vc_empty_space]<a  itemprop=\"url\" href=\"mailto:soutien.fr1@templarfederation.org\" target=\"_self\"  class=\"qbutton  center default\" style=\"\">Contatto<\/a>[vc_row_inner row_type=&#8221;row&#8221; type=&#8221;full_width&#8221; text_align=&#8221;left&#8221; css_animation=&#8221;&#8221;][vc_column_inner][\/vc_column_inner][\/vc_row_inner][\/vc_column][\/vc_row]<\/p>\n<\/div>","protected":false},"excerpt":{"rendered":"<p>[vc_row css_animation=&#8221;&#8221; row_type=&#8221;row&#8221; use_row_as_full_screen_section=&#8221;no&#8221; type=&#8221;full_width&#8221; angled_section=&#8221;no&#8221; text_align=&#8221;left&#8221; background_image_as_pattern=&#8221;without_pattern&#8221;][vc_column width=&#8221;2\/3&#8243;][vc_tabs style=&#8221;boxed&#8221;][vc_tab title=&#8221;Fondatori&#8221; tab_id=&#8221;e4424130-d19d-10&#8243;][vc_column_text] Nel 2012 l&#8217;Aube ha dedicato il suo anno culturale ai Cavalieri Templari, il cui evento centrale \u00e8 stata la mostra Templari, una storia, il nostro tesoro organizzata dal Consiglio Dipartimentale. \u00c8 stato in&#8230;<\/p>\n","protected":false},"author":27,"featured_media":0,"parent":0,"menu_order":0,"comment_status":"closed","ping_status":"closed","template":"","meta":{"footnotes":""},"class_list":["post-18688","page","type-page","status-publish","hentry"],"yoast_head":"<!-- This site is optimized with the Yoast SEO plugin v26.6 - https:\/\/yoast.com\/wordpress\/plugins\/seo\/ -->\n<title>Un grande progetto europeo - European Templar Route<\/title>\n<meta name=\"robots\" content=\"index, follow, max-snippet:-1, max-image-preview:large, max-video-preview:-1\" \/>\n<link rel=\"canonical\" href=\"https:\/\/www.templars-route.eu\/it\/un-grande-progetto-europeo\/\" \/>\n<meta property=\"og:locale\" content=\"it_IT\" \/>\n<meta property=\"og:type\" content=\"article\" \/>\n<meta property=\"og:title\" content=\"Un grande progetto europeo - European Templar Route\" \/>\n<meta property=\"og:description\" content=\"[vc_row css_animation=&#8221;&#8221; row_type=&#8221;row&#8221; use_row_as_full_screen_section=&#8221;no&#8221; type=&#8221;full_width&#8221; angled_section=&#8221;no&#8221; text_align=&#8221;left&#8221; background_image_as_pattern=&#8221;without_pattern&#8221;][vc_column width=&#8221;2\/3&#8243;][vc_tabs style=&#8221;boxed&#8221;][vc_tab title=&#8221;Fondatori&#8221; tab_id=&#8221;e4424130-d19d-10&#8243;][vc_column_text] Nel 2012 l&#8217;Aube ha dedicato il suo anno culturale ai Cavalieri Templari, il cui evento centrale \u00e8 stata la mostra Templari, una storia, il nostro tesoro organizzata dal Consiglio Dipartimentale. \u00c8 stato in...\" \/>\n<meta property=\"og:url\" content=\"https:\/\/www.templars-route.eu\/it\/un-grande-progetto-europeo\/\" \/>\n<meta property=\"og:site_name\" content=\"European Templar Route\" \/>\n<meta property=\"article:modified_time\" content=\"2023-02-28T09:06:16+00:00\" \/>\n<meta name=\"twitter:card\" content=\"summary_large_image\" \/>\n<meta name=\"twitter:label1\" content=\"Tempo di lettura stimato\" \/>\n\t<meta name=\"twitter:data1\" content=\"7 minuti\" \/>\n<script type=\"application\/ld+json\" class=\"yoast-schema-graph\">{\"@context\":\"https:\/\/schema.org\",\"@graph\":[{\"@type\":\"WebPage\",\"@id\":\"https:\/\/www.templars-route.eu\/it\/un-grande-progetto-europeo\/\",\"url\":\"https:\/\/www.templars-route.eu\/it\/un-grande-progetto-europeo\/\",\"name\":\"Un grande progetto europeo - European Templar Route\",\"isPartOf\":{\"@id\":\"https:\/\/www.templars-route.eu\/fr\/#website\"},\"datePublished\":\"2020-12-22T15:38:45+00:00\",\"dateModified\":\"2023-02-28T09:06:16+00:00\",\"breadcrumb\":{\"@id\":\"https:\/\/www.templars-route.eu\/it\/un-grande-progetto-europeo\/#breadcrumb\"},\"inLanguage\":\"it-IT\",\"potentialAction\":[{\"@type\":\"ReadAction\",\"target\":[\"https:\/\/www.templars-route.eu\/it\/un-grande-progetto-europeo\/\"]}]},{\"@type\":\"BreadcrumbList\",\"@id\":\"https:\/\/www.templars-route.eu\/it\/un-grande-progetto-europeo\/#breadcrumb\",\"itemListElement\":[{\"@type\":\"ListItem\",\"position\":1,\"name\":\"Accueil\",\"item\":\"https:\/\/www.templars-route.eu\/it\/\"},{\"@type\":\"ListItem\",\"position\":2,\"name\":\"Un grande progetto europeo\"}]},{\"@type\":\"WebSite\",\"@id\":\"https:\/\/www.templars-route.eu\/fr\/#website\",\"url\":\"https:\/\/www.templars-route.eu\/fr\/\",\"name\":\"European Templar Route\",\"description\":\"Un site utilisant Mobylee\",\"potentialAction\":[{\"@type\":\"SearchAction\",\"target\":{\"@type\":\"EntryPoint\",\"urlTemplate\":\"https:\/\/www.templars-route.eu\/fr\/?s={search_term_string}\"},\"query-input\":{\"@type\":\"PropertyValueSpecification\",\"valueRequired\":true,\"valueName\":\"search_term_string\"}}],\"inLanguage\":\"it-IT\"}]}<\/script>\n<!-- \/ Yoast SEO plugin. -->","yoast_head_json":{"title":"Un grande progetto europeo - European Templar Route","robots":{"index":"index","follow":"follow","max-snippet":"max-snippet:-1","max-image-preview":"max-image-preview:large","max-video-preview":"max-video-preview:-1"},"canonical":"https:\/\/www.templars-route.eu\/it\/un-grande-progetto-europeo\/","og_locale":"it_IT","og_type":"article","og_title":"Un grande progetto europeo - European Templar Route","og_description":"[vc_row css_animation=&#8221;&#8221; row_type=&#8221;row&#8221; use_row_as_full_screen_section=&#8221;no&#8221; type=&#8221;full_width&#8221; angled_section=&#8221;no&#8221; text_align=&#8221;left&#8221; background_image_as_pattern=&#8221;without_pattern&#8221;][vc_column width=&#8221;2\/3&#8243;][vc_tabs style=&#8221;boxed&#8221;][vc_tab title=&#8221;Fondatori&#8221; tab_id=&#8221;e4424130-d19d-10&#8243;][vc_column_text] Nel 2012 l&#8217;Aube ha dedicato il suo anno culturale ai Cavalieri Templari, il cui evento centrale \u00e8 stata la mostra Templari, una storia, il nostro tesoro organizzata dal Consiglio Dipartimentale. \u00c8 stato in...","og_url":"https:\/\/www.templars-route.eu\/it\/un-grande-progetto-europeo\/","og_site_name":"European Templar Route","article_modified_time":"2023-02-28T09:06:16+00:00","twitter_card":"summary_large_image","twitter_misc":{"Tempo di lettura stimato":"7 minuti"},"schema":{"@context":"https:\/\/schema.org","@graph":[{"@type":"WebPage","@id":"https:\/\/www.templars-route.eu\/it\/un-grande-progetto-europeo\/","url":"https:\/\/www.templars-route.eu\/it\/un-grande-progetto-europeo\/","name":"Un grande progetto europeo - European Templar Route","isPartOf":{"@id":"https:\/\/www.templars-route.eu\/fr\/#website"},"datePublished":"2020-12-22T15:38:45+00:00","dateModified":"2023-02-28T09:06:16+00:00","breadcrumb":{"@id":"https:\/\/www.templars-route.eu\/it\/un-grande-progetto-europeo\/#breadcrumb"},"inLanguage":"it-IT","potentialAction":[{"@type":"ReadAction","target":["https:\/\/www.templars-route.eu\/it\/un-grande-progetto-europeo\/"]}]},{"@type":"BreadcrumbList","@id":"https:\/\/www.templars-route.eu\/it\/un-grande-progetto-europeo\/#breadcrumb","itemListElement":[{"@type":"ListItem","position":1,"name":"Accueil","item":"https:\/\/www.templars-route.eu\/it\/"},{"@type":"ListItem","position":2,"name":"Un grande progetto europeo"}]},{"@type":"WebSite","@id":"https:\/\/www.templars-route.eu\/fr\/#website","url":"https:\/\/www.templars-route.eu\/fr\/","name":"European Templar Route","description":"Un site utilisant Mobylee","potentialAction":[{"@type":"SearchAction","target":{"@type":"EntryPoint","urlTemplate":"https:\/\/www.templars-route.eu\/fr\/?s={search_term_string}"},"query-input":{"@type":"PropertyValueSpecification","valueRequired":true,"valueName":"search_term_string"}}],"inLanguage":"it-IT"}]}},"_links":{"self":[{"href":"https:\/\/www.templars-route.eu\/it\/wp-json\/wp\/v2\/pages\/18688\/"}],"collection":[{"href":"https:\/\/www.templars-route.eu\/it\/wp-json\/wp\/v2\/pages\/"}],"about":[{"href":"https:\/\/www.templars-route.eu\/it\/wp-json\/wp\/v2\/types\/page\/"}],"author":[{"embeddable":true,"href":"https:\/\/www.templars-route.eu\/it\/wp-json\/wp\/v2\/users\/27\/"}],"replies":[{"embeddable":true,"href":"https:\/\/www.templars-route.eu\/it\/wp-json\/wp\/v2\/comments\/?post=18688"}],"version-history":[{"count":5,"href":"https:\/\/www.templars-route.eu\/it\/wp-json\/wp\/v2\/pages\/18688\/revisions\/"}],"predecessor-version":[{"id":20276,"href":"https:\/\/www.templars-route.eu\/it\/wp-json\/wp\/v2\/pages\/18688\/revisions\/20276\/"}],"wp:attachment":[{"href":"https:\/\/www.templars-route.eu\/it\/wp-json\/wp\/v2\/media\/?parent=18688"}],"curies":[{"name":"wp","href":"https:\/\/api.w.org\/{rel}","templated":true}]}}