{"id":18475,"date":"2021-01-14T14:39:12","date_gmt":"2021-01-14T13:39:12","guid":{"rendered":"https:\/\/www.templars-route.eu\/?page_id=18475"},"modified":"2021-01-14T15:31:41","modified_gmt":"2021-01-14T14:31:41","slug":"scientific-publications","status":"publish","type":"page","link":"https:\/\/www.templars-route.eu\/it\/scientific-publications\/","title":{"rendered":"Scientific publications"},"content":{"rendered":"<div class=\"wpb-content-wrapper\"><p>[vc_row css_animation=&#8221;&#8221; row_type=&#8221;row&#8221; use_row_as_full_screen_section=&#8221;no&#8221; type=&#8221;full_width&#8221; angled_section=&#8221;no&#8221; text_align=&#8221;left&#8221; background_image_as_pattern=&#8221;without_pattern&#8221;][vc_column][vc_column_text]<\/p>\n<h2>The last publications<\/h2>\n<p>[\/vc_column_text][vc_empty_space]<div class='projects_holder_outer justified_gallery '><div class='filter_outer'><div class='filter_holder'>\n                        <ul>\n                        <li class='filter' data-filter='*'><span>All<\/span><\/li><li class='filter' data-filter='.portfolio_category_188'><span>Alain Demurger<\/span><\/li><li class='filter' data-filter='.portfolio_category_194'><span>Simonetta Cerrini<\/span><\/li><li class='filter' data-filter='.portfolio_category_202'><span>Damien Carraz<\/span><\/li><\/ul><\/div><\/div><div class='projects_holder portfolio_main_holder clearfix portfolio_full_image ' data-spacing='30' data-row-height='300' data-last-row='nojustify' data-justify-threshold='0.75'>\n<article class='portfolio_category_185 portfolio_category_194 ' style=''><a itemprop=\"url\" class=\"portfolio_jg_image_link image_holder default\" href=\"https:\/\/www.templars-route.eu\/it\/portfolio_page\/lapocalisse-dei-templari\/\" target=\"_self\"><img fetchpriority=\"high\" decoding=\"async\" width=\"250\" height=\"362\" src=\"https:\/\/www.templars-route.eu\/assets\/uploads\/sites\/40\/2024\/12\/978880462241GRA.jpg\" class=\"attachment-full size-full wp-post-image\" alt=\"\" srcset=\"https:\/\/www.templars-route.eu\/assets\/uploads\/sites\/40\/2024\/12\/978880462241GRA.jpg 250w, https:\/\/www.templars-route.eu\/assets\/uploads\/sites\/40\/2024\/12\/978880462241GRA-207x300.jpg 207w\" sizes=\"(max-width: 250px) 100vw, 250px\" \/><\/a><span class='text_holder'><span class='text_outer'><span class='text_inner'><div class=\"hover_feature_holder_title\"><div class=\"hover_feature_holder_title_inner\"><h5 itemprop=\"name\" class=\"portfolio_title entry_title\"><a itemprop=\"url\" href=\"https:\/\/www.templars-route.eu\/it\/portfolio_page\/lapocalisse-dei-templari\/\"  target=\"_self\">L\u2019apocalisse dei Templari<\/a><\/h5><span class=\"project_category\" >Pubblicazioni scientifiche, Simonetta Cerrini<\/span><\/div><\/div><span class='feature_holder'><span class=\"feature_holder_icons\"><span class='portfolio_like qbutton small white'><a  href=\"#\" class=\"qode-like\" id=\"qode-like-22339\" title=\"Like this\">0<span>  Likes<\/span><\/a><\/span><\/span><\/span><\/span><\/span><\/span><\/article>\n<article class='portfolio_category_188 ' style=''><a itemprop=\"url\" class=\"portfolio_jg_image_link image_holder default\" href=\"https:\/\/www.templars-route.eu\/it\/portfolio_page\/le-peuple-templier-1307-1312\/\" target=\"_self\"><img decoding=\"async\" width=\"400\" height=\"565\" src=\"https:\/\/www.templars-route.eu\/assets\/uploads\/sites\/40\/2020\/06\/Le-peuple-templier.jpg\" class=\"attachment-full size-full wp-post-image\" alt=\"\" srcset=\"https:\/\/www.templars-route.eu\/assets\/uploads\/sites\/40\/2020\/06\/Le-peuple-templier.jpg 400w, https:\/\/www.templars-route.eu\/assets\/uploads\/sites\/40\/2020\/06\/Le-peuple-templier-212x300.jpg 212w\" sizes=\"(max-width: 400px) 100vw, 400px\" \/><\/a><span class='text_holder'><span class='text_outer'><span class='text_inner'><div class=\"hover_feature_holder_title\"><div class=\"hover_feature_holder_title_inner\"><h5 itemprop=\"name\" class=\"portfolio_title entry_title\"><a itemprop=\"url\" href=\"https:\/\/www.templars-route.eu\/it\/portfolio_page\/le-peuple-templier-1307-1312\/\"  target=\"_self\">Le peuple templier 1307-1312<\/a><\/h5><span class=\"project_category\" >Alain Demurger<\/span><\/div><\/div><span class='feature_holder'><span class=\"feature_holder_icons\"><span class='portfolio_like qbutton small white'><a  href=\"#\" class=\"qode-like\" id=\"qode-like-18468\" title=\"Like this\">2<span>  Likes<\/span><\/a><\/span><\/span><\/span><\/span><\/span><\/span><\/article>\n<article class='portfolio_category_250 portfolio_category_202 portfolio_category_202 ' style=''><a itemprop=\"url\" class=\"portfolio_jg_image_link image_holder default\" href=\"https:\/\/www.templars-route.eu\/it\/portfolio_page\/un-commandeur-ordinaire\/\" target=\"_self\"><img decoding=\"async\" width=\"156\" height=\"234\" src=\"https:\/\/www.templars-route.eu\/assets\/uploads\/sites\/40\/2020\/12\/Carraz.jpg\" class=\"attachment-full size-full wp-post-image\" alt=\"\" \/><\/a><span class='text_holder'><span class='text_outer'><span class='text_inner'><div class=\"hover_feature_holder_title\"><div class=\"hover_feature_holder_title_inner\"><h5 itemprop=\"name\" class=\"portfolio_title entry_title\"><a itemprop=\"url\" href=\"https:\/\/www.templars-route.eu\/it\/portfolio_page\/un-commandeur-ordinaire\/\"  target=\"_self\">Un commandeur ordinaire ?<\/a><\/h5><span class=\"project_category\" >Notizie, Damien Carraz, Damien Carraz<\/span><\/div><\/div><span class='feature_holder'><span class=\"feature_holder_icons\"><span class='portfolio_like qbutton small white'><a  href=\"#\" class=\"qode-like\" id=\"qode-like-18477\" title=\"Like this\">16<span>  Likes<\/span><\/a><\/span><\/span><\/span><\/span><\/span><\/span><\/article>\n<\/div><\/div>[vc_empty_space][\/vc_column][\/vc_row][vc_row css_animation=&#8221;&#8221; row_type=&#8221;row&#8221; use_row_as_full_screen_section=&#8221;no&#8221; type=&#8221;full_width&#8221; angled_section=&#8221;no&#8221; text_align=&#8221;left&#8221; background_image_as_pattern=&#8221;without_pattern&#8221;][vc_column][vc_column_text]<\/p>\n<h2>Editions<\/h2>\n<p>&nbsp;<\/p>\n<p>\u2022 Templiers. De J\u00e9rusalem aux commanderies de Champagne, sous la direction d&#8217;Arnaud Baudin, Ghislain Brunel et Nicolas Dohrmann, \u00e9d. Somogy, 2012 (Catalogue de l&#8217;exposition 2012).<\/p>\n<p>\u2022\u00a0Octobre-novembre 2012, Dossier &#8220;Templiers : guerriers ou banquiers&#8221; dans la revue Histoire et images m\u00e9di\u00e9vales nelien avec l&#8217;exposition de Troyes et le colloque international.<\/p>\n<p>\u2022\u00a0La commanderie et le tr\u00e9sor de Payns, Thierry Leroy, \u00e9d. TheBookEdition, 2012<\/p>\n<p>\u2022\u00a0Le dernier templier d&#8217;Avalleur. M\u00e9moires de Chr\u00e9tien de Bissey, Fran\u00e7ois Gilet et Val\u00e9rie Alani\u00e8ce, DVD (production Conseil g\u00e9n\u00e9ral de l&#8217;Aube), 2012<\/p>\n<p>\u2022\u00a0L&#8217;\u00e9conomie templi\u00e8re en Occident. Patrimoines, commerce, finances, sous la direction d&#8217;Arnaud Baudin, Ghislain Brunel, Nicolas Dohrmann, \u00e9d. Gu\u00e9niot, Langres 2013 (Actes du colloque d&#8217;octobre 2012)<\/p>\n<p>\u2022\u00a0Les templiers dans l&#8217;Aube,\u00a0 \u00e9d. La Vie en Champagne, 2013 (Textes du cycle de conf\u00e9rences de 2012)<\/p>\n<p>\u2022\u00a0Le Templier et le grand secret, Thierry Leroy, \u00e9d. Pygmalion, 2015 (roman)<\/p>\n<p>\u2022\u00a0Guide secret des templiers, Thierry Leroy, \u00e9d. Ouest-France, 2015<\/p>\n<p>\u2022\u00a0Les templiers dans la for\u00eat d&#8217;Orient. Mythe et r\u00e9alit\u00e9, Fran\u00e7ois Gilet et Val\u00e9rie Alani\u00e8ce, \u00e9d. Parc Naturel R\u00e9gional\u00a0\u00a0 de la For\u00eat d&#8217;orient, 2015<\/p>\n<p>\u2022\u00a0Les templiers et les hospitaliers \u00e0 Sancey, aujourd&#8217;hui Saint-Julien-les-Villas, article de Fran\u00e7ois Gilet dans La Vie en Champagne, janvier 2016<\/p>\n<p>&nbsp;<\/p>\n<h2>Colloquia et conferences<\/h2>\n<p>&nbsp;<\/p>\n<p>\u2022\u00a024, 25, 26 octobre 2012, \u00e0 Troyes et Clairvaux, colloque international &#8220;L&#8217;\u00e9conomie templi\u00e8re. Patrimoines, commerce, finances&#8221;, organis\u00e9 par le CERHIC (Centre d&#8217;\u00e9tudes et de recherche en histoire culturelle) de l&#8217;Universit\u00e9 de Reims Champagne-Ardenne et le Conseil g\u00e9n\u00e9ral de l&#8217;Aube dans le cadre de l&#8217;ann\u00e9e 2012 &#8220;Templiers, une histoire notre tr\u00e9sor&#8221;.<\/p>\n<p>\u2022\u00a0avril-octobre 2012 : cycle de conf\u00e9rences dans le cadre de l&#8217;ann\u00e9e &#8220;Templiers, une histoire notre tr\u00e9sor&#8221;.<\/p>\n<p>\u2022\u00a0Mardi 10 avril 2012. M\u00e9diath\u00e8que du Grand Troyes. &#8220;L&#8217;Europe et l&#8217;islam au temps des croisades&#8221; par Michel Balard.<\/p>\n<p>\u2022\u00a0Jeudi 12 avril 2012. Maison de l&#8217;Outil. &#8220;Hugues de Payns. La m\u00e9moire retrouv\u00e9e&#8221; par Thierry Leroy<\/p>\n<p>\u2022\u00a0Samedi 12 mai 2012. M\u00e9diath\u00e8que. &#8220;Les Templiers dans la bande dessin\u00e9e- Le Triangle secret&#8221;, table ronde avec Didier Convard, Thierry Leroy et Nicolas Dohrmann<\/p>\n<p>\u2022\u00a0Mardi 15 mai 2012, \u00e0 Payns. &#8220;Hugues de Payns, la m\u00e9moire retrouv\u00e9e&#8221;, par Thierry Leroy.<\/p>\n<p>\u2022\u00a0Mardi 22 mai 2012. Salle de Notre Dame en l&#8217;Isle. &#8220;La spiritualit\u00e9 templi\u00e8re&#8221; par Pierre Gandil<\/p>\n<p>\u2022\u00a0Jeudi 14 juin 2012, centre universitaire de Troyes. &#8220;La Champagne des Templiers : des origines au proc\u00e8s&#8221;, par Arnaud Baudin (Archives d\u00e9partementales) et Ghislain Brunel (Archives Nationales), commissaires de l&#8217;exposition &#8220;Templiers. De J\u00e9rusalem aux commanderies de Champagne&#8221;.<\/p>\n<p>\u2022\u00a0Mercredi 20 juin 2012, \u00e9glise de Vendeuvre-sur-Barse. &#8220;La for\u00eat d&#8217;Orient et les templiers. Entre mythe et r\u00e9alit\u00e9&#8221;, par Fran\u00e7ois Gilet et Val\u00e9rie Alani\u00e8ce.<\/p>\n<p>\u2022\u00a0Mardi 26 juin 2012, chapelle de la commanderie d&#8217;Avalleur, &#8220;Les Templiers et la guerre&#8221;, par Damien Carraz.<\/p>\n<p>\u2022 Mardi 10 juillet 2012, Archives d\u00e9partementales de l&#8217;Aube, &#8220;Une nouvelle alliance entre Dieu et la France. Les motivations mystico-politiques du proc\u00e8s des templiers&#8221;, par Julien Th\u00e9ry.<\/p>\n<p>\u2022\u00a0Mardi 28 ao\u00fbt 2012, \u00e0 Payns, &#8220;Le proc\u00e8s des templiers de Champagne m\u00e9ridionale&#8221;, par Fran\u00e7ois Gilet et Val\u00e9rie Alani\u00e8ce<\/p>\n<p>\u2022\u00a0Jeudi 6 septembre 2012. Chapelle de la commanderie d&#8217; Avalleur. &#8220;Le devenir de la commanderie d&#8217;Avalleur \u00e0 l&#8217;\u00e9poque hospitali\u00e8re&#8221;, par Geert Verbrughe et C\u00e9dric Roms, arch\u00e9ologues.<\/p>\n<p>\u2022\u00a0Jeudi 6 septembre 2012. Chapelle de la commanderie d&#8217;Avalleur. &#8220;Le Larzac templier et hospitalier : un exemple de d\u00e9veloppement culturel et touristique autour d&#8217;une th\u00e9matique patrimoniale et historique&#8221;, par Jacques Miquel.<\/p>\n<p>\u2022\u00a0Dimanche 8 septembre Eglise d&#8217;Isle-Aumont. &#8220;Le dernier templier d&#8217;Avalleur. M\u00e9moire de Chr\u00e9tien de Bissey. Pr\u00e9sentation du DVD&#8221;, par Fran\u00e7ois Gilet et Yvon Laurent.<\/p>\n<p>\u2022\u00a0Vendredi 14 septembre 2012, Soci\u00e9t\u00e9 acad\u00e9mique de l&#8217;Aube, &#8220;Les templiers et la papaut\u00e9&#8221;, par Patrick Demouy.<\/p>\n<p>\u2022\u00a0Samedi 15 et Dimanche 16 septembre 2012 au Mus\u00e9e Hugues de Payns \u00e0 Payns. &#8220;Les templiers, de l&#8217;histoire au polar&#8221;, par Thierry Leroy.<\/p>\n<p>\u2022\u00a0Mardi 18 septembre 2012 \u00e0 l&#8217;espace Argence, &#8220;La marine du Temple dans l&#8217;Orient des croisades&#8221;, par Pierre-Vincent Claverie<\/p>\n<p>\u2022\u00a0Mardi 2 octobre 2012, \u00e0 Soulaines, &#8220;Histoire et l\u00e9gendes de l&#8217;ordre des Templiers&#8221;, par Thierry Leroy.<\/p>\n<p>\u2022\u00a0Mercredi 17 octobre 2012, Archives d\u00e9partementales de l&#8217;Aube, &#8220;Le b\u00fbcher des templiers dans les manuels scolaires de l&#8217;\u00e9poque romantique\u00e0 nos jours : une des &#8220;Trente journ\u00e9es qui ont fait la France&#8221; ?&#8221;, par Christian Amalvi.<\/p>\n<p>\u2022\u00a0Automne 2012. Conf\u00e9rence d&#8217;Arnaud Baudin \u00e0 la Maison centrale de Clairvaux.<\/p>\n<p>\u2022\u00a0Vendredi 8 novembre 2012. &#8220;Les templiers, une gloire \u00e9ph\u00e9m\u00e8re et un destin tragique&#8221;, par Fran\u00e7ois Gilet invit\u00e9 par le club Kiwanis d&#8217;Arcis-sur-Aube.<\/p>\n<p>\u2022\u00a03 avril 2014 \u00e0 Saint-Julien, &#8220;Les templiers et les hospitaliers \u00e0 Sancey aujourd&#8217;hui Saint-Julien-les-Villas&#8221;, par Fran\u00e7ois Gilet (\u00e0 l&#8217;occasion de l&#8217;AG de l&#8217;Association de sauvegarde de l&#8217;\u00e9glise)<\/p>\n<p>\u2022\u00a05 avril 2014, &#8220;L&#8217;ordre du Temple et ses origines champenoises&#8221;, \u00e0 Troyes, par Fran\u00e7ois Gilet, (\u00e0 Troyes, dans le cadre du congr\u00e8s r\u00e9gional de cardiologie)<\/p>\n<p>\u2022\u00a09 octobre 2014, &#8220;L&#8217;\u00e9conomie templi\u00e8re au XIIIe si\u00e8cle : l&#8217;exploitation de la for\u00eat du Temple&#8221;, par Val\u00e9rie Alani\u00e8ce et Fran\u00e7ois Gilet (dans le cadre du Congr\u00e8s des Parcs naturels r\u00e9gionaux, \u00e0 la Maison du PNRFO)<\/p>\n<p>\u2022\u00a016 avril 2015, \u00e0 la Maison de l&#8217;Outil, &#8220;Le templier et le grand secret&#8221;, par Thierry Leroy (\u00e0 l&#8217;occasion de la sortie de son roman)<\/p>\n<p>\u2022\u00a06 septembre 2015 \u00e0 Clairvaux, &#8220;Saint-Bernard et les templiers&#8221; Fran\u00e7ois Gilet et Val\u00e9rie Alani\u00e8ce (dans le cadre du 900e anniversaire de la fondation de Clairvaux).<\/p>\n<p>&nbsp;<\/p>\n<h2>Exhibitions<\/h2>\n<p>\u2022 15 juin-31 octobre 2012. Exposition \u00e0 Troyes &#8220;De J\u00e9rusalem aux commanderies de Champagne&#8221;, orgais\u00e9e par le Conseil g\u00e9n\u00e9ral de l&#8217;Aube en partenariat avec les Archives Nationales. Commissaires: Arnaud Baudin et Ghislain Brunel.<\/p>\n<p>\u2022\u00a0Depuis 2012. Les versions &#8220;light&#8221; de l&#8217;exposition, limit\u00e9es \u00e0 des panneaux, continue de tourner dans les biblioth\u00e8ques, les \u00e9coles&#8230;<\/p>\n<p>\u2022\u00a0Exposition permanente au Mus\u00e9e Hugues de Payns \u00e0 Payns.[\/vc_column_text][\/vc_column][\/vc_row]<\/p>\n<\/div>","protected":false},"excerpt":{"rendered":"<p>[vc_row css_animation=&#8221;&#8221; row_type=&#8221;row&#8221; use_row_as_full_screen_section=&#8221;no&#8221; type=&#8221;full_width&#8221; angled_section=&#8221;no&#8221; text_align=&#8221;left&#8221; background_image_as_pattern=&#8221;without_pattern&#8221;][vc_column][vc_column_text] The last publications [\/vc_column_text][vc_empty_space][vc_empty_space][\/vc_column][\/vc_row][vc_row css_animation=&#8221;&#8221; row_type=&#8221;row&#8221; use_row_as_full_screen_section=&#8221;no&#8221; type=&#8221;full_width&#8221; angled_section=&#8221;no&#8221; text_align=&#8221;left&#8221; background_image_as_pattern=&#8221;without_pattern&#8221;][vc_column][vc_column_text] Editions &nbsp; \u2022 Templiers. De J\u00e9rusalem aux commanderies de Champagne, sous la direction d&#8217;Arnaud Baudin, Ghislain Brunel et Nicolas Dohrmann, \u00e9d. Somogy, 2012 (Catalogue de l&#8217;exposition&#8230;<\/p>\n","protected":false},"author":27,"featured_media":0,"parent":0,"menu_order":0,"comment_status":"closed","ping_status":"closed","template":"","meta":{"footnotes":""},"class_list":["post-18475","page","type-page","status-publish","hentry"],"yoast_head":"<!-- This site is optimized with the Yoast SEO plugin v26.6 - https:\/\/yoast.com\/wordpress\/plugins\/seo\/ -->\n<title>Scientific publications - European Templar Route<\/title>\n<meta name=\"robots\" content=\"index, follow, max-snippet:-1, max-image-preview:large, max-video-preview:-1\" \/>\n<link rel=\"canonical\" href=\"https:\/\/www.templars-route.eu\/it\/scientific-publications\/\" \/>\n<meta property=\"og:locale\" content=\"it_IT\" \/>\n<meta property=\"og:type\" content=\"article\" \/>\n<meta property=\"og:title\" content=\"Scientific publications - European Templar Route\" \/>\n<meta property=\"og:description\" content=\"[vc_row css_animation=&#8221;&#8221; row_type=&#8221;row&#8221; use_row_as_full_screen_section=&#8221;no&#8221; type=&#8221;full_width&#8221; angled_section=&#8221;no&#8221; text_align=&#8221;left&#8221; background_image_as_pattern=&#8221;without_pattern&#8221;][vc_column][vc_column_text] The last publications [\/vc_column_text][vc_empty_space][vc_empty_space][\/vc_column][\/vc_row][vc_row css_animation=&#8221;&#8221; row_type=&#8221;row&#8221; use_row_as_full_screen_section=&#8221;no&#8221; type=&#8221;full_width&#8221; angled_section=&#8221;no&#8221; text_align=&#8221;left&#8221; background_image_as_pattern=&#8221;without_pattern&#8221;][vc_column][vc_column_text] Editions &nbsp; \u2022 Templiers. De J\u00e9rusalem aux commanderies de Champagne, sous la direction d&#8217;Arnaud Baudin, Ghislain Brunel et Nicolas Dohrmann, \u00e9d. Somogy, 2012 (Catalogue de l&#8217;exposition...\" \/>\n<meta property=\"og:url\" content=\"https:\/\/www.templars-route.eu\/it\/scientific-publications\/\" \/>\n<meta property=\"og:site_name\" content=\"European Templar Route\" \/>\n<meta property=\"article:modified_time\" content=\"2021-01-14T14:31:41+00:00\" \/>\n<meta name=\"twitter:card\" content=\"summary_large_image\" \/>\n<meta name=\"twitter:label1\" content=\"Tempo di lettura stimato\" \/>\n\t<meta name=\"twitter:data1\" content=\"5 minuti\" \/>\n<script type=\"application\/ld+json\" class=\"yoast-schema-graph\">{\"@context\":\"https:\/\/schema.org\",\"@graph\":[{\"@type\":\"WebPage\",\"@id\":\"https:\/\/www.templars-route.eu\/it\/scientific-publications\/\",\"url\":\"https:\/\/www.templars-route.eu\/it\/scientific-publications\/\",\"name\":\"Scientific publications - European Templar Route\",\"isPartOf\":{\"@id\":\"https:\/\/www.templars-route.eu\/fr\/#website\"},\"datePublished\":\"2021-01-14T13:39:12+00:00\",\"dateModified\":\"2021-01-14T14:31:41+00:00\",\"breadcrumb\":{\"@id\":\"https:\/\/www.templars-route.eu\/it\/scientific-publications\/#breadcrumb\"},\"inLanguage\":\"it-IT\",\"potentialAction\":[{\"@type\":\"ReadAction\",\"target\":[\"https:\/\/www.templars-route.eu\/it\/scientific-publications\/\"]}]},{\"@type\":\"BreadcrumbList\",\"@id\":\"https:\/\/www.templars-route.eu\/it\/scientific-publications\/#breadcrumb\",\"itemListElement\":[{\"@type\":\"ListItem\",\"position\":1,\"name\":\"Accueil\",\"item\":\"https:\/\/www.templars-route.eu\/it\/\"},{\"@type\":\"ListItem\",\"position\":2,\"name\":\"Scientific publications\"}]},{\"@type\":\"WebSite\",\"@id\":\"https:\/\/www.templars-route.eu\/fr\/#website\",\"url\":\"https:\/\/www.templars-route.eu\/fr\/\",\"name\":\"European Templar Route\",\"description\":\"Un site utilisant Mobylee\",\"potentialAction\":[{\"@type\":\"SearchAction\",\"target\":{\"@type\":\"EntryPoint\",\"urlTemplate\":\"https:\/\/www.templars-route.eu\/fr\/?s={search_term_string}\"},\"query-input\":{\"@type\":\"PropertyValueSpecification\",\"valueRequired\":true,\"valueName\":\"search_term_string\"}}],\"inLanguage\":\"it-IT\"}]}<\/script>\n<!-- \/ Yoast SEO plugin. -->","yoast_head_json":{"title":"Scientific publications - European Templar Route","robots":{"index":"index","follow":"follow","max-snippet":"max-snippet:-1","max-image-preview":"max-image-preview:large","max-video-preview":"max-video-preview:-1"},"canonical":"https:\/\/www.templars-route.eu\/it\/scientific-publications\/","og_locale":"it_IT","og_type":"article","og_title":"Scientific publications - European Templar Route","og_description":"[vc_row css_animation=&#8221;&#8221; row_type=&#8221;row&#8221; use_row_as_full_screen_section=&#8221;no&#8221; type=&#8221;full_width&#8221; angled_section=&#8221;no&#8221; text_align=&#8221;left&#8221; background_image_as_pattern=&#8221;without_pattern&#8221;][vc_column][vc_column_text] The last publications [\/vc_column_text][vc_empty_space][vc_empty_space][\/vc_column][\/vc_row][vc_row css_animation=&#8221;&#8221; row_type=&#8221;row&#8221; use_row_as_full_screen_section=&#8221;no&#8221; type=&#8221;full_width&#8221; angled_section=&#8221;no&#8221; text_align=&#8221;left&#8221; background_image_as_pattern=&#8221;without_pattern&#8221;][vc_column][vc_column_text] Editions &nbsp; \u2022 Templiers. De J\u00e9rusalem aux commanderies de Champagne, sous la direction d&#8217;Arnaud Baudin, Ghislain Brunel et Nicolas Dohrmann, \u00e9d. Somogy, 2012 (Catalogue de l&#8217;exposition...","og_url":"https:\/\/www.templars-route.eu\/it\/scientific-publications\/","og_site_name":"European Templar Route","article_modified_time":"2021-01-14T14:31:41+00:00","twitter_card":"summary_large_image","twitter_misc":{"Tempo di lettura stimato":"5 minuti"},"schema":{"@context":"https:\/\/schema.org","@graph":[{"@type":"WebPage","@id":"https:\/\/www.templars-route.eu\/it\/scientific-publications\/","url":"https:\/\/www.templars-route.eu\/it\/scientific-publications\/","name":"Scientific publications - European Templar Route","isPartOf":{"@id":"https:\/\/www.templars-route.eu\/fr\/#website"},"datePublished":"2021-01-14T13:39:12+00:00","dateModified":"2021-01-14T14:31:41+00:00","breadcrumb":{"@id":"https:\/\/www.templars-route.eu\/it\/scientific-publications\/#breadcrumb"},"inLanguage":"it-IT","potentialAction":[{"@type":"ReadAction","target":["https:\/\/www.templars-route.eu\/it\/scientific-publications\/"]}]},{"@type":"BreadcrumbList","@id":"https:\/\/www.templars-route.eu\/it\/scientific-publications\/#breadcrumb","itemListElement":[{"@type":"ListItem","position":1,"name":"Accueil","item":"https:\/\/www.templars-route.eu\/it\/"},{"@type":"ListItem","position":2,"name":"Scientific publications"}]},{"@type":"WebSite","@id":"https:\/\/www.templars-route.eu\/fr\/#website","url":"https:\/\/www.templars-route.eu\/fr\/","name":"European Templar Route","description":"Un site utilisant Mobylee","potentialAction":[{"@type":"SearchAction","target":{"@type":"EntryPoint","urlTemplate":"https:\/\/www.templars-route.eu\/fr\/?s={search_term_string}"},"query-input":{"@type":"PropertyValueSpecification","valueRequired":true,"valueName":"search_term_string"}}],"inLanguage":"it-IT"}]}},"_links":{"self":[{"href":"https:\/\/www.templars-route.eu\/it\/wp-json\/wp\/v2\/pages\/18475\/"}],"collection":[{"href":"https:\/\/www.templars-route.eu\/it\/wp-json\/wp\/v2\/pages\/"}],"about":[{"href":"https:\/\/www.templars-route.eu\/it\/wp-json\/wp\/v2\/types\/page\/"}],"author":[{"embeddable":true,"href":"https:\/\/www.templars-route.eu\/it\/wp-json\/wp\/v2\/users\/27\/"}],"replies":[{"embeddable":true,"href":"https:\/\/www.templars-route.eu\/it\/wp-json\/wp\/v2\/comments\/?post=18475"}],"version-history":[{"count":3,"href":"https:\/\/www.templars-route.eu\/it\/wp-json\/wp\/v2\/pages\/18475\/revisions\/"}],"predecessor-version":[{"id":19011,"href":"https:\/\/www.templars-route.eu\/it\/wp-json\/wp\/v2\/pages\/18475\/revisions\/19011\/"}],"wp:attachment":[{"href":"https:\/\/www.templars-route.eu\/it\/wp-json\/wp\/v2\/media\/?parent=18475"}],"curies":[{"name":"wp","href":"https:\/\/api.w.org\/{rel}","templated":true}]}}