{"id":22091,"date":"2024-06-28T14:46:40","date_gmt":"2024-06-28T12:46:40","guid":{"rendered":"https:\/\/www.templars-route.eu\/?page_id=22091"},"modified":"2024-07-03T11:31:52","modified_gmt":"2024-07-03T09:31:52","slug":"chapelle-templiere-de-libdeau","status":"publish","type":"page","link":"https:\/\/www.templars-route.eu\/fr\/patrimoine-templier\/france\/chapelle-templiere-de-libdeau\/","title":{"rendered":"Chapelle templi\u00e8re de Libdeau"},"content":{"rendered":"\t\t<div data-elementor-type=\"wp-page\" data-elementor-id=\"22091\" class=\"elementor elementor-22091\">\n\t\t\t\t\t\t<section class=\"elementor-section elementor-top-section elementor-element elementor-element-c4bffa0 elementor-section-boxed elementor-section-height-default elementor-section-height-default\" data-id=\"c4bffa0\" data-element_type=\"section\" data-e-type=\"section\">\n\t\t\t\t\t\t<div class=\"elementor-container elementor-column-gap-default\">\n\t\t\t\t\t<div class=\"elementor-column elementor-col-100 elementor-top-column elementor-element elementor-element-d20e940\" data-id=\"d20e940\" data-element_type=\"column\" data-e-type=\"column\">\n\t\t\t<div class=\"elementor-widget-wrap elementor-element-populated\">\n\t\t\t\t\t\t<div class=\"elementor-element elementor-element-18f39cd elementor-widget elementor-widget-heading\" data-id=\"18f39cd\" data-element_type=\"widget\" data-e-type=\"widget\" data-widget_type=\"heading.default\">\n\t\t\t\t<div class=\"elementor-widget-container\">\n\t\t\t\t\t<h2 class=\"elementor-heading-title elementor-size-default\">La commanderie de Libdeau<\/h2>\t\t\t\t<\/div>\n\t\t\t\t<\/div>\n\t\t\t\t\t<\/div>\n\t\t<\/div>\n\t\t\t\t\t<\/div>\n\t\t<\/section>\n\t\t\t\t<section class=\"elementor-section elementor-top-section elementor-element elementor-element-2d5c828 elementor-section-boxed elementor-section-height-default elementor-section-height-default\" data-id=\"2d5c828\" data-element_type=\"section\" data-e-type=\"section\">\n\t\t\t\t\t\t<div class=\"elementor-container elementor-column-gap-default\">\n\t\t\t\t\t<div class=\"elementor-column elementor-col-100 elementor-top-column elementor-element elementor-element-ac85174\" data-id=\"ac85174\" data-element_type=\"column\" data-e-type=\"column\">\n\t\t\t<div class=\"elementor-widget-wrap elementor-element-populated\">\n\t\t\t\t\t\t<section class=\"elementor-section elementor-inner-section elementor-element elementor-element-5f5a361 elementor-section-boxed elementor-section-height-default elementor-section-height-default\" data-id=\"5f5a361\" data-element_type=\"section\" data-e-type=\"section\">\n\t\t\t\t\t\t<div class=\"elementor-container elementor-column-gap-default\">\n\t\t\t\t\t<div class=\"elementor-column elementor-col-50 elementor-inner-column elementor-element elementor-element-e796c14\" data-id=\"e796c14\" data-element_type=\"column\" data-e-type=\"column\">\n\t\t\t<div class=\"elementor-widget-wrap elementor-element-populated\">\n\t\t\t\t\t\t<div class=\"elementor-element elementor-element-a7faeeb elementor-widget elementor-widget-text-editor\" data-id=\"a7faeeb\" data-element_type=\"widget\" data-e-type=\"widget\" data-widget_type=\"text-editor.default\">\n\t\t\t\t<div class=\"elementor-widget-container\">\n\t\t\t\t\t\t\t\t\t<p>La <b>Commanderie de Libdeau<\/b> est une commanderie hospitali\u00e8re anciennement templi\u00e8re situ\u00e9e dans le d\u00e9partement de <b>Meurthe-et-Moselle<\/b> en r\u00e9gion Lorraine, \u00e0 environ 25 km \u00e0 l&rsquo;ouest de Nancy sur la commune de Toul.<\/p><p>La pr\u00e9sence des Templiers \u00e0 Libdeau est attest\u00e9e par plusieurs documents d\u00e8s la fin du XIIe si\u00e8cle. En 1312, la suppression de l&rsquo;ordre du Temple par le pape Cl\u00e9ment V conduisit \u00e0 la d\u00e9volution de ses biens au profit de l&rsquo;ordre de l&rsquo;H\u00f4pital de Saint-Jean de J\u00e9rusalem.<\/p><p>\u00c0 la suite de la R\u00e9volution fran\u00e7aise entra\u00eenant la dissolution de tous les ordres religieux, la <b>commanderie fut vendue<\/b> le 6 Thermidor de l&rsquo;An II (24 juillet 1794) <b>comme<\/b> <b>propri\u00e9t\u00e9 nationale<\/b>.<\/p>\t\t\t\t\t\t\t\t<\/div>\n\t\t\t\t<\/div>\n\t\t\t\t\t<\/div>\n\t\t<\/div>\n\t\t\t\t<div class=\"elementor-column elementor-col-50 elementor-inner-column elementor-element elementor-element-821e9a8\" data-id=\"821e9a8\" data-element_type=\"column\" data-e-type=\"column\">\n\t\t\t<div class=\"elementor-widget-wrap elementor-element-populated\">\n\t\t\t\t\t\t<div class=\"elementor-element elementor-element-168ff05 elementor-widget elementor-widget-image\" data-id=\"168ff05\" data-element_type=\"widget\" data-e-type=\"widget\" data-widget_type=\"image.default\">\n\t\t\t\t<div class=\"elementor-widget-container\">\n\t\t\t\t\t\t\t\t\t\t\t\t\t\t\t<img fetchpriority=\"high\" decoding=\"async\" width=\"960\" height=\"640\" src=\"https:\/\/www.templars-route.eu\/assets\/uploads\/sites\/40\/2024\/01\/chapelle-libdeau-01-1024x683.jpg\" class=\"attachment-large size-large wp-image-21702\" alt=\"\" srcset=\"https:\/\/www.templars-route.eu\/assets\/uploads\/sites\/40\/2024\/01\/chapelle-libdeau-01-1024x683.jpg 960w, https:\/\/www.templars-route.eu\/assets\/uploads\/sites\/40\/2024\/01\/chapelle-libdeau-01-1024x683-300x200.jpg 300w, https:\/\/www.templars-route.eu\/assets\/uploads\/sites\/40\/2024\/01\/chapelle-libdeau-01-1024x683-768x512.jpg 768w, https:\/\/www.templars-route.eu\/assets\/uploads\/sites\/40\/2024\/01\/chapelle-libdeau-01-1024x683-700x467.jpg 700w\" sizes=\"(max-width: 960px) 100vw, 960px\" \/>\t\t\t\t\t\t\t\t\t\t\t\t\t\t\t<\/div>\n\t\t\t\t<\/div>\n\t\t\t\t\t<\/div>\n\t\t<\/div>\n\t\t\t\t\t<\/div>\n\t\t<\/section>\n\t\t\t\t\t<\/div>\n\t\t<\/div>\n\t\t\t\t\t<\/div>\n\t\t<\/section>\n\t\t\t\t<section class=\"elementor-section elementor-top-section elementor-element elementor-element-51d60af elementor-section-boxed elementor-section-height-default elementor-section-height-default\" data-id=\"51d60af\" data-element_type=\"section\" data-e-type=\"section\">\n\t\t\t\t\t\t<div class=\"elementor-container elementor-column-gap-default\">\n\t\t\t\t\t<div class=\"elementor-column elementor-col-100 elementor-top-column elementor-element elementor-element-c61cee8\" data-id=\"c61cee8\" data-element_type=\"column\" data-e-type=\"column\">\n\t\t\t<div class=\"elementor-widget-wrap elementor-element-populated\">\n\t\t\t\t\t\t<div class=\"elementor-element elementor-element-cef965a elementor-widget elementor-widget-heading\" data-id=\"cef965a\" data-element_type=\"widget\" data-e-type=\"widget\" data-widget_type=\"heading.default\">\n\t\t\t\t<div class=\"elementor-widget-container\">\n\t\t\t\t\t<h2 class=\"elementor-heading-title elementor-size-default\">Une chapelle unique<\/h2>\t\t\t\t<\/div>\n\t\t\t\t<\/div>\n\t\t\t\t<div class=\"elementor-element elementor-element-e10afd0 elementor-widget elementor-widget-text-editor\" data-id=\"e10afd0\" data-element_type=\"widget\" data-e-type=\"widget\" data-widget_type=\"text-editor.default\">\n\t\t\t\t<div class=\"elementor-widget-container\">\n\t\t\t\t\t\t\t\t\t<p>Peu de choses subsistent de la commanderie. Et pourtant, tout proche de Toul, la chapelle de la commanderie de libdeau reste.\u00a0Apr\u00e8s la r\u00e9volution fran\u00e7aise, l&rsquo;abolition de l&rsquo;ordre de Saint-Jean de J\u00e9rusalem et de tous les ordres religieux en France entra\u00eena la d\u00e9gradation puis la ruine de nombreux \u00e9difices.\u00a0<span style=\"font-family: var( --e-global-typography-text-font-family ), Sans-serif\">Aujourd&rsquo;hui seules quatre commanderies sont attest\u00e9es en Lorraine par la subsistance d&rsquo;une chapelle,\u00a0Xugney\u00a0et\u00a0Norroy\u00a0dans les Vosges,\u00a0Marbotte\u00a0dans la Meuse et Libdeau en Meurthe-et-Moselle. La <b>chapelle de Libdeau peut \u00eatre consid\u00e9r\u00e9e comme intacte<\/b>, malgr\u00e9 de nombreuses alt\u00e9rations, elle est la <b>seule \u00e0 conserver ses vo\u00fbtes d&rsquo;ogives<\/b>.<\/span><\/p>\t\t\t\t\t\t\t\t<\/div>\n\t\t\t\t<\/div>\n\t\t\t\t<div class=\"elementor-element elementor-element-0a93134 elementor-widget elementor-widget-spacer\" data-id=\"0a93134\" data-element_type=\"widget\" data-e-type=\"widget\" data-widget_type=\"spacer.default\">\n\t\t\t\t<div class=\"elementor-widget-container\">\n\t\t\t\t\t\t\t<div class=\"elementor-spacer\">\n\t\t\t<div class=\"elementor-spacer-inner\"><\/div>\n\t\t<\/div>\n\t\t\t\t\t\t<\/div>\n\t\t\t\t<\/div>\n\t\t\t\t<div class=\"elementor-element elementor-element-1e02083 elementor-widget elementor-widget-heading\" data-id=\"1e02083\" data-element_type=\"widget\" data-e-type=\"widget\" data-widget_type=\"heading.default\">\n\t\t\t\t<div class=\"elementor-widget-container\">\n\t\t\t\t\t<h2 class=\"elementor-heading-title elementor-size-default\">Des passionn\u00e9s qui veillent<\/h2>\t\t\t\t<\/div>\n\t\t\t\t<\/div>\n\t\t\t\t\t<\/div>\n\t\t<\/div>\n\t\t\t\t\t<\/div>\n\t\t<\/section>\n\t\t\t\t<section class=\"elementor-section elementor-top-section elementor-element elementor-element-698a676 elementor-section-boxed elementor-section-height-default elementor-section-height-default\" data-id=\"698a676\" data-element_type=\"section\" data-e-type=\"section\">\n\t\t\t\t\t\t<div class=\"elementor-container elementor-column-gap-default\">\n\t\t\t\t\t<div class=\"elementor-column elementor-col-50 elementor-top-column elementor-element elementor-element-3201007\" data-id=\"3201007\" data-element_type=\"column\" data-e-type=\"column\">\n\t\t\t<div class=\"elementor-widget-wrap elementor-element-populated\">\n\t\t\t\t\t\t<div class=\"elementor-element elementor-element-de0053a elementor-widget elementor-widget-text-editor\" data-id=\"de0053a\" data-element_type=\"widget\" data-e-type=\"widget\" data-widget_type=\"text-editor.default\">\n\t\t\t\t<div class=\"elementor-widget-container\">\n\t\t\t\t\t\t\t\t\t<p>En 2009, l&rsquo;\u00e9tat d&rsquo;abandon total et les d\u00e9t\u00e9riorations accumul\u00e9es sur la chapelle de Libdeau depuis des d\u00e9cennies alarment quelques particuliers soucieux du devenir de l&rsquo;\u00e9difice. C&rsquo;est le point de d\u00e9part d&rsquo;une prise de conscience du risque r\u00e9el de voir disparaitre un \u00e9difice du XIIe si\u00e8cle inscrit Monument Historique.<\/p><p>L&rsquo;id\u00e9e de la constitution d&rsquo;une association fit son chemin au\u00a0cour de l&rsquo;\u00e9t\u00e9 2011 apr\u00e8s l&rsquo;effondrement partiel d&rsquo;un pent de la toiture. Les statuts du Comit\u00e9 pour l&rsquo;\u00e9tude et la restauration de la\u00a0chapelle templi\u00e8re de Libdeau sont sign\u00e9s le 17 septembre 2011.<\/p><p><b>Depuis 2012 et l&rsquo;acquisition de la chapelle par l&rsquo;association devenue depuis\u00a0<a href=\"https:\/\/libdeau.fr\/lassociation\">Libdeau &#8211; Chapelle Templi\u00e8re<\/a>, la gestion des travaux de restauration et de l&rsquo;entretien est assur\u00e9e par les membres de l&rsquo;association<\/b>.<\/p>\t\t\t\t\t\t\t\t<\/div>\n\t\t\t\t<\/div>\n\t\t\t\t<div class=\"elementor-element elementor-element-f4b69ea elementor-widget elementor-widget-button\" data-id=\"f4b69ea\" data-element_type=\"widget\" data-e-type=\"widget\" data-widget_type=\"button.default\">\n\t\t\t\t<div class=\"elementor-widget-container\">\n\t\t\t\t\t\t\t\t\t<div class=\"elementor-button-wrapper\">\n\t\t\t\t\t<a class=\"elementor-button elementor-button-link elementor-size-sm\" href=\"https:\/\/libdeau.fr\/\">\n\t\t\t\t\t\t<span class=\"elementor-button-content-wrapper\">\n\t\t\t\t\t\t\t\t\t<span class=\"elementor-button-text\">Site internet<\/span>\n\t\t\t\t\t<\/span>\n\t\t\t\t\t<\/a>\n\t\t\t\t<\/div>\n\t\t\t\t\t\t\t\t<\/div>\n\t\t\t\t<\/div>\n\t\t\t\t\t<\/div>\n\t\t<\/div>\n\t\t\t\t<div class=\"elementor-column elementor-col-50 elementor-top-column elementor-element elementor-element-3972f12\" data-id=\"3972f12\" data-element_type=\"column\" data-e-type=\"column\">\n\t\t\t<div class=\"elementor-widget-wrap elementor-element-populated\">\n\t\t\t\t\t\t<div class=\"elementor-element elementor-element-a215236 elementor-widget elementor-widget-image\" data-id=\"a215236\" data-element_type=\"widget\" data-e-type=\"widget\" data-widget_type=\"image.default\">\n\t\t\t\t<div class=\"elementor-widget-container\">\n\t\t\t\t\t\t\t\t\t\t\t\t\t\t\t<img decoding=\"async\" width=\"1024\" height=\"788\" src=\"https:\/\/www.templars-route.eu\/assets\/uploads\/sites\/40\/2024\/06\/libdeau-1024x788.png\" class=\"attachment-large size-large wp-image-22076\" alt=\"\" srcset=\"https:\/\/www.templars-route.eu\/assets\/uploads\/sites\/40\/2024\/06\/libdeau-1024x788.png 1024w, https:\/\/www.templars-route.eu\/assets\/uploads\/sites\/40\/2024\/06\/libdeau-300x231.png 300w, https:\/\/www.templars-route.eu\/assets\/uploads\/sites\/40\/2024\/06\/libdeau-768x591.png 768w, https:\/\/www.templars-route.eu\/assets\/uploads\/sites\/40\/2024\/06\/libdeau-700x539.png 700w, https:\/\/www.templars-route.eu\/assets\/uploads\/sites\/40\/2024\/06\/libdeau.png 1398w\" sizes=\"(max-width: 1024px) 100vw, 1024px\" \/>\t\t\t\t\t\t\t\t\t\t\t\t\t\t\t<\/div>\n\t\t\t\t<\/div>\n\t\t\t\t\t<\/div>\n\t\t<\/div>\n\t\t\t\t\t<\/div>\n\t\t<\/section>\n\t\t\t\t<section class=\"elementor-section elementor-top-section elementor-element elementor-element-2d6a26e elementor-section-boxed elementor-section-height-default elementor-section-height-default\" data-id=\"2d6a26e\" data-element_type=\"section\" data-e-type=\"section\">\n\t\t\t\t\t\t<div class=\"elementor-container elementor-column-gap-default\">\n\t\t\t\t\t<div class=\"elementor-column elementor-col-100 elementor-top-column elementor-element elementor-element-c7abe4e\" data-id=\"c7abe4e\" data-element_type=\"column\" data-e-type=\"column\">\n\t\t\t<div class=\"elementor-widget-wrap elementor-element-populated\">\n\t\t\t\t\t\t<div class=\"elementor-element elementor-element-0eb5986 elementor-widget-divider--view-line elementor-widget elementor-widget-divider\" data-id=\"0eb5986\" data-element_type=\"widget\" data-e-type=\"widget\" data-widget_type=\"divider.default\">\n\t\t\t\t<div class=\"elementor-widget-container\">\n\t\t\t\t\t\t\t<div class=\"elementor-divider\">\n\t\t\t<span class=\"elementor-divider-separator\">\n\t\t\t\t\t\t<\/span>\n\t\t<\/div>\n\t\t\t\t\t\t<\/div>\n\t\t\t\t<\/div>\n\t\t\t\t\t<\/div>\n\t\t<\/div>\n\t\t\t\t\t<\/div>\n\t\t<\/section>\n\t\t\t\t<section class=\"elementor-section elementor-top-section elementor-element elementor-element-cce1453 elementor-section-boxed elementor-section-height-default elementor-section-height-default\" data-id=\"cce1453\" data-element_type=\"section\" data-e-type=\"section\">\n\t\t\t\t\t\t<div class=\"elementor-container elementor-column-gap-default\">\n\t\t\t\t\t<div class=\"elementor-column elementor-col-50 elementor-top-column elementor-element elementor-element-c5c807e\" data-id=\"c5c807e\" data-element_type=\"column\" data-e-type=\"column\">\n\t\t\t<div class=\"elementor-widget-wrap\">\n\t\t\t\t\t\t\t<\/div>\n\t\t<\/div>\n\t\t\t\t<div class=\"elementor-column elementor-col-50 elementor-top-column elementor-element elementor-element-5877d0e\" data-id=\"5877d0e\" data-element_type=\"column\" data-e-type=\"column\">\n\t\t\t<div class=\"elementor-widget-wrap elementor-element-populated\">\n\t\t\t\t\t\t<div class=\"elementor-element elementor-element-8e08061 elementor-widget elementor-widget-google_maps\" data-id=\"8e08061\" data-element_type=\"widget\" data-e-type=\"widget\" data-widget_type=\"google_maps.default\">\n\t\t\t\t<div class=\"elementor-widget-container\">\n\t\t\t\t\t\t\t<div class=\"elementor-custom-embed\">\n\t\t\t<iframe loading=\"lazy\"\n\t\t\t\t\tsrc=\"https:\/\/maps.google.com\/maps?q=chapelle%20libdeau&#038;t=m&#038;z=10&#038;output=embed&#038;iwloc=near\"\n\t\t\t\t\ttitle=\"chapelle libdeau\"\n\t\t\t\t\taria-label=\"chapelle libdeau\"\n\t\t\t><\/iframe>\n\t\t<\/div>\n\t\t\t\t\t\t<\/div>\n\t\t\t\t<\/div>\n\t\t\t\t\t<\/div>\n\t\t<\/div>\n\t\t\t\t\t<\/div>\n\t\t<\/section>\n\t\t\t\t<\/div>\n\t\t","protected":false},"excerpt":{"rendered":"<p>La commanderie de Libdeau La Commanderie de Libdeau est une commanderie hospitali\u00e8re anciennement templi\u00e8re situ\u00e9e dans le d\u00e9partement de Meurthe-et-Moselle en r\u00e9gion Lorraine, \u00e0 environ 25 km \u00e0 l&rsquo;ouest de Nancy sur la commune de Toul. La pr\u00e9sence des Templiers \u00e0 Libdeau est attest\u00e9e par&#8230;<\/p>\n","protected":false},"author":111,"featured_media":0,"parent":18047,"menu_order":0,"comment_status":"closed","ping_status":"closed","template":"","meta":{"footnotes":""},"class_list":["post-22091","page","type-page","status-publish","hentry"],"yoast_head":"<!-- This site is optimized with the Yoast SEO plugin v26.6 - https:\/\/yoast.com\/wordpress\/plugins\/seo\/ -->\n<title>Chapelle templi\u00e8re de Libdeau - Route du patrimoine templier - Templars Route European Federation (TREF)<\/title>\n<meta name=\"robots\" content=\"index, follow, max-snippet:-1, max-image-preview:large, max-video-preview:-1\" \/>\n<link rel=\"canonical\" href=\"https:\/\/www.templars-route.eu\/fr\/patrimoine-templier\/france\/chapelle-templiere-de-libdeau\/\" \/>\n<meta property=\"og:locale\" content=\"fr_FR\" \/>\n<meta property=\"og:type\" content=\"article\" \/>\n<meta property=\"og:title\" content=\"Chapelle templi\u00e8re de Libdeau - Route du patrimoine templier - Templars Route European Federation (TREF)\" \/>\n<meta property=\"og:description\" content=\"La commanderie de Libdeau La Commanderie de Libdeau est une commanderie hospitali\u00e8re anciennement templi\u00e8re situ\u00e9e dans le d\u00e9partement de Meurthe-et-Moselle en r\u00e9gion Lorraine, \u00e0 environ 25 km \u00e0 l&rsquo;ouest de Nancy sur la commune de Toul. La pr\u00e9sence des Templiers \u00e0 Libdeau est attest\u00e9e par...\" \/>\n<meta property=\"og:url\" content=\"https:\/\/www.templars-route.eu\/fr\/patrimoine-templier\/france\/chapelle-templiere-de-libdeau\/\" \/>\n<meta property=\"og:site_name\" content=\"Route du patrimoine templier - Templars Route European Federation (TREF)\" \/>\n<meta property=\"article:modified_time\" content=\"2024-07-03T09:31:52+00:00\" \/>\n<meta property=\"og:image\" content=\"https:\/\/european-templar-route.v3.mobylee.com\/assets\/uploads\/sites\/40\/2024\/01\/chapelle-libdeau-01-1024x683.jpg\" \/>\n<meta name=\"twitter:card\" content=\"summary_large_image\" \/>\n<meta name=\"twitter:label1\" content=\"Dur\u00e9e de lecture estim\u00e9e\" \/>\n\t<meta name=\"twitter:data1\" content=\"3 minutes\" \/>\n<script type=\"application\/ld+json\" class=\"yoast-schema-graph\">{\"@context\":\"https:\/\/schema.org\",\"@graph\":[{\"@type\":\"WebPage\",\"@id\":\"https:\/\/www.templars-route.eu\/fr\/patrimoine-templier\/france\/chapelle-templiere-de-libdeau\/\",\"url\":\"https:\/\/www.templars-route.eu\/fr\/patrimoine-templier\/france\/chapelle-templiere-de-libdeau\/\",\"name\":\"Chapelle templi\u00e8re de Libdeau - Route du patrimoine templier - Templars Route European Federation (TREF)\",\"isPartOf\":{\"@id\":\"https:\/\/www.templars-route.eu\/fr\/#website\"},\"primaryImageOfPage\":{\"@id\":\"https:\/\/www.templars-route.eu\/fr\/patrimoine-templier\/france\/chapelle-templiere-de-libdeau\/#primaryimage\"},\"image\":{\"@id\":\"https:\/\/www.templars-route.eu\/fr\/patrimoine-templier\/france\/chapelle-templiere-de-libdeau\/#primaryimage\"},\"thumbnailUrl\":\"https:\/\/european-templar-route.v3.mobylee.com\/assets\/uploads\/sites\/40\/2024\/01\/chapelle-libdeau-01-1024x683.jpg\",\"datePublished\":\"2024-06-28T12:46:40+00:00\",\"dateModified\":\"2024-07-03T09:31:52+00:00\",\"breadcrumb\":{\"@id\":\"https:\/\/www.templars-route.eu\/fr\/patrimoine-templier\/france\/chapelle-templiere-de-libdeau\/#breadcrumb\"},\"inLanguage\":\"fr-FR\",\"potentialAction\":[{\"@type\":\"ReadAction\",\"target\":[\"https:\/\/www.templars-route.eu\/fr\/patrimoine-templier\/france\/chapelle-templiere-de-libdeau\/\"]}]},{\"@type\":\"ImageObject\",\"inLanguage\":\"fr-FR\",\"@id\":\"https:\/\/www.templars-route.eu\/fr\/patrimoine-templier\/france\/chapelle-templiere-de-libdeau\/#primaryimage\",\"url\":\"https:\/\/european-templar-route.v3.mobylee.com\/assets\/uploads\/sites\/40\/2024\/01\/chapelle-libdeau-01-1024x683.jpg\",\"contentUrl\":\"https:\/\/european-templar-route.v3.mobylee.com\/assets\/uploads\/sites\/40\/2024\/01\/chapelle-libdeau-01-1024x683.jpg\"},{\"@type\":\"BreadcrumbList\",\"@id\":\"https:\/\/www.templars-route.eu\/fr\/patrimoine-templier\/france\/chapelle-templiere-de-libdeau\/#breadcrumb\",\"itemListElement\":[{\"@type\":\"ListItem\",\"position\":1,\"name\":\"Accueil\",\"item\":\"https:\/\/www.templars-route.eu\/fr\/\"},{\"@type\":\"ListItem\",\"position\":2,\"name\":\"Patrimoine Templier\",\"item\":\"https:\/\/www.templars-route.eu\/fr\/patrimoine-templier\/\"},{\"@type\":\"ListItem\",\"position\":3,\"name\":\"Le patrimoine templier en France\",\"item\":\"https:\/\/www.templars-route.eu\/fr\/patrimoine-templier\/france\/\"},{\"@type\":\"ListItem\",\"position\":4,\"name\":\"Chapelle templi\u00e8re de Libdeau\"}]},{\"@type\":\"WebSite\",\"@id\":\"https:\/\/www.templars-route.eu\/fr\/#website\",\"url\":\"https:\/\/www.templars-route.eu\/fr\/\",\"name\":\"Route du patrimoine templier - Templars Route European Federation (TREF)\",\"description\":\"Valorisation of Templar heritage in Europe\",\"potentialAction\":[{\"@type\":\"SearchAction\",\"target\":{\"@type\":\"EntryPoint\",\"urlTemplate\":\"https:\/\/www.templars-route.eu\/fr\/?s={search_term_string}\"},\"query-input\":{\"@type\":\"PropertyValueSpecification\",\"valueRequired\":true,\"valueName\":\"search_term_string\"}}],\"inLanguage\":\"fr-FR\"}]}<\/script>\n<!-- \/ Yoast SEO plugin. -->","yoast_head_json":{"title":"Chapelle templi\u00e8re de Libdeau - Route du patrimoine templier - Templars Route European Federation (TREF)","robots":{"index":"index","follow":"follow","max-snippet":"max-snippet:-1","max-image-preview":"max-image-preview:large","max-video-preview":"max-video-preview:-1"},"canonical":"https:\/\/www.templars-route.eu\/fr\/patrimoine-templier\/france\/chapelle-templiere-de-libdeau\/","og_locale":"fr_FR","og_type":"article","og_title":"Chapelle templi\u00e8re de Libdeau - Route du patrimoine templier - Templars Route European Federation (TREF)","og_description":"La commanderie de Libdeau La Commanderie de Libdeau est une commanderie hospitali\u00e8re anciennement templi\u00e8re situ\u00e9e dans le d\u00e9partement de Meurthe-et-Moselle en r\u00e9gion Lorraine, \u00e0 environ 25 km \u00e0 l&rsquo;ouest de Nancy sur la commune de Toul. La pr\u00e9sence des Templiers \u00e0 Libdeau est attest\u00e9e par...","og_url":"https:\/\/www.templars-route.eu\/fr\/patrimoine-templier\/france\/chapelle-templiere-de-libdeau\/","og_site_name":"Route du patrimoine templier - Templars Route European Federation (TREF)","article_modified_time":"2024-07-03T09:31:52+00:00","og_image":[{"url":"https:\/\/european-templar-route.v3.mobylee.com\/assets\/uploads\/sites\/40\/2024\/01\/chapelle-libdeau-01-1024x683.jpg","type":"","width":"","height":""}],"twitter_card":"summary_large_image","twitter_misc":{"Dur\u00e9e de lecture estim\u00e9e":"3 minutes"},"schema":{"@context":"https:\/\/schema.org","@graph":[{"@type":"WebPage","@id":"https:\/\/www.templars-route.eu\/fr\/patrimoine-templier\/france\/chapelle-templiere-de-libdeau\/","url":"https:\/\/www.templars-route.eu\/fr\/patrimoine-templier\/france\/chapelle-templiere-de-libdeau\/","name":"Chapelle templi\u00e8re de Libdeau - Route du patrimoine templier - Templars Route European Federation (TREF)","isPartOf":{"@id":"https:\/\/www.templars-route.eu\/fr\/#website"},"primaryImageOfPage":{"@id":"https:\/\/www.templars-route.eu\/fr\/patrimoine-templier\/france\/chapelle-templiere-de-libdeau\/#primaryimage"},"image":{"@id":"https:\/\/www.templars-route.eu\/fr\/patrimoine-templier\/france\/chapelle-templiere-de-libdeau\/#primaryimage"},"thumbnailUrl":"https:\/\/european-templar-route.v3.mobylee.com\/assets\/uploads\/sites\/40\/2024\/01\/chapelle-libdeau-01-1024x683.jpg","datePublished":"2024-06-28T12:46:40+00:00","dateModified":"2024-07-03T09:31:52+00:00","breadcrumb":{"@id":"https:\/\/www.templars-route.eu\/fr\/patrimoine-templier\/france\/chapelle-templiere-de-libdeau\/#breadcrumb"},"inLanguage":"fr-FR","potentialAction":[{"@type":"ReadAction","target":["https:\/\/www.templars-route.eu\/fr\/patrimoine-templier\/france\/chapelle-templiere-de-libdeau\/"]}]},{"@type":"ImageObject","inLanguage":"fr-FR","@id":"https:\/\/www.templars-route.eu\/fr\/patrimoine-templier\/france\/chapelle-templiere-de-libdeau\/#primaryimage","url":"https:\/\/european-templar-route.v3.mobylee.com\/assets\/uploads\/sites\/40\/2024\/01\/chapelle-libdeau-01-1024x683.jpg","contentUrl":"https:\/\/european-templar-route.v3.mobylee.com\/assets\/uploads\/sites\/40\/2024\/01\/chapelle-libdeau-01-1024x683.jpg"},{"@type":"BreadcrumbList","@id":"https:\/\/www.templars-route.eu\/fr\/patrimoine-templier\/france\/chapelle-templiere-de-libdeau\/#breadcrumb","itemListElement":[{"@type":"ListItem","position":1,"name":"Accueil","item":"https:\/\/www.templars-route.eu\/fr\/"},{"@type":"ListItem","position":2,"name":"Patrimoine Templier","item":"https:\/\/www.templars-route.eu\/fr\/patrimoine-templier\/"},{"@type":"ListItem","position":3,"name":"Le patrimoine templier en France","item":"https:\/\/www.templars-route.eu\/fr\/patrimoine-templier\/france\/"},{"@type":"ListItem","position":4,"name":"Chapelle templi\u00e8re de Libdeau"}]},{"@type":"WebSite","@id":"https:\/\/www.templars-route.eu\/fr\/#website","url":"https:\/\/www.templars-route.eu\/fr\/","name":"Route du patrimoine templier - Templars Route European Federation (TREF)","description":"Valorisation of Templar heritage in Europe","potentialAction":[{"@type":"SearchAction","target":{"@type":"EntryPoint","urlTemplate":"https:\/\/www.templars-route.eu\/fr\/?s={search_term_string}"},"query-input":{"@type":"PropertyValueSpecification","valueRequired":true,"valueName":"search_term_string"}}],"inLanguage":"fr-FR"}]}},"_links":{"self":[{"href":"https:\/\/www.templars-route.eu\/fr\/wp-json\/wp\/v2\/pages\/22091\/"}],"collection":[{"href":"https:\/\/www.templars-route.eu\/fr\/wp-json\/wp\/v2\/pages\/"}],"about":[{"href":"https:\/\/www.templars-route.eu\/fr\/wp-json\/wp\/v2\/types\/page\/"}],"author":[{"embeddable":true,"href":"https:\/\/www.templars-route.eu\/fr\/wp-json\/wp\/v2\/users\/111\/"}],"replies":[{"embeddable":true,"href":"https:\/\/www.templars-route.eu\/fr\/wp-json\/wp\/v2\/comments\/?post=22091"}],"version-history":[{"count":5,"href":"https:\/\/www.templars-route.eu\/fr\/wp-json\/wp\/v2\/pages\/22091\/revisions\/"}],"predecessor-version":[{"id":22139,"href":"https:\/\/www.templars-route.eu\/fr\/wp-json\/wp\/v2\/pages\/22091\/revisions\/22139\/"}],"up":[{"embeddable":true,"href":"https:\/\/www.templars-route.eu\/fr\/wp-json\/wp\/v2\/pages\/18047\/"}],"wp:attachment":[{"href":"https:\/\/www.templars-route.eu\/fr\/wp-json\/wp\/v2\/media\/?parent=22091"}],"curies":[{"name":"wp","href":"https:\/\/api.w.org\/{rel}","templated":true}]}}