{"id":19816,"date":"2021-02-19T15:18:42","date_gmt":"2021-02-19T14:18:42","guid":{"rendered":"https:\/\/www.templars-route.eu\/?page_id=19816"},"modified":"2025-01-15T12:21:59","modified_gmt":"2025-01-15T11:21:59","slug":"commanderie-darville","status":"publish","type":"page","link":"https:\/\/www.templars-route.eu\/fr\/commanderie-darville\/","title":{"rendered":"Commanderie d&rsquo;Arville"},"content":{"rendered":"<div class=\"wpb-content-wrapper\"><p>[vc_row css_animation=\u00a0\u00bb\u00a0\u00bb row_type=\u00a0\u00bbrow\u00a0\u00bb use_row_as_full_screen_section=\u00a0\u00bbno\u00a0\u00bb type=\u00a0\u00bbfull_width\u00a0\u00bb angled_section=\u00a0\u00bbno\u00a0\u00bb text_align=\u00a0\u00bbleft\u00a0\u00bb background_image_as_pattern=\u00a0\u00bbwithout_pattern\u00a0\u00bb][vc_column width=\u00a0\u00bb1\/2&Prime;][vc_column_text css=\u00a0\u00bb\u00a0\u00bb]La commanderie d\u2019Arville est situ\u00e9e au sud du Perche \u00e0 quinze kilom\u00e8tres de Mondoubleau et \u00e0 une trentaine de kilom\u00e8tres de Vend\u00f4me. Install\u00e9e le long du ruisseau du Cou\u00ebtron, elle est implant\u00e9e au centre d\u2019un territoire conc\u00e9d\u00e9 par un grand seigneur dont l\u2019identit\u00e9 reste inconnue. L\u2019activit\u00e9 de cette maison repose sur l\u2019\u00e9levage (porcs, vaches), la culture des terres (avoine et m\u00e9teil sont mentionn\u00e9s \u00e0 la fin du XV<sup>e<\/sup> si\u00e8cle) et la production de laine pour les ateliers de Ch\u00e2teaudun et du Temple-Pr\u00e8s-Mondoubleau, village comprenant une autre maison templi\u00e8re aux liens \u00e9troits avec Arville. Ces productions associ\u00e9es \u00e0 des droits et \u00e0 des taxes sur les habitants (d\u00eeme, champart) en font une v\u00e9ritable seigneurie et lui assurent des revenus cons\u00e9quents.<\/p>\n<p>La premi\u00e8re mention fiable des templiers d\u2019Arville remonte \u00e0 1169 dans un projet de d\u00e9frichement local avec les chanoines de Chartres.\u00a0R\u00e9guli\u00e8rement cit\u00e9s dans des documents jusqu\u2019au XIII<sup>e<\/sup> si\u00e8cle, ceux-ci apparaissent comme t\u00e9moins dans plusieurs actes officiels ou comme b\u00e9n\u00e9ficiaires de dons de terres ou de ressources. Leurs droits sont cependant remis en cause par le vicomte de Ch\u00e2teaudun d\u00e8s la fin du XII<sup>e<\/sup> si\u00e8cle\u00a0: les documents conserv\u00e9s narrent les multiples conflits qui se soldent en 1218 par l\u2019excommunication du vicomte. Chaque conflit est r\u00e9solu apr\u00e8s d\u2019\u00e2pres n\u00e9gociations.<\/p>\n<p>La commanderie passe aux mains des Hospitaliers apr\u00e8s 1312 et la dissolution de l\u2019ordre du Temple. Son importance administrative d\u00e9cro\u00eet au profit de la maison de Sours appartenant \u00e0 la m\u00eame baillie de Chartres.[\/vc_column_text][vc_empty_space][\/vc_column][vc_column width=\u00a0\u00bb1\/2&Prime;][vc_single_image image=\u00a0\u00bb19811&Prime; img_size=\u00a0\u00bblarge\u00a0\u00bb add_caption=\u00a0\u00bbyes\u00a0\u00bb css=\u00a0\u00bb\u00a0\u00bb qode_css_animation=\u00a0\u00bb\u00a0\u00bb][\/vc_column][\/vc_row][vc_row css_animation=\u00a0\u00bb\u00a0\u00bb row_type=\u00a0\u00bbrow\u00a0\u00bb use_row_as_full_screen_section=\u00a0\u00bbno\u00a0\u00bb type=\u00a0\u00bbfull_width\u00a0\u00bb angled_section=\u00a0\u00bbno\u00a0\u00bb text_align=\u00a0\u00bbleft\u00a0\u00bb background_image_as_pattern=\u00a0\u00bbwithout_pattern\u00a0\u00bb][vc_column][vc_column_text]Signal\u00e9e en mauvais \u00e9tat d\u00e8s 1495, la commanderie voit ses b\u00e2timents modifi\u00e9s au cours du si\u00e8cle suivant pour prendre l\u2019aspect d\u2019un v\u00e9ritable manoir comprenant tours et pigeonnier. Les hospitaliers r\u00e9duisent leur pr\u00e9sence sur le site et en d\u00e9l\u00e8guent la gestion \u00e0 des particuliers contre versement d\u2019une rente \u00ab\u00a0\u00e0 ferme\u00a0\u00bb. Outre son changement d\u2019aspect, le site semble accueillir une activit\u00e9 d\u2019\u00e9levage de chevaux avec la pr\u00e9sence de vastes \u00e9curies signal\u00e9es en 1694-1695.<\/p>\n<p>La commanderie est divis\u00e9e en plusieurs lots \u00e0 la R\u00e9volution et occup\u00e9 par plusieurs familles\u00a0: seul un vaste corps de logis est d\u00e9truit au d\u00e9but du XIX<sup>e<\/sup> si\u00e8cle, les autres b\u00e2timents \u00e9tant simplement adapt\u00e9s aux besoins de leurs occupants. Le porche est rachet\u00e9 par la commune d\u2019Arville afin d\u2019y abriter l\u2019h\u00f4tel de ville en 1876. Un syndicat intercommunal rach\u00e8te \u00e0 partir de 1983 les diff\u00e9rents b\u00e2timents et proc\u00e8de \u00e0 leur restauration. En 1999, un centre d\u2019interpr\u00e9tation d\u00e9di\u00e9 aux Templiers et aux croisades ouvre au public.[\/vc_column_text][vc_empty_space][\/vc_column][\/vc_row][vc_row css_animation=\u00a0\u00bb\u00a0\u00bb row_type=\u00a0\u00bbrow\u00a0\u00bb use_row_as_full_screen_section=\u00a0\u00bbno\u00a0\u00bb type=\u00a0\u00bbfull_width\u00a0\u00bb angled_section=\u00a0\u00bbno\u00a0\u00bb text_align=\u00a0\u00bbleft\u00a0\u00bb background_image_as_pattern=\u00a0\u00bbwithout_pattern\u00a0\u00bb][vc_column width=\u00a0\u00bb1\/2&Prime;][vc_column_text]Le bon \u00e9tat de conservation d\u2019Arville permet de comprendre le mode de fonctionnement d\u2019une commanderie templi\u00e8re et hospitali\u00e8re.<\/p>\n<p>Le site conserve une grande partie des murs qui constituaient son enclos. Le portail d\u2019acc\u00e8s, d\u2019assise templi\u00e8re avec ses blocs de pierre de grison, est augment\u00e9 au XVI<sup>e<\/sup> si\u00e8cle d\u2019un pavillon et de deux tours au d\u00e9cor de briques et aux toits \u00e0 lanternons Renaissance. La vaste cour permet de visualiser l\u2019ensemble des b\u00e2timents constituant une commanderie. L\u2019\u00e9glise Notre Dame, du XII<sup>e<\/sup> si\u00e8cle, est l\u2019indispensable chapelle des templiers\u00a0: accueillant messes et pri\u00e8res quotidiennes, elle \u00e9tait \u00e9galement le lieu de r\u00e9ception des nouvelles recrues ainsi que l\u2019\u00e9glise paroissiale du village.<\/p>\n<p>Les vastes b\u00e2timents occup\u00e9s aujourd\u2019hui par le centre d\u2019interpr\u00e9tation, repris aux XVI<sup>e<\/sup> et XVII<sup>e<\/sup> si\u00e8cles, abritaient de vastes \u00e9curies de soixante chevaux ainsi que de rares logements. La grange, au vaste volume et \u00e0 la belle charpente, permettait le stockage des r\u00e9coltes, taxes et imp\u00f4ts en nature comme la d\u00eeme ou le champart. Un vaste pigeonnier assurait nourriture et engrais \u00e0 la commanderie tout en affirmant l\u2019aspect symbolique de ce centre de pouvoir.[\/vc_column_text][vc_empty_space][\/vc_column][vc_column width=\u00a0\u00bb1\/2&Prime;][vc_gallery interval=\u00a0\u00bb3&Prime; images=\u00a0\u00bb19801,19806&Prime; img_size=\u00a0\u00bblarge\u00a0\u00bb css=\u00a0\u00bb\u00a0\u00bb show_image_description=\u00a0\u00bbyes\u00a0\u00bb][\/vc_column][\/vc_row][vc_row css_animation=\u00a0\u00bb\u00a0\u00bb row_type=\u00a0\u00bbrow\u00a0\u00bb use_row_as_full_screen_section=\u00a0\u00bbno\u00a0\u00bb type=\u00a0\u00bbfull_width\u00a0\u00bb angled_section=\u00a0\u00bbno\u00a0\u00bb text_align=\u00a0\u00bbleft\u00a0\u00bb background_image_as_pattern=\u00a0\u00bbwithout_pattern\u00a0\u00bb][vc_column][vc_column_text]La commanderie d\u2019Arville offre aux visiteurs une \u00e9vocation saisissante de l\u2019histoire des Templiers et des croisades au travers de son centre d\u2019interpr\u00e9tation. Un riche programme permet de profiter toute l\u2019ann\u00e9e de visites guid\u00e9es et th\u00e9matiques, d\u2019ateliers pour enfants et adultes, de festivit\u00e9s m\u00e9di\u00e9vales et de bien d\u2019autres activit\u00e9s. Un centre d\u2019h\u00e9bergement situ\u00e9 \u00e0 proximit\u00e9 du site accueille tout au long de l\u2019ann\u00e9e familles, scolaires et groupes d\u2019adultes.[\/vc_column_text][vc_empty_space][\/vc_column][\/vc_row][vc_column width=\u00a0\u00bb1\/2&Prime;][vc_column_text]<\/p>\n<h3>Coordonn\u00e9es<\/h3>\n<p>&nbsp;<\/p>\n<p><strong>Commanderie d\u2019Arville<\/strong><\/p>\n<p>1, all\u00e9e de la Commanderie \u2013 Arville<\/p>\n<p>41170 Cou\u00ebtron-au-Perche<\/p>\n<p>02 54 80 75 41 \u2013 Fax\u00a0: 02 54 80 73 11<\/p>\n<p><a href=\"mailto:contact@commanderie-arville.com\" target=\"_blank\" rel=\"noopener noreferrer\"><strong>contact@commanderie-arville.com<\/strong><\/a><\/p>\n<p><a href=\"http:\/\/www.commanderie-arville.com\" target=\"_blank\" rel=\"noopener noreferrer\"><strong>www.commanderie-arville.com<\/strong><\/a><\/p>\n<h2><\/h2>\n<p><strong><u>P\u00e9riodes d\u2019ouverture<\/u><\/strong><\/p>\n<p>De f\u00e9vrier \u00e0 novembre ainsi que les vacances de No\u00ebl \u2013 groupes sur r\u00e9servation toute l\u2019ann\u00e9e.<\/p>\n<h2><\/h2>\n<p><strong><u>Prestations<\/u><\/strong><br \/>\nVisite du site templier et du mus\u00e9e<\/p>\n<p>En parcours libre, guid\u00e9 ou audioguid\u00e9<\/p>\n<p>Centre d\u2019h\u00e9bergement \u00e0 deux pas du site (\u00e0 destination des familles ou des groupes)<\/p>\n<p>Activit\u00e9s groupes sur le site templier<br \/>\nEv\u00e8nements toute l\u2019ann\u00e9e[\/vc_column_text][\/vc_column][vc_column width=\u00a0\u00bb1\/2&Prime;][vc_gmaps link=\u00a0\u00bb#E-8_JTNDaWZyYW1lJTIwc3JjJTNEJTIyaHR0cHMlM0ElMkYlMkZ3d3cuZ29vZ2xlLmNvbSUyRm1hcHMlMkZlbWJlZCUzRnBiJTNEJTIxMW0xNCUyMTFtOCUyMTFtMyUyMTFkMTA2NjUuNjIxNDc1OTYxMzc0JTIxMmQwLjk0NzgyMzUlMjEzZDQ4LjA2MzgxNzklMjEzbTIlMjExaTEwMjQlMjEyaTc2OCUyMTRmMTMuMSUyMTNtMyUyMTFtMiUyMTFzMHgwJTI1M0EweDJlYzYzM2JhMzBlMDNjYTMlMjEyc0NvbW1hbmRlcmllJTI1MjB0ZW1wbGklMjVDMyUyNUE4cmUlMjUyMGQlMjYlMjMzOSUzQkFydmlsbGUlMjE1ZTAlMjEzbTIlMjExc2ZyJTIxMnNmciUyMTR2MTYxMzc0NDI0Njc5NiUyMTVtMiUyMTFzZnIlMjEyc2ZyJTIyJTIwd2lkdGglM0QlMjI2MDAlMjIlMjBoZWlnaHQlM0QlMjI0NTAlMjIlMjBmcmFtZWJvcmRlciUzRCUyMjAlMjIlMjBzdHlsZSUzRCUyMmJvcmRlciUzQTAlM0IlMjIlMjBhbGxvd2Z1bGxzY3JlZW4lM0QlMjIlMjIlMjBhcmlhLWhpZGRlbiUzRCUyMmZhbHNlJTIyJTIwdGFiaW5kZXglM0QlMjIwJTIyJTNFJTNDJTJGaWZyYW1lJTNF\u00a0\u00bb][\/vc_column]<\/p>\n<\/div>","protected":false},"excerpt":{"rendered":"<p>[vc_row css_animation=\u00a0\u00bb\u00a0\u00bb row_type=\u00a0\u00bbrow\u00a0\u00bb use_row_as_full_screen_section=\u00a0\u00bbno\u00a0\u00bb type=\u00a0\u00bbfull_width\u00a0\u00bb angled_section=\u00a0\u00bbno\u00a0\u00bb text_align=\u00a0\u00bbleft\u00a0\u00bb background_image_as_pattern=\u00a0\u00bbwithout_pattern\u00a0\u00bb][vc_column width=\u00a0\u00bb1\/2&Prime;][vc_column_text css=\u00a0\u00bb\u00a0\u00bb]La commanderie d\u2019Arville est situ\u00e9e au sud du Perche \u00e0 quinze kilom\u00e8tres de Mondoubleau et \u00e0 une trentaine de kilom\u00e8tres de Vend\u00f4me. Install\u00e9e le long du ruisseau du Cou\u00ebtron, elle est implant\u00e9e au centre d\u2019un territoire&#8230;<\/p>\n","protected":false},"author":27,"featured_media":0,"parent":0,"menu_order":0,"comment_status":"closed","ping_status":"closed","template":"","meta":{"footnotes":""},"class_list":["post-19816","page","type-page","status-publish","hentry"],"yoast_head":"<!-- This site is optimized with the Yoast SEO plugin v26.6 - https:\/\/yoast.com\/wordpress\/plugins\/seo\/ -->\n<title>Commanderie d&#039;Arville - Route du patrimoine templier - Templars Route European Federation (TREF)<\/title>\n<meta name=\"robots\" content=\"index, follow, max-snippet:-1, max-image-preview:large, max-video-preview:-1\" \/>\n<link rel=\"canonical\" href=\"https:\/\/www.templars-route.eu\/fr\/commanderie-darville\/\" \/>\n<meta property=\"og:locale\" content=\"fr_FR\" \/>\n<meta property=\"og:type\" content=\"article\" \/>\n<meta property=\"og:title\" content=\"Commanderie d&#039;Arville - Route du patrimoine templier - Templars Route European Federation (TREF)\" \/>\n<meta property=\"og:description\" content=\"[vc_row css_animation=\u00a0\u00bb\u00a0\u00bb row_type=\u00a0\u00bbrow\u00a0\u00bb use_row_as_full_screen_section=\u00a0\u00bbno\u00a0\u00bb type=\u00a0\u00bbfull_width\u00a0\u00bb angled_section=\u00a0\u00bbno\u00a0\u00bb text_align=\u00a0\u00bbleft\u00a0\u00bb background_image_as_pattern=\u00a0\u00bbwithout_pattern\u00a0\u00bb][vc_column width=\u00a0\u00bb1\/2&Prime;][vc_column_text css=\u00a0\u00bb\u00a0\u00bb]La commanderie d\u2019Arville est situ\u00e9e au sud du Perche \u00e0 quinze kilom\u00e8tres de Mondoubleau et \u00e0 une trentaine de kilom\u00e8tres de Vend\u00f4me. Install\u00e9e le long du ruisseau du Cou\u00ebtron, elle est implant\u00e9e au centre d\u2019un territoire...\" \/>\n<meta property=\"og:url\" content=\"https:\/\/www.templars-route.eu\/fr\/commanderie-darville\/\" \/>\n<meta property=\"og:site_name\" content=\"Route du patrimoine templier - Templars Route European Federation (TREF)\" \/>\n<meta property=\"article:modified_time\" content=\"2025-01-15T11:21:59+00:00\" \/>\n<meta name=\"twitter:card\" content=\"summary_large_image\" \/>\n<meta name=\"twitter:label1\" content=\"Dur\u00e9e de lecture estim\u00e9e\" \/>\n\t<meta name=\"twitter:data1\" content=\"5 minutes\" \/>\n<script type=\"application\/ld+json\" class=\"yoast-schema-graph\">{\"@context\":\"https:\/\/schema.org\",\"@graph\":[{\"@type\":\"WebPage\",\"@id\":\"https:\/\/www.templars-route.eu\/fr\/commanderie-darville\/\",\"url\":\"https:\/\/www.templars-route.eu\/fr\/commanderie-darville\/\",\"name\":\"Commanderie d'Arville - Route du patrimoine templier - Templars Route European Federation (TREF)\",\"isPartOf\":{\"@id\":\"https:\/\/www.templars-route.eu\/fr\/#website\"},\"datePublished\":\"2021-02-19T14:18:42+00:00\",\"dateModified\":\"2025-01-15T11:21:59+00:00\",\"breadcrumb\":{\"@id\":\"https:\/\/www.templars-route.eu\/fr\/commanderie-darville\/#breadcrumb\"},\"inLanguage\":\"fr-FR\",\"potentialAction\":[{\"@type\":\"ReadAction\",\"target\":[\"https:\/\/www.templars-route.eu\/fr\/commanderie-darville\/\"]}]},{\"@type\":\"BreadcrumbList\",\"@id\":\"https:\/\/www.templars-route.eu\/fr\/commanderie-darville\/#breadcrumb\",\"itemListElement\":[{\"@type\":\"ListItem\",\"position\":1,\"name\":\"Accueil\",\"item\":\"https:\/\/www.templars-route.eu\/fr\/\"},{\"@type\":\"ListItem\",\"position\":2,\"name\":\"Commanderie d&rsquo;Arville\"}]},{\"@type\":\"WebSite\",\"@id\":\"https:\/\/www.templars-route.eu\/fr\/#website\",\"url\":\"https:\/\/www.templars-route.eu\/fr\/\",\"name\":\"Route du patrimoine templier - Templars Route European Federation (TREF)\",\"description\":\"Valorisation of Templar heritage in Europe\",\"potentialAction\":[{\"@type\":\"SearchAction\",\"target\":{\"@type\":\"EntryPoint\",\"urlTemplate\":\"https:\/\/www.templars-route.eu\/fr\/?s={search_term_string}\"},\"query-input\":{\"@type\":\"PropertyValueSpecification\",\"valueRequired\":true,\"valueName\":\"search_term_string\"}}],\"inLanguage\":\"fr-FR\"}]}<\/script>\n<!-- \/ Yoast SEO plugin. -->","yoast_head_json":{"title":"Commanderie d'Arville - Route du patrimoine templier - Templars Route European Federation (TREF)","robots":{"index":"index","follow":"follow","max-snippet":"max-snippet:-1","max-image-preview":"max-image-preview:large","max-video-preview":"max-video-preview:-1"},"canonical":"https:\/\/www.templars-route.eu\/fr\/commanderie-darville\/","og_locale":"fr_FR","og_type":"article","og_title":"Commanderie d'Arville - Route du patrimoine templier - Templars Route European Federation (TREF)","og_description":"[vc_row css_animation=\u00a0\u00bb\u00a0\u00bb row_type=\u00a0\u00bbrow\u00a0\u00bb use_row_as_full_screen_section=\u00a0\u00bbno\u00a0\u00bb type=\u00a0\u00bbfull_width\u00a0\u00bb angled_section=\u00a0\u00bbno\u00a0\u00bb text_align=\u00a0\u00bbleft\u00a0\u00bb background_image_as_pattern=\u00a0\u00bbwithout_pattern\u00a0\u00bb][vc_column width=\u00a0\u00bb1\/2&Prime;][vc_column_text css=\u00a0\u00bb\u00a0\u00bb]La commanderie d\u2019Arville est situ\u00e9e au sud du Perche \u00e0 quinze kilom\u00e8tres de Mondoubleau et \u00e0 une trentaine de kilom\u00e8tres de Vend\u00f4me. Install\u00e9e le long du ruisseau du Cou\u00ebtron, elle est implant\u00e9e au centre d\u2019un territoire...","og_url":"https:\/\/www.templars-route.eu\/fr\/commanderie-darville\/","og_site_name":"Route du patrimoine templier - Templars Route European Federation (TREF)","article_modified_time":"2025-01-15T11:21:59+00:00","twitter_card":"summary_large_image","twitter_misc":{"Dur\u00e9e de lecture estim\u00e9e":"5 minutes"},"schema":{"@context":"https:\/\/schema.org","@graph":[{"@type":"WebPage","@id":"https:\/\/www.templars-route.eu\/fr\/commanderie-darville\/","url":"https:\/\/www.templars-route.eu\/fr\/commanderie-darville\/","name":"Commanderie d'Arville - Route du patrimoine templier - Templars Route European Federation (TREF)","isPartOf":{"@id":"https:\/\/www.templars-route.eu\/fr\/#website"},"datePublished":"2021-02-19T14:18:42+00:00","dateModified":"2025-01-15T11:21:59+00:00","breadcrumb":{"@id":"https:\/\/www.templars-route.eu\/fr\/commanderie-darville\/#breadcrumb"},"inLanguage":"fr-FR","potentialAction":[{"@type":"ReadAction","target":["https:\/\/www.templars-route.eu\/fr\/commanderie-darville\/"]}]},{"@type":"BreadcrumbList","@id":"https:\/\/www.templars-route.eu\/fr\/commanderie-darville\/#breadcrumb","itemListElement":[{"@type":"ListItem","position":1,"name":"Accueil","item":"https:\/\/www.templars-route.eu\/fr\/"},{"@type":"ListItem","position":2,"name":"Commanderie d&rsquo;Arville"}]},{"@type":"WebSite","@id":"https:\/\/www.templars-route.eu\/fr\/#website","url":"https:\/\/www.templars-route.eu\/fr\/","name":"Route du patrimoine templier - Templars Route European Federation (TREF)","description":"Valorisation of Templar heritage in Europe","potentialAction":[{"@type":"SearchAction","target":{"@type":"EntryPoint","urlTemplate":"https:\/\/www.templars-route.eu\/fr\/?s={search_term_string}"},"query-input":{"@type":"PropertyValueSpecification","valueRequired":true,"valueName":"search_term_string"}}],"inLanguage":"fr-FR"}]}},"_links":{"self":[{"href":"https:\/\/www.templars-route.eu\/fr\/wp-json\/wp\/v2\/pages\/19816\/"}],"collection":[{"href":"https:\/\/www.templars-route.eu\/fr\/wp-json\/wp\/v2\/pages\/"}],"about":[{"href":"https:\/\/www.templars-route.eu\/fr\/wp-json\/wp\/v2\/types\/page\/"}],"author":[{"embeddable":true,"href":"https:\/\/www.templars-route.eu\/fr\/wp-json\/wp\/v2\/users\/27\/"}],"replies":[{"embeddable":true,"href":"https:\/\/www.templars-route.eu\/fr\/wp-json\/wp\/v2\/comments\/?post=19816"}],"version-history":[{"count":4,"href":"https:\/\/www.templars-route.eu\/fr\/wp-json\/wp\/v2\/pages\/19816\/revisions\/"}],"predecessor-version":[{"id":22386,"href":"https:\/\/www.templars-route.eu\/fr\/wp-json\/wp\/v2\/pages\/19816\/revisions\/22386\/"}],"wp:attachment":[{"href":"https:\/\/www.templars-route.eu\/fr\/wp-json\/wp\/v2\/media\/?parent=19816"}],"curies":[{"name":"wp","href":"https:\/\/api.w.org\/{rel}","templated":true}]}}