{"id":19527,"date":"2021-01-26T11:31:07","date_gmt":"2021-01-26T10:31:07","guid":{"rendered":"https:\/\/www.templars-route.eu\/?page_id=19527"},"modified":"2021-01-26T11:46:06","modified_gmt":"2021-01-26T10:46:06","slug":"ruspaglia-santa-maria","status":"publish","type":"page","link":"https:\/\/www.templars-route.eu\/fr\/ruspaglia-santa-maria\/","title":{"rendered":"Ruspaglia Santa Maria"},"content":{"rendered":"<div class=\"wpb-content-wrapper\"><p>[vc_row css_animation=\u00a0\u00bb\u00a0\u00bb row_type=\u00a0\u00bbrow\u00a0\u00bb use_row_as_full_screen_section=\u00a0\u00bbno\u00a0\u00bb type=\u00a0\u00bbfull_width\u00a0\u00bb angled_section=\u00a0\u00bbno\u00a0\u00bb text_align=\u00a0\u00bbleft\u00a0\u00bb background_image_as_pattern=\u00a0\u00bbwithout_pattern\u00a0\u00bb][vc_column width=\u00a0\u00bb2\/3&Prime;][vc_column_text]En 1164, les comtes de Biandrate confirment le don au Temple de tous leurs biens ad locum ubi Ruspalia dicitur et in circuitu (au lieu dit Ruspalia et dans les environs), pr\u00e8s de San Giusto Canavese. Les r\u00e9f\u00e9rences \u00e0 la maison des Templiers, probablement construite gr\u00e2ce \u00e0 la donation de la famille Biandrate, sont peu nombreuses. En 1222, Giacomo de Mellacio, pr\u00e9cepteur de la maison des Templiers de Vercelli, est charg\u00e9 de prot\u00e9ger les int\u00e9r\u00eats des maisons de Vercelli, Novare, Isana, Ruspaglia et Ivrea. Le document fait r\u00e9f\u00e9rence \u00e0 la maison Ruspaglia comme une domus et d\u00e9di\u00e9e \u00e0 Santa Maria. Plus tard, Gabriele, pr\u00e9cepteur domus Templi de Ruspalia (pr\u00e9cepteur de la maison de Ruspaglia), participe au chapitre provincial qui se tient \u00e0 Plaisance en 1271.<\/p>\n<p>Aujourd&rsquo;hui, il reste une petite \u00e9glise \u00e0 Ruspaglia, qui appartenait \u00e0 l&rsquo;h\u00f4pital et qui a probablement \u00e9t\u00e9 construite par les Templiers. Dans les archives, il y a une trace d&rsquo;une visite ant\u00e9rieure qui a eu lieu en 1768. Ce document nous apprend que l&rsquo;\u00e9glise, d\u00e9di\u00e9e \u00e0 San Giacomo, faisait partie des recommandations d&rsquo;Ivrea. Ici, la d\u00e9dicace est diff\u00e9rente de celle de Santa Maria \u00e0 l&rsquo;\u00e9poque des Templiers et remonte probablement \u00e0 la p\u00e9riode suivant sa cession aux Chevaliers de Saint-Jean. Non loin de cette \u00e9glise, il y a une ferme appel\u00e9e \u00ab\u00a0La Commenda\u00a0\u00bb, qui, selon les documents des Chevaliers de Saint-Jean, appartenait \u00e0 l&rsquo;Ordre. En raison du manque d&rsquo;\u00e9tudes d\u00e9taill\u00e9es et d&rsquo;une s\u00e9rie de travaux et de modifications effectu\u00e9s ult\u00e9rieurement, il est impossible d&rsquo;\u00e9tablir si des parties de ce b\u00e2timent datent de la phase templi\u00e8re.[\/vc_column_text][vc_empty_space][\/vc_column][vc_column width=\u00a0\u00bb1\/3&Prime;][vc_single_image image=\u00a0\u00bb19532&Prime; img_size=\u00a0\u00bbmedium\u00a0\u00bb qode_css_animation=\u00a0\u00bb\u00a0\u00bb][\/vc_column][\/vc_row][vc_row css_animation=\u00a0\u00bb\u00a0\u00bb row_type=\u00a0\u00bbrow\u00a0\u00bb use_row_as_full_screen_section=\u00a0\u00bbno\u00a0\u00bb type=\u00a0\u00bbfull_width\u00a0\u00bb angled_section=\u00a0\u00bbno\u00a0\u00bb text_align=\u00a0\u00bbleft\u00a0\u00bb background_image_as_pattern=\u00a0\u00bbwithout_pattern\u00a0\u00bb][vc_column width=\u00a0\u00bb1\/2&Prime;][vc_column_text]<\/p>\n<h2>Coordonn\u00e9es<\/h2>\n<p>&nbsp;<\/p>\n<p>Chiesa di Santa Maria (San Giacomo)<\/p>\n<p>Ruspaglia, 10090, San Giusto Canavese, TO[\/vc_column_text][\/vc_column][vc_column width=\u00a0\u00bb1\/2&Prime;][vc_gmaps link=\u00a0\u00bb#E-8_JTNDaWZyYW1lJTIwc3JjJTNEJTIyaHR0cHMlM0ElMkYlMkZ3d3cuZ29vZ2xlLmNvbSUyRm1hcHMlMkZlbWJlZCUzRnBiJTNEJTIxMW0xNCUyMTFtOCUyMTFtMyUyMTFkMjgwNi40OTExOTcyMzM3MDU0JTIxMmQ3LjgxNjI0NTMlMjEzZDQ1LjI5ODUwMjQlMjEzbTIlMjExaTEwMjQlMjEyaTc2OCUyMTRmMTMuMSUyMTNtMyUyMTFtMiUyMTFzMHg0Nzg4N2Q0NGY1ZjAwZTZiJTI1M0EweGI5MGE0Nzc0YzI5YjA4ZTMlMjEyc0NhcHBlbGxhJTI1MjBkaSUyNTIwU2FuJTI1MjBHaWFjb21vJTI1MjBkaSUyNTIwUnVzcGFnbGlhJTIxNWUwJTIxM20yJTIxMXNmciUyMTJzZnIlMjE0djE2MTE2NTY5MzE0OTAlMjE1bTIlMjExc2ZyJTIxMnNmciUyMiUyMHdpZHRoJTNEJTIyNjAwJTIyJTIwaGVpZ2h0JTNEJTIyNDUwJTIyJTIwZnJhbWVib3JkZXIlM0QlMjIwJTIyJTIwc3R5bGUlM0QlMjJib3JkZXIlM0EwJTNCJTIyJTIwYWxsb3dmdWxsc2NyZWVuJTNEJTIyJTIyJTIwYXJpYS1oaWRkZW4lM0QlMjJmYWxzZSUyMiUyMHRhYmluZGV4JTNEJTIyMCUyMiUzRSUzQyUyRmlmcmFtZSUzRQ==\u00a0\u00bb][\/vc_column][\/vc_row]<\/p>\n<\/div>","protected":false},"excerpt":{"rendered":"<p>[vc_row css_animation=\u00a0\u00bb\u00a0\u00bb row_type=\u00a0\u00bbrow\u00a0\u00bb use_row_as_full_screen_section=\u00a0\u00bbno\u00a0\u00bb type=\u00a0\u00bbfull_width\u00a0\u00bb angled_section=\u00a0\u00bbno\u00a0\u00bb text_align=\u00a0\u00bbleft\u00a0\u00bb background_image_as_pattern=\u00a0\u00bbwithout_pattern\u00a0\u00bb][vc_column width=\u00a0\u00bb2\/3&Prime;][vc_column_text]En 1164, les comtes de Biandrate confirment le don au Temple de tous leurs biens ad locum ubi Ruspalia dicitur et in circuitu (au lieu dit Ruspalia et dans les environs), pr\u00e8s de San Giusto Canavese. Les&#8230;<\/p>\n","protected":false},"author":16,"featured_media":0,"parent":0,"menu_order":0,"comment_status":"closed","ping_status":"closed","template":"","meta":{"footnotes":""},"class_list":["post-19527","page","type-page","status-publish","hentry"],"yoast_head":"<!-- This site is optimized with the Yoast SEO plugin v26.6 - https:\/\/yoast.com\/wordpress\/plugins\/seo\/ -->\n<title>Ruspaglia Santa Maria - Route du patrimoine templier - Templars Route European Federation (TREF)<\/title>\n<meta name=\"robots\" content=\"index, follow, max-snippet:-1, max-image-preview:large, max-video-preview:-1\" \/>\n<link rel=\"canonical\" href=\"https:\/\/www.templars-route.eu\/fr\/ruspaglia-santa-maria\/\" \/>\n<meta property=\"og:locale\" content=\"fr_FR\" \/>\n<meta property=\"og:type\" content=\"article\" \/>\n<meta property=\"og:title\" content=\"Ruspaglia Santa Maria - Route du patrimoine templier - Templars Route European Federation (TREF)\" \/>\n<meta property=\"og:description\" content=\"[vc_row css_animation=\u00a0\u00bb\u00a0\u00bb row_type=\u00a0\u00bbrow\u00a0\u00bb use_row_as_full_screen_section=\u00a0\u00bbno\u00a0\u00bb type=\u00a0\u00bbfull_width\u00a0\u00bb angled_section=\u00a0\u00bbno\u00a0\u00bb text_align=\u00a0\u00bbleft\u00a0\u00bb background_image_as_pattern=\u00a0\u00bbwithout_pattern\u00a0\u00bb][vc_column width=\u00a0\u00bb2\/3&Prime;][vc_column_text]En 1164, les comtes de Biandrate confirment le don au Temple de tous leurs biens ad locum ubi Ruspalia dicitur et in circuitu (au lieu dit Ruspalia et dans les environs), pr\u00e8s de San Giusto Canavese. Les...\" \/>\n<meta property=\"og:url\" content=\"https:\/\/www.templars-route.eu\/fr\/ruspaglia-santa-maria\/\" \/>\n<meta property=\"og:site_name\" content=\"Route du patrimoine templier - Templars Route European Federation (TREF)\" \/>\n<meta property=\"article:modified_time\" content=\"2021-01-26T10:46:06+00:00\" \/>\n<meta name=\"twitter:card\" content=\"summary_large_image\" \/>\n<meta name=\"twitter:label1\" content=\"Dur\u00e9e de lecture estim\u00e9e\" \/>\n\t<meta name=\"twitter:data1\" content=\"2 minutes\" \/>\n<script type=\"application\/ld+json\" class=\"yoast-schema-graph\">{\"@context\":\"https:\/\/schema.org\",\"@graph\":[{\"@type\":\"WebPage\",\"@id\":\"https:\/\/www.templars-route.eu\/fr\/ruspaglia-santa-maria\/\",\"url\":\"https:\/\/www.templars-route.eu\/fr\/ruspaglia-santa-maria\/\",\"name\":\"Ruspaglia Santa Maria - Route du patrimoine templier - Templars Route European Federation (TREF)\",\"isPartOf\":{\"@id\":\"https:\/\/www.templars-route.eu\/fr\/#website\"},\"datePublished\":\"2021-01-26T10:31:07+00:00\",\"dateModified\":\"2021-01-26T10:46:06+00:00\",\"breadcrumb\":{\"@id\":\"https:\/\/www.templars-route.eu\/fr\/ruspaglia-santa-maria\/#breadcrumb\"},\"inLanguage\":\"fr-FR\",\"potentialAction\":[{\"@type\":\"ReadAction\",\"target\":[\"https:\/\/www.templars-route.eu\/fr\/ruspaglia-santa-maria\/\"]}]},{\"@type\":\"BreadcrumbList\",\"@id\":\"https:\/\/www.templars-route.eu\/fr\/ruspaglia-santa-maria\/#breadcrumb\",\"itemListElement\":[{\"@type\":\"ListItem\",\"position\":1,\"name\":\"Accueil\",\"item\":\"https:\/\/www.templars-route.eu\/fr\/\"},{\"@type\":\"ListItem\",\"position\":2,\"name\":\"Ruspaglia Santa Maria\"}]},{\"@type\":\"WebSite\",\"@id\":\"https:\/\/www.templars-route.eu\/fr\/#website\",\"url\":\"https:\/\/www.templars-route.eu\/fr\/\",\"name\":\"Route du patrimoine templier - Templars Route European Federation (TREF)\",\"description\":\"Valorisation of Templar heritage in Europe\",\"potentialAction\":[{\"@type\":\"SearchAction\",\"target\":{\"@type\":\"EntryPoint\",\"urlTemplate\":\"https:\/\/www.templars-route.eu\/fr\/?s={search_term_string}\"},\"query-input\":{\"@type\":\"PropertyValueSpecification\",\"valueRequired\":true,\"valueName\":\"search_term_string\"}}],\"inLanguage\":\"fr-FR\"}]}<\/script>\n<!-- \/ Yoast SEO plugin. -->","yoast_head_json":{"title":"Ruspaglia Santa Maria - Route du patrimoine templier - Templars Route European Federation (TREF)","robots":{"index":"index","follow":"follow","max-snippet":"max-snippet:-1","max-image-preview":"max-image-preview:large","max-video-preview":"max-video-preview:-1"},"canonical":"https:\/\/www.templars-route.eu\/fr\/ruspaglia-santa-maria\/","og_locale":"fr_FR","og_type":"article","og_title":"Ruspaglia Santa Maria - Route du patrimoine templier - Templars Route European Federation (TREF)","og_description":"[vc_row css_animation=\u00a0\u00bb\u00a0\u00bb row_type=\u00a0\u00bbrow\u00a0\u00bb use_row_as_full_screen_section=\u00a0\u00bbno\u00a0\u00bb type=\u00a0\u00bbfull_width\u00a0\u00bb angled_section=\u00a0\u00bbno\u00a0\u00bb text_align=\u00a0\u00bbleft\u00a0\u00bb background_image_as_pattern=\u00a0\u00bbwithout_pattern\u00a0\u00bb][vc_column width=\u00a0\u00bb2\/3&Prime;][vc_column_text]En 1164, les comtes de Biandrate confirment le don au Temple de tous leurs biens ad locum ubi Ruspalia dicitur et in circuitu (au lieu dit Ruspalia et dans les environs), pr\u00e8s de San Giusto Canavese. Les...","og_url":"https:\/\/www.templars-route.eu\/fr\/ruspaglia-santa-maria\/","og_site_name":"Route du patrimoine templier - Templars Route European Federation (TREF)","article_modified_time":"2021-01-26T10:46:06+00:00","twitter_card":"summary_large_image","twitter_misc":{"Dur\u00e9e de lecture estim\u00e9e":"2 minutes"},"schema":{"@context":"https:\/\/schema.org","@graph":[{"@type":"WebPage","@id":"https:\/\/www.templars-route.eu\/fr\/ruspaglia-santa-maria\/","url":"https:\/\/www.templars-route.eu\/fr\/ruspaglia-santa-maria\/","name":"Ruspaglia Santa Maria - Route du patrimoine templier - Templars Route European Federation (TREF)","isPartOf":{"@id":"https:\/\/www.templars-route.eu\/fr\/#website"},"datePublished":"2021-01-26T10:31:07+00:00","dateModified":"2021-01-26T10:46:06+00:00","breadcrumb":{"@id":"https:\/\/www.templars-route.eu\/fr\/ruspaglia-santa-maria\/#breadcrumb"},"inLanguage":"fr-FR","potentialAction":[{"@type":"ReadAction","target":["https:\/\/www.templars-route.eu\/fr\/ruspaglia-santa-maria\/"]}]},{"@type":"BreadcrumbList","@id":"https:\/\/www.templars-route.eu\/fr\/ruspaglia-santa-maria\/#breadcrumb","itemListElement":[{"@type":"ListItem","position":1,"name":"Accueil","item":"https:\/\/www.templars-route.eu\/fr\/"},{"@type":"ListItem","position":2,"name":"Ruspaglia Santa Maria"}]},{"@type":"WebSite","@id":"https:\/\/www.templars-route.eu\/fr\/#website","url":"https:\/\/www.templars-route.eu\/fr\/","name":"Route du patrimoine templier - Templars Route European Federation (TREF)","description":"Valorisation of Templar heritage in Europe","potentialAction":[{"@type":"SearchAction","target":{"@type":"EntryPoint","urlTemplate":"https:\/\/www.templars-route.eu\/fr\/?s={search_term_string}"},"query-input":{"@type":"PropertyValueSpecification","valueRequired":true,"valueName":"search_term_string"}}],"inLanguage":"fr-FR"}]}},"_links":{"self":[{"href":"https:\/\/www.templars-route.eu\/fr\/wp-json\/wp\/v2\/pages\/19527\/"}],"collection":[{"href":"https:\/\/www.templars-route.eu\/fr\/wp-json\/wp\/v2\/pages\/"}],"about":[{"href":"https:\/\/www.templars-route.eu\/fr\/wp-json\/wp\/v2\/types\/page\/"}],"author":[{"embeddable":true,"href":"https:\/\/www.templars-route.eu\/fr\/wp-json\/wp\/v2\/users\/16\/"}],"replies":[{"embeddable":true,"href":"https:\/\/www.templars-route.eu\/fr\/wp-json\/wp\/v2\/comments\/?post=19527"}],"version-history":[{"count":1,"href":"https:\/\/www.templars-route.eu\/fr\/wp-json\/wp\/v2\/pages\/19527\/revisions\/"}],"predecessor-version":[{"id":19537,"href":"https:\/\/www.templars-route.eu\/fr\/wp-json\/wp\/v2\/pages\/19527\/revisions\/19537\/"}],"wp:attachment":[{"href":"https:\/\/www.templars-route.eu\/fr\/wp-json\/wp\/v2\/media\/?parent=19527"}],"curies":[{"name":"wp","href":"https:\/\/api.w.org\/{rel}","templated":true}]}}