{"id":19049,"date":"2021-01-20T14:50:27","date_gmt":"2021-01-20T13:50:27","guid":{"rendered":"https:\/\/www.templars-route.eu\/?page_id=19049"},"modified":"2021-01-20T14:50:27","modified_gmt":"2021-01-20T13:50:27","slug":"eglise-de-temple-church-a-londres","status":"publish","type":"page","link":"https:\/\/www.templars-route.eu\/fr\/eglise-de-temple-church-a-londres\/","title":{"rendered":"Eglise de Temple Church \u00e0 Londres"},"content":{"rendered":"<div class=\"wpb-content-wrapper\"><p>[vc_row css_animation=\u00a0\u00bb\u00a0\u00bb row_type=\u00a0\u00bbrow\u00a0\u00bb use_row_as_full_screen_section=\u00a0\u00bbno\u00a0\u00bb type=\u00a0\u00bbfull_width\u00a0\u00bb angled_section=\u00a0\u00bbno\u00a0\u00bb text_align=\u00a0\u00bbleft\u00a0\u00bb background_image_as_pattern=\u00a0\u00bbwithout_pattern\u00a0\u00bb][vc_column width=\u00a0\u00bb2\/3&Prime;][vc_column_text]La commanderie du Temple de Londres puise ses origines dans la maison d\u2019Holborn fond\u00e9e en 1128, peu apr\u00e8s le passage d\u2019Hugues de Payns en Angleterre.<\/p>\n<p>&nbsp;<\/p>\n<p>Devenue le centre administratif de l\u2019Ordre en Angleterre, la commanderie, trop \u00e9troite (d\u00e9sormais <em>Old Temple<\/em>), fut d\u00e9plac\u00e9e en 1161 \u00e0 son emplacement actuel, entre Fleet Street et la Tamise, sur un terrain conc\u00e9d\u00e9 par le roi Henri II Plantagen\u00eat (<em>New Temple<\/em>). L\u2019\u00e9glise, consacr\u00e9e en 1185 en l\u2019honneur de la Vierge, \u00e0 plan circulaire est une \u00e9vocation du Saint-S\u00e9pulcre de J\u00e9rusalem. Proche du pouvoir royal, New Temple servit de banque pour le roi qui y d\u00e9posait son tr\u00e9sor. En 1215, lors de la r\u00e9volte des barons qui devait mener \u00e0 la conclusion de la Magna Carta, Jean sans Terre trouva refuge au Temple de Londres.<\/p>\n<p>Apr\u00e8s la suppression de l\u2019Ordre, la commanderie londonienne fut transmise en 1324 avec tous ses biens \u00e0 l\u2019H\u00f4pital. En 1540, l\u2019ordre de l\u2019H\u00f4pital fut supprim\u00e9 en Angleterre avec l\u2019ensemble des ordres religieux. <em>New Temple<\/em> fut alors lou\u00e9 aux juristes du barreau de Londres, les <em>Inns of Court<\/em>, qui occupent toujours les lieux et on fait de l\u2019\u00e9glise du Temple leur chapelle priv\u00e9e, desservie par un eccl\u00e9siastique, appel\u00e9 Ma\u00eetre du Temple. L\u2019\u00e9glise, s\u00e9rieusement endommag\u00e9e lors du bombardement allemand de Londres le 10 mai 1941, fut restaur\u00e9e dans les ann\u00e9es 1950. Elle conserve une s\u00e9rie de 10 gisants de chevaliers en marbre du XIIIe si\u00e8cle\u00a0: il ne s\u2019agit pas de chevaliers du Temple mais de barons anglais ayant \u00e9lus s\u00e9pulture \u00e0 cet endroit, dont Guillaume, comte de Pembroke et mar\u00e9chal des rois d\u2019Angleterre de 1194 \u00e0 1219.<\/p>\n<p>&nbsp;<\/p>\n<p>Temple Church est membre de la Templars Route European Federation depuis 2018.<br \/>\nSon \u00e9glise est libre d\u2019acc\u00e8s tous les jours[\/vc_column_text][\/vc_column][vc_column width=\u00a0\u00bb1\/3&Prime;][vc_gallery interval=\u00a0\u00bb3&Prime; images=\u00a0\u00bb18182,18490&Prime; img_size=\u00a0\u00bblarge\u00a0\u00bb][\/vc_column][\/vc_row][vc_row css_animation=\u00a0\u00bb\u00a0\u00bb row_type=\u00a0\u00bbrow\u00a0\u00bb use_row_as_full_screen_section=\u00a0\u00bbno\u00a0\u00bb type=\u00a0\u00bbfull_width\u00a0\u00bb angled_section=\u00a0\u00bbno\u00a0\u00bb text_align=\u00a0\u00bbleft\u00a0\u00bb background_image_as_pattern=\u00a0\u00bbwithout_pattern\u00a0\u00bb][vc_column][vc_empty_space height=\u00a0\u00bb60px\u00a0\u00bb][\/vc_column][\/vc_row][vc_row css_animation=\u00a0\u00bb\u00a0\u00bb row_type=\u00a0\u00bbrow\u00a0\u00bb use_row_as_full_screen_section=\u00a0\u00bbno\u00a0\u00bb type=\u00a0\u00bbfull_width\u00a0\u00bb angled_section=\u00a0\u00bbno\u00a0\u00bb text_align=\u00a0\u00bbleft\u00a0\u00bb background_image_as_pattern=\u00a0\u00bbwithout_pattern\u00a0\u00bb][vc_column width=\u00a0\u00bb1\/2&Prime;][vc_column_text]<\/p>\n<h3>Coordonn\u00e9es<\/h3>\n<p>Temple Church Office<br \/>\n1 Inner Temple Lane<br \/>\nTemple<br \/>\nLondon EC4Y 1AF<br \/>\n<a href=\"http:\/\/www.templechurch.com\/\" target=\"_blank\" rel=\"noopener noreferrer\">www.templechurch.com<\/a>[\/vc_column_text][\/vc_column][vc_column width=\u00a0\u00bb1\/2&Prime;]<div id='wrap_map_69d67f7219d00' class='ultimate-map-wrapper ult-adjust-bottom-margin ' style=' height:300px;'><div id='map_69d67f7219d00' data-map_override='0' class='ultimate_google_map wpb_content_element 0' style='width:100%;height:300px;'><\/div><\/div><script type='text\/javascript'>\n\t\t\t(function($) {\n  \t\t\t'use strict';\n\t\t\tvar map_map_69d67f7219d00 = null;\n\t\t\tvar coordinate_map_69d67f7219d00;\n\t\t\tvar isDraggable = $(document).width() > 641 ? 'true' : 'true';\n\t\t\ttry\n\t\t\t{\n\t\t\t\tvar map_map_69d67f7219d00 = null;\n\t\t\t\tvar coordinate_map_69d67f7219d00;\n\t\t\t\tcoordinate_map_69d67f7219d00 = new google.maps.LatLng(51.513267, -0.1124534);\n\t\t\t\tvar mapOptions=\n\t\t\t\t{\n\t\t\t\t\tzoom: 12,\n\t\t\t\t\tcenter: coordinate_map_69d67f7219d00,\n\t\t\t\t\tscaleControl: true,\n\t\t\t\t\tstreetViewControl: false,\n\t\t\t\t\tmapTypeControl: false,\n\t\t\t\t\tpanControl: false,\n\t\t\t\t\tzoomControl: false,\n\t\t\t\t\tscrollwheel: true,\n\t\t\t\t\tdraggable: isDraggable,\n\t\t\t\t\tzoomControlOptions: {\n\t\t\t\t\t\tposition: google.maps.ControlPosition.right_bottom\n\t\t\t\t\t},mapTypeId: google.maps.MapTypeId.roadmap,};var map_map_69d67f7219d00 = new google.maps.Map(document.getElementById('map_69d67f7219d00'),mapOptions);\n\t\t\t\t\t\tvar x = 'infowindow_open_value';\n\t\t\t\t\t\tvar marker_map_69d67f7219d00 = new google.maps.Marker({\n\t\t\t\t\t\tposition: new google.maps.LatLng('51.513267', '-0.1124534'),\n\t\t\t\t\t\tanimation:  google.maps.Animation.DROP,\n\t\t\t\t\t\tmap: map_map_69d67f7219d00,\n\t\t\t\t\t\ticon: ''\n\t\t\t\t\t});\tgoogle.maps.event.addListener(marker_map_69d67f7219d00, 'click', toggleBounce);}\n\t\t\tcatch(e){};\n\t\t\tjQuery(document).ready(function($){\n\t\t\t\tgoogle.maps.event.trigger(map_map_69d67f7219d00, 'resize');\n\t\t\t\t$(window).on('resize', function(){\n\t\t\t\t\tgoogle.maps.event.trigger(map_map_69d67f7219d00, 'resize');\n\t\t\t\t\tif(map_map_69d67f7219d00!=null)\n\t\t\t\t\t\tmap_map_69d67f7219d00.setCenter(coordinate_map_69d67f7219d00);\n\t\t\t\t});\n\t\t\t\t$('.ui-tabs').on('tabsactivate', function(event, ui) {\n\t\t\t\t   if($(this).find('.ultimate-map-wrapper').length > 0)\n\t\t\t\t\t{\n\t\t\t\t\t\tsetTimeout(function(){\n\t\t\t\t\t\t\t$(window).trigger('resize');\n\t\t\t\t\t\t},200);\n\t\t\t\t\t}\n\t\t\t\t});\n\t\t\t\t$('.ui-accordion').on('accordionactivate', function(event, ui) {\n\t\t\t\t   if($(this).find('.ultimate-map-wrapper').length > 0)\n\t\t\t\t\t{\n\t\t\t\t\t\tsetTimeout(function(){\n\t\t\t\t\t\t\t$(window).trigger('resize');\n\t\t\t\t\t\t},200);\n\t\t\t\t\t}\n\t\t\t\t});\n\t\t\t\t$(window).on('load',function(){\n\t\t\t\t\tsetTimeout(function(){\n\t\t\t\t\t\t$(window).trigger('resize');\n\t\t\t\t\t},200);\n\t\t\t\t});\n\t\t\t\t$('.ult_exp_section').on('select', function(){\n\t\t\t\t\tif($(map_map_69d67f7219d00).parents('.ult_exp_section'))\n\t\t\t\t\t{\n\t\t\t\t\t\tsetTimeout(function(){\n\t\t\t\t\t\t\t$(window).trigger('resize');\n\t\t\t\t\t\t},200);\n\t\t\t\t\t}\n\t\t\t\t});\n\t\t\t\t$(document).on('onUVCModalPopupOpen', function(){\n\t\t\t\t\tif($(map_map_69d67f7219d00).parents('.ult_modal-content'))\n\t\t\t\t\t{\n\t\t\t\t\t\tsetTimeout(function(){\n\t\t\t\t\t\t\t$(window).trigger('resize');\n\t\t\t\t\t\t},200);\n\t\t\t\t\t}\n\t\t\t\t});\n\t\t\t\t$(document).on('click','.ult_tab_li',function(){\n\t\t\t\t\t$(window).trigger('resize');\n\t\t\t\t\tsetTimeout(function(){\n\t\t\t\t\t\t$(window).trigger('resize');\n\t\t\t\t\t},200);\n\t\t\t\t});\n\t\t\t});\n\t\t\tfunction toggleBounce() {\n\t\t\t  if (marker_map_69d67f7219d00.getAnimation() != null) {\n\t\t\t\tmarker_map_69d67f7219d00.setAnimation(null);\n\t\t\t  } else {\n\t\t\t\tmarker_map_69d67f7219d00.setAnimation(google.maps.Animation.BOUNCE);\n\t\t\t  }\n\t\t\t}\n\t\t\t})(jQuery);\n\t\t\t<\/script>[\/vc_column][\/vc_row]<\/p>\n<\/div>","protected":false},"excerpt":{"rendered":"<p>[vc_row css_animation=\u00a0\u00bb\u00a0\u00bb row_type=\u00a0\u00bbrow\u00a0\u00bb use_row_as_full_screen_section=\u00a0\u00bbno\u00a0\u00bb type=\u00a0\u00bbfull_width\u00a0\u00bb angled_section=\u00a0\u00bbno\u00a0\u00bb text_align=\u00a0\u00bbleft\u00a0\u00bb background_image_as_pattern=\u00a0\u00bbwithout_pattern\u00a0\u00bb][vc_column width=\u00a0\u00bb2\/3&Prime;][vc_column_text]La commanderie du Temple de Londres puise ses origines dans la maison d\u2019Holborn fond\u00e9e en 1128, peu apr\u00e8s le passage d\u2019Hugues de Payns en Angleterre. &nbsp; Devenue le centre administratif de l\u2019Ordre en Angleterre, la commanderie, trop&#8230;<\/p>\n","protected":false},"author":27,"featured_media":0,"parent":0,"menu_order":0,"comment_status":"closed","ping_status":"closed","template":"","meta":{"footnotes":""},"class_list":["post-19049","page","type-page","status-publish","hentry"],"yoast_head":"<!-- This site is optimized with the Yoast SEO plugin v26.6 - https:\/\/yoast.com\/wordpress\/plugins\/seo\/ -->\n<title>Eglise de Temple Church \u00e0 Londres - Route du patrimoine templier - Templars Route European Federation (TREF)<\/title>\n<meta name=\"robots\" content=\"index, follow, max-snippet:-1, max-image-preview:large, max-video-preview:-1\" \/>\n<link rel=\"canonical\" href=\"https:\/\/www.templars-route.eu\/fr\/eglise-de-temple-church-a-londres\/\" \/>\n<meta property=\"og:locale\" content=\"fr_FR\" \/>\n<meta property=\"og:type\" content=\"article\" \/>\n<meta property=\"og:title\" content=\"Eglise de Temple Church \u00e0 Londres - Route du patrimoine templier - Templars Route European Federation (TREF)\" \/>\n<meta property=\"og:description\" content=\"[vc_row css_animation=\u00a0\u00bb\u00a0\u00bb row_type=\u00a0\u00bbrow\u00a0\u00bb use_row_as_full_screen_section=\u00a0\u00bbno\u00a0\u00bb type=\u00a0\u00bbfull_width\u00a0\u00bb angled_section=\u00a0\u00bbno\u00a0\u00bb text_align=\u00a0\u00bbleft\u00a0\u00bb background_image_as_pattern=\u00a0\u00bbwithout_pattern\u00a0\u00bb][vc_column width=\u00a0\u00bb2\/3&Prime;][vc_column_text]La commanderie du Temple de Londres puise ses origines dans la maison d\u2019Holborn fond\u00e9e en 1128, peu apr\u00e8s le passage d\u2019Hugues de Payns en Angleterre. &nbsp; Devenue le centre administratif de l\u2019Ordre en Angleterre, la commanderie, trop...\" \/>\n<meta property=\"og:url\" content=\"https:\/\/www.templars-route.eu\/fr\/eglise-de-temple-church-a-londres\/\" \/>\n<meta property=\"og:site_name\" content=\"Route du patrimoine templier - Templars Route European Federation (TREF)\" \/>\n<meta name=\"twitter:card\" content=\"summary_large_image\" \/>\n<meta name=\"twitter:label1\" content=\"Dur\u00e9e de lecture estim\u00e9e\" \/>\n\t<meta name=\"twitter:data1\" content=\"2 minutes\" \/>\n<script type=\"application\/ld+json\" class=\"yoast-schema-graph\">{\"@context\":\"https:\/\/schema.org\",\"@graph\":[{\"@type\":\"WebPage\",\"@id\":\"https:\/\/www.templars-route.eu\/fr\/eglise-de-temple-church-a-londres\/\",\"url\":\"https:\/\/www.templars-route.eu\/fr\/eglise-de-temple-church-a-londres\/\",\"name\":\"Eglise de Temple Church \u00e0 Londres - Route du patrimoine templier - Templars Route European Federation (TREF)\",\"isPartOf\":{\"@id\":\"https:\/\/www.templars-route.eu\/fr\/#website\"},\"datePublished\":\"2021-01-20T13:50:27+00:00\",\"breadcrumb\":{\"@id\":\"https:\/\/www.templars-route.eu\/fr\/eglise-de-temple-church-a-londres\/#breadcrumb\"},\"inLanguage\":\"fr-FR\",\"potentialAction\":[{\"@type\":\"ReadAction\",\"target\":[\"https:\/\/www.templars-route.eu\/fr\/eglise-de-temple-church-a-londres\/\"]}]},{\"@type\":\"BreadcrumbList\",\"@id\":\"https:\/\/www.templars-route.eu\/fr\/eglise-de-temple-church-a-londres\/#breadcrumb\",\"itemListElement\":[{\"@type\":\"ListItem\",\"position\":1,\"name\":\"Accueil\",\"item\":\"https:\/\/www.templars-route.eu\/fr\/\"},{\"@type\":\"ListItem\",\"position\":2,\"name\":\"Eglise de Temple Church \u00e0 Londres\"}]},{\"@type\":\"WebSite\",\"@id\":\"https:\/\/www.templars-route.eu\/fr\/#website\",\"url\":\"https:\/\/www.templars-route.eu\/fr\/\",\"name\":\"Route du patrimoine templier - Templars Route European Federation (TREF)\",\"description\":\"Valorisation of Templar heritage in Europe\",\"potentialAction\":[{\"@type\":\"SearchAction\",\"target\":{\"@type\":\"EntryPoint\",\"urlTemplate\":\"https:\/\/www.templars-route.eu\/fr\/?s={search_term_string}\"},\"query-input\":{\"@type\":\"PropertyValueSpecification\",\"valueRequired\":true,\"valueName\":\"search_term_string\"}}],\"inLanguage\":\"fr-FR\"}]}<\/script>\n<!-- \/ Yoast SEO plugin. -->","yoast_head_json":{"title":"Eglise de Temple Church \u00e0 Londres - Route du patrimoine templier - Templars Route European Federation (TREF)","robots":{"index":"index","follow":"follow","max-snippet":"max-snippet:-1","max-image-preview":"max-image-preview:large","max-video-preview":"max-video-preview:-1"},"canonical":"https:\/\/www.templars-route.eu\/fr\/eglise-de-temple-church-a-londres\/","og_locale":"fr_FR","og_type":"article","og_title":"Eglise de Temple Church \u00e0 Londres - Route du patrimoine templier - Templars Route European Federation (TREF)","og_description":"[vc_row css_animation=\u00a0\u00bb\u00a0\u00bb row_type=\u00a0\u00bbrow\u00a0\u00bb use_row_as_full_screen_section=\u00a0\u00bbno\u00a0\u00bb type=\u00a0\u00bbfull_width\u00a0\u00bb angled_section=\u00a0\u00bbno\u00a0\u00bb text_align=\u00a0\u00bbleft\u00a0\u00bb background_image_as_pattern=\u00a0\u00bbwithout_pattern\u00a0\u00bb][vc_column width=\u00a0\u00bb2\/3&Prime;][vc_column_text]La commanderie du Temple de Londres puise ses origines dans la maison d\u2019Holborn fond\u00e9e en 1128, peu apr\u00e8s le passage d\u2019Hugues de Payns en Angleterre. &nbsp; Devenue le centre administratif de l\u2019Ordre en Angleterre, la commanderie, trop...","og_url":"https:\/\/www.templars-route.eu\/fr\/eglise-de-temple-church-a-londres\/","og_site_name":"Route du patrimoine templier - Templars Route European Federation (TREF)","twitter_card":"summary_large_image","twitter_misc":{"Dur\u00e9e de lecture estim\u00e9e":"2 minutes"},"schema":{"@context":"https:\/\/schema.org","@graph":[{"@type":"WebPage","@id":"https:\/\/www.templars-route.eu\/fr\/eglise-de-temple-church-a-londres\/","url":"https:\/\/www.templars-route.eu\/fr\/eglise-de-temple-church-a-londres\/","name":"Eglise de Temple Church \u00e0 Londres - Route du patrimoine templier - Templars Route European Federation (TREF)","isPartOf":{"@id":"https:\/\/www.templars-route.eu\/fr\/#website"},"datePublished":"2021-01-20T13:50:27+00:00","breadcrumb":{"@id":"https:\/\/www.templars-route.eu\/fr\/eglise-de-temple-church-a-londres\/#breadcrumb"},"inLanguage":"fr-FR","potentialAction":[{"@type":"ReadAction","target":["https:\/\/www.templars-route.eu\/fr\/eglise-de-temple-church-a-londres\/"]}]},{"@type":"BreadcrumbList","@id":"https:\/\/www.templars-route.eu\/fr\/eglise-de-temple-church-a-londres\/#breadcrumb","itemListElement":[{"@type":"ListItem","position":1,"name":"Accueil","item":"https:\/\/www.templars-route.eu\/fr\/"},{"@type":"ListItem","position":2,"name":"Eglise de Temple Church \u00e0 Londres"}]},{"@type":"WebSite","@id":"https:\/\/www.templars-route.eu\/fr\/#website","url":"https:\/\/www.templars-route.eu\/fr\/","name":"Route du patrimoine templier - Templars Route European Federation (TREF)","description":"Valorisation of Templar heritage in Europe","potentialAction":[{"@type":"SearchAction","target":{"@type":"EntryPoint","urlTemplate":"https:\/\/www.templars-route.eu\/fr\/?s={search_term_string}"},"query-input":{"@type":"PropertyValueSpecification","valueRequired":true,"valueName":"search_term_string"}}],"inLanguage":"fr-FR"}]}},"_links":{"self":[{"href":"https:\/\/www.templars-route.eu\/fr\/wp-json\/wp\/v2\/pages\/19049\/"}],"collection":[{"href":"https:\/\/www.templars-route.eu\/fr\/wp-json\/wp\/v2\/pages\/"}],"about":[{"href":"https:\/\/www.templars-route.eu\/fr\/wp-json\/wp\/v2\/types\/page\/"}],"author":[{"embeddable":true,"href":"https:\/\/www.templars-route.eu\/fr\/wp-json\/wp\/v2\/users\/27\/"}],"replies":[{"embeddable":true,"href":"https:\/\/www.templars-route.eu\/fr\/wp-json\/wp\/v2\/comments\/?post=19049"}],"version-history":[{"count":5,"href":"https:\/\/www.templars-route.eu\/fr\/wp-json\/wp\/v2\/pages\/19049\/revisions\/"}],"predecessor-version":[{"id":19054,"href":"https:\/\/www.templars-route.eu\/fr\/wp-json\/wp\/v2\/pages\/19049\/revisions\/19054\/"}],"wp:attachment":[{"href":"https:\/\/www.templars-route.eu\/fr\/wp-json\/wp\/v2\/media\/?parent=19049"}],"curies":[{"name":"wp","href":"https:\/\/api.w.org\/{rel}","templated":true}]}}