{"id":18277,"date":"2020-12-03T15:31:09","date_gmt":"2020-12-03T14:31:09","guid":{"rendered":"https:\/\/www.templars-route.eu\/?page_id=18277"},"modified":"2021-07-08T16:14:35","modified_gmt":"2021-07-08T14:14:35","slug":"le-chateau-de-chinon","status":"publish","type":"page","link":"https:\/\/www.templars-route.eu\/fr\/le-chateau-de-chinon\/","title":{"rendered":"Le ch\u00e2teau de Chinon"},"content":{"rendered":"<div class=\"wpb-content-wrapper\"><p>[vc_row css_animation=\u00a0\u00bb\u00a0\u00bb row_type=\u00a0\u00bbrow\u00a0\u00bb use_row_as_full_screen_section=\u00a0\u00bbno\u00a0\u00bb type=\u00a0\u00bbfull_width\u00a0\u00bb angled_section=\u00a0\u00bbno\u00a0\u00bb text_align=\u00a0\u00bbleft\u00a0\u00bb background_image_as_pattern=\u00a0\u00bbwithout_pattern\u00a0\u00bb][vc_column width=\u00a0\u00bb2\/3&Prime;][vc_column_text]L\u2019ordre du Temple poss\u00e9dait, au plus tard en 1213, d\u2019une maison \u00e0 Chinon d\u00e9pendant de la commanderie de Bouchard-Brizay. C\u2019est aussi \u00e0 Chinon, dans la tour du Coudray de la forteresse royale, que Jacques de Molay et quatre autres dignitaires de l\u2019Ordre,\u00a0<a title=\"Raimbaud de Caromb\" href=\"https:\/\/fr.wikipedia.org\/wiki\/Raimbaud_de_Caromb\" target=\"_blank\" rel=\"noopener noreferrer\" data-saferedirecturl=\"https:\/\/www.google.com\/url?q=https:\/\/fr.wikipedia.org\/wiki\/Raimbaud_de_Caromb&amp;source=gmail&amp;ust=1607091978799000&amp;usg=AFQjCNFky_5TAa3iVv-l0Mn2wXf6mBat1Q\">Raimbaud de Caromb<\/a>,\u00a0<a title=\"\" href=\"https:\/\/fr.wikipedia.org\/wiki\/Hugues_de_Pairaud\" target=\"_blank\" rel=\"noopener noreferrer\" data-saferedirecturl=\"https:\/\/www.google.com\/url?q=https:\/\/fr.wikipedia.org\/wiki\/Hugues_de_Pairaud&amp;source=gmail&amp;ust=1607091978799000&amp;usg=AFQjCNFV7jU2XHnNzjUjuYlRCcY5LbtQRg\">Hugues de Pairaud<\/a>, Geoffroy de Gonneville et\u00a0<a title=\"\" href=\"https:\/\/fr.wikipedia.org\/wiki\/Geoffroy_de_Charnay\" target=\"_blank\" rel=\"noopener noreferrer\" data-saferedirecturl=\"https:\/\/www.google.com\/url?q=https:\/\/fr.wikipedia.org\/wiki\/Geoffroy_de_Charnay&amp;source=gmail&amp;ust=1607091978799000&amp;usg=AFQjCNE_zrjjyUD1eTUDeItMrfi6Zdu58g\">Geoffroy de Charnay<\/a> furent emprisonn\u00e9s \u00e0 l\u2019\u00e9t\u00e9 1308. Du 17 au 20, ils furent interrog\u00e9s par une commission pontificale envoy\u00e9e par Cl\u00e9ment V et compos\u00e9e de trois cardinaux et devant laquelle ils reconnurent leurs erreurs et furent absous. Le proc\u00e8s-verbal original de cet interrogatoire fut d\u00e9couvert en 2001 aux Archives secr\u00e8tes du Vatican.[\/vc_column_text][vc_empty_space][vc_column_text]Lien\u00a0:\u00a0<a href=\"https:\/\/www.forteressechinon.fr\/fr\/\" target=\"_blank\" rel=\"noopener noreferrer\" data-saferedirecturl=\"https:\/\/www.google.com\/url?q=https:\/\/www.forteressechinon.fr\/fr\/&amp;source=gmail&amp;ust=1607091978799000&amp;usg=AFQjCNF8n_NMkI4CbnRStUEoWgUr3u-1dg\">https:\/\/www.forteressechinon.fr\/fr\/<\/a>[\/vc_column_text][\/vc_column][vc_column width=\u00a0\u00bb1\/3&Prime;][vc_single_image image=\u00a0\u00bb18280&Prime; img_size=\u00a0\u00bblarge\u00a0\u00bb alignment=\u00a0\u00bbcenter\u00a0\u00bb qode_css_animation=\u00a0\u00bb\u00a0\u00bb][\/vc_column][\/vc_row][vc_row css_animation=\u00a0\u00bb\u00a0\u00bb row_type=\u00a0\u00bbrow\u00a0\u00bb use_row_as_full_screen_section=\u00a0\u00bbno\u00a0\u00bb type=\u00a0\u00bbfull_width\u00a0\u00bb angled_section=\u00a0\u00bbno\u00a0\u00bb text_align=\u00a0\u00bbleft\u00a0\u00bb background_image_as_pattern=\u00a0\u00bbwithout_pattern\u00a0\u00bb][vc_column][vc_empty_space][\/vc_column][\/vc_row][vc_row css_animation=\u00a0\u00bb\u00a0\u00bb row_type=\u00a0\u00bbrow\u00a0\u00bb use_row_as_full_screen_section=\u00a0\u00bbno\u00a0\u00bb type=\u00a0\u00bbfull_width\u00a0\u00bb angled_section=\u00a0\u00bbno\u00a0\u00bb text_align=\u00a0\u00bbleft\u00a0\u00bb background_image_as_pattern=\u00a0\u00bbwithout_pattern\u00a0\u00bb][vc_column width=\u00a0\u00bb1\/2&Prime;][vc_column_text]<\/p>\n<h3>Coordon\u00e9es<\/h3>\n<p>&nbsp;<\/p>\n<p>Ch\u00e2teau de Chinon<br \/>\n2 rue du Ch\u00e2teau<br \/>\n37500 Chinon[\/vc_column_text][\/vc_column][vc_column width=\u00a0\u00bb1\/2&Prime;][vc_gmaps link=\u00a0\u00bb#E-8_JTNDaWZyYW1lJTIwc3JjJTNEJTIyaHR0cHMlM0ElMkYlMkZ3d3cuZ29vZ2xlLmNvbSUyRm1hcHMlMkZlbWJlZCUzRnBiJTNEJTIxMW0xOCUyMTFtMTIlMjExbTMlMjExZDI3MTIuNDc2ODMwNjgwNzIzNyUyMTJkMC4yMzM0MjYzMTU2MTUzMzM2JTIxM2Q0Ny4xNjgwOTk5NzkxNTc5NyUyMTJtMyUyMTFmMCUyMTJmMCUyMTNmMCUyMTNtMiUyMTFpMTAyNCUyMTJpNzY4JTIxNGYxMy4xJTIxM20zJTIxMW0yJTIxMXMweDQ3ZjE4Y2IyMDVmMDU2ZjklMjUzQTB4NzgwYzQ4YTBhNDcwZjY5YSUyMTJzRm9ydGVyZXNzZSUyNTIwUm95YWxlJTI1MjBkZSUyNTIwQ2hpbm9uJTIxNWUwJTIxM20yJTIxMXNmciUyMTJzZnIlMjE0djE2MDcwMDYxNjA3NzUlMjE1bTIlMjExc2ZyJTIxMnNmciUyMiUyMHdpZHRoJTNEJTIyNjAwJTIyJTIwaGVpZ2h0JTNEJTIyNDUwJTIyJTIwZnJhbWVib3JkZXIlM0QlMjIwJTIyJTIwc3R5bGUlM0QlMjJib3JkZXIlM0EwJTNCJTIyJTIwYWxsb3dmdWxsc2NyZWVuJTNEJTIyJTIyJTIwYXJpYS1oaWRkZW4lM0QlMjJmYWxzZSUyMiUyMHRhYmluZGV4JTNEJTIyMCUyMiUzRSUzQyUyRmlmcmFtZSUzRQ==\u00a0\u00bb][\/vc_column][\/vc_row]<\/p>\n<\/div>","protected":false},"excerpt":{"rendered":"<p>[vc_row css_animation=\u00a0\u00bb\u00a0\u00bb row_type=\u00a0\u00bbrow\u00a0\u00bb use_row_as_full_screen_section=\u00a0\u00bbno\u00a0\u00bb type=\u00a0\u00bbfull_width\u00a0\u00bb angled_section=\u00a0\u00bbno\u00a0\u00bb text_align=\u00a0\u00bbleft\u00a0\u00bb background_image_as_pattern=\u00a0\u00bbwithout_pattern\u00a0\u00bb][vc_column width=\u00a0\u00bb2\/3&Prime;][vc_column_text]L\u2019ordre du Temple poss\u00e9dait, au plus tard en 1213, d\u2019une maison \u00e0 Chinon d\u00e9pendant de la commanderie de Bouchard-Brizay. C\u2019est aussi \u00e0 Chinon, dans la tour du Coudray de la forteresse royale, que Jacques de Molay et&#8230;<\/p>\n","protected":false},"author":27,"featured_media":0,"parent":0,"menu_order":0,"comment_status":"closed","ping_status":"closed","template":"","meta":{"footnotes":""},"class_list":["post-18277","page","type-page","status-publish","hentry"],"yoast_head":"<!-- This site is optimized with the Yoast SEO plugin v26.6 - https:\/\/yoast.com\/wordpress\/plugins\/seo\/ -->\n<title>Le ch\u00e2teau de Chinon - Route du patrimoine templier - Templars Route European Federation (TREF)<\/title>\n<meta name=\"robots\" content=\"index, follow, max-snippet:-1, max-image-preview:large, max-video-preview:-1\" \/>\n<link rel=\"canonical\" href=\"https:\/\/www.templars-route.eu\/fr\/le-chateau-de-chinon\/\" \/>\n<meta property=\"og:locale\" content=\"fr_FR\" \/>\n<meta property=\"og:type\" content=\"article\" \/>\n<meta property=\"og:title\" content=\"Le ch\u00e2teau de Chinon - Route du patrimoine templier - Templars Route European Federation (TREF)\" \/>\n<meta property=\"og:description\" content=\"[vc_row css_animation=\u00a0\u00bb\u00a0\u00bb row_type=\u00a0\u00bbrow\u00a0\u00bb use_row_as_full_screen_section=\u00a0\u00bbno\u00a0\u00bb type=\u00a0\u00bbfull_width\u00a0\u00bb angled_section=\u00a0\u00bbno\u00a0\u00bb text_align=\u00a0\u00bbleft\u00a0\u00bb background_image_as_pattern=\u00a0\u00bbwithout_pattern\u00a0\u00bb][vc_column width=\u00a0\u00bb2\/3&Prime;][vc_column_text]L\u2019ordre du Temple poss\u00e9dait, au plus tard en 1213, d\u2019une maison \u00e0 Chinon d\u00e9pendant de la commanderie de Bouchard-Brizay. C\u2019est aussi \u00e0 Chinon, dans la tour du Coudray de la forteresse royale, que Jacques de Molay et...\" \/>\n<meta property=\"og:url\" content=\"https:\/\/www.templars-route.eu\/fr\/le-chateau-de-chinon\/\" \/>\n<meta property=\"og:site_name\" content=\"Route du patrimoine templier - Templars Route European Federation (TREF)\" \/>\n<meta property=\"article:modified_time\" content=\"2021-07-08T14:14:35+00:00\" \/>\n<meta name=\"twitter:card\" content=\"summary_large_image\" \/>\n<meta name=\"twitter:label1\" content=\"Dur\u00e9e de lecture estim\u00e9e\" \/>\n\t<meta name=\"twitter:data1\" content=\"2 minutes\" \/>\n<script type=\"application\/ld+json\" class=\"yoast-schema-graph\">{\"@context\":\"https:\/\/schema.org\",\"@graph\":[{\"@type\":\"WebPage\",\"@id\":\"https:\/\/www.templars-route.eu\/fr\/le-chateau-de-chinon\/\",\"url\":\"https:\/\/www.templars-route.eu\/fr\/le-chateau-de-chinon\/\",\"name\":\"Le ch\u00e2teau de Chinon - Route du patrimoine templier - Templars Route European Federation (TREF)\",\"isPartOf\":{\"@id\":\"https:\/\/www.templars-route.eu\/fr\/#website\"},\"datePublished\":\"2020-12-03T14:31:09+00:00\",\"dateModified\":\"2021-07-08T14:14:35+00:00\",\"breadcrumb\":{\"@id\":\"https:\/\/www.templars-route.eu\/fr\/le-chateau-de-chinon\/#breadcrumb\"},\"inLanguage\":\"fr-FR\",\"potentialAction\":[{\"@type\":\"ReadAction\",\"target\":[\"https:\/\/www.templars-route.eu\/fr\/le-chateau-de-chinon\/\"]}]},{\"@type\":\"BreadcrumbList\",\"@id\":\"https:\/\/www.templars-route.eu\/fr\/le-chateau-de-chinon\/#breadcrumb\",\"itemListElement\":[{\"@type\":\"ListItem\",\"position\":1,\"name\":\"Accueil\",\"item\":\"https:\/\/www.templars-route.eu\/fr\/\"},{\"@type\":\"ListItem\",\"position\":2,\"name\":\"Le ch\u00e2teau de Chinon\"}]},{\"@type\":\"WebSite\",\"@id\":\"https:\/\/www.templars-route.eu\/fr\/#website\",\"url\":\"https:\/\/www.templars-route.eu\/fr\/\",\"name\":\"Route du patrimoine templier - Templars Route European Federation (TREF)\",\"description\":\"Valorisation of Templar heritage in Europe\",\"potentialAction\":[{\"@type\":\"SearchAction\",\"target\":{\"@type\":\"EntryPoint\",\"urlTemplate\":\"https:\/\/www.templars-route.eu\/fr\/?s={search_term_string}\"},\"query-input\":{\"@type\":\"PropertyValueSpecification\",\"valueRequired\":true,\"valueName\":\"search_term_string\"}}],\"inLanguage\":\"fr-FR\"}]}<\/script>\n<!-- \/ Yoast SEO plugin. -->","yoast_head_json":{"title":"Le ch\u00e2teau de Chinon - Route du patrimoine templier - Templars Route European Federation (TREF)","robots":{"index":"index","follow":"follow","max-snippet":"max-snippet:-1","max-image-preview":"max-image-preview:large","max-video-preview":"max-video-preview:-1"},"canonical":"https:\/\/www.templars-route.eu\/fr\/le-chateau-de-chinon\/","og_locale":"fr_FR","og_type":"article","og_title":"Le ch\u00e2teau de Chinon - Route du patrimoine templier - Templars Route European Federation (TREF)","og_description":"[vc_row css_animation=\u00a0\u00bb\u00a0\u00bb row_type=\u00a0\u00bbrow\u00a0\u00bb use_row_as_full_screen_section=\u00a0\u00bbno\u00a0\u00bb type=\u00a0\u00bbfull_width\u00a0\u00bb angled_section=\u00a0\u00bbno\u00a0\u00bb text_align=\u00a0\u00bbleft\u00a0\u00bb background_image_as_pattern=\u00a0\u00bbwithout_pattern\u00a0\u00bb][vc_column width=\u00a0\u00bb2\/3&Prime;][vc_column_text]L\u2019ordre du Temple poss\u00e9dait, au plus tard en 1213, d\u2019une maison \u00e0 Chinon d\u00e9pendant de la commanderie de Bouchard-Brizay. C\u2019est aussi \u00e0 Chinon, dans la tour du Coudray de la forteresse royale, que Jacques de Molay et...","og_url":"https:\/\/www.templars-route.eu\/fr\/le-chateau-de-chinon\/","og_site_name":"Route du patrimoine templier - Templars Route European Federation (TREF)","article_modified_time":"2021-07-08T14:14:35+00:00","twitter_card":"summary_large_image","twitter_misc":{"Dur\u00e9e de lecture estim\u00e9e":"2 minutes"},"schema":{"@context":"https:\/\/schema.org","@graph":[{"@type":"WebPage","@id":"https:\/\/www.templars-route.eu\/fr\/le-chateau-de-chinon\/","url":"https:\/\/www.templars-route.eu\/fr\/le-chateau-de-chinon\/","name":"Le ch\u00e2teau de Chinon - Route du patrimoine templier - Templars Route European Federation (TREF)","isPartOf":{"@id":"https:\/\/www.templars-route.eu\/fr\/#website"},"datePublished":"2020-12-03T14:31:09+00:00","dateModified":"2021-07-08T14:14:35+00:00","breadcrumb":{"@id":"https:\/\/www.templars-route.eu\/fr\/le-chateau-de-chinon\/#breadcrumb"},"inLanguage":"fr-FR","potentialAction":[{"@type":"ReadAction","target":["https:\/\/www.templars-route.eu\/fr\/le-chateau-de-chinon\/"]}]},{"@type":"BreadcrumbList","@id":"https:\/\/www.templars-route.eu\/fr\/le-chateau-de-chinon\/#breadcrumb","itemListElement":[{"@type":"ListItem","position":1,"name":"Accueil","item":"https:\/\/www.templars-route.eu\/fr\/"},{"@type":"ListItem","position":2,"name":"Le ch\u00e2teau de Chinon"}]},{"@type":"WebSite","@id":"https:\/\/www.templars-route.eu\/fr\/#website","url":"https:\/\/www.templars-route.eu\/fr\/","name":"Route du patrimoine templier - Templars Route European Federation (TREF)","description":"Valorisation of Templar heritage in Europe","potentialAction":[{"@type":"SearchAction","target":{"@type":"EntryPoint","urlTemplate":"https:\/\/www.templars-route.eu\/fr\/?s={search_term_string}"},"query-input":{"@type":"PropertyValueSpecification","valueRequired":true,"valueName":"search_term_string"}}],"inLanguage":"fr-FR"}]}},"_links":{"self":[{"href":"https:\/\/www.templars-route.eu\/fr\/wp-json\/wp\/v2\/pages\/18277\/"}],"collection":[{"href":"https:\/\/www.templars-route.eu\/fr\/wp-json\/wp\/v2\/pages\/"}],"about":[{"href":"https:\/\/www.templars-route.eu\/fr\/wp-json\/wp\/v2\/types\/page\/"}],"author":[{"embeddable":true,"href":"https:\/\/www.templars-route.eu\/fr\/wp-json\/wp\/v2\/users\/27\/"}],"replies":[{"embeddable":true,"href":"https:\/\/www.templars-route.eu\/fr\/wp-json\/wp\/v2\/comments\/?post=18277"}],"version-history":[{"count":5,"href":"https:\/\/www.templars-route.eu\/fr\/wp-json\/wp\/v2\/pages\/18277\/revisions\/"}],"predecessor-version":[{"id":20009,"href":"https:\/\/www.templars-route.eu\/fr\/wp-json\/wp\/v2\/pages\/18277\/revisions\/20009\/"}],"wp:attachment":[{"href":"https:\/\/www.templars-route.eu\/fr\/wp-json\/wp\/v2\/media\/?parent=18277"}],"curies":[{"name":"wp","href":"https:\/\/api.w.org\/{rel}","templated":true}]}}