{"id":18181,"date":"2020-11-30T22:08:18","date_gmt":"2020-11-30T21:08:18","guid":{"rendered":"https:\/\/www.templars-route.eu\/?page_id=18181"},"modified":"2021-01-20T14:51:12","modified_gmt":"2021-01-20T13:51:12","slug":"ailleurs-en-europe","status":"publish","type":"page","link":"https:\/\/www.templars-route.eu\/fr\/ailleurs-en-europe\/","title":{"rendered":"Ailleurs en Europe"},"content":{"rendered":"\t\t<div data-elementor-type=\"wp-page\" data-elementor-id=\"18181\" class=\"elementor elementor-18181\">\n\t\t\t\t\t\t<section class=\"elementor-section elementor-top-section elementor-element elementor-element-a00bfaf elementor-section-boxed elementor-section-height-default elementor-section-height-default\" data-id=\"a00bfaf\" data-element_type=\"section\" data-e-type=\"section\">\n\t\t\t\t\t\t<div class=\"elementor-container elementor-column-gap-default\">\n\t\t\t\t\t<div class=\"elementor-column elementor-col-100 elementor-top-column elementor-element elementor-element-5b624eb\" data-id=\"5b624eb\" data-element_type=\"column\" data-e-type=\"column\">\n\t\t\t<div class=\"elementor-widget-wrap elementor-element-populated\">\n\t\t\t\t\t\t<div class=\"elementor-element elementor-element-ffd7e3c elementor-widget elementor-widget-text-editor\" data-id=\"ffd7e3c\" data-element_type=\"widget\" data-e-type=\"widget\" data-widget_type=\"text-editor.default\">\n\t\t\t\t<div class=\"elementor-widget-container\">\n\t\t\t\t\t\t\t\t\t<p>Les activit\u00e9s de l&rsquo;ordre du Temple sont \u00e9tablie sur deux p\u00f4les : l&rsquo;Orient, o\u00f9 les chevaliers d\u00e9fendent les lieux saints et prot\u00e8gent les p\u00e8lerins, et l&rsquo;Occident, o\u00f9 les fr\u00e8res font prosp\u00e9rer les domaines agricoles pour financer la guerre.\u00a0<\/p><p>\u00a0<\/p><p>Les Templiers sont pr\u00e9sents en France, Espagne, Portugal, Italie, Angleterre, Ecosse, Irlande, Allemagne, Belgique, Luxembourg, Pologne, Hongrie ainsi qu&rsquo;en Gr\u00e8ce, \u00e0 Chypre, Isra\u00ebl, Liban, Turquie.\u00a0<\/p>\t\t\t\t\t\t\t\t<\/div>\n\t\t\t\t<\/div>\n\t\t\t\t\t<\/div>\n\t\t<\/div>\n\t\t\t\t\t<\/div>\n\t\t<\/section>\n\t\t\t\t<section class=\"elementor-section elementor-top-section elementor-element elementor-element-d834de3 elementor-section-boxed elementor-section-height-default elementor-section-height-default\" data-id=\"d834de3\" data-element_type=\"section\" data-e-type=\"section\">\n\t\t\t\t\t\t<div class=\"elementor-container elementor-column-gap-default\">\n\t\t\t\t\t<div class=\"elementor-column elementor-col-100 elementor-top-column elementor-element elementor-element-ac850f1\" data-id=\"ac850f1\" data-element_type=\"column\" data-e-type=\"column\">\n\t\t\t<div class=\"elementor-widget-wrap elementor-element-populated\">\n\t\t\t\t\t\t<div class=\"elementor-element elementor-element-3049c08 elementor-widget elementor-widget-spacer\" data-id=\"3049c08\" data-element_type=\"widget\" data-e-type=\"widget\" data-widget_type=\"spacer.default\">\n\t\t\t\t<div class=\"elementor-widget-container\">\n\t\t\t\t\t\t\t<div class=\"elementor-spacer\">\n\t\t\t<div class=\"elementor-spacer-inner\"><\/div>\n\t\t<\/div>\n\t\t\t\t\t\t<\/div>\n\t\t\t\t<\/div>\n\t\t\t\t\t<\/div>\n\t\t<\/div>\n\t\t\t\t\t<\/div>\n\t\t<\/section>\n\t\t\t\t<section class=\"elementor-section elementor-top-section elementor-element elementor-element-50af0f5 elementor-section-boxed elementor-section-height-default elementor-section-height-default\" data-id=\"50af0f5\" data-element_type=\"section\" data-e-type=\"section\">\n\t\t\t\t\t\t<div class=\"elementor-container elementor-column-gap-default\">\n\t\t\t\t\t<div class=\"elementor-column elementor-col-33 elementor-top-column elementor-element elementor-element-edc5c26\" data-id=\"edc5c26\" data-element_type=\"column\" data-e-type=\"column\">\n\t\t\t<div class=\"elementor-widget-wrap elementor-element-populated\">\n\t\t\t\t\t\t<div class=\"elementor-element elementor-element-338da96 elementor-widget elementor-widget-heading\" data-id=\"338da96\" data-element_type=\"widget\" data-e-type=\"widget\" data-widget_type=\"heading.default\">\n\t\t\t\t<div class=\"elementor-widget-container\">\n\t\t\t\t\t<h2 class=\"elementor-heading-title elementor-size-default\"><a href=\"https:\/\/www.templars-route.eu\/fr\/chypre\/\">Chypre<\/a><\/h2>\t\t\t\t<\/div>\n\t\t\t\t<\/div>\n\t\t\t\t\t<\/div>\n\t\t<\/div>\n\t\t\t\t<div class=\"elementor-column elementor-col-33 elementor-top-column elementor-element elementor-element-224ce29\" data-id=\"224ce29\" data-element_type=\"column\" data-e-type=\"column\">\n\t\t\t<div class=\"elementor-widget-wrap elementor-element-populated\">\n\t\t\t\t\t\t<div class=\"elementor-element elementor-element-14d6849 elementor-widget elementor-widget-heading\" data-id=\"14d6849\" data-element_type=\"widget\" data-e-type=\"widget\" data-widget_type=\"heading.default\">\n\t\t\t\t<div class=\"elementor-widget-container\">\n\t\t\t\t\t<h2 class=\"elementor-heading-title elementor-size-default\">Temple Church, un complexe templier en Angleterre<\/h2>\t\t\t\t<\/div>\n\t\t\t\t<\/div>\n\t\t\t\t\t<\/div>\n\t\t<\/div>\n\t\t\t\t<div class=\"elementor-column elementor-col-33 elementor-top-column elementor-element elementor-element-dcd54b8\" data-id=\"dcd54b8\" data-element_type=\"column\" data-e-type=\"column\">\n\t\t\t<div class=\"elementor-widget-wrap elementor-element-populated\">\n\t\t\t\t\t\t<div class=\"elementor-element elementor-element-f9575d6 elementor-widget elementor-widget-heading\" data-id=\"f9575d6\" data-element_type=\"widget\" data-e-type=\"widget\" data-widget_type=\"heading.default\">\n\t\t\t\t<div class=\"elementor-widget-container\">\n\t\t\t\t\t<h2 class=\"elementor-heading-title elementor-size-default\"><a href=\"https:\/\/www.templars-route.eu\/fr\/chapelle-saint-nicolas-de-vianden\/\">Vianden, exemple d'\u00e9glise templi\u00e8re du Luxembourg<\/a><\/h2>\t\t\t\t<\/div>\n\t\t\t\t<\/div>\n\t\t\t\t\t<\/div>\n\t\t<\/div>\n\t\t\t\t\t<\/div>\n\t\t<\/section>\n\t\t\t\t<section class=\"elementor-section elementor-top-section elementor-element elementor-element-c1d9da7 elementor-section-boxed elementor-section-height-default elementor-section-height-default\" data-id=\"c1d9da7\" data-element_type=\"section\" data-e-type=\"section\">\n\t\t\t\t\t\t<div class=\"elementor-container elementor-column-gap-default\">\n\t\t\t\t\t<div class=\"elementor-column elementor-col-33 elementor-top-column elementor-element elementor-element-482700a\" data-id=\"482700a\" data-element_type=\"column\" data-e-type=\"column\">\n\t\t\t<div class=\"elementor-widget-wrap elementor-element-populated\">\n\t\t\t\t\t\t<div class=\"elementor-element elementor-element-46b12db elementor-widget elementor-widget-image\" data-id=\"46b12db\" data-element_type=\"widget\" data-e-type=\"widget\" data-widget_type=\"image.default\">\n\t\t\t\t<div class=\"elementor-widget-container\">\n\t\t\t\t\t\t\t\t\t\t\t\t\t\t\t\t<a href=\"https:\/\/www.templars-route.eu\/fr\/chypre\/\">\n\t\t\t\t\t\t\t<img fetchpriority=\"high\" decoding=\"async\" width=\"570\" height=\"570\" src=\"https:\/\/www.templars-route.eu\/assets\/uploads\/sites\/40\/2020\/11\/IMG_3416-570x570.jpeg\" class=\"attachment-portfolio-square size-portfolio-square wp-image-17770\" alt=\"\" srcset=\"https:\/\/www.templars-route.eu\/assets\/uploads\/sites\/40\/2020\/11\/IMG_3416-570x570.jpeg 570w, https:\/\/www.templars-route.eu\/assets\/uploads\/sites\/40\/2020\/11\/IMG_3416-150x150.jpeg 150w, https:\/\/www.templars-route.eu\/assets\/uploads\/sites\/40\/2020\/11\/IMG_3416-500x500.jpeg 500w, https:\/\/www.templars-route.eu\/assets\/uploads\/sites\/40\/2020\/11\/IMG_3416-1000x1000.jpeg 1000w\" sizes=\"(max-width: 570px) 100vw, 570px\" \/>\t\t\t\t\t\t\t\t<\/a>\n\t\t\t\t\t\t\t\t\t\t\t\t\t\t\t<\/div>\n\t\t\t\t<\/div>\n\t\t\t\t\t<\/div>\n\t\t<\/div>\n\t\t\t\t<div class=\"elementor-column elementor-col-33 elementor-top-column elementor-element elementor-element-7bc1dcb\" data-id=\"7bc1dcb\" data-element_type=\"column\" data-e-type=\"column\">\n\t\t\t<div class=\"elementor-widget-wrap elementor-element-populated\">\n\t\t\t\t\t\t<div class=\"elementor-element elementor-element-e76f269 elementor-widget elementor-widget-image\" data-id=\"e76f269\" data-element_type=\"widget\" data-e-type=\"widget\" data-widget_type=\"image.default\">\n\t\t\t\t<div class=\"elementor-widget-container\">\n\t\t\t\t\t\t\t\t\t\t\t\t<figure class=\"wp-caption\">\n\t\t\t\t\t\t\t\t\t\t\t<a href=\"https:\/\/www.templars-route.eu\/fr\/eglise-de-temple-church-a-londres\/\">\n\t\t\t\t\t\t\t<img decoding=\"async\" width=\"570\" height=\"570\" src=\"https:\/\/www.templars-route.eu\/assets\/uploads\/sites\/40\/2020\/11\/Temple-Church-1-570x570.jpg\" class=\"attachment-portfolio-square size-portfolio-square wp-image-18182\" alt=\"\" srcset=\"https:\/\/www.templars-route.eu\/assets\/uploads\/sites\/40\/2020\/11\/Temple-Church-1-570x570.jpg 570w, https:\/\/www.templars-route.eu\/assets\/uploads\/sites\/40\/2020\/11\/Temple-Church-1-150x150.jpg 150w, https:\/\/www.templars-route.eu\/assets\/uploads\/sites\/40\/2020\/11\/Temple-Church-1-500x500.jpg 500w\" sizes=\"(max-width: 570px) 100vw, 570px\" \/>\t\t\t\t\t\t\t\t<\/a>\n\t\t\t\t\t\t\t\t\t\t\t<figcaption class=\"widget-image-caption wp-caption-text\"><\/figcaption>\n\t\t\t\t\t\t\t\t\t\t<\/figure>\n\t\t\t\t\t\t\t\t\t<\/div>\n\t\t\t\t<\/div>\n\t\t\t\t\t<\/div>\n\t\t<\/div>\n\t\t\t\t<div class=\"elementor-column elementor-col-33 elementor-top-column elementor-element elementor-element-fa24b99\" data-id=\"fa24b99\" data-element_type=\"column\" data-e-type=\"column\">\n\t\t\t<div class=\"elementor-widget-wrap elementor-element-populated\">\n\t\t\t\t\t\t<div class=\"elementor-element elementor-element-265edfc elementor-widget elementor-widget-image\" data-id=\"265edfc\" data-element_type=\"widget\" data-e-type=\"widget\" data-widget_type=\"image.default\">\n\t\t\t\t<div class=\"elementor-widget-container\">\n\t\t\t\t\t\t\t\t\t\t\t\t\t\t\t\t<a href=\"https:\/\/www.templars-route.eu\/fr\/chapelle-saint-nicolas-de-vianden\/\">\n\t\t\t\t\t\t\t<img decoding=\"async\" width=\"570\" height=\"570\" src=\"https:\/\/www.templars-route.eu\/assets\/uploads\/sites\/40\/2019\/02\/Chapelle-templi\u00e8re_Vianden-2-carr\u00e9-570x570.jpeg\" class=\"attachment-portfolio-square size-portfolio-square wp-image-15993\" alt=\"\" srcset=\"https:\/\/www.templars-route.eu\/assets\/uploads\/sites\/40\/2019\/02\/Chapelle-templi\u00e8re_Vianden-2-carr\u00e9-570x570.jpeg 570w, https:\/\/www.templars-route.eu\/assets\/uploads\/sites\/40\/2019\/02\/Chapelle-templi\u00e8re_Vianden-2-carr\u00e9-150x150.jpeg 150w, https:\/\/www.templars-route.eu\/assets\/uploads\/sites\/40\/2019\/02\/Chapelle-templi\u00e8re_Vianden-2-carr\u00e9-300x300.jpeg 300w, https:\/\/www.templars-route.eu\/assets\/uploads\/sites\/40\/2019\/02\/Chapelle-templi\u00e8re_Vianden-2-carr\u00e9-768x768.jpeg 768w, https:\/\/www.templars-route.eu\/assets\/uploads\/sites\/40\/2019\/02\/Chapelle-templi\u00e8re_Vianden-2-carr\u00e9-1024x1024.jpeg 1024w, https:\/\/www.templars-route.eu\/assets\/uploads\/sites\/40\/2019\/02\/Chapelle-templi\u00e8re_Vianden-2-carr\u00e9-500x500.jpeg 500w, https:\/\/www.templars-route.eu\/assets\/uploads\/sites\/40\/2019\/02\/Chapelle-templi\u00e8re_Vianden-2-carr\u00e9-1000x1000.jpeg 1000w, https:\/\/www.templars-route.eu\/assets\/uploads\/sites\/40\/2019\/02\/Chapelle-templi\u00e8re_Vianden-2-carr\u00e9-700x700.jpeg 700w\" sizes=\"(max-width: 570px) 100vw, 570px\" \/>\t\t\t\t\t\t\t\t<\/a>\n\t\t\t\t\t\t\t\t\t\t\t\t\t\t\t<\/div>\n\t\t\t\t<\/div>\n\t\t\t\t\t<\/div>\n\t\t<\/div>\n\t\t\t\t\t<\/div>\n\t\t<\/section>\n\t\t\t\t<section class=\"elementor-section elementor-top-section elementor-element elementor-element-386ed93 elementor-section-boxed elementor-section-height-default elementor-section-height-default\" data-id=\"386ed93\" data-element_type=\"section\" data-e-type=\"section\">\n\t\t\t\t\t\t<div class=\"elementor-container elementor-column-gap-default\">\n\t\t\t\t\t<div class=\"elementor-column elementor-col-100 elementor-top-column elementor-element elementor-element-6b6af77\" data-id=\"6b6af77\" data-element_type=\"column\" data-e-type=\"column\">\n\t\t\t<div class=\"elementor-widget-wrap\">\n\t\t\t\t\t\t\t<\/div>\n\t\t<\/div>\n\t\t\t\t\t<\/div>\n\t\t<\/section>\n\t\t\t\t<\/div>\n\t\t","protected":false},"excerpt":{"rendered":"<p>Les activit\u00e9s de l&rsquo;ordre du Temple sont \u00e9tablie sur deux p\u00f4les : l&rsquo;Orient, o\u00f9 les chevaliers d\u00e9fendent les lieux saints et prot\u00e8gent les p\u00e8lerins, et l&rsquo;Occident, o\u00f9 les fr\u00e8res font prosp\u00e9rer les domaines agricoles pour financer la guerre.\u00a0 \u00a0 Les Templiers sont pr\u00e9sents en France,&#8230;<\/p>\n","protected":false},"author":27,"featured_media":0,"parent":0,"menu_order":0,"comment_status":"closed","ping_status":"closed","template":"","meta":{"footnotes":""},"class_list":["post-18181","page","type-page","status-publish","hentry"],"yoast_head":"<!-- This site is optimized with the Yoast SEO plugin v26.6 - https:\/\/yoast.com\/wordpress\/plugins\/seo\/ -->\n<title>Ailleurs en Europe - Route du patrimoine templier - Templars Route European Federation (TREF)<\/title>\n<meta name=\"robots\" content=\"index, follow, max-snippet:-1, max-image-preview:large, max-video-preview:-1\" \/>\n<link rel=\"canonical\" href=\"https:\/\/www.templars-route.eu\/fr\/ailleurs-en-europe\/\" \/>\n<meta property=\"og:locale\" content=\"fr_FR\" \/>\n<meta property=\"og:type\" content=\"article\" \/>\n<meta property=\"og:title\" content=\"Ailleurs en Europe - Route du patrimoine templier - Templars Route European Federation (TREF)\" \/>\n<meta property=\"og:description\" content=\"Les activit\u00e9s de l&rsquo;ordre du Temple sont \u00e9tablie sur deux p\u00f4les : l&rsquo;Orient, o\u00f9 les chevaliers d\u00e9fendent les lieux saints et prot\u00e8gent les p\u00e8lerins, et l&rsquo;Occident, o\u00f9 les fr\u00e8res font prosp\u00e9rer les domaines agricoles pour financer la guerre.\u00a0 \u00a0 Les Templiers sont pr\u00e9sents en France,...\" \/>\n<meta property=\"og:url\" content=\"https:\/\/www.templars-route.eu\/fr\/ailleurs-en-europe\/\" \/>\n<meta property=\"og:site_name\" content=\"Route du patrimoine templier - Templars Route European Federation (TREF)\" \/>\n<meta property=\"article:modified_time\" content=\"2021-01-20T13:51:12+00:00\" \/>\n<meta property=\"og:image\" content=\"https:\/\/european-templar-route.v3.mobylee.com\/assets\/uploads\/sites\/40\/2020\/11\/IMG_3416-570x570.jpeg\" \/>\n<meta name=\"twitter:card\" content=\"summary_large_image\" \/>\n<script type=\"application\/ld+json\" class=\"yoast-schema-graph\">{\"@context\":\"https:\/\/schema.org\",\"@graph\":[{\"@type\":\"WebPage\",\"@id\":\"https:\/\/www.templars-route.eu\/fr\/ailleurs-en-europe\/\",\"url\":\"https:\/\/www.templars-route.eu\/fr\/ailleurs-en-europe\/\",\"name\":\"Ailleurs en Europe - Route du patrimoine templier - Templars Route European Federation (TREF)\",\"isPartOf\":{\"@id\":\"https:\/\/www.templars-route.eu\/fr\/#website\"},\"primaryImageOfPage\":{\"@id\":\"https:\/\/www.templars-route.eu\/fr\/ailleurs-en-europe\/#primaryimage\"},\"image\":{\"@id\":\"https:\/\/www.templars-route.eu\/fr\/ailleurs-en-europe\/#primaryimage\"},\"thumbnailUrl\":\"https:\/\/european-templar-route.v3.mobylee.com\/assets\/uploads\/sites\/40\/2020\/11\/IMG_3416-570x570.jpeg\",\"datePublished\":\"2020-11-30T21:08:18+00:00\",\"dateModified\":\"2021-01-20T13:51:12+00:00\",\"breadcrumb\":{\"@id\":\"https:\/\/www.templars-route.eu\/fr\/ailleurs-en-europe\/#breadcrumb\"},\"inLanguage\":\"fr-FR\",\"potentialAction\":[{\"@type\":\"ReadAction\",\"target\":[\"https:\/\/www.templars-route.eu\/fr\/ailleurs-en-europe\/\"]}]},{\"@type\":\"ImageObject\",\"inLanguage\":\"fr-FR\",\"@id\":\"https:\/\/www.templars-route.eu\/fr\/ailleurs-en-europe\/#primaryimage\",\"url\":\"https:\/\/european-templar-route.v3.mobylee.com\/assets\/uploads\/sites\/40\/2020\/11\/IMG_3416-570x570.jpeg\",\"contentUrl\":\"https:\/\/european-templar-route.v3.mobylee.com\/assets\/uploads\/sites\/40\/2020\/11\/IMG_3416-570x570.jpeg\"},{\"@type\":\"BreadcrumbList\",\"@id\":\"https:\/\/www.templars-route.eu\/fr\/ailleurs-en-europe\/#breadcrumb\",\"itemListElement\":[{\"@type\":\"ListItem\",\"position\":1,\"name\":\"Accueil\",\"item\":\"https:\/\/www.templars-route.eu\/fr\/\"},{\"@type\":\"ListItem\",\"position\":2,\"name\":\"Ailleurs en Europe\"}]},{\"@type\":\"WebSite\",\"@id\":\"https:\/\/www.templars-route.eu\/fr\/#website\",\"url\":\"https:\/\/www.templars-route.eu\/fr\/\",\"name\":\"Route du patrimoine templier - Templars Route European Federation (TREF)\",\"description\":\"Valorisation of Templar heritage in Europe\",\"potentialAction\":[{\"@type\":\"SearchAction\",\"target\":{\"@type\":\"EntryPoint\",\"urlTemplate\":\"https:\/\/www.templars-route.eu\/fr\/?s={search_term_string}\"},\"query-input\":{\"@type\":\"PropertyValueSpecification\",\"valueRequired\":true,\"valueName\":\"search_term_string\"}}],\"inLanguage\":\"fr-FR\"}]}<\/script>\n<!-- \/ Yoast SEO plugin. -->","yoast_head_json":{"title":"Ailleurs en Europe - Route du patrimoine templier - Templars Route European Federation (TREF)","robots":{"index":"index","follow":"follow","max-snippet":"max-snippet:-1","max-image-preview":"max-image-preview:large","max-video-preview":"max-video-preview:-1"},"canonical":"https:\/\/www.templars-route.eu\/fr\/ailleurs-en-europe\/","og_locale":"fr_FR","og_type":"article","og_title":"Ailleurs en Europe - Route du patrimoine templier - Templars Route European Federation (TREF)","og_description":"Les activit\u00e9s de l&rsquo;ordre du Temple sont \u00e9tablie sur deux p\u00f4les : l&rsquo;Orient, o\u00f9 les chevaliers d\u00e9fendent les lieux saints et prot\u00e8gent les p\u00e8lerins, et l&rsquo;Occident, o\u00f9 les fr\u00e8res font prosp\u00e9rer les domaines agricoles pour financer la guerre.\u00a0 \u00a0 Les Templiers sont pr\u00e9sents en France,...","og_url":"https:\/\/www.templars-route.eu\/fr\/ailleurs-en-europe\/","og_site_name":"Route du patrimoine templier - Templars Route European Federation (TREF)","article_modified_time":"2021-01-20T13:51:12+00:00","og_image":[{"url":"https:\/\/european-templar-route.v3.mobylee.com\/assets\/uploads\/sites\/40\/2020\/11\/IMG_3416-570x570.jpeg","type":"","width":"","height":""}],"twitter_card":"summary_large_image","schema":{"@context":"https:\/\/schema.org","@graph":[{"@type":"WebPage","@id":"https:\/\/www.templars-route.eu\/fr\/ailleurs-en-europe\/","url":"https:\/\/www.templars-route.eu\/fr\/ailleurs-en-europe\/","name":"Ailleurs en Europe - Route du patrimoine templier - Templars Route European Federation (TREF)","isPartOf":{"@id":"https:\/\/www.templars-route.eu\/fr\/#website"},"primaryImageOfPage":{"@id":"https:\/\/www.templars-route.eu\/fr\/ailleurs-en-europe\/#primaryimage"},"image":{"@id":"https:\/\/www.templars-route.eu\/fr\/ailleurs-en-europe\/#primaryimage"},"thumbnailUrl":"https:\/\/european-templar-route.v3.mobylee.com\/assets\/uploads\/sites\/40\/2020\/11\/IMG_3416-570x570.jpeg","datePublished":"2020-11-30T21:08:18+00:00","dateModified":"2021-01-20T13:51:12+00:00","breadcrumb":{"@id":"https:\/\/www.templars-route.eu\/fr\/ailleurs-en-europe\/#breadcrumb"},"inLanguage":"fr-FR","potentialAction":[{"@type":"ReadAction","target":["https:\/\/www.templars-route.eu\/fr\/ailleurs-en-europe\/"]}]},{"@type":"ImageObject","inLanguage":"fr-FR","@id":"https:\/\/www.templars-route.eu\/fr\/ailleurs-en-europe\/#primaryimage","url":"https:\/\/european-templar-route.v3.mobylee.com\/assets\/uploads\/sites\/40\/2020\/11\/IMG_3416-570x570.jpeg","contentUrl":"https:\/\/european-templar-route.v3.mobylee.com\/assets\/uploads\/sites\/40\/2020\/11\/IMG_3416-570x570.jpeg"},{"@type":"BreadcrumbList","@id":"https:\/\/www.templars-route.eu\/fr\/ailleurs-en-europe\/#breadcrumb","itemListElement":[{"@type":"ListItem","position":1,"name":"Accueil","item":"https:\/\/www.templars-route.eu\/fr\/"},{"@type":"ListItem","position":2,"name":"Ailleurs en Europe"}]},{"@type":"WebSite","@id":"https:\/\/www.templars-route.eu\/fr\/#website","url":"https:\/\/www.templars-route.eu\/fr\/","name":"Route du patrimoine templier - Templars Route European Federation (TREF)","description":"Valorisation of Templar heritage in Europe","potentialAction":[{"@type":"SearchAction","target":{"@type":"EntryPoint","urlTemplate":"https:\/\/www.templars-route.eu\/fr\/?s={search_term_string}"},"query-input":{"@type":"PropertyValueSpecification","valueRequired":true,"valueName":"search_term_string"}}],"inLanguage":"fr-FR"}]}},"_links":{"self":[{"href":"https:\/\/www.templars-route.eu\/fr\/wp-json\/wp\/v2\/pages\/18181\/"}],"collection":[{"href":"https:\/\/www.templars-route.eu\/fr\/wp-json\/wp\/v2\/pages\/"}],"about":[{"href":"https:\/\/www.templars-route.eu\/fr\/wp-json\/wp\/v2\/types\/page\/"}],"author":[{"embeddable":true,"href":"https:\/\/www.templars-route.eu\/fr\/wp-json\/wp\/v2\/users\/27\/"}],"replies":[{"embeddable":true,"href":"https:\/\/www.templars-route.eu\/fr\/wp-json\/wp\/v2\/comments\/?post=18181"}],"version-history":[{"count":5,"href":"https:\/\/www.templars-route.eu\/fr\/wp-json\/wp\/v2\/pages\/18181\/revisions\/"}],"predecessor-version":[{"id":19055,"href":"https:\/\/www.templars-route.eu\/fr\/wp-json\/wp\/v2\/pages\/18181\/revisions\/19055\/"}],"wp:attachment":[{"href":"https:\/\/www.templars-route.eu\/fr\/wp-json\/wp\/v2\/media\/?parent=18181"}],"curies":[{"name":"wp","href":"https:\/\/api.w.org\/{rel}","templated":true}]}}