{"id":18007,"date":"2020-11-30T19:47:28","date_gmt":"2020-11-30T18:47:28","guid":{"rendered":"https:\/\/www.templars-route.eu\/?page_id=18007"},"modified":"2020-12-15T15:11:48","modified_gmt":"2020-12-15T14:11:48","slug":"le-patrimoine-templier-dans-la-peninsule-iberique","status":"publish","type":"page","link":"https:\/\/www.templars-route.eu\/fr\/le-patrimoine-templier-dans-la-peninsule-iberique\/","title":{"rendered":"Le patrimoine templier dans la p\u00e9ninsule ib\u00e9rique"},"content":{"rendered":"\t\t<div data-elementor-type=\"wp-page\" data-elementor-id=\"18007\" class=\"elementor elementor-18007\">\n\t\t\t\t\t\t<section class=\"elementor-section elementor-top-section elementor-element elementor-element-206ac8c elementor-section-boxed elementor-section-height-default elementor-section-height-default\" data-id=\"206ac8c\" data-element_type=\"section\" data-e-type=\"section\">\n\t\t\t\t\t\t<div class=\"elementor-container elementor-column-gap-default\">\n\t\t\t\t\t<div class=\"elementor-column elementor-col-100 elementor-top-column elementor-element elementor-element-cb029f2\" data-id=\"cb029f2\" data-element_type=\"column\" data-e-type=\"column\">\n\t\t\t<div class=\"elementor-widget-wrap elementor-element-populated\">\n\t\t\t\t\t\t<div class=\"elementor-element elementor-element-03e7b1d elementor-widget elementor-widget-text-editor\" data-id=\"03e7b1d\" data-element_type=\"widget\" data-e-type=\"widget\" data-widget_type=\"text-editor.default\">\n\t\t\t\t<div class=\"elementor-widget-container\">\n\t\t\t\t\t\t\t\t\t<p>Les Templiers se sont implant\u00e9s dans les provinces de Castille-et-Le\u00f3n, d&rsquo;Aragon, de Catalogne, de Navarre et au Portugal.\u00a0<\/p><p>\u00a0<\/p><p>Ils y b\u00e2tissent une centaine de commanderies pour fournir des revenus destin\u00e9s \u00e0 financer les activit\u00e9s militaires des chevaliers. Les commanderies fortifi\u00e9es sont pr\u00e9sentes essentiellement dans la p\u00e9ninsule ib\u00e9rique qui vit sous la menace sarrasine.\u00a0<\/p><p>\u00a0<\/p><p>Les ch\u00e2teaux et forteresses de l&rsquo;ordre du Temple ponctuent les paysages de l&rsquo;Espagne et du Portugal. Elles sont \u00e9difi\u00e9es pour prot\u00e9ger les fronti\u00e8res avec les royaumes des Musulmans.\u00a0<br \/>Au fur et \u00e0 mesure de la reconqu\u00eate des territoires vers le sud (Reconquista), les Templiers ont alors pour mission de coloniser les territoires et d&rsquo;y b\u00e2tir des commanderies. Certaines commanderies, telle que Granyena en 1131, sont m\u00eame transform\u00e9es en commanderie.\u00a0<\/p><p>La p\u00e9ninsule ib\u00e9rique compte au moins 82 places fortes (76 en Espagne et 6 au Portugal). C&rsquo;est donc plus qu&rsquo;en Orient.\u00a0<\/p>\t\t\t\t\t\t\t\t<\/div>\n\t\t\t\t<\/div>\n\t\t\t\t\t<\/div>\n\t\t<\/div>\n\t\t\t\t\t<\/div>\n\t\t<\/section>\n\t\t\t\t<section class=\"elementor-section elementor-top-section elementor-element elementor-element-96550cb elementor-section-boxed elementor-section-height-default elementor-section-height-default\" data-id=\"96550cb\" data-element_type=\"section\" data-e-type=\"section\">\n\t\t\t\t\t\t<div class=\"elementor-container elementor-column-gap-default\">\n\t\t\t\t\t<div class=\"elementor-column elementor-col-100 elementor-top-column elementor-element elementor-element-4504e7a\" data-id=\"4504e7a\" data-element_type=\"column\" data-e-type=\"column\">\n\t\t\t<div class=\"elementor-widget-wrap elementor-element-populated\">\n\t\t\t\t\t\t<div class=\"elementor-element elementor-element-4942a13 elementor-widget elementor-widget-spacer\" data-id=\"4942a13\" data-element_type=\"widget\" data-e-type=\"widget\" data-widget_type=\"spacer.default\">\n\t\t\t\t<div class=\"elementor-widget-container\">\n\t\t\t\t\t\t\t<div class=\"elementor-spacer\">\n\t\t\t<div class=\"elementor-spacer-inner\"><\/div>\n\t\t<\/div>\n\t\t\t\t\t\t<\/div>\n\t\t\t\t<\/div>\n\t\t\t\t\t<\/div>\n\t\t<\/div>\n\t\t\t\t\t<\/div>\n\t\t<\/section>\n\t\t\t\t<section class=\"elementor-section elementor-top-section elementor-element elementor-element-5924a8a elementor-section-boxed elementor-section-height-default elementor-section-height-default\" data-id=\"5924a8a\" data-element_type=\"section\" data-e-type=\"section\">\n\t\t\t\t\t\t<div class=\"elementor-container elementor-column-gap-default\">\n\t\t\t\t\t<div class=\"elementor-column elementor-col-25 elementor-top-column elementor-element elementor-element-a73c2cd\" data-id=\"a73c2cd\" data-element_type=\"column\" data-e-type=\"column\">\n\t\t\t<div class=\"elementor-widget-wrap elementor-element-populated\">\n\t\t\t\t\t\t<div class=\"elementor-element elementor-element-f4a6219 elementor-widget elementor-widget-image\" data-id=\"f4a6219\" data-element_type=\"widget\" data-e-type=\"widget\" data-widget_type=\"image.default\">\n\t\t\t\t<div class=\"elementor-widget-container\">\n\t\t\t\t\t\t\t\t\t\t\t\t<figure class=\"wp-caption\">\n\t\t\t\t\t\t\t\t\t\t\t<a href=\"https:\/\/www.templars-route.eu\/fr\/chateau-des-templiers-tomar\/\">\n\t\t\t\t\t\t\t<img fetchpriority=\"high\" decoding=\"async\" width=\"570\" height=\"570\" src=\"https:\/\/www.templars-route.eu\/assets\/uploads\/sites\/40\/2020\/11\/FOTO-7-1-570x570.jpg\" class=\"elementor-animation-grow attachment-portfolio-square size-portfolio-square wp-image-18008\" alt=\"\" srcset=\"https:\/\/www.templars-route.eu\/assets\/uploads\/sites\/40\/2020\/11\/FOTO-7-1-570x570.jpg 570w, https:\/\/www.templars-route.eu\/assets\/uploads\/sites\/40\/2020\/11\/FOTO-7-1-150x150.jpg 150w, https:\/\/www.templars-route.eu\/assets\/uploads\/sites\/40\/2020\/11\/FOTO-7-1-500x500.jpg 500w, https:\/\/www.templars-route.eu\/assets\/uploads\/sites\/40\/2020\/11\/FOTO-7-1-1000x1000.jpg 1000w\" sizes=\"(max-width: 570px) 100vw, 570px\" \/>\t\t\t\t\t\t\t\t<\/a>\n\t\t\t\t\t\t\t\t\t\t\t<figcaption class=\"widget-image-caption wp-caption-text\">Ch\u00e2teau des Templiers-Couvent du Christ de Tomar<\/figcaption>\n\t\t\t\t\t\t\t\t\t\t<\/figure>\n\t\t\t\t\t\t\t\t\t<\/div>\n\t\t\t\t<\/div>\n\t\t\t\t\t<\/div>\n\t\t<\/div>\n\t\t\t\t<div class=\"elementor-column elementor-col-25 elementor-top-column elementor-element elementor-element-1342cdd\" data-id=\"1342cdd\" data-element_type=\"column\" data-e-type=\"column\">\n\t\t\t<div class=\"elementor-widget-wrap elementor-element-populated\">\n\t\t\t\t\t\t<div class=\"elementor-element elementor-element-14d18cc elementor-widget elementor-widget-image\" data-id=\"14d18cc\" data-element_type=\"widget\" data-e-type=\"widget\" data-settings=\"{&quot;_animation&quot;:&quot;none&quot;}\" data-widget_type=\"image.default\">\n\t\t\t\t<div class=\"elementor-widget-container\">\n\t\t\t\t\t\t\t\t\t\t\t\t<figure class=\"wp-caption\">\n\t\t\t\t\t\t\t\t\t\t\t<a href=\"https:\/\/www.templars-route.eu\/fr\/eglise-santa-maria-dos-olivais-de-tomar\/\">\n\t\t\t\t\t\t\t<img decoding=\"async\" width=\"570\" height=\"570\" src=\"https:\/\/www.templars-route.eu\/assets\/uploads\/sites\/40\/2020\/12\/sta-maria-dos-olivais-sr-fernando-570x570.jpg\" class=\"elementor-animation-grow attachment-portfolio-square size-portfolio-square wp-image-18601\" alt=\"\" srcset=\"https:\/\/www.templars-route.eu\/assets\/uploads\/sites\/40\/2020\/12\/sta-maria-dos-olivais-sr-fernando-570x570.jpg 570w, https:\/\/www.templars-route.eu\/assets\/uploads\/sites\/40\/2020\/12\/sta-maria-dos-olivais-sr-fernando-150x150.jpg 150w, https:\/\/www.templars-route.eu\/assets\/uploads\/sites\/40\/2020\/12\/sta-maria-dos-olivais-sr-fernando-500x500.jpg 500w, https:\/\/www.templars-route.eu\/assets\/uploads\/sites\/40\/2020\/12\/sta-maria-dos-olivais-sr-fernando-1000x1000.jpg 1000w\" sizes=\"(max-width: 570px) 100vw, 570px\" \/>\t\t\t\t\t\t\t\t<\/a>\n\t\t\t\t\t\t\t\t\t\t\t<figcaption class=\"widget-image-caption wp-caption-text\">Eglise Santa Maria dos Olivais de Tomar<\/figcaption>\n\t\t\t\t\t\t\t\t\t\t<\/figure>\n\t\t\t\t\t\t\t\t\t<\/div>\n\t\t\t\t<\/div>\n\t\t\t\t\t<\/div>\n\t\t<\/div>\n\t\t\t\t<div class=\"elementor-column elementor-col-25 elementor-top-column elementor-element elementor-element-7d5e0f9\" data-id=\"7d5e0f9\" data-element_type=\"column\" data-e-type=\"column\">\n\t\t\t<div class=\"elementor-widget-wrap elementor-element-populated\">\n\t\t\t\t\t\t<div class=\"elementor-element elementor-element-c69be23 elementor-widget elementor-widget-image\" data-id=\"c69be23\" data-element_type=\"widget\" data-e-type=\"widget\" data-widget_type=\"image.default\">\n\t\t\t\t<div class=\"elementor-widget-container\">\n\t\t\t\t\t\t\t\t\t\t\t\t<figure class=\"wp-caption\">\n\t\t\t\t\t\t\t\t\t\t\t<a href=\"https:\/\/www.templars-route.eu\/fr\/chateau-ponferrada\/\">\n\t\t\t\t\t\t\t<img decoding=\"async\" width=\"570\" height=\"570\" src=\"https:\/\/www.templars-route.eu\/assets\/uploads\/sites\/40\/2018\/11\/castillo_templarios_ponferrada_2017_000-570x570.jpg\" class=\"elementor-animation-grow attachment-portfolio-square size-portfolio-square wp-image-15770\" alt=\"\" srcset=\"https:\/\/www.templars-route.eu\/assets\/uploads\/sites\/40\/2018\/11\/castillo_templarios_ponferrada_2017_000-570x570.jpg 570w, https:\/\/www.templars-route.eu\/assets\/uploads\/sites\/40\/2018\/11\/castillo_templarios_ponferrada_2017_000-150x150.jpg 150w, https:\/\/www.templars-route.eu\/assets\/uploads\/sites\/40\/2018\/11\/castillo_templarios_ponferrada_2017_000-500x500.jpg 500w, https:\/\/www.templars-route.eu\/assets\/uploads\/sites\/40\/2018\/11\/castillo_templarios_ponferrada_2017_000-1000x1000.jpg 1000w\" sizes=\"(max-width: 570px) 100vw, 570px\" \/>\t\t\t\t\t\t\t\t<\/a>\n\t\t\t\t\t\t\t\t\t\t\t<figcaption class=\"widget-image-caption wp-caption-text\">Ch\u00e2teau de Ponferrada<\/figcaption>\n\t\t\t\t\t\t\t\t\t\t<\/figure>\n\t\t\t\t\t\t\t\t\t<\/div>\n\t\t\t\t<\/div>\n\t\t\t\t\t<\/div>\n\t\t<\/div>\n\t\t\t\t<div class=\"elementor-column elementor-col-25 elementor-top-column elementor-element elementor-element-1236e0f\" data-id=\"1236e0f\" data-element_type=\"column\" data-e-type=\"column\">\n\t\t\t<div class=\"elementor-widget-wrap\">\n\t\t\t\t\t\t\t<\/div>\n\t\t<\/div>\n\t\t\t\t\t<\/div>\n\t\t<\/section>\n\t\t\t\t<\/div>\n\t\t","protected":false},"excerpt":{"rendered":"<p>Les Templiers se sont implant\u00e9s dans les provinces de Castille-et-Le\u00f3n, d&rsquo;Aragon, de Catalogne, de Navarre et au Portugal.\u00a0 \u00a0 Ils y b\u00e2tissent une centaine de commanderies pour fournir des revenus destin\u00e9s \u00e0 financer les activit\u00e9s militaires des chevaliers. Les commanderies fortifi\u00e9es sont pr\u00e9sentes essentiellement dans&#8230;<\/p>\n","protected":false},"author":27,"featured_media":0,"parent":0,"menu_order":0,"comment_status":"closed","ping_status":"closed","template":"","meta":{"footnotes":""},"class_list":["post-18007","page","type-page","status-publish","hentry"],"yoast_head":"<!-- This site is optimized with the Yoast SEO plugin v26.6 - https:\/\/yoast.com\/wordpress\/plugins\/seo\/ -->\n<title>Le patrimoine templier dans la p\u00e9ninsule ib\u00e9rique - Route du patrimoine templier - Templars Route European Federation (TREF)<\/title>\n<meta name=\"robots\" content=\"index, follow, max-snippet:-1, max-image-preview:large, max-video-preview:-1\" \/>\n<link rel=\"canonical\" href=\"https:\/\/www.templars-route.eu\/fr\/le-patrimoine-templier-dans-la-peninsule-iberique\/\" \/>\n<meta property=\"og:locale\" content=\"fr_FR\" \/>\n<meta property=\"og:type\" content=\"article\" \/>\n<meta property=\"og:title\" content=\"Le patrimoine templier dans la p\u00e9ninsule ib\u00e9rique - Route du patrimoine templier - Templars Route European Federation (TREF)\" \/>\n<meta property=\"og:description\" content=\"Les Templiers se sont implant\u00e9s dans les provinces de Castille-et-Le\u00f3n, d&rsquo;Aragon, de Catalogne, de Navarre et au Portugal.\u00a0 \u00a0 Ils y b\u00e2tissent une centaine de commanderies pour fournir des revenus destin\u00e9s \u00e0 financer les activit\u00e9s militaires des chevaliers. Les commanderies fortifi\u00e9es sont pr\u00e9sentes essentiellement dans...\" \/>\n<meta property=\"og:url\" content=\"https:\/\/www.templars-route.eu\/fr\/le-patrimoine-templier-dans-la-peninsule-iberique\/\" \/>\n<meta property=\"og:site_name\" content=\"Route du patrimoine templier - Templars Route European Federation (TREF)\" \/>\n<meta property=\"article:modified_time\" content=\"2020-12-15T14:11:48+00:00\" \/>\n<meta property=\"og:image\" content=\"https:\/\/european-templar-route.v3.mobylee.com\/assets\/uploads\/sites\/40\/2020\/11\/FOTO-7-1-570x570.jpg\" \/>\n<meta name=\"twitter:card\" content=\"summary_large_image\" \/>\n<meta name=\"twitter:label1\" content=\"Dur\u00e9e de lecture estim\u00e9e\" \/>\n\t<meta name=\"twitter:data1\" content=\"1 minute\" \/>\n<script type=\"application\/ld+json\" class=\"yoast-schema-graph\">{\"@context\":\"https:\/\/schema.org\",\"@graph\":[{\"@type\":\"WebPage\",\"@id\":\"https:\/\/www.templars-route.eu\/fr\/le-patrimoine-templier-dans-la-peninsule-iberique\/\",\"url\":\"https:\/\/www.templars-route.eu\/fr\/le-patrimoine-templier-dans-la-peninsule-iberique\/\",\"name\":\"Le patrimoine templier dans la p\u00e9ninsule ib\u00e9rique - Route du patrimoine templier - Templars Route European Federation (TREF)\",\"isPartOf\":{\"@id\":\"https:\/\/www.templars-route.eu\/fr\/#website\"},\"primaryImageOfPage\":{\"@id\":\"https:\/\/www.templars-route.eu\/fr\/le-patrimoine-templier-dans-la-peninsule-iberique\/#primaryimage\"},\"image\":{\"@id\":\"https:\/\/www.templars-route.eu\/fr\/le-patrimoine-templier-dans-la-peninsule-iberique\/#primaryimage\"},\"thumbnailUrl\":\"https:\/\/european-templar-route.v3.mobylee.com\/assets\/uploads\/sites\/40\/2020\/11\/FOTO-7-1-570x570.jpg\",\"datePublished\":\"2020-11-30T18:47:28+00:00\",\"dateModified\":\"2020-12-15T14:11:48+00:00\",\"breadcrumb\":{\"@id\":\"https:\/\/www.templars-route.eu\/fr\/le-patrimoine-templier-dans-la-peninsule-iberique\/#breadcrumb\"},\"inLanguage\":\"fr-FR\",\"potentialAction\":[{\"@type\":\"ReadAction\",\"target\":[\"https:\/\/www.templars-route.eu\/fr\/le-patrimoine-templier-dans-la-peninsule-iberique\/\"]}]},{\"@type\":\"ImageObject\",\"inLanguage\":\"fr-FR\",\"@id\":\"https:\/\/www.templars-route.eu\/fr\/le-patrimoine-templier-dans-la-peninsule-iberique\/#primaryimage\",\"url\":\"https:\/\/european-templar-route.v3.mobylee.com\/assets\/uploads\/sites\/40\/2020\/11\/FOTO-7-1-570x570.jpg\",\"contentUrl\":\"https:\/\/european-templar-route.v3.mobylee.com\/assets\/uploads\/sites\/40\/2020\/11\/FOTO-7-1-570x570.jpg\"},{\"@type\":\"BreadcrumbList\",\"@id\":\"https:\/\/www.templars-route.eu\/fr\/le-patrimoine-templier-dans-la-peninsule-iberique\/#breadcrumb\",\"itemListElement\":[{\"@type\":\"ListItem\",\"position\":1,\"name\":\"Accueil\",\"item\":\"https:\/\/www.templars-route.eu\/fr\/\"},{\"@type\":\"ListItem\",\"position\":2,\"name\":\"Le patrimoine templier dans la p\u00e9ninsule ib\u00e9rique\"}]},{\"@type\":\"WebSite\",\"@id\":\"https:\/\/www.templars-route.eu\/fr\/#website\",\"url\":\"https:\/\/www.templars-route.eu\/fr\/\",\"name\":\"Route du patrimoine templier - Templars Route European Federation (TREF)\",\"description\":\"Valorisation of Templar heritage in Europe\",\"potentialAction\":[{\"@type\":\"SearchAction\",\"target\":{\"@type\":\"EntryPoint\",\"urlTemplate\":\"https:\/\/www.templars-route.eu\/fr\/?s={search_term_string}\"},\"query-input\":{\"@type\":\"PropertyValueSpecification\",\"valueRequired\":true,\"valueName\":\"search_term_string\"}}],\"inLanguage\":\"fr-FR\"}]}<\/script>\n<!-- \/ Yoast SEO plugin. -->","yoast_head_json":{"title":"Le patrimoine templier dans la p\u00e9ninsule ib\u00e9rique - Route du patrimoine templier - Templars Route European Federation (TREF)","robots":{"index":"index","follow":"follow","max-snippet":"max-snippet:-1","max-image-preview":"max-image-preview:large","max-video-preview":"max-video-preview:-1"},"canonical":"https:\/\/www.templars-route.eu\/fr\/le-patrimoine-templier-dans-la-peninsule-iberique\/","og_locale":"fr_FR","og_type":"article","og_title":"Le patrimoine templier dans la p\u00e9ninsule ib\u00e9rique - Route du patrimoine templier - Templars Route European Federation (TREF)","og_description":"Les Templiers se sont implant\u00e9s dans les provinces de Castille-et-Le\u00f3n, d&rsquo;Aragon, de Catalogne, de Navarre et au Portugal.\u00a0 \u00a0 Ils y b\u00e2tissent une centaine de commanderies pour fournir des revenus destin\u00e9s \u00e0 financer les activit\u00e9s militaires des chevaliers. Les commanderies fortifi\u00e9es sont pr\u00e9sentes essentiellement dans...","og_url":"https:\/\/www.templars-route.eu\/fr\/le-patrimoine-templier-dans-la-peninsule-iberique\/","og_site_name":"Route du patrimoine templier - Templars Route European Federation (TREF)","article_modified_time":"2020-12-15T14:11:48+00:00","og_image":[{"url":"https:\/\/european-templar-route.v3.mobylee.com\/assets\/uploads\/sites\/40\/2020\/11\/FOTO-7-1-570x570.jpg","type":"","width":"","height":""}],"twitter_card":"summary_large_image","twitter_misc":{"Dur\u00e9e de lecture estim\u00e9e":"1 minute"},"schema":{"@context":"https:\/\/schema.org","@graph":[{"@type":"WebPage","@id":"https:\/\/www.templars-route.eu\/fr\/le-patrimoine-templier-dans-la-peninsule-iberique\/","url":"https:\/\/www.templars-route.eu\/fr\/le-patrimoine-templier-dans-la-peninsule-iberique\/","name":"Le patrimoine templier dans la p\u00e9ninsule ib\u00e9rique - Route du patrimoine templier - Templars Route European Federation (TREF)","isPartOf":{"@id":"https:\/\/www.templars-route.eu\/fr\/#website"},"primaryImageOfPage":{"@id":"https:\/\/www.templars-route.eu\/fr\/le-patrimoine-templier-dans-la-peninsule-iberique\/#primaryimage"},"image":{"@id":"https:\/\/www.templars-route.eu\/fr\/le-patrimoine-templier-dans-la-peninsule-iberique\/#primaryimage"},"thumbnailUrl":"https:\/\/european-templar-route.v3.mobylee.com\/assets\/uploads\/sites\/40\/2020\/11\/FOTO-7-1-570x570.jpg","datePublished":"2020-11-30T18:47:28+00:00","dateModified":"2020-12-15T14:11:48+00:00","breadcrumb":{"@id":"https:\/\/www.templars-route.eu\/fr\/le-patrimoine-templier-dans-la-peninsule-iberique\/#breadcrumb"},"inLanguage":"fr-FR","potentialAction":[{"@type":"ReadAction","target":["https:\/\/www.templars-route.eu\/fr\/le-patrimoine-templier-dans-la-peninsule-iberique\/"]}]},{"@type":"ImageObject","inLanguage":"fr-FR","@id":"https:\/\/www.templars-route.eu\/fr\/le-patrimoine-templier-dans-la-peninsule-iberique\/#primaryimage","url":"https:\/\/european-templar-route.v3.mobylee.com\/assets\/uploads\/sites\/40\/2020\/11\/FOTO-7-1-570x570.jpg","contentUrl":"https:\/\/european-templar-route.v3.mobylee.com\/assets\/uploads\/sites\/40\/2020\/11\/FOTO-7-1-570x570.jpg"},{"@type":"BreadcrumbList","@id":"https:\/\/www.templars-route.eu\/fr\/le-patrimoine-templier-dans-la-peninsule-iberique\/#breadcrumb","itemListElement":[{"@type":"ListItem","position":1,"name":"Accueil","item":"https:\/\/www.templars-route.eu\/fr\/"},{"@type":"ListItem","position":2,"name":"Le patrimoine templier dans la p\u00e9ninsule ib\u00e9rique"}]},{"@type":"WebSite","@id":"https:\/\/www.templars-route.eu\/fr\/#website","url":"https:\/\/www.templars-route.eu\/fr\/","name":"Route du patrimoine templier - Templars Route European Federation (TREF)","description":"Valorisation of Templar heritage in Europe","potentialAction":[{"@type":"SearchAction","target":{"@type":"EntryPoint","urlTemplate":"https:\/\/www.templars-route.eu\/fr\/?s={search_term_string}"},"query-input":{"@type":"PropertyValueSpecification","valueRequired":true,"valueName":"search_term_string"}}],"inLanguage":"fr-FR"}]}},"_links":{"self":[{"href":"https:\/\/www.templars-route.eu\/fr\/wp-json\/wp\/v2\/pages\/18007\/"}],"collection":[{"href":"https:\/\/www.templars-route.eu\/fr\/wp-json\/wp\/v2\/pages\/"}],"about":[{"href":"https:\/\/www.templars-route.eu\/fr\/wp-json\/wp\/v2\/types\/page\/"}],"author":[{"embeddable":true,"href":"https:\/\/www.templars-route.eu\/fr\/wp-json\/wp\/v2\/users\/27\/"}],"replies":[{"embeddable":true,"href":"https:\/\/www.templars-route.eu\/fr\/wp-json\/wp\/v2\/comments\/?post=18007"}],"version-history":[{"count":6,"href":"https:\/\/www.templars-route.eu\/fr\/wp-json\/wp\/v2\/pages\/18007\/revisions\/"}],"predecessor-version":[{"id":18802,"href":"https:\/\/www.templars-route.eu\/fr\/wp-json\/wp\/v2\/pages\/18007\/revisions\/18802\/"}],"wp:attachment":[{"href":"https:\/\/www.templars-route.eu\/fr\/wp-json\/wp\/v2\/media\/?parent=18007"}],"curies":[{"name":"wp","href":"https:\/\/api.w.org\/{rel}","templated":true}]}}