{"id":17747,"date":"2020-11-25T16:56:21","date_gmt":"2020-11-25T15:56:21","guid":{"rendered":"https:\/\/www.templars-route.eu\/?page_id=17747"},"modified":"2020-11-25T16:56:21","modified_gmt":"2020-11-25T15:56:21","slug":"san-filipo-deplano","status":"publish","type":"page","link":"https:\/\/www.templars-route.eu\/fr\/san-filipo-deplano\/","title":{"rendered":"Commanderie San Filipo de&rsquo;Plano"},"content":{"rendered":"<div class=\"wpb-content-wrapper\"><p>[vc_row css_animation=\u00a0\u00bb\u00a0\u00bb row_type=\u00a0\u00bbrow\u00a0\u00bb use_row_as_full_screen_section=\u00a0\u00bbno\u00a0\u00bb type=\u00a0\u00bbfull_width\u00a0\u00bb angled_section=\u00a0\u00bbno\u00a0\u00bb text_align=\u00a0\u00bbleft\u00a0\u00bb background_image_as_pattern=\u00a0\u00bbwithout_pattern\u00a0\u00bb][vc_column width=\u00a0\u00bb2\/3&Prime;][vc_column_text]L&rsquo;espace dans lequel s&rsquo;\u00e9l\u00e8ve la petite \u00e9glise de San Filippo \u00e9tait habit\u00e9e depuis l&rsquo;antiquit\u00e9.<\/p>\n<p>&nbsp;<\/p>\n<p>Les premiers documents attestant de la pr\u00e9sence des templiers \u00e0 San Filippo de&rsquo;Plano remonte \u00e0 1187. La chapelle romane semble ant\u00e9rieure \u00e0 l&rsquo;arriv\u00e9e des chevaliers sur le belv\u00e9d\u00e8re.<\/p>\n<p>&nbsp;<\/p>\n<p>La commanderie \u00e9tait situ\u00e9e \u00e0 la crois\u00e9e de deux routes commerciales : la Salaria, prenant la direction du nord et la Flaminia, voie vers le sud. Le territoire \u00e0 la terre fertile gr\u00e2ce \u00e0 l&rsquo;irrigation de la rivi\u00e8re Musone \u00e9tait ainsi productif et strat\u00e9gique.<br \/>\nEntre 1264 et 1284, sous l&rsquo;\u00e9v\u00eaque Benvenuto, la r\u00e9gion de San Filipo comptait 16 moulins dont il reste aujourd&rsquo;hui des toponymes (\u00a0\u00bb Mulino San Filippo\u00a0\u00bb, \u00ab\u00a0Mulino San Polo\u00a0\u00bb).<\/p>\n<p>&nbsp;<\/p>\n<p>&nbsp;<\/p>\n<p>Apr\u00e8s la dissolution de l&rsquo;ordre du Temple, le domaine est remis \u00e0 l&rsquo;ordre de l&rsquo;H\u00f4pital mais le destin des templiers de San Filippo reste encore un myst\u00e8re.[\/vc_column_text][vc_empty_space][\/vc_column][vc_column width=\u00a0\u00bb1\/3&Prime;][vc_gallery interval=\u00a0\u00bb3&Prime; images=\u00a0\u00bb17742,17737&Prime; img_size=\u00a0\u00bblarge\u00a0\u00bb][\/vc_column][\/vc_row][vc_row css_animation=\u00a0\u00bb\u00a0\u00bb row_type=\u00a0\u00bbrow\u00a0\u00bb use_row_as_full_screen_section=\u00a0\u00bbno\u00a0\u00bb type=\u00a0\u00bbfull_width\u00a0\u00bb angled_section=\u00a0\u00bbno\u00a0\u00bb text_align=\u00a0\u00bbleft\u00a0\u00bb background_image_as_pattern=\u00a0\u00bbwithout_pattern\u00a0\u00bb][vc_column width=\u00a0\u00bb1\/2&Prime;][vc_column_text]<\/p>\n<h2>Coordonn\u00e9es<\/h2>\n<p>&nbsp;<\/p>\n<p><strong>San Filippo de&rsquo;Plano<\/strong><br \/>\nVia della Commenda 2<br \/>\nOSIMO &#8211; Italie<br \/>\nTel : +39 340 84 35 992<br \/>\nE-mail : <a href=\"mailto:collesanfilippo@gmail.com\" target=\"_blank\" rel=\"noopener noreferrer\">collesanfilippo@gmail.com<\/a><br \/>\n<a href=\"http:\/\/templarinellemarche.it\/\" target=\"_blank\" rel=\"noopener noreferrer\">www.templarinellemarche.it<\/a>[\/vc_column_text][\/vc_column][vc_column width=\u00a0\u00bb1\/2&Prime;][vc_gmaps link=\u00a0\u00bb#E-8_JTNDaWZyYW1lJTIwc3JjJTNEJTIyaHR0cHMlM0ElMkYlMkZ3d3cuZ29vZ2xlLmNvbSUyRm1hcHMlMkZlbWJlZCUzRnBiJTNEJTIxMW0xNCUyMTFtOCUyMTFtMyUyMTFkMTE1NzguODA4MTIyNjIzOSUyMTJkMTMuMzY1Mjk1NCUyMTNkNDMuNDg3Njg4NCUyMTNtMiUyMTFpMTAyNCUyMTJpNzY4JTIxNGYxMy4xJTIxM20zJTIxMW0yJTIxMXMweDAlMjUzQTB4OGYzNjQ5ZmRjNDE1NmY3MyUyMTJzVGVtcGxhcmklMjUyMG5lbGxlJTI1MjBNYXJjaGUlMjE1ZTAlMjEzbTIlMjExc2ZyJTIxMnNmciUyMTR2MTYwNjMxOTc0NzQyMyUyMTVtMiUyMTFzZnIlMjEyc2ZyJTIyJTIwd2lkdGglM0QlMjI2MDAlMjIlMjBoZWlnaHQlM0QlMjIzMDAlMjIlMjBmcmFtZWJvcmRlciUzRCUyMjAlMjIlMjBzdHlsZSUzRCUyMmJvcmRlciUzQTAlM0IlMjIlMjBhbGxvd2Z1bGxzY3JlZW4lM0QlMjIlMjIlMjBhcmlhLWhpZGRlbiUzRCUyMmZhbHNlJTIyJTIwdGFiaW5kZXglM0QlMjIwJTIyJTNFJTNDJTJGaWZyYW1lJTNF\u00a0\u00bb][\/vc_column][\/vc_row]<\/p>\n<\/div>","protected":false},"excerpt":{"rendered":"<p>[vc_row css_animation=\u00a0\u00bb\u00a0\u00bb row_type=\u00a0\u00bbrow\u00a0\u00bb use_row_as_full_screen_section=\u00a0\u00bbno\u00a0\u00bb type=\u00a0\u00bbfull_width\u00a0\u00bb angled_section=\u00a0\u00bbno\u00a0\u00bb text_align=\u00a0\u00bbleft\u00a0\u00bb background_image_as_pattern=\u00a0\u00bbwithout_pattern\u00a0\u00bb][vc_column width=\u00a0\u00bb2\/3&Prime;][vc_column_text]L&rsquo;espace dans lequel s&rsquo;\u00e9l\u00e8ve la petite \u00e9glise de San Filippo \u00e9tait habit\u00e9e depuis l&rsquo;antiquit\u00e9. &nbsp; Les premiers documents attestant de la pr\u00e9sence des templiers \u00e0 San Filippo de&rsquo;Plano remonte \u00e0 1187. La chapelle romane semble ant\u00e9rieure \u00e0&#8230;<\/p>\n","protected":false},"author":27,"featured_media":0,"parent":0,"menu_order":0,"comment_status":"closed","ping_status":"closed","template":"","meta":{"footnotes":""},"class_list":["post-17747","page","type-page","status-publish","hentry"],"yoast_head":"<!-- This site is optimized with the Yoast SEO plugin v26.6 - https:\/\/yoast.com\/wordpress\/plugins\/seo\/ -->\n<title>Commanderie San Filipo de&#039;Plano - Route du patrimoine templier - Templars Route European Federation (TREF)<\/title>\n<meta name=\"robots\" content=\"index, follow, max-snippet:-1, max-image-preview:large, max-video-preview:-1\" \/>\n<link rel=\"canonical\" href=\"https:\/\/www.templars-route.eu\/fr\/san-filipo-deplano\/\" \/>\n<meta property=\"og:locale\" content=\"fr_FR\" \/>\n<meta property=\"og:type\" content=\"article\" \/>\n<meta property=\"og:title\" content=\"Commanderie San Filipo de&#039;Plano - Route du patrimoine templier - Templars Route European Federation (TREF)\" \/>\n<meta property=\"og:description\" content=\"[vc_row css_animation=\u00a0\u00bb\u00a0\u00bb row_type=\u00a0\u00bbrow\u00a0\u00bb use_row_as_full_screen_section=\u00a0\u00bbno\u00a0\u00bb type=\u00a0\u00bbfull_width\u00a0\u00bb angled_section=\u00a0\u00bbno\u00a0\u00bb text_align=\u00a0\u00bbleft\u00a0\u00bb background_image_as_pattern=\u00a0\u00bbwithout_pattern\u00a0\u00bb][vc_column width=\u00a0\u00bb2\/3&Prime;][vc_column_text]L&rsquo;espace dans lequel s&rsquo;\u00e9l\u00e8ve la petite \u00e9glise de San Filippo \u00e9tait habit\u00e9e depuis l&rsquo;antiquit\u00e9. &nbsp; Les premiers documents attestant de la pr\u00e9sence des templiers \u00e0 San Filippo de&rsquo;Plano remonte \u00e0 1187. La chapelle romane semble ant\u00e9rieure \u00e0...\" \/>\n<meta property=\"og:url\" content=\"https:\/\/www.templars-route.eu\/fr\/san-filipo-deplano\/\" \/>\n<meta property=\"og:site_name\" content=\"Route du patrimoine templier - Templars Route European Federation (TREF)\" \/>\n<meta name=\"twitter:card\" content=\"summary_large_image\" \/>\n<meta name=\"twitter:label1\" content=\"Dur\u00e9e de lecture estim\u00e9e\" \/>\n\t<meta name=\"twitter:data1\" content=\"2 minutes\" \/>\n<script type=\"application\/ld+json\" class=\"yoast-schema-graph\">{\"@context\":\"https:\/\/schema.org\",\"@graph\":[{\"@type\":\"WebPage\",\"@id\":\"https:\/\/www.templars-route.eu\/fr\/san-filipo-deplano\/\",\"url\":\"https:\/\/www.templars-route.eu\/fr\/san-filipo-deplano\/\",\"name\":\"Commanderie San Filipo de'Plano - Route du patrimoine templier - Templars Route European Federation (TREF)\",\"isPartOf\":{\"@id\":\"https:\/\/www.templars-route.eu\/fr\/#website\"},\"datePublished\":\"2020-11-25T15:56:21+00:00\",\"breadcrumb\":{\"@id\":\"https:\/\/www.templars-route.eu\/fr\/san-filipo-deplano\/#breadcrumb\"},\"inLanguage\":\"fr-FR\",\"potentialAction\":[{\"@type\":\"ReadAction\",\"target\":[\"https:\/\/www.templars-route.eu\/fr\/san-filipo-deplano\/\"]}]},{\"@type\":\"BreadcrumbList\",\"@id\":\"https:\/\/www.templars-route.eu\/fr\/san-filipo-deplano\/#breadcrumb\",\"itemListElement\":[{\"@type\":\"ListItem\",\"position\":1,\"name\":\"Accueil\",\"item\":\"https:\/\/www.templars-route.eu\/fr\/\"},{\"@type\":\"ListItem\",\"position\":2,\"name\":\"Commanderie San Filipo de&rsquo;Plano\"}]},{\"@type\":\"WebSite\",\"@id\":\"https:\/\/www.templars-route.eu\/fr\/#website\",\"url\":\"https:\/\/www.templars-route.eu\/fr\/\",\"name\":\"Route du patrimoine templier - Templars Route European Federation (TREF)\",\"description\":\"Valorisation of Templar heritage in Europe\",\"potentialAction\":[{\"@type\":\"SearchAction\",\"target\":{\"@type\":\"EntryPoint\",\"urlTemplate\":\"https:\/\/www.templars-route.eu\/fr\/?s={search_term_string}\"},\"query-input\":{\"@type\":\"PropertyValueSpecification\",\"valueRequired\":true,\"valueName\":\"search_term_string\"}}],\"inLanguage\":\"fr-FR\"}]}<\/script>\n<!-- \/ Yoast SEO plugin. -->","yoast_head_json":{"title":"Commanderie San Filipo de'Plano - Route du patrimoine templier - Templars Route European Federation (TREF)","robots":{"index":"index","follow":"follow","max-snippet":"max-snippet:-1","max-image-preview":"max-image-preview:large","max-video-preview":"max-video-preview:-1"},"canonical":"https:\/\/www.templars-route.eu\/fr\/san-filipo-deplano\/","og_locale":"fr_FR","og_type":"article","og_title":"Commanderie San Filipo de'Plano - Route du patrimoine templier - Templars Route European Federation (TREF)","og_description":"[vc_row css_animation=\u00a0\u00bb\u00a0\u00bb row_type=\u00a0\u00bbrow\u00a0\u00bb use_row_as_full_screen_section=\u00a0\u00bbno\u00a0\u00bb type=\u00a0\u00bbfull_width\u00a0\u00bb angled_section=\u00a0\u00bbno\u00a0\u00bb text_align=\u00a0\u00bbleft\u00a0\u00bb background_image_as_pattern=\u00a0\u00bbwithout_pattern\u00a0\u00bb][vc_column width=\u00a0\u00bb2\/3&Prime;][vc_column_text]L&rsquo;espace dans lequel s&rsquo;\u00e9l\u00e8ve la petite \u00e9glise de San Filippo \u00e9tait habit\u00e9e depuis l&rsquo;antiquit\u00e9. &nbsp; Les premiers documents attestant de la pr\u00e9sence des templiers \u00e0 San Filippo de&rsquo;Plano remonte \u00e0 1187. La chapelle romane semble ant\u00e9rieure \u00e0...","og_url":"https:\/\/www.templars-route.eu\/fr\/san-filipo-deplano\/","og_site_name":"Route du patrimoine templier - Templars Route European Federation (TREF)","twitter_card":"summary_large_image","twitter_misc":{"Dur\u00e9e de lecture estim\u00e9e":"2 minutes"},"schema":{"@context":"https:\/\/schema.org","@graph":[{"@type":"WebPage","@id":"https:\/\/www.templars-route.eu\/fr\/san-filipo-deplano\/","url":"https:\/\/www.templars-route.eu\/fr\/san-filipo-deplano\/","name":"Commanderie San Filipo de'Plano - Route du patrimoine templier - Templars Route European Federation (TREF)","isPartOf":{"@id":"https:\/\/www.templars-route.eu\/fr\/#website"},"datePublished":"2020-11-25T15:56:21+00:00","breadcrumb":{"@id":"https:\/\/www.templars-route.eu\/fr\/san-filipo-deplano\/#breadcrumb"},"inLanguage":"fr-FR","potentialAction":[{"@type":"ReadAction","target":["https:\/\/www.templars-route.eu\/fr\/san-filipo-deplano\/"]}]},{"@type":"BreadcrumbList","@id":"https:\/\/www.templars-route.eu\/fr\/san-filipo-deplano\/#breadcrumb","itemListElement":[{"@type":"ListItem","position":1,"name":"Accueil","item":"https:\/\/www.templars-route.eu\/fr\/"},{"@type":"ListItem","position":2,"name":"Commanderie San Filipo de&rsquo;Plano"}]},{"@type":"WebSite","@id":"https:\/\/www.templars-route.eu\/fr\/#website","url":"https:\/\/www.templars-route.eu\/fr\/","name":"Route du patrimoine templier - Templars Route European Federation (TREF)","description":"Valorisation of Templar heritage in Europe","potentialAction":[{"@type":"SearchAction","target":{"@type":"EntryPoint","urlTemplate":"https:\/\/www.templars-route.eu\/fr\/?s={search_term_string}"},"query-input":{"@type":"PropertyValueSpecification","valueRequired":true,"valueName":"search_term_string"}}],"inLanguage":"fr-FR"}]}},"_links":{"self":[{"href":"https:\/\/www.templars-route.eu\/fr\/wp-json\/wp\/v2\/pages\/17747\/"}],"collection":[{"href":"https:\/\/www.templars-route.eu\/fr\/wp-json\/wp\/v2\/pages\/"}],"about":[{"href":"https:\/\/www.templars-route.eu\/fr\/wp-json\/wp\/v2\/types\/page\/"}],"author":[{"embeddable":true,"href":"https:\/\/www.templars-route.eu\/fr\/wp-json\/wp\/v2\/users\/27\/"}],"replies":[{"embeddable":true,"href":"https:\/\/www.templars-route.eu\/fr\/wp-json\/wp\/v2\/comments\/?post=17747"}],"version-history":[{"count":1,"href":"https:\/\/www.templars-route.eu\/fr\/wp-json\/wp\/v2\/pages\/17747\/revisions\/"}],"predecessor-version":[{"id":17748,"href":"https:\/\/www.templars-route.eu\/fr\/wp-json\/wp\/v2\/pages\/17747\/revisions\/17748\/"}],"wp:attachment":[{"href":"https:\/\/www.templars-route.eu\/fr\/wp-json\/wp\/v2\/media\/?parent=17747"}],"curies":[{"name":"wp","href":"https:\/\/api.w.org\/{rel}","templated":true}]}}