{"id":17716,"date":"2020-11-25T15:27:01","date_gmt":"2020-11-25T14:27:01","guid":{"rendered":"https:\/\/www.templars-route.eu\/?page_id=17716"},"modified":"2024-06-04T16:41:22","modified_gmt":"2024-06-04T14:41:22","slug":"chapelle-saint-nicolas-de-vianden","status":"publish","type":"page","link":"https:\/\/www.templars-route.eu\/fr\/ailleurs-en-europe\/chapelle-saint-nicolas-de-vianden\/","title":{"rendered":"Chapelle Saint Nicolas de Vianden"},"content":{"rendered":"<div class=\"wpb-content-wrapper\"><p>[vc_row css_animation=\u00a0\u00bb\u00a0\u00bb row_type=\u00a0\u00bbrow\u00a0\u00bb use_row_as_full_screen_section=\u00a0\u00bbno\u00a0\u00bb type=\u00a0\u00bbfull_width\u00a0\u00bb angled_section=\u00a0\u00bbno\u00a0\u00bb text_align=\u00a0\u00bbleft\u00a0\u00bb background_image_as_pattern=\u00a0\u00bbwithout_pattern\u00a0\u00bb][vc_column width=\u00a0\u00bb2\/3&Prime;][vc_column_text]L&rsquo;\u00e9glise St Nicolas de Vianden fut construite au 13\u00e8me si\u00e8cle par les Templiers de Roth (Allemagne) pour les habitants du faubourg, sur la rive gauche de la rivi\u00e8re Our. En 1545, un cimeti\u00e8re est am\u00e9nag\u00e9 \u00e0 gauche de l\u2019\u00e9glise.<\/p>\n<p>Un incendie d\u00e9truit l\u2019\u00e9difice qui sera reconstruit au 18\u00e8me. D\u00e9but 20\u00e8me des ouvertures n\u00e9o-gothiques sont perc\u00e9es par Charles Arendt.<\/p>\n<p>&nbsp;<\/p>\n<p>Le retable du ch\u0153ur avec la statue de st Nicolas date de 1768. Le saint \u00e9v\u00eaque est v\u00e9n\u00e9r\u00e9 comme patron des marchands et des bateliers.<\/p>\n<p>La statue en pierre de st Jean N\u00e9pomuc\u00e8ne, canonis\u00e9 en 1729, provient du pont de l\u2019Our o\u00f9 elle a \u00e9t\u00e9 remplac\u00e9e par une copie. Ce saint est consid\u00e9r\u00e9 comme protecteur contre les dangers de l\u2019eau et comme mod\u00e8le de la confession.<\/p>\n<p>[\/vc_column_text][vc_empty_space][\/vc_column][vc_column width=\u00a0\u00bb1\/3&Prime;][vc_gallery interval=\u00a0\u00bb3&Prime; images=\u00a0\u00bb15969,15964&Prime; img_size=\u00a0\u00bblarge\u00a0\u00bb][\/vc_column][\/vc_row][vc_row css_animation=\u00a0\u00bb\u00a0\u00bb row_type=\u00a0\u00bbrow\u00a0\u00bb use_row_as_full_screen_section=\u00a0\u00bbno\u00a0\u00bb type=\u00a0\u00bbfull_width\u00a0\u00bb angled_section=\u00a0\u00bbno\u00a0\u00bb text_align=\u00a0\u00bbleft\u00a0\u00bb background_image_as_pattern=\u00a0\u00bbwithout_pattern\u00a0\u00bb][vc_column width=\u00a0\u00bb1\/2&Prime;][vc_column_text]<\/p>\n<h2>Coordonn\u00e9es<\/h2>\n<p>&nbsp;<\/p>\n<p><strong>Eglise Saint Nicolas de Vianden\u00a0<\/strong><br \/>\nAssociation des Amis de l&rsquo;histoire de Vianden &#8211; VEINER GESCHICHTSFR\u00c9NN A.S.B.L.<br \/>\nE-mail : <a href=\"mailto:clfox@pt.lu\" target=\"_blank\" rel=\"noopener noreferrer\">clfox@pt.lu<\/a>[\/vc_column_text][\/vc_column][vc_column width=\u00a0\u00bb1\/2&Prime;][vc_gmaps link=\u00a0\u00bb#E-8_JTNDaWZyYW1lJTIwc3JjJTNEJTIyaHR0cHMlM0ElMkYlMkZ3d3cuZ29vZ2xlLmNvbSUyRm1hcHMlMkZlbWJlZCUzRnBiJTNEJTIxMW0xNCUyMTFtOCUyMTFtMyUyMTFkMTAyNzIuNDcxNjgxNzI0NjU0JTIxMmQ2LjIwODA2MjMlMjEzZDQ5LjkzNDEyODYlMjEzbTIlMjExaTEwMjQlMjEyaTc2OCUyMTRmMTMuMSUyMTNtMyUyMTFtMiUyMTFzMHgwJTI1M0EweGVlMThlMTliYjc3ZTRiMDElMjEyc0VnbGlzZSUyNTIwU2FpbnQlMjUyME5pY29sYXMlMjE1ZTAlMjEzbTIlMjExc2ZyJTIxMnNmciUyMTR2MTYwNjMxNDM5OTI3MCUyMTVtMiUyMTFzZnIlMjEyc2ZyJTIyJTIwd2lkdGglM0QlMjI2MDAlMjIlMjBoZWlnaHQlM0QlMjIzMDAlMjIlMjBmcmFtZWJvcmRlciUzRCUyMjAlMjIlMjBzdHlsZSUzRCUyMmJvcmRlciUzQTAlM0IlMjIlMjBhbGxvd2Z1bGxzY3JlZW4lM0QlMjIlMjIlMjBhcmlhLWhpZGRlbiUzRCUyMmZhbHNlJTIyJTIwdGFiaW5kZXglM0QlMjIwJTIyJTNFJTNDJTJGaWZyYW1lJTNF\u00a0\u00bb][\/vc_column][\/vc_row]<\/p>\n<\/div>","protected":false},"excerpt":{"rendered":"<p>[vc_row css_animation=\u00a0\u00bb\u00a0\u00bb row_type=\u00a0\u00bbrow\u00a0\u00bb use_row_as_full_screen_section=\u00a0\u00bbno\u00a0\u00bb type=\u00a0\u00bbfull_width\u00a0\u00bb angled_section=\u00a0\u00bbno\u00a0\u00bb text_align=\u00a0\u00bbleft\u00a0\u00bb background_image_as_pattern=\u00a0\u00bbwithout_pattern\u00a0\u00bb][vc_column width=\u00a0\u00bb2\/3&Prime;][vc_column_text]L&rsquo;\u00e9glise St Nicolas de Vianden fut construite au 13\u00e8me si\u00e8cle par les Templiers de Roth (Allemagne) pour les habitants du faubourg, sur la rive gauche de la rivi\u00e8re Our. En 1545, un cimeti\u00e8re est am\u00e9nag\u00e9 \u00e0 gauche&#8230;<\/p>\n","protected":false},"author":27,"featured_media":0,"parent":18181,"menu_order":0,"comment_status":"closed","ping_status":"closed","template":"","meta":{"footnotes":""},"class_list":["post-17716","page","type-page","status-publish","hentry"],"yoast_head":"<!-- This site is optimized with the Yoast SEO plugin v26.6 - https:\/\/yoast.com\/wordpress\/plugins\/seo\/ -->\n<title>Chapelle Saint Nicolas de Vianden - Route du patrimoine templier - Templars Route European Federation (TREF)<\/title>\n<meta name=\"robots\" content=\"index, follow, max-snippet:-1, max-image-preview:large, max-video-preview:-1\" \/>\n<link rel=\"canonical\" href=\"https:\/\/www.templars-route.eu\/fr\/ailleurs-en-europe\/chapelle-saint-nicolas-de-vianden\/\" \/>\n<meta property=\"og:locale\" content=\"fr_FR\" \/>\n<meta property=\"og:type\" content=\"article\" \/>\n<meta property=\"og:title\" content=\"Chapelle Saint Nicolas de Vianden - Route du patrimoine templier - Templars Route European Federation (TREF)\" \/>\n<meta property=\"og:description\" content=\"[vc_row css_animation=\u00a0\u00bb\u00a0\u00bb row_type=\u00a0\u00bbrow\u00a0\u00bb use_row_as_full_screen_section=\u00a0\u00bbno\u00a0\u00bb type=\u00a0\u00bbfull_width\u00a0\u00bb angled_section=\u00a0\u00bbno\u00a0\u00bb text_align=\u00a0\u00bbleft\u00a0\u00bb background_image_as_pattern=\u00a0\u00bbwithout_pattern\u00a0\u00bb][vc_column width=\u00a0\u00bb2\/3&Prime;][vc_column_text]L&rsquo;\u00e9glise St Nicolas de Vianden fut construite au 13\u00e8me si\u00e8cle par les Templiers de Roth (Allemagne) pour les habitants du faubourg, sur la rive gauche de la rivi\u00e8re Our. En 1545, un cimeti\u00e8re est am\u00e9nag\u00e9 \u00e0 gauche...\" \/>\n<meta property=\"og:url\" content=\"https:\/\/www.templars-route.eu\/fr\/ailleurs-en-europe\/chapelle-saint-nicolas-de-vianden\/\" \/>\n<meta property=\"og:site_name\" content=\"Route du patrimoine templier - Templars Route European Federation (TREF)\" \/>\n<meta property=\"article:modified_time\" content=\"2024-06-04T14:41:22+00:00\" \/>\n<meta name=\"twitter:card\" content=\"summary_large_image\" \/>\n<meta name=\"twitter:label1\" content=\"Dur\u00e9e de lecture estim\u00e9e\" \/>\n\t<meta name=\"twitter:data1\" content=\"1 minute\" \/>\n<script type=\"application\/ld+json\" class=\"yoast-schema-graph\">{\"@context\":\"https:\/\/schema.org\",\"@graph\":[{\"@type\":\"WebPage\",\"@id\":\"https:\/\/www.templars-route.eu\/fr\/ailleurs-en-europe\/chapelle-saint-nicolas-de-vianden\/\",\"url\":\"https:\/\/www.templars-route.eu\/fr\/ailleurs-en-europe\/chapelle-saint-nicolas-de-vianden\/\",\"name\":\"Chapelle Saint Nicolas de Vianden - Route du patrimoine templier - Templars Route European Federation (TREF)\",\"isPartOf\":{\"@id\":\"https:\/\/www.templars-route.eu\/fr\/#website\"},\"datePublished\":\"2020-11-25T14:27:01+00:00\",\"dateModified\":\"2024-06-04T14:41:22+00:00\",\"breadcrumb\":{\"@id\":\"https:\/\/www.templars-route.eu\/fr\/ailleurs-en-europe\/chapelle-saint-nicolas-de-vianden\/#breadcrumb\"},\"inLanguage\":\"fr-FR\",\"potentialAction\":[{\"@type\":\"ReadAction\",\"target\":[\"https:\/\/www.templars-route.eu\/fr\/ailleurs-en-europe\/chapelle-saint-nicolas-de-vianden\/\"]}]},{\"@type\":\"BreadcrumbList\",\"@id\":\"https:\/\/www.templars-route.eu\/fr\/ailleurs-en-europe\/chapelle-saint-nicolas-de-vianden\/#breadcrumb\",\"itemListElement\":[{\"@type\":\"ListItem\",\"position\":1,\"name\":\"Accueil\",\"item\":\"https:\/\/www.templars-route.eu\/fr\/\"},{\"@type\":\"ListItem\",\"position\":2,\"name\":\"Ailleurs en Europe\",\"item\":\"https:\/\/www.templars-route.eu\/fr\/ailleurs-en-europe\/\"},{\"@type\":\"ListItem\",\"position\":3,\"name\":\"Chapelle Saint Nicolas de Vianden\"}]},{\"@type\":\"WebSite\",\"@id\":\"https:\/\/www.templars-route.eu\/fr\/#website\",\"url\":\"https:\/\/www.templars-route.eu\/fr\/\",\"name\":\"Route du patrimoine templier - Templars Route European Federation (TREF)\",\"description\":\"Valorisation of Templar heritage in Europe\",\"potentialAction\":[{\"@type\":\"SearchAction\",\"target\":{\"@type\":\"EntryPoint\",\"urlTemplate\":\"https:\/\/www.templars-route.eu\/fr\/?s={search_term_string}\"},\"query-input\":{\"@type\":\"PropertyValueSpecification\",\"valueRequired\":true,\"valueName\":\"search_term_string\"}}],\"inLanguage\":\"fr-FR\"}]}<\/script>\n<!-- \/ Yoast SEO plugin. -->","yoast_head_json":{"title":"Chapelle Saint Nicolas de Vianden - Route du patrimoine templier - Templars Route European Federation (TREF)","robots":{"index":"index","follow":"follow","max-snippet":"max-snippet:-1","max-image-preview":"max-image-preview:large","max-video-preview":"max-video-preview:-1"},"canonical":"https:\/\/www.templars-route.eu\/fr\/ailleurs-en-europe\/chapelle-saint-nicolas-de-vianden\/","og_locale":"fr_FR","og_type":"article","og_title":"Chapelle Saint Nicolas de Vianden - Route du patrimoine templier - Templars Route European Federation (TREF)","og_description":"[vc_row css_animation=\u00a0\u00bb\u00a0\u00bb row_type=\u00a0\u00bbrow\u00a0\u00bb use_row_as_full_screen_section=\u00a0\u00bbno\u00a0\u00bb type=\u00a0\u00bbfull_width\u00a0\u00bb angled_section=\u00a0\u00bbno\u00a0\u00bb text_align=\u00a0\u00bbleft\u00a0\u00bb background_image_as_pattern=\u00a0\u00bbwithout_pattern\u00a0\u00bb][vc_column width=\u00a0\u00bb2\/3&Prime;][vc_column_text]L&rsquo;\u00e9glise St Nicolas de Vianden fut construite au 13\u00e8me si\u00e8cle par les Templiers de Roth (Allemagne) pour les habitants du faubourg, sur la rive gauche de la rivi\u00e8re Our. En 1545, un cimeti\u00e8re est am\u00e9nag\u00e9 \u00e0 gauche...","og_url":"https:\/\/www.templars-route.eu\/fr\/ailleurs-en-europe\/chapelle-saint-nicolas-de-vianden\/","og_site_name":"Route du patrimoine templier - Templars Route European Federation (TREF)","article_modified_time":"2024-06-04T14:41:22+00:00","twitter_card":"summary_large_image","twitter_misc":{"Dur\u00e9e de lecture estim\u00e9e":"1 minute"},"schema":{"@context":"https:\/\/schema.org","@graph":[{"@type":"WebPage","@id":"https:\/\/www.templars-route.eu\/fr\/ailleurs-en-europe\/chapelle-saint-nicolas-de-vianden\/","url":"https:\/\/www.templars-route.eu\/fr\/ailleurs-en-europe\/chapelle-saint-nicolas-de-vianden\/","name":"Chapelle Saint Nicolas de Vianden - Route du patrimoine templier - Templars Route European Federation (TREF)","isPartOf":{"@id":"https:\/\/www.templars-route.eu\/fr\/#website"},"datePublished":"2020-11-25T14:27:01+00:00","dateModified":"2024-06-04T14:41:22+00:00","breadcrumb":{"@id":"https:\/\/www.templars-route.eu\/fr\/ailleurs-en-europe\/chapelle-saint-nicolas-de-vianden\/#breadcrumb"},"inLanguage":"fr-FR","potentialAction":[{"@type":"ReadAction","target":["https:\/\/www.templars-route.eu\/fr\/ailleurs-en-europe\/chapelle-saint-nicolas-de-vianden\/"]}]},{"@type":"BreadcrumbList","@id":"https:\/\/www.templars-route.eu\/fr\/ailleurs-en-europe\/chapelle-saint-nicolas-de-vianden\/#breadcrumb","itemListElement":[{"@type":"ListItem","position":1,"name":"Accueil","item":"https:\/\/www.templars-route.eu\/fr\/"},{"@type":"ListItem","position":2,"name":"Ailleurs en Europe","item":"https:\/\/www.templars-route.eu\/fr\/ailleurs-en-europe\/"},{"@type":"ListItem","position":3,"name":"Chapelle Saint Nicolas de Vianden"}]},{"@type":"WebSite","@id":"https:\/\/www.templars-route.eu\/fr\/#website","url":"https:\/\/www.templars-route.eu\/fr\/","name":"Route du patrimoine templier - Templars Route European Federation (TREF)","description":"Valorisation of Templar heritage in Europe","potentialAction":[{"@type":"SearchAction","target":{"@type":"EntryPoint","urlTemplate":"https:\/\/www.templars-route.eu\/fr\/?s={search_term_string}"},"query-input":{"@type":"PropertyValueSpecification","valueRequired":true,"valueName":"search_term_string"}}],"inLanguage":"fr-FR"}]}},"_links":{"self":[{"href":"https:\/\/www.templars-route.eu\/fr\/wp-json\/wp\/v2\/pages\/17716\/"}],"collection":[{"href":"https:\/\/www.templars-route.eu\/fr\/wp-json\/wp\/v2\/pages\/"}],"about":[{"href":"https:\/\/www.templars-route.eu\/fr\/wp-json\/wp\/v2\/types\/page\/"}],"author":[{"embeddable":true,"href":"https:\/\/www.templars-route.eu\/fr\/wp-json\/wp\/v2\/users\/27\/"}],"replies":[{"embeddable":true,"href":"https:\/\/www.templars-route.eu\/fr\/wp-json\/wp\/v2\/comments\/?post=17716"}],"version-history":[{"count":1,"href":"https:\/\/www.templars-route.eu\/fr\/wp-json\/wp\/v2\/pages\/17716\/revisions\/"}],"predecessor-version":[{"id":17717,"href":"https:\/\/www.templars-route.eu\/fr\/wp-json\/wp\/v2\/pages\/17716\/revisions\/17717\/"}],"up":[{"embeddable":true,"href":"https:\/\/www.templars-route.eu\/fr\/wp-json\/wp\/v2\/pages\/18181\/"}],"wp:attachment":[{"href":"https:\/\/www.templars-route.eu\/fr\/wp-json\/wp\/v2\/media\/?parent=17716"}],"curies":[{"name":"wp","href":"https:\/\/api.w.org\/{rel}","templated":true}]}}