{"id":17656,"date":"2020-11-24T19:00:59","date_gmt":"2020-11-24T18:00:59","guid":{"rendered":"https:\/\/www.templars-route.eu\/?page_id=17656"},"modified":"2020-11-30T20:38:35","modified_gmt":"2020-11-30T19:38:35","slug":"chapelle-rugney","status":"publish","type":"page","link":"https:\/\/www.templars-route.eu\/fr\/chapelle-rugney\/","title":{"rendered":"Chapelle Saint Jean-Baptiste de Rugney"},"content":{"rendered":"<div class=\"wpb-content-wrapper\"><p>[vc_row css_animation=\u00a0\u00bb\u00a0\u00bb row_type=\u00a0\u00bbrow\u00a0\u00bb use_row_as_full_screen_section=\u00a0\u00bbno\u00a0\u00bb type=\u00a0\u00bbfull_width\u00a0\u00bb angled_section=\u00a0\u00bbno\u00a0\u00bb text_align=\u00a0\u00bbleft\u00a0\u00bb background_image_as_pattern=\u00a0\u00bbwithout_pattern\u00a0\u00bb][vc_column width=\u00a0\u00bb2\/3&Prime;][vc_column_text]La chapelle Saint Jean-Baptiste de Xugney est le plus ancien vestige templier de Lorraine. Construite apr\u00e8s 1160, en style roman tardif, elle faisait partie d&rsquo;un ensemble plus vaste appel\u00e9 \u00ab\u00a0commanderie\u00a0\u00bb,\u00a0qui regroupait une salle capitulaire, un clo\u00eetre, des b\u00e2timents r\u00e9sidentiels pour les moines soldats, ainsi que des engrangements et autres constructions.<\/p>\n<p>Cette petite exploitation a travers\u00e9 les si\u00e8cles avec les al\u00e9as que cela a pu engendrer sur le site. Les b\u00e2timents ont \u00e9t\u00e9\u00a0transform\u00e9s, d\u00e9plac\u00e9s, d\u00e9truits, et reconstruits.<\/p>\n<p>Les moines,\u00a0qui ont\u00a0occup\u00e9 cette chapelle, lui ont forg\u00e9 son histoire, empreinte de calme, de s\u00e9r\u00e9nit\u00e9 et une dimension spirituelle forte, six cents ann\u00e9es durant.<\/p>\n<p>[\/vc_column_text][vc_empty_space][\/vc_column][vc_column width=\u00a0\u00bb1\/3&Prime;][vc_gallery interval=\u00a0\u00bb3&Prime; images=\u00a0\u00bb18085,18080,18075&Prime; img_size=\u00a0\u00bblarge\u00a0\u00bb][\/vc_column][\/vc_row][vc_row css_animation=\u00a0\u00bb\u00a0\u00bb row_type=\u00a0\u00bbrow\u00a0\u00bb use_row_as_full_screen_section=\u00a0\u00bbno\u00a0\u00bb type=\u00a0\u00bbfull_width\u00a0\u00bb angled_section=\u00a0\u00bbno\u00a0\u00bb text_align=\u00a0\u00bbleft\u00a0\u00bb background_image_as_pattern=\u00a0\u00bbwithout_pattern\u00a0\u00bb][vc_column width=\u00a0\u00bb1\/2&Prime;][vc_column_text]<\/p>\n<h2>Coordonn\u00e9es<\/h2>\n<p>&nbsp;<\/p>\n<p><strong>Chapelle Saint Jean-Baptiste de Rugney<\/strong><br \/>\nAssociation M\u00e9moire templi\u00e8re du Grand-Est<br \/>\nChemin de Xugney<br \/>\n88130\u00a0\u00a0RUGNEY<br \/>\nTel : +33 (0) 6 17 49 24 27<br \/>\nE-mail : <a class=\"oajrlxb2 g5ia77u1 qu0x051f esr5mh6w e9989ue4 r7d6kgcz rq0escxv nhd2j8a9 nc684nl6 p7hjln8o kvgmc6g5 cxmmr5t8 oygrvhab hcukyx3x jb3vyjys rz4wbd8a qt6c0cv9 a8nywdso i1ao9s8h esuyzwwr f1sip0of lzcic4wl py34i1dx gpro0wi8\" role=\"link\" href=\"mailto:memoiretemplieregrandest@gmail.com\" target=\"_blank\" rel=\"noopener noreferrer\">memoiretemplieregrandest@gmail.com<\/a>[\/vc_column_text][\/vc_column][vc_column width=\u00a0\u00bb1\/2&Prime;][vc_gmaps link=\u00a0\u00bb#E-8_JTNDaWZyYW1lJTIwc3JjJTNEJTIyaHR0cHMlM0ElMkYlMkZ3d3cuZ29vZ2xlLmNvbSUyRm1hcHMlMkZlbWJlZCUzRnBiJTNEJTIxMW0xNCUyMTFtOCUyMTFtMyUyMTFkMTA2MDUuNDg1NDQwNjY2NDQ1JTIxMmQ2LjI0NTcwMjIlMjEzZDQ4LjM1MzM4NzQlMjEzbTIlMjExaTEwMjQlMjEyaTc2OCUyMTRmMTMuMSUyMTNtMyUyMTFtMiUyMTFzMHgwJTI1M0EweDNhYzA2OTU2NThmMzQ3OWMlMjEyc0NvbW1hbmRlcmllJTI1MjBEZSUyNTIwWHVnbmV5JTIxNWUwJTIxM20yJTIxMXNmciUyMTJzZnIlMjE0djE2MDYyNDA4MTI5NTclMjE1bTIlMjExc2ZyJTIxMnNmciUyMiUyMHdpZHRoJTNEJTIyNjAwJTIyJTIwaGVpZ2h0JTNEJTIyMzAwJTIyJTIwZnJhbWVib3JkZXIlM0QlMjIwJTIyJTIwc3R5bGUlM0QlMjJib3JkZXIlM0EwJTNCJTIyJTIwYWxsb3dmdWxsc2NyZWVuJTNEJTIyJTIyJTIwYXJpYS1oaWRkZW4lM0QlMjJmYWxzZSUyMiUyMHRhYmluZGV4JTNEJTIyMCUyMiUzRSUzQyUyRmlmcmFtZSUzRQ==\u00a0\u00bb][\/vc_column][\/vc_row]<\/p>\n<\/div>","protected":false},"excerpt":{"rendered":"<p>[vc_row css_animation=\u00a0\u00bb\u00a0\u00bb row_type=\u00a0\u00bbrow\u00a0\u00bb use_row_as_full_screen_section=\u00a0\u00bbno\u00a0\u00bb type=\u00a0\u00bbfull_width\u00a0\u00bb angled_section=\u00a0\u00bbno\u00a0\u00bb text_align=\u00a0\u00bbleft\u00a0\u00bb background_image_as_pattern=\u00a0\u00bbwithout_pattern\u00a0\u00bb][vc_column width=\u00a0\u00bb2\/3&Prime;][vc_column_text]La chapelle Saint Jean-Baptiste de Xugney est le plus ancien vestige templier de Lorraine. Construite apr\u00e8s 1160, en style roman tardif, elle faisait partie d&rsquo;un ensemble plus vaste appel\u00e9 \u00ab\u00a0commanderie\u00a0\u00bb,\u00a0qui regroupait une salle capitulaire, un clo\u00eetre, des&#8230;<\/p>\n","protected":false},"author":27,"featured_media":0,"parent":0,"menu_order":0,"comment_status":"closed","ping_status":"closed","template":"","meta":{"footnotes":""},"class_list":["post-17656","page","type-page","status-publish","hentry"],"yoast_head":"<!-- This site is optimized with the Yoast SEO plugin v26.6 - https:\/\/yoast.com\/wordpress\/plugins\/seo\/ -->\n<title>Chapelle Saint Jean-Baptiste de Rugney - Route du patrimoine templier - Templars Route European Federation (TREF)<\/title>\n<meta name=\"robots\" content=\"index, follow, max-snippet:-1, max-image-preview:large, max-video-preview:-1\" \/>\n<link rel=\"canonical\" href=\"https:\/\/www.templars-route.eu\/fr\/chapelle-rugney\/\" \/>\n<meta property=\"og:locale\" content=\"fr_FR\" \/>\n<meta property=\"og:type\" content=\"article\" \/>\n<meta property=\"og:title\" content=\"Chapelle Saint Jean-Baptiste de Rugney - Route du patrimoine templier - Templars Route European Federation (TREF)\" \/>\n<meta property=\"og:description\" content=\"[vc_row css_animation=\u00a0\u00bb\u00a0\u00bb row_type=\u00a0\u00bbrow\u00a0\u00bb use_row_as_full_screen_section=\u00a0\u00bbno\u00a0\u00bb type=\u00a0\u00bbfull_width\u00a0\u00bb angled_section=\u00a0\u00bbno\u00a0\u00bb text_align=\u00a0\u00bbleft\u00a0\u00bb background_image_as_pattern=\u00a0\u00bbwithout_pattern\u00a0\u00bb][vc_column width=\u00a0\u00bb2\/3&Prime;][vc_column_text]La chapelle Saint Jean-Baptiste de Xugney est le plus ancien vestige templier de Lorraine. Construite apr\u00e8s 1160, en style roman tardif, elle faisait partie d&rsquo;un ensemble plus vaste appel\u00e9 \u00ab\u00a0commanderie\u00a0\u00bb,\u00a0qui regroupait une salle capitulaire, un clo\u00eetre, des...\" \/>\n<meta property=\"og:url\" content=\"https:\/\/www.templars-route.eu\/fr\/chapelle-rugney\/\" \/>\n<meta property=\"og:site_name\" content=\"Route du patrimoine templier - Templars Route European Federation (TREF)\" \/>\n<meta property=\"article:modified_time\" content=\"2020-11-30T19:38:35+00:00\" \/>\n<meta name=\"twitter:card\" content=\"summary_large_image\" \/>\n<meta name=\"twitter:label1\" content=\"Dur\u00e9e de lecture estim\u00e9e\" \/>\n\t<meta name=\"twitter:data1\" content=\"2 minutes\" \/>\n<script type=\"application\/ld+json\" class=\"yoast-schema-graph\">{\"@context\":\"https:\/\/schema.org\",\"@graph\":[{\"@type\":\"WebPage\",\"@id\":\"https:\/\/www.templars-route.eu\/fr\/chapelle-rugney\/\",\"url\":\"https:\/\/www.templars-route.eu\/fr\/chapelle-rugney\/\",\"name\":\"Chapelle Saint Jean-Baptiste de Rugney - Route du patrimoine templier - Templars Route European Federation (TREF)\",\"isPartOf\":{\"@id\":\"https:\/\/www.templars-route.eu\/fr\/#website\"},\"datePublished\":\"2020-11-24T18:00:59+00:00\",\"dateModified\":\"2020-11-30T19:38:35+00:00\",\"breadcrumb\":{\"@id\":\"https:\/\/www.templars-route.eu\/fr\/chapelle-rugney\/#breadcrumb\"},\"inLanguage\":\"fr-FR\",\"potentialAction\":[{\"@type\":\"ReadAction\",\"target\":[\"https:\/\/www.templars-route.eu\/fr\/chapelle-rugney\/\"]}]},{\"@type\":\"BreadcrumbList\",\"@id\":\"https:\/\/www.templars-route.eu\/fr\/chapelle-rugney\/#breadcrumb\",\"itemListElement\":[{\"@type\":\"ListItem\",\"position\":1,\"name\":\"Accueil\",\"item\":\"https:\/\/www.templars-route.eu\/fr\/\"},{\"@type\":\"ListItem\",\"position\":2,\"name\":\"Chapelle Saint Jean-Baptiste de Rugney\"}]},{\"@type\":\"WebSite\",\"@id\":\"https:\/\/www.templars-route.eu\/fr\/#website\",\"url\":\"https:\/\/www.templars-route.eu\/fr\/\",\"name\":\"Route du patrimoine templier - Templars Route European Federation (TREF)\",\"description\":\"Valorisation of Templar heritage in Europe\",\"potentialAction\":[{\"@type\":\"SearchAction\",\"target\":{\"@type\":\"EntryPoint\",\"urlTemplate\":\"https:\/\/www.templars-route.eu\/fr\/?s={search_term_string}\"},\"query-input\":{\"@type\":\"PropertyValueSpecification\",\"valueRequired\":true,\"valueName\":\"search_term_string\"}}],\"inLanguage\":\"fr-FR\"}]}<\/script>\n<!-- \/ Yoast SEO plugin. -->","yoast_head_json":{"title":"Chapelle Saint Jean-Baptiste de Rugney - Route du patrimoine templier - Templars Route European Federation (TREF)","robots":{"index":"index","follow":"follow","max-snippet":"max-snippet:-1","max-image-preview":"max-image-preview:large","max-video-preview":"max-video-preview:-1"},"canonical":"https:\/\/www.templars-route.eu\/fr\/chapelle-rugney\/","og_locale":"fr_FR","og_type":"article","og_title":"Chapelle Saint Jean-Baptiste de Rugney - Route du patrimoine templier - Templars Route European Federation (TREF)","og_description":"[vc_row css_animation=\u00a0\u00bb\u00a0\u00bb row_type=\u00a0\u00bbrow\u00a0\u00bb use_row_as_full_screen_section=\u00a0\u00bbno\u00a0\u00bb type=\u00a0\u00bbfull_width\u00a0\u00bb angled_section=\u00a0\u00bbno\u00a0\u00bb text_align=\u00a0\u00bbleft\u00a0\u00bb background_image_as_pattern=\u00a0\u00bbwithout_pattern\u00a0\u00bb][vc_column width=\u00a0\u00bb2\/3&Prime;][vc_column_text]La chapelle Saint Jean-Baptiste de Xugney est le plus ancien vestige templier de Lorraine. Construite apr\u00e8s 1160, en style roman tardif, elle faisait partie d&rsquo;un ensemble plus vaste appel\u00e9 \u00ab\u00a0commanderie\u00a0\u00bb,\u00a0qui regroupait une salle capitulaire, un clo\u00eetre, des...","og_url":"https:\/\/www.templars-route.eu\/fr\/chapelle-rugney\/","og_site_name":"Route du patrimoine templier - Templars Route European Federation (TREF)","article_modified_time":"2020-11-30T19:38:35+00:00","twitter_card":"summary_large_image","twitter_misc":{"Dur\u00e9e de lecture estim\u00e9e":"2 minutes"},"schema":{"@context":"https:\/\/schema.org","@graph":[{"@type":"WebPage","@id":"https:\/\/www.templars-route.eu\/fr\/chapelle-rugney\/","url":"https:\/\/www.templars-route.eu\/fr\/chapelle-rugney\/","name":"Chapelle Saint Jean-Baptiste de Rugney - Route du patrimoine templier - Templars Route European Federation (TREF)","isPartOf":{"@id":"https:\/\/www.templars-route.eu\/fr\/#website"},"datePublished":"2020-11-24T18:00:59+00:00","dateModified":"2020-11-30T19:38:35+00:00","breadcrumb":{"@id":"https:\/\/www.templars-route.eu\/fr\/chapelle-rugney\/#breadcrumb"},"inLanguage":"fr-FR","potentialAction":[{"@type":"ReadAction","target":["https:\/\/www.templars-route.eu\/fr\/chapelle-rugney\/"]}]},{"@type":"BreadcrumbList","@id":"https:\/\/www.templars-route.eu\/fr\/chapelle-rugney\/#breadcrumb","itemListElement":[{"@type":"ListItem","position":1,"name":"Accueil","item":"https:\/\/www.templars-route.eu\/fr\/"},{"@type":"ListItem","position":2,"name":"Chapelle Saint Jean-Baptiste de Rugney"}]},{"@type":"WebSite","@id":"https:\/\/www.templars-route.eu\/fr\/#website","url":"https:\/\/www.templars-route.eu\/fr\/","name":"Route du patrimoine templier - Templars Route European Federation (TREF)","description":"Valorisation of Templar heritage in Europe","potentialAction":[{"@type":"SearchAction","target":{"@type":"EntryPoint","urlTemplate":"https:\/\/www.templars-route.eu\/fr\/?s={search_term_string}"},"query-input":{"@type":"PropertyValueSpecification","valueRequired":true,"valueName":"search_term_string"}}],"inLanguage":"fr-FR"}]}},"_links":{"self":[{"href":"https:\/\/www.templars-route.eu\/fr\/wp-json\/wp\/v2\/pages\/17656\/"}],"collection":[{"href":"https:\/\/www.templars-route.eu\/fr\/wp-json\/wp\/v2\/pages\/"}],"about":[{"href":"https:\/\/www.templars-route.eu\/fr\/wp-json\/wp\/v2\/types\/page\/"}],"author":[{"embeddable":true,"href":"https:\/\/www.templars-route.eu\/fr\/wp-json\/wp\/v2\/users\/27\/"}],"replies":[{"embeddable":true,"href":"https:\/\/www.templars-route.eu\/fr\/wp-json\/wp\/v2\/comments\/?post=17656"}],"version-history":[{"count":3,"href":"https:\/\/www.templars-route.eu\/fr\/wp-json\/wp\/v2\/pages\/17656\/revisions\/"}],"predecessor-version":[{"id":18091,"href":"https:\/\/www.templars-route.eu\/fr\/wp-json\/wp\/v2\/pages\/17656\/revisions\/18091\/"}],"wp:attachment":[{"href":"https:\/\/www.templars-route.eu\/fr\/wp-json\/wp\/v2\/media\/?parent=17656"}],"curies":[{"name":"wp","href":"https:\/\/api.w.org\/{rel}","templated":true}]}}