{"id":16657,"date":"2020-05-29T19:40:42","date_gmt":"2020-05-29T17:40:42","guid":{"rendered":"https:\/\/www.templars-route.eu\/?page_id=16657"},"modified":"2021-10-12T11:18:13","modified_gmt":"2021-10-12T09:18:13","slug":"colloque-international-2020-a-troyes-18-20-novembre-2020","status":"publish","type":"page","link":"https:\/\/www.templars-route.eu\/fr\/colloque-international-2020-a-troyes-18-20-novembre-2020\/","title":{"rendered":"Colloque international du 9\u00e8me centenaire de l&rsquo;Ordre du Temple"},"content":{"rendered":"<div class=\"wpb-content-wrapper\"><p>[vc_row css_animation=\u00a0\u00bb\u00a0\u00bb row_type=\u00a0\u00bbrow\u00a0\u00bb use_row_as_full_screen_section=\u00a0\u00bbno\u00a0\u00bb type=\u00a0\u00bbfull_width\u00a0\u00bb angled_section=\u00a0\u00bbno\u00a0\u00bb text_align=\u00a0\u00bbleft\u00a0\u00bb background_image_as_pattern=\u00a0\u00bbwithout_pattern\u00a0\u00bb][vc_column][vc_column_text]<\/p>\n<h3>Du 3 au 5 novembre 2021, au Centre de Congr\u00e8s de l&rsquo;Aube, \u00e0 Troyes<\/h3>\n<p>&nbsp;<\/p>\n<h3><\/h3>\n<p>[\/vc_column_text][\/vc_column][\/vc_row][vc_row css_animation=\u00a0\u00bb\u00a0\u00bb row_type=\u00a0\u00bbrow\u00a0\u00bb use_row_as_full_screen_section=\u00a0\u00bbno\u00a0\u00bb type=\u00a0\u00bbfull_width\u00a0\u00bb angled_section=\u00a0\u00bbno\u00a0\u00bb text_align=\u00a0\u00bbleft\u00a0\u00bb background_image_as_pattern=\u00a0\u00bbwithout_pattern\u00a0\u00bb][vc_column width=\u00a0\u00bb2\/3&Prime;][vc_column_text]<\/p>\n<h3>Programme<\/h3>\n<p>&nbsp;<\/p>\n<h4><strong>Conf\u00e9rence introductive :<\/strong><\/h4>\n<p align=\"justify\">Conf\u00e9rence inaugurale par Jean Mesqui, docteur \u00e8s lettres, ancien pr\u00e9sident de la Soci\u00e9t\u00e9 fran\u00e7aise d&rsquo;Arch\u00e9ologie :<br \/>\n<em>Les fortifications de l\u2019ordre du Temple au XIIe si\u00e8cle : \u00e9tat des connaissances<\/em><\/p>\n<p>&nbsp;<\/p>\n<h4><strong>Premi\u00e8re session \u2013 \u00c9crire les origines de l\u2019ordre du Temple<\/strong><\/h4>\n<p align=\"justify\">Communicants : Pierre-Vincent Claverie (Centre de Recherche Scientifique de Chypre), Philippe Josserand (universit\u00e9 de Nantes), Thierry Leroy (docteur en Histoire), Pierre Mollier (directeur du service Biblioth\u00e8que-Archives-Mus\u00e9e\/Etudes et Recherches Ma\u00e7onniques du Grand Orient de France).<\/p>\n<p>&nbsp;<\/p>\n<h4><strong>Deuxi\u00e8me session \u2013 Au berceau du Temple : les acteurs d\u2019une naissance<\/strong><\/h4>\n<p align=\"justify\">Communicants : Arnaud Baudin (docteur en Histoire, LAMOP\/UMR 8589), Florian Besson (universit\u00e9 de Paris 4), Simonetta Cerrini (docteur en Histoire), Fran\u00e7ois Gilet, Bruno Lemesle (universit\u00e9 de Bourgogne), Marie-Ad\u00e9la\u00efde Nielen (Archives nationales).<\/p>\n<p>&nbsp;<\/p>\n<h4><strong>Troisi\u00e8me session \u2013 Un nouvel ordre de l\u2019\u00c9glise latine<\/strong><\/h4>\n<p align=\"justify\">Communicants : Karl Borchardt (universit\u00e9 de W\u00fcrzburg), Florent Cygler (universit\u00e9 de Nantes), Alexis Gr\u00e9lois (universit\u00e9 de Rouen-Normandie), Sonia Merli (docteur en Histoire), Lu\u00eds Filipe Oliveira (Universidade do Algarve), Jochen Schenk (German Historical Institute, Londres), Wolf Z\u00f6ller (universit\u00e9 d\u2019Heidelberg).<\/p>\n<p>&nbsp;<\/p>\n<h4><strong>Quatri\u00e8me session \u2013 Au miroir des contemporains et de l\u2019arch\u00e9ologie<\/strong><\/h4>\n<p align=\"justify\">Communicants : Marie-Anna Chevalier (universit\u00e9 de Montpellier), Helen Nicholson (universit\u00e9 de Cardiff), Annie Noblesse-Rocher (universit\u00e9 de Strasbourg), Vardit Shotten-Hallel (Israel Antiquities Authority), Abb\u00e8s Zouache (CNRS), C\u00e9dric Moulis (universit\u00e9 de Lorraine), C\u00e9dric Roms et Vincent Marchaisseau (INRAP).<\/p>\n<p>&nbsp;<\/p>\n<p><span style=\"color: #000000\"><strong>Conclusions<\/strong><\/span>, par Julien Th\u00e9ry (universit\u00e9 Lyon 2).[\/vc_column_text][\/vc_column][vc_column width=\u00a0\u00bb1\/3&Prime;][vc_column_text]<\/p>\n<h3>Comit\u00e9 d\u2019organisation<\/h3>\n<p>&nbsp;<\/p>\n<p>D\u00e9partement de l\u2019Aube : Arnaud BAUDIN, Nicolas DOHRMANN, Claudie ODILLE.[\/vc_column_text][vc_empty_space][vc_column_text]<\/p>\n<h3>Comit\u00e9 scientifique<\/h3>\n<p>&nbsp;<\/p>\n<ul>\n<li>Alain DEMURGER, ma\u00eetre de conf\u00e9rences honoraire \u00e0 l\u2019universit\u00e9 de Paris 1 Panth\u00e9on-Sorbonne<\/li>\n<li>Damien CARRAZ, ma\u00eetre de conf\u00e9rences \u00e0 l\u2019universit\u00e9 de Clermont-Ferrand<\/li>\n<li>Philippe JOSSERAND, ma\u00eetre de conf\u00e9rences \u00e0 l\u2019universit\u00e9 de Nantes<\/li>\n<li>Arnaud BAUDIN, directeur adjoint des Archives et du Patrimoine de l\u2019Aube (LAMOP\/UMR 8589)<\/li>\n<li>Pierre-Vincent CLAVERIE, docteur en Histoire, chercheur ind\u00e9pendant<\/li>\n<li>Vincent MARCHAISSEAU, arch\u00e9ologue \u00e0 l\u2019Institut national de recherches arch\u00e9ologiques pr\u00e9ventives<\/li>\n<li>C\u00e9dric ROMS, arch\u00e9ologue \u00e0 l\u2019Institut national de recherches arch\u00e9ologiques pr\u00e9ventives<\/li>\n<li>Thierry LEROY, docteur en Histoire, chercheur ind\u00e9pendant<\/li>\n<li>Fran\u00e7ois GILET, historien de la commanderie d\u2019Avalleur<\/li>\n<\/ul>\n<p>[\/vc_column_text][\/vc_column][vc_column][\/vc_column][\/vc_row]<\/p>\n<\/div>","protected":false},"excerpt":{"rendered":"<p>[vc_row css_animation=\u00a0\u00bb\u00a0\u00bb row_type=\u00a0\u00bbrow\u00a0\u00bb use_row_as_full_screen_section=\u00a0\u00bbno\u00a0\u00bb type=\u00a0\u00bbfull_width\u00a0\u00bb angled_section=\u00a0\u00bbno\u00a0\u00bb text_align=\u00a0\u00bbleft\u00a0\u00bb background_image_as_pattern=\u00a0\u00bbwithout_pattern\u00a0\u00bb][vc_column][vc_column_text] Du 3 au 5 novembre 2021, au Centre de Congr\u00e8s de l&rsquo;Aube, \u00e0 Troyes &nbsp; [\/vc_column_text][\/vc_column][\/vc_row][vc_row css_animation=\u00a0\u00bb\u00a0\u00bb row_type=\u00a0\u00bbrow\u00a0\u00bb use_row_as_full_screen_section=\u00a0\u00bbno\u00a0\u00bb type=\u00a0\u00bbfull_width\u00a0\u00bb angled_section=\u00a0\u00bbno\u00a0\u00bb text_align=\u00a0\u00bbleft\u00a0\u00bb background_image_as_pattern=\u00a0\u00bbwithout_pattern\u00a0\u00bb][vc_column width=\u00a0\u00bb2\/3&Prime;][vc_column_text] Programme &nbsp; Conf\u00e9rence introductive : Conf\u00e9rence inaugurale par Jean Mesqui, docteur \u00e8s lettres,&#8230;<\/p>\n","protected":false},"author":27,"featured_media":0,"parent":0,"menu_order":0,"comment_status":"closed","ping_status":"closed","template":"","meta":{"footnotes":""},"class_list":["post-16657","page","type-page","status-publish","hentry"],"yoast_head":"<!-- This site is optimized with the Yoast SEO plugin v26.6 - https:\/\/yoast.com\/wordpress\/plugins\/seo\/ -->\n<title>Colloque international du 9\u00e8me centenaire de l&#039;Ordre du Temple - Route du patrimoine templier - Templars Route European Federation (TREF)<\/title>\n<meta name=\"robots\" content=\"index, follow, max-snippet:-1, max-image-preview:large, max-video-preview:-1\" \/>\n<link rel=\"canonical\" href=\"https:\/\/www.templars-route.eu\/fr\/colloque-international-2020-a-troyes-18-20-novembre-2020\/\" \/>\n<meta property=\"og:locale\" content=\"fr_FR\" \/>\n<meta property=\"og:type\" content=\"article\" \/>\n<meta property=\"og:title\" content=\"Colloque international du 9\u00e8me centenaire de l&#039;Ordre du Temple - Route du patrimoine templier - Templars Route European Federation (TREF)\" \/>\n<meta property=\"og:description\" content=\"[vc_row css_animation=\u00a0\u00bb\u00a0\u00bb row_type=\u00a0\u00bbrow\u00a0\u00bb use_row_as_full_screen_section=\u00a0\u00bbno\u00a0\u00bb type=\u00a0\u00bbfull_width\u00a0\u00bb angled_section=\u00a0\u00bbno\u00a0\u00bb text_align=\u00a0\u00bbleft\u00a0\u00bb background_image_as_pattern=\u00a0\u00bbwithout_pattern\u00a0\u00bb][vc_column][vc_column_text] Du 3 au 5 novembre 2021, au Centre de Congr\u00e8s de l&rsquo;Aube, \u00e0 Troyes &nbsp; [\/vc_column_text][\/vc_column][\/vc_row][vc_row css_animation=\u00a0\u00bb\u00a0\u00bb row_type=\u00a0\u00bbrow\u00a0\u00bb use_row_as_full_screen_section=\u00a0\u00bbno\u00a0\u00bb type=\u00a0\u00bbfull_width\u00a0\u00bb angled_section=\u00a0\u00bbno\u00a0\u00bb text_align=\u00a0\u00bbleft\u00a0\u00bb background_image_as_pattern=\u00a0\u00bbwithout_pattern\u00a0\u00bb][vc_column width=\u00a0\u00bb2\/3&Prime;][vc_column_text] Programme &nbsp; Conf\u00e9rence introductive : Conf\u00e9rence inaugurale par Jean Mesqui, docteur \u00e8s lettres,...\" \/>\n<meta property=\"og:url\" content=\"https:\/\/www.templars-route.eu\/fr\/colloque-international-2020-a-troyes-18-20-novembre-2020\/\" \/>\n<meta property=\"og:site_name\" content=\"Route du patrimoine templier - Templars Route European Federation (TREF)\" \/>\n<meta property=\"article:modified_time\" content=\"2021-10-12T09:18:13+00:00\" \/>\n<meta name=\"twitter:card\" content=\"summary_large_image\" \/>\n<meta name=\"twitter:label1\" content=\"Dur\u00e9e de lecture estim\u00e9e\" \/>\n\t<meta name=\"twitter:data1\" content=\"2 minutes\" \/>\n<script type=\"application\/ld+json\" class=\"yoast-schema-graph\">{\"@context\":\"https:\/\/schema.org\",\"@graph\":[{\"@type\":\"WebPage\",\"@id\":\"https:\/\/www.templars-route.eu\/fr\/colloque-international-2020-a-troyes-18-20-novembre-2020\/\",\"url\":\"https:\/\/www.templars-route.eu\/fr\/colloque-international-2020-a-troyes-18-20-novembre-2020\/\",\"name\":\"Colloque international du 9\u00e8me centenaire de l'Ordre du Temple - Route du patrimoine templier - Templars Route European Federation (TREF)\",\"isPartOf\":{\"@id\":\"https:\/\/www.templars-route.eu\/fr\/#website\"},\"datePublished\":\"2020-05-29T17:40:42+00:00\",\"dateModified\":\"2021-10-12T09:18:13+00:00\",\"breadcrumb\":{\"@id\":\"https:\/\/www.templars-route.eu\/fr\/colloque-international-2020-a-troyes-18-20-novembre-2020\/#breadcrumb\"},\"inLanguage\":\"fr-FR\",\"potentialAction\":[{\"@type\":\"ReadAction\",\"target\":[\"https:\/\/www.templars-route.eu\/fr\/colloque-international-2020-a-troyes-18-20-novembre-2020\/\"]}]},{\"@type\":\"BreadcrumbList\",\"@id\":\"https:\/\/www.templars-route.eu\/fr\/colloque-international-2020-a-troyes-18-20-novembre-2020\/#breadcrumb\",\"itemListElement\":[{\"@type\":\"ListItem\",\"position\":1,\"name\":\"Accueil\",\"item\":\"https:\/\/www.templars-route.eu\/fr\/\"},{\"@type\":\"ListItem\",\"position\":2,\"name\":\"Colloque international du 9\u00e8me centenaire de l&rsquo;Ordre du Temple\"}]},{\"@type\":\"WebSite\",\"@id\":\"https:\/\/www.templars-route.eu\/fr\/#website\",\"url\":\"https:\/\/www.templars-route.eu\/fr\/\",\"name\":\"Route du patrimoine templier - Templars Route European Federation (TREF)\",\"description\":\"Valorisation of Templar heritage in Europe\",\"potentialAction\":[{\"@type\":\"SearchAction\",\"target\":{\"@type\":\"EntryPoint\",\"urlTemplate\":\"https:\/\/www.templars-route.eu\/fr\/?s={search_term_string}\"},\"query-input\":{\"@type\":\"PropertyValueSpecification\",\"valueRequired\":true,\"valueName\":\"search_term_string\"}}],\"inLanguage\":\"fr-FR\"}]}<\/script>\n<!-- \/ Yoast SEO plugin. -->","yoast_head_json":{"title":"Colloque international du 9\u00e8me centenaire de l'Ordre du Temple - Route du patrimoine templier - Templars Route European Federation (TREF)","robots":{"index":"index","follow":"follow","max-snippet":"max-snippet:-1","max-image-preview":"max-image-preview:large","max-video-preview":"max-video-preview:-1"},"canonical":"https:\/\/www.templars-route.eu\/fr\/colloque-international-2020-a-troyes-18-20-novembre-2020\/","og_locale":"fr_FR","og_type":"article","og_title":"Colloque international du 9\u00e8me centenaire de l'Ordre du Temple - Route du patrimoine templier - Templars Route European Federation (TREF)","og_description":"[vc_row css_animation=\u00a0\u00bb\u00a0\u00bb row_type=\u00a0\u00bbrow\u00a0\u00bb use_row_as_full_screen_section=\u00a0\u00bbno\u00a0\u00bb type=\u00a0\u00bbfull_width\u00a0\u00bb angled_section=\u00a0\u00bbno\u00a0\u00bb text_align=\u00a0\u00bbleft\u00a0\u00bb background_image_as_pattern=\u00a0\u00bbwithout_pattern\u00a0\u00bb][vc_column][vc_column_text] Du 3 au 5 novembre 2021, au Centre de Congr\u00e8s de l&rsquo;Aube, \u00e0 Troyes &nbsp; [\/vc_column_text][\/vc_column][\/vc_row][vc_row css_animation=\u00a0\u00bb\u00a0\u00bb row_type=\u00a0\u00bbrow\u00a0\u00bb use_row_as_full_screen_section=\u00a0\u00bbno\u00a0\u00bb type=\u00a0\u00bbfull_width\u00a0\u00bb angled_section=\u00a0\u00bbno\u00a0\u00bb text_align=\u00a0\u00bbleft\u00a0\u00bb background_image_as_pattern=\u00a0\u00bbwithout_pattern\u00a0\u00bb][vc_column width=\u00a0\u00bb2\/3&Prime;][vc_column_text] Programme &nbsp; Conf\u00e9rence introductive : Conf\u00e9rence inaugurale par Jean Mesqui, docteur \u00e8s lettres,...","og_url":"https:\/\/www.templars-route.eu\/fr\/colloque-international-2020-a-troyes-18-20-novembre-2020\/","og_site_name":"Route du patrimoine templier - Templars Route European Federation (TREF)","article_modified_time":"2021-10-12T09:18:13+00:00","twitter_card":"summary_large_image","twitter_misc":{"Dur\u00e9e de lecture estim\u00e9e":"2 minutes"},"schema":{"@context":"https:\/\/schema.org","@graph":[{"@type":"WebPage","@id":"https:\/\/www.templars-route.eu\/fr\/colloque-international-2020-a-troyes-18-20-novembre-2020\/","url":"https:\/\/www.templars-route.eu\/fr\/colloque-international-2020-a-troyes-18-20-novembre-2020\/","name":"Colloque international du 9\u00e8me centenaire de l'Ordre du Temple - Route du patrimoine templier - Templars Route European Federation (TREF)","isPartOf":{"@id":"https:\/\/www.templars-route.eu\/fr\/#website"},"datePublished":"2020-05-29T17:40:42+00:00","dateModified":"2021-10-12T09:18:13+00:00","breadcrumb":{"@id":"https:\/\/www.templars-route.eu\/fr\/colloque-international-2020-a-troyes-18-20-novembre-2020\/#breadcrumb"},"inLanguage":"fr-FR","potentialAction":[{"@type":"ReadAction","target":["https:\/\/www.templars-route.eu\/fr\/colloque-international-2020-a-troyes-18-20-novembre-2020\/"]}]},{"@type":"BreadcrumbList","@id":"https:\/\/www.templars-route.eu\/fr\/colloque-international-2020-a-troyes-18-20-novembre-2020\/#breadcrumb","itemListElement":[{"@type":"ListItem","position":1,"name":"Accueil","item":"https:\/\/www.templars-route.eu\/fr\/"},{"@type":"ListItem","position":2,"name":"Colloque international du 9\u00e8me centenaire de l&rsquo;Ordre du Temple"}]},{"@type":"WebSite","@id":"https:\/\/www.templars-route.eu\/fr\/#website","url":"https:\/\/www.templars-route.eu\/fr\/","name":"Route du patrimoine templier - Templars Route European Federation (TREF)","description":"Valorisation of Templar heritage in Europe","potentialAction":[{"@type":"SearchAction","target":{"@type":"EntryPoint","urlTemplate":"https:\/\/www.templars-route.eu\/fr\/?s={search_term_string}"},"query-input":{"@type":"PropertyValueSpecification","valueRequired":true,"valueName":"search_term_string"}}],"inLanguage":"fr-FR"}]}},"_links":{"self":[{"href":"https:\/\/www.templars-route.eu\/fr\/wp-json\/wp\/v2\/pages\/16657\/"}],"collection":[{"href":"https:\/\/www.templars-route.eu\/fr\/wp-json\/wp\/v2\/pages\/"}],"about":[{"href":"https:\/\/www.templars-route.eu\/fr\/wp-json\/wp\/v2\/types\/page\/"}],"author":[{"embeddable":true,"href":"https:\/\/www.templars-route.eu\/fr\/wp-json\/wp\/v2\/users\/27\/"}],"replies":[{"embeddable":true,"href":"https:\/\/www.templars-route.eu\/fr\/wp-json\/wp\/v2\/comments\/?post=16657"}],"version-history":[{"count":3,"href":"https:\/\/www.templars-route.eu\/fr\/wp-json\/wp\/v2\/pages\/16657\/revisions\/"}],"predecessor-version":[{"id":20067,"href":"https:\/\/www.templars-route.eu\/fr\/wp-json\/wp\/v2\/pages\/16657\/revisions\/20067\/"}],"wp:attachment":[{"href":"https:\/\/www.templars-route.eu\/fr\/wp-json\/wp\/v2\/media\/?parent=16657"}],"curies":[{"name":"wp","href":"https:\/\/api.w.org\/{rel}","templated":true}]}}