{"id":16087,"date":"2019-03-01T12:12:32","date_gmt":"2019-03-01T11:12:32","guid":{"rendered":"https:\/\/www.templars-route.eu\/?page_id=16087"},"modified":"2024-06-04T16:39:14","modified_gmt":"2024-06-04T14:39:14","slug":"commanderie-depailly","status":"publish","type":"page","link":"https:\/\/www.templars-route.eu\/fr\/patrimoine-templier\/commanderie-depailly\/","title":{"rendered":"Commanderie d&rsquo;Epailly"},"content":{"rendered":"<div class=\"wpb-content-wrapper\"><p>[vc_row css_animation=\u00a0\u00bb\u00a0\u00bb row_type=\u00a0\u00bbrow\u00a0\u00bb use_row_as_full_screen_section=\u00a0\u00bbno\u00a0\u00bb type=\u00a0\u00bbfull_width\u00a0\u00bb angled_section=\u00a0\u00bbno\u00a0\u00bb text_align=\u00a0\u00bbleft\u00a0\u00bb background_image_as_pattern=\u00a0\u00bbwithout_pattern\u00a0\u00bb][vc_column width=\u00a0\u00bb1\/2&Prime;][vc_column_text]Le premier acte faisant mention de la commanderie, dat\u00e9 de 1200, laisse supposer que les templiers \u00e9taient l\u00e0 depuis un certain temps. En 1214, un texte \u00e9voque la <em>domus milicie Templi que vocatur Espailli<\/em>.<\/p>\n<p>&nbsp;<\/p>\n<p>D\u00e8s l\u2019origine, \u00c9pailly est un domaine richement dot\u00e9 par Milon, comte de Bar-sur-Seine, et par les Chappes, en 1208 et 1210, sur les finages de Bissey-la-C\u00f4te et de Courban. Le comt\u00e9 de Bar-sur-Seine sera rattach\u00e9 \u00e0 la Champagne dans les ann\u00e9es\u00a01220.<\/p>\n<p>&nbsp;<\/p>\n<p>Les templiers \u00e9tendent leur domaine vers Louesme, Vanvey et Voulaines-les-Templiers (C\u00f4te-d\u2019Or). Ils cr\u00e9ent une maison du Temple, mentionn\u00e9e d\u00e8s 1213, \u00e0 Bissey-la-C\u00f4te. Hugues de Pairaud est commandeur d\u2019\u00c9pailly en 1280. Grand visiteur de France, en 1292 il est le comp\u00e9titeur de Jacques de Molay \u00e0 l\u2019\u00e9lection comme grand ma\u00eetre. Il restera attach\u00e9 \u00e0 sa commanderie d\u2019\u00c9pailly et y recevra de nouvelles recrues \u00e0 la fin du XIIIe si\u00e8cle. L\u2019interrogatoire d\u2019Hugues de Pairaud est un temps fort du proc\u00e8s.[\/vc_column_text][\/vc_column][vc_column width=\u00a0\u00bb1\/2&Prime;][vc_gallery interval=\u00a0\u00bb3&Prime; images=\u00a0\u00bb16133,16148,16153&Prime; img_size=\u00a0\u00bblarge\u00a0\u00bb][\/vc_column][\/vc_row][vc_row css_animation=\u00a0\u00bb\u00a0\u00bb row_type=\u00a0\u00bbrow\u00a0\u00bb use_row_as_full_screen_section=\u00a0\u00bbno\u00a0\u00bb type=\u00a0\u00bbfull_width\u00a0\u00bb angled_section=\u00a0\u00bbno\u00a0\u00bb text_align=\u00a0\u00bbleft\u00a0\u00bb background_image_as_pattern=\u00a0\u00bbwithout_pattern\u00a0\u00bb][vc_column][vc_empty_space][\/vc_column][\/vc_row][vc_row css_animation=\u00a0\u00bb\u00a0\u00bb row_type=\u00a0\u00bbrow\u00a0\u00bb use_row_as_full_screen_section=\u00a0\u00bbno\u00a0\u00bb type=\u00a0\u00bbfull_width\u00a0\u00bb angled_section=\u00a0\u00bbno\u00a0\u00bb text_align=\u00a0\u00bbleft\u00a0\u00bb background_image_as_pattern=\u00a0\u00bbwithout_pattern\u00a0\u00bb][vc_column][vc_column_text]Nich\u00e9 dans une vall\u00e9e vierge, le domaine a conserv\u00e9 une grande partie de sa courtine et de ses d\u00e9fenses, r\u00e9tablies au XVe si\u00e8cle. Sa chapelle, malgr\u00e9 la ruine partielle de ses vo\u00fbtes, reste un \u00e9difice d\u2019une grande \u00e9l\u00e9gance, caract\u00e9ristique du premier \u00e2ge gothique. Sous l\u2019ancien logis aras\u00e9 du commandeur subsiste un cellier du XIIIe si\u00e8cle. Une vaste grange m\u00e9di\u00e9vale rappelle la vocation agricole du lieu. Vivier, captage de source m\u00e9di\u00e9val : la vie quotidienne des templiers transpara\u00eet dans ce havre de paix.[\/vc_column_text][\/vc_column][\/vc_row][vc_row css_animation=\u00a0\u00bb\u00a0\u00bb row_type=\u00a0\u00bbrow\u00a0\u00bb use_row_as_full_screen_section=\u00a0\u00bbno\u00a0\u00bb type=\u00a0\u00bbfull_width\u00a0\u00bb angled_section=\u00a0\u00bbno\u00a0\u00bb text_align=\u00a0\u00bbleft\u00a0\u00bb background_image_as_pattern=\u00a0\u00bbwithout_pattern\u00a0\u00bb][vc_column][vc_empty_space][vc_separator type=\u00a0\u00bbnormal\u00a0\u00bb color=\u00a0\u00bb#b5b5b5&Prime; thickness=\u00a0\u00bb2&Prime;][vc_empty_space][\/vc_column][\/vc_row][vc_row css_animation=\u00a0\u00bb\u00a0\u00bb row_type=\u00a0\u00bbrow\u00a0\u00bb use_row_as_full_screen_section=\u00a0\u00bbno\u00a0\u00bb type=\u00a0\u00bbfull_width\u00a0\u00bb angled_section=\u00a0\u00bbno\u00a0\u00bb text_align=\u00a0\u00bbleft\u00a0\u00bb background_image_as_pattern=\u00a0\u00bbwithout_pattern\u00a0\u00bb][vc_column width=\u00a0\u00bb1\/2&Prime;][vc_column_text]<\/p>\n<h3>Coordonn\u00e9es<\/h3>\n<p>&nbsp;<\/p>\n<p><strong>Commanderie Templi\u00e8re d&rsquo;Epailly<br \/>\n<\/strong>21520 Courban<br \/>\nTel : <a href=\"tel:06 60 31 11 68\" target=\"_blank\" rel=\"noopener noreferrer\">+33 (0)6 60 31 11 68<\/a><br \/>\nSite web : <a href=\"http:\/\/www.commanderie-templiers-epailly.com\/\" target=\"_blank\" rel=\"noopener noreferrer\">www.commanderie-templiers-epailly.com<\/a>[\/vc_column_text][vc_empty_space][\/vc_column][vc_column width=\u00a0\u00bb1\/2&Prime;][vc_gmaps link=\u00a0\u00bb#E-8_JTNDaWZyYW1lJTIwc3JjJTNEJTIyaHR0cHMlM0ElMkYlMkZ3d3cuZ29vZ2xlLmNvbSUyRm1hcHMlMkZlbWJlZCUzRnBiJTNEJTIxMW0xOCUyMTFtMTIlMjExbTMlMjExZDMzMTAuMjMxMjA3ODQ5Nzg4NCUyMTJkNC43MTU4NjM3MTY2NTg2MjIlMjEzZDQ3LjkzMTQwODM3NTQwNzQyJTIxMm0zJTIxMWYwJTIxMmYwJTIxM2YwJTIxM20yJTIxMWkxMDI0JTIxMmk3NjglMjE0ZjEzLjElMjEzbTMlMjExbTIlMjExczB4NDdlZGFkY2Y1NjM5NmVmOSUyNTNBMHhmYjI5ZmU3MzkzMDZhYzIzJTIxMnNHRkElMkJEb21haW5lJTJCZCUyNiUyMzM5JTNCRXBhaWxseSUyMTVlMCUyMTNtMiUyMTFzZnIlMjEyc2ZyJTIxNHYxNTUxNDM3NTk3NDg2JTIyJTIwd2lkdGglM0QlMjI2MDAlMjIlMjBoZWlnaHQlM0QlMjI0NTAlMjIlMjBmcmFtZWJvcmRlciUzRCUyMjAlMjIlMjBzdHlsZSUzRCUyMmJvcmRlciUzQTAlMjIlMjBhbGxvd2Z1bGxzY3JlZW4lM0UlM0MlMkZpZnJhbWUlM0U=\u00a0\u00bb size=\u00a0\u00bb300&Prime;][\/vc_column][\/vc_row][vc_row css_animation=\u00a0\u00bb\u00a0\u00bb row_type=\u00a0\u00bbrow\u00a0\u00bb use_row_as_full_screen_section=\u00a0\u00bbno\u00a0\u00bb type=\u00a0\u00bbfull_width\u00a0\u00bb angled_section=\u00a0\u00bbno\u00a0\u00bb text_align=\u00a0\u00bbleft\u00a0\u00bb background_image_as_pattern=\u00a0\u00bbwithout_pattern\u00a0\u00bb][vc_column][vc_separator type=\u00a0\u00bbnormal\u00a0\u00bb color=\u00a0\u00bb#b5b5b5&Prime; thickness=\u00a0\u00bb2&Prime;][vc_empty_space][\/vc_column][\/vc_row][vc_column][\/vc_column][vc_row css_animation=\u00a0\u00bb\u00a0\u00bb row_type=\u00a0\u00bbrow\u00a0\u00bb use_row_as_full_screen_section=\u00a0\u00bbno\u00a0\u00bb type=\u00a0\u00bbfull_width\u00a0\u00bb angled_section=\u00a0\u00bbno\u00a0\u00bb text_align=\u00a0\u00bbleft\u00a0\u00bb background_image_as_pattern=\u00a0\u00bbwithout_pattern\u00a0\u00bb][vc_column][vc_column_text]<\/p>\n<h3>P\u00e9riodes d&rsquo;ouverture<\/h3>\n<p>Visites toute l&rsquo;ann\u00e9e de 17h -19h sur RDV[\/vc_column_text][vc_empty_space][vc_separator type=\u00a0\u00bbnormal\u00a0\u00bb color=\u00a0\u00bb#b5b5b5&Prime; thickness=\u00a0\u00bb2&Prime;][vc_empty_space][\/vc_column][\/vc_row][vc_row css_animation=\u00a0\u00bb\u00a0\u00bb row_type=\u00a0\u00bbrow\u00a0\u00bb use_row_as_full_screen_section=\u00a0\u00bbno\u00a0\u00bb type=\u00a0\u00bbfull_width\u00a0\u00bb angled_section=\u00a0\u00bbno\u00a0\u00bb text_align=\u00a0\u00bbleft\u00a0\u00bb background_image_as_pattern=\u00a0\u00bbwithout_pattern\u00a0\u00bb][vc_column][vc_column_text]<\/p>\n<h3>Prestations<\/h3>\n<p>[\/vc_column_text][qode_pricing_list][qode_pricing_list_item title_tag=\u00a0\u00bbh5&Prime; title=\u00a0\u00bbVisite libre &#8211; Adulte\u00a0\u00bb price=\u00a0\u00bb6,00 \u20ac\u00a0\u00bb price_font_size=\u00a0\u00bb20&Prime;][qode_pricing_list_item title_tag=\u00a0\u00bbh5&Prime; title=\u00a0\u00bbVisite libre &#8211; Enfant \u00a0\u00bb price=\u00a0\u00bb3,50 \u20ac\u00a0\u00bb price_font_size=\u00a0\u00bb20&Prime; text=\u00a0\u00bb(&gt; 6 ans)\u00a0\u00bb text_font_size=\u00a0\u00bb15&Prime;][qode_pricing_list_item title_tag=\u00a0\u00bbh5&Prime; title=\u00a0\u00bbVisite libre &#8211; Groupe\u00a0\u00bb price=\u00a0\u00bb5,00 \u20ac\u00a0\u00bb price_font_size=\u00a0\u00bb20&Prime; text=\u00a0\u00bbA partir de 6 personnes\u00a0\u00bb][qode_pricing_list_item title_tag=\u00a0\u00bbh5&Prime; title=\u00a0\u00bbVisite guid\u00e9e &#8211; Adulte\u00a0\u00bb price=\u00a0\u00bb10,00 \u20ac\u00a0\u00bb price_font_size=\u00a0\u00bb20&Prime;][qode_pricing_list_item title_tag=\u00a0\u00bbh5&Prime; title=\u00a0\u00bbVisite guid\u00e9e &#8211; Enfant \u00a0\u00bb price=\u00a0\u00bb4,50 \u20ac\u00a0\u00bb price_font_size=\u00a0\u00bb20&Prime; text=\u00a0\u00bb(&gt; 6 ans)\u00a0\u00bb text_font_size=\u00a0\u00bb15&Prime;][qode_pricing_list_item title_tag=\u00a0\u00bbh5&Prime; title=\u00a0\u00bbVisite guid\u00e9e &#8211; Groupe\u00a0\u00bb price=\u00a0\u00bb7,50 \u20ac\u00a0\u00bb price_font_size=\u00a0\u00bb20&Prime; text=\u00a0\u00bbA partir de 6 personnes\u00a0\u00bb text_font_size=\u00a0\u00bb15&Prime;][\/qode_pricing_list][\/vc_column][\/vc_row]<\/p>\n<\/div>","protected":false},"excerpt":{"rendered":"<p>[vc_row css_animation=\u00a0\u00bb\u00a0\u00bb row_type=\u00a0\u00bbrow\u00a0\u00bb use_row_as_full_screen_section=\u00a0\u00bbno\u00a0\u00bb type=\u00a0\u00bbfull_width\u00a0\u00bb angled_section=\u00a0\u00bbno\u00a0\u00bb text_align=\u00a0\u00bbleft\u00a0\u00bb background_image_as_pattern=\u00a0\u00bbwithout_pattern\u00a0\u00bb][vc_column width=\u00a0\u00bb1\/2&Prime;][vc_column_text]Le premier acte faisant mention de la commanderie, dat\u00e9 de 1200, laisse supposer que les templiers \u00e9taient l\u00e0 depuis un certain temps. En 1214, un texte \u00e9voque la domus milicie Templi que vocatur Espailli. &nbsp; D\u00e8s l\u2019origine,&#8230;<\/p>\n","protected":false},"author":27,"featured_media":0,"parent":14855,"menu_order":0,"comment_status":"closed","ping_status":"closed","template":"","meta":{"footnotes":""},"class_list":["post-16087","page","type-page","status-publish","hentry"],"yoast_head":"<!-- This site is optimized with the Yoast SEO plugin v26.6 - https:\/\/yoast.com\/wordpress\/plugins\/seo\/ -->\n<title>Commanderie d&#039;Epailly - Route du patrimoine templier - Templars Route European Federation (TREF)<\/title>\n<meta name=\"robots\" content=\"index, follow, max-snippet:-1, max-image-preview:large, max-video-preview:-1\" \/>\n<link rel=\"canonical\" href=\"https:\/\/www.templars-route.eu\/fr\/patrimoine-templier\/commanderie-depailly\/\" \/>\n<meta property=\"og:locale\" content=\"fr_FR\" \/>\n<meta property=\"og:type\" content=\"article\" \/>\n<meta property=\"og:title\" content=\"Commanderie d&#039;Epailly - Route du patrimoine templier - Templars Route European Federation (TREF)\" \/>\n<meta property=\"og:description\" content=\"[vc_row css_animation=\u00a0\u00bb\u00a0\u00bb row_type=\u00a0\u00bbrow\u00a0\u00bb use_row_as_full_screen_section=\u00a0\u00bbno\u00a0\u00bb type=\u00a0\u00bbfull_width\u00a0\u00bb angled_section=\u00a0\u00bbno\u00a0\u00bb text_align=\u00a0\u00bbleft\u00a0\u00bb background_image_as_pattern=\u00a0\u00bbwithout_pattern\u00a0\u00bb][vc_column width=\u00a0\u00bb1\/2&Prime;][vc_column_text]Le premier acte faisant mention de la commanderie, dat\u00e9 de 1200, laisse supposer que les templiers \u00e9taient l\u00e0 depuis un certain temps. En 1214, un texte \u00e9voque la domus milicie Templi que vocatur Espailli. &nbsp; D\u00e8s l\u2019origine,...\" \/>\n<meta property=\"og:url\" content=\"https:\/\/www.templars-route.eu\/fr\/patrimoine-templier\/commanderie-depailly\/\" \/>\n<meta property=\"og:site_name\" content=\"Route du patrimoine templier - Templars Route European Federation (TREF)\" \/>\n<meta property=\"article:modified_time\" content=\"2024-06-04T14:39:14+00:00\" \/>\n<meta name=\"twitter:card\" content=\"summary_large_image\" \/>\n<meta name=\"twitter:label1\" content=\"Dur\u00e9e de lecture estim\u00e9e\" \/>\n\t<meta name=\"twitter:data1\" content=\"3 minutes\" \/>\n<script type=\"application\/ld+json\" class=\"yoast-schema-graph\">{\"@context\":\"https:\/\/schema.org\",\"@graph\":[{\"@type\":\"WebPage\",\"@id\":\"https:\/\/www.templars-route.eu\/fr\/patrimoine-templier\/commanderie-depailly\/\",\"url\":\"https:\/\/www.templars-route.eu\/fr\/patrimoine-templier\/commanderie-depailly\/\",\"name\":\"Commanderie d'Epailly - Route du patrimoine templier - Templars Route European Federation (TREF)\",\"isPartOf\":{\"@id\":\"https:\/\/www.templars-route.eu\/fr\/#website\"},\"datePublished\":\"2019-03-01T11:12:32+00:00\",\"dateModified\":\"2024-06-04T14:39:14+00:00\",\"breadcrumb\":{\"@id\":\"https:\/\/www.templars-route.eu\/fr\/patrimoine-templier\/commanderie-depailly\/#breadcrumb\"},\"inLanguage\":\"fr-FR\",\"potentialAction\":[{\"@type\":\"ReadAction\",\"target\":[\"https:\/\/www.templars-route.eu\/fr\/patrimoine-templier\/commanderie-depailly\/\"]}]},{\"@type\":\"BreadcrumbList\",\"@id\":\"https:\/\/www.templars-route.eu\/fr\/patrimoine-templier\/commanderie-depailly\/#breadcrumb\",\"itemListElement\":[{\"@type\":\"ListItem\",\"position\":1,\"name\":\"Accueil\",\"item\":\"https:\/\/www.templars-route.eu\/fr\/\"},{\"@type\":\"ListItem\",\"position\":2,\"name\":\"Patrimoine Templier\",\"item\":\"https:\/\/www.templars-route.eu\/fr\/patrimoine-templier\/\"},{\"@type\":\"ListItem\",\"position\":3,\"name\":\"Commanderie d&rsquo;Epailly\"}]},{\"@type\":\"WebSite\",\"@id\":\"https:\/\/www.templars-route.eu\/fr\/#website\",\"url\":\"https:\/\/www.templars-route.eu\/fr\/\",\"name\":\"Route du patrimoine templier - Templars Route European Federation (TREF)\",\"description\":\"Valorisation of Templar heritage in Europe\",\"potentialAction\":[{\"@type\":\"SearchAction\",\"target\":{\"@type\":\"EntryPoint\",\"urlTemplate\":\"https:\/\/www.templars-route.eu\/fr\/?s={search_term_string}\"},\"query-input\":{\"@type\":\"PropertyValueSpecification\",\"valueRequired\":true,\"valueName\":\"search_term_string\"}}],\"inLanguage\":\"fr-FR\"}]}<\/script>\n<!-- \/ Yoast SEO plugin. -->","yoast_head_json":{"title":"Commanderie d'Epailly - Route du patrimoine templier - Templars Route European Federation (TREF)","robots":{"index":"index","follow":"follow","max-snippet":"max-snippet:-1","max-image-preview":"max-image-preview:large","max-video-preview":"max-video-preview:-1"},"canonical":"https:\/\/www.templars-route.eu\/fr\/patrimoine-templier\/commanderie-depailly\/","og_locale":"fr_FR","og_type":"article","og_title":"Commanderie d'Epailly - Route du patrimoine templier - Templars Route European Federation (TREF)","og_description":"[vc_row css_animation=\u00a0\u00bb\u00a0\u00bb row_type=\u00a0\u00bbrow\u00a0\u00bb use_row_as_full_screen_section=\u00a0\u00bbno\u00a0\u00bb type=\u00a0\u00bbfull_width\u00a0\u00bb angled_section=\u00a0\u00bbno\u00a0\u00bb text_align=\u00a0\u00bbleft\u00a0\u00bb background_image_as_pattern=\u00a0\u00bbwithout_pattern\u00a0\u00bb][vc_column width=\u00a0\u00bb1\/2&Prime;][vc_column_text]Le premier acte faisant mention de la commanderie, dat\u00e9 de 1200, laisse supposer que les templiers \u00e9taient l\u00e0 depuis un certain temps. En 1214, un texte \u00e9voque la domus milicie Templi que vocatur Espailli. &nbsp; D\u00e8s l\u2019origine,...","og_url":"https:\/\/www.templars-route.eu\/fr\/patrimoine-templier\/commanderie-depailly\/","og_site_name":"Route du patrimoine templier - Templars Route European Federation (TREF)","article_modified_time":"2024-06-04T14:39:14+00:00","twitter_card":"summary_large_image","twitter_misc":{"Dur\u00e9e de lecture estim\u00e9e":"3 minutes"},"schema":{"@context":"https:\/\/schema.org","@graph":[{"@type":"WebPage","@id":"https:\/\/www.templars-route.eu\/fr\/patrimoine-templier\/commanderie-depailly\/","url":"https:\/\/www.templars-route.eu\/fr\/patrimoine-templier\/commanderie-depailly\/","name":"Commanderie d'Epailly - Route du patrimoine templier - Templars Route European Federation (TREF)","isPartOf":{"@id":"https:\/\/www.templars-route.eu\/fr\/#website"},"datePublished":"2019-03-01T11:12:32+00:00","dateModified":"2024-06-04T14:39:14+00:00","breadcrumb":{"@id":"https:\/\/www.templars-route.eu\/fr\/patrimoine-templier\/commanderie-depailly\/#breadcrumb"},"inLanguage":"fr-FR","potentialAction":[{"@type":"ReadAction","target":["https:\/\/www.templars-route.eu\/fr\/patrimoine-templier\/commanderie-depailly\/"]}]},{"@type":"BreadcrumbList","@id":"https:\/\/www.templars-route.eu\/fr\/patrimoine-templier\/commanderie-depailly\/#breadcrumb","itemListElement":[{"@type":"ListItem","position":1,"name":"Accueil","item":"https:\/\/www.templars-route.eu\/fr\/"},{"@type":"ListItem","position":2,"name":"Patrimoine Templier","item":"https:\/\/www.templars-route.eu\/fr\/patrimoine-templier\/"},{"@type":"ListItem","position":3,"name":"Commanderie d&rsquo;Epailly"}]},{"@type":"WebSite","@id":"https:\/\/www.templars-route.eu\/fr\/#website","url":"https:\/\/www.templars-route.eu\/fr\/","name":"Route du patrimoine templier - Templars Route European Federation (TREF)","description":"Valorisation of Templar heritage in Europe","potentialAction":[{"@type":"SearchAction","target":{"@type":"EntryPoint","urlTemplate":"https:\/\/www.templars-route.eu\/fr\/?s={search_term_string}"},"query-input":{"@type":"PropertyValueSpecification","valueRequired":true,"valueName":"search_term_string"}}],"inLanguage":"fr-FR"}]}},"_links":{"self":[{"href":"https:\/\/www.templars-route.eu\/fr\/wp-json\/wp\/v2\/pages\/16087\/"}],"collection":[{"href":"https:\/\/www.templars-route.eu\/fr\/wp-json\/wp\/v2\/pages\/"}],"about":[{"href":"https:\/\/www.templars-route.eu\/fr\/wp-json\/wp\/v2\/types\/page\/"}],"author":[{"embeddable":true,"href":"https:\/\/www.templars-route.eu\/fr\/wp-json\/wp\/v2\/users\/27\/"}],"replies":[{"embeddable":true,"href":"https:\/\/www.templars-route.eu\/fr\/wp-json\/wp\/v2\/comments\/?post=16087"}],"version-history":[{"count":1,"href":"https:\/\/www.templars-route.eu\/fr\/wp-json\/wp\/v2\/pages\/16087\/revisions\/"}],"predecessor-version":[{"id":21776,"href":"https:\/\/www.templars-route.eu\/fr\/wp-json\/wp\/v2\/pages\/16087\/revisions\/21776\/"}],"up":[{"embeddable":true,"href":"https:\/\/www.templars-route.eu\/fr\/wp-json\/wp\/v2\/pages\/14855\/"}],"wp:attachment":[{"href":"https:\/\/www.templars-route.eu\/fr\/wp-json\/wp\/v2\/media\/?parent=16087"}],"curies":[{"name":"wp","href":"https:\/\/api.w.org\/{rel}","templated":true}]}}