{"id":15636,"date":"2020-11-30T19:02:20","date_gmt":"2020-11-30T18:02:20","guid":{"rendered":"https:\/\/www.templars-route.eu\/?page_id=15636"},"modified":"2020-11-30T19:02:20","modified_gmt":"2020-11-30T18:02:20","slug":"chateau-ponferrada","status":"publish","type":"page","link":"https:\/\/www.templars-route.eu\/fr\/chateau-ponferrada\/","title":{"rendered":"Ch\u00e2teau Templier de Ponferrada"},"content":{"rendered":"<div class=\"wpb-content-wrapper\"><p>[vc_row css_animation=\u00a0\u00bb\u00a0\u00bb row_type=\u00a0\u00bbrow\u00a0\u00bb use_row_as_full_screen_section=\u00a0\u00bbno\u00a0\u00bb type=\u00a0\u00bbfull_width\u00a0\u00bb angled_section=\u00a0\u00bbno\u00a0\u00bb text_align=\u00a0\u00bbleft\u00a0\u00bb background_image_as_pattern=\u00a0\u00bbwithout_pattern\u00a0\u00bb][vc_column width=\u00a0\u00bb1\/2&Prime;][vc_column_text]Lorsqu&rsquo;en 1178 les rois de Leon font don de Ponferrada \u00e0 l&rsquo;Ordre du Temple, par donation des rois de L\u00e9on, les Templiers occupent une petite forteresse qui fut \u00e0 l&rsquo;origine un castro et post\u00e9rieurement une citadelle romaine.<\/p>\n<p>Ils l&rsquo;agrandissent, la renforcent en tant d\u00e9fense du Chemin de Saint-Jacques-de-Compostelle, et la concluent en 1282.<\/p>\n<p>&nbsp;<\/p>\n<p>Le Ch\u00e2teau que nous connaissons de nos jours est le r\u00e9sultat d&rsquo;une large s\u00e9rie d&rsquo;agrandissements, de r\u00e9formes et d&rsquo;ajouts.<\/p>\n<p>Les premi\u00e8res transformations ont touch\u00e9 l&rsquo;enceinte du plan carr\u00e9 au d\u00e9but du XII, si\u00e8cle et se sont poursuivies dans les derni\u00e8res zones construites \u00e0 la fin du XV et au d\u00e9but du XVI si\u00e8cle.<\/p>\n<p>D&rsquo;autres incorporations post\u00e9rieures telles que les \u00e9curies en 1848 et les nombreuses r\u00e9formes men\u00e9es \u00e0 bout depuis le d\u00e9but du XX, si\u00e8cle ont contribu\u00e9 \u00e0 la complexit\u00e9 de l&rsquo;ensemble du Ch\u00e2teau actuel.<\/p>\n<p>Les \u00e9cussons et les blasons de ceux qui y ont v\u00e9cu et ont contribu\u00e9 \u00e0 sa construction font preuve de l&rsquo;existence de diff\u00e9rentes \u00e9tapes<\/p>\n<p>&nbsp;<\/p>\n<p>Il a \u00e9t\u00e9 d\u00e9clar\u00e9 Monument National Historique Artistique \u00e0 1924[\/vc_column_text][\/vc_column][vc_column width=\u00a0\u00bb1\/2&Prime;][vc_empty_space][vc_video link=\u00a0\u00bbhttps:\/\/www.youtube.com\/watch?v=F4Y5inSmQJM\u00a0\u00bb][vc_column_text]Vid\u00e9o par Ayuntamiento de Ponferrada[\/vc_column_text][vc_empty_space][\/vc_column][\/vc_row][vc_row css_animation=\u00a0\u00bb\u00a0\u00bb row_type=\u00a0\u00bbrow\u00a0\u00bb use_row_as_full_screen_section=\u00a0\u00bbno\u00a0\u00bb type=\u00a0\u00bbfull_width\u00a0\u00bb angled_section=\u00a0\u00bbno\u00a0\u00bb text_align=\u00a0\u00bbleft\u00a0\u00bb background_image_as_pattern=\u00a0\u00bbwithout_pattern\u00a0\u00bb][vc_column width=\u00a0\u00bb1\/2&Prime;][vc_empty_space height=\u00a0\u00bb50px\u00a0\u00bb][vc_column_text]<\/p>\n<h2>Coordonn\u00e9es<\/h2>\n<p class=\"section-hero-header-title-subtitle\"><strong>Castillo de los Templarios<\/strong><\/p>\n<p>Av. el Castillo, s\/n,<br \/>\n24400 Ponferrada, Le\u00f3n, Espagne<br \/>\ntel. +34 987 402 244<br \/>\n<a href=\"http:\/\/www.castillodelostemplarios.com\/\" target=\"_blank\" rel=\"noopener noreferrer\">www.castillodelostemplarios.com<\/a>[\/vc_column_text][\/vc_column][vc_column width=\u00a0\u00bb1\/2&Prime;][vc_empty_space][vc_gmaps link=\u00a0\u00bb#E-8_JTNDaWZyYW1lJTIwc3JjJTNEJTIyaHR0cHMlM0ElMkYlMkZ3d3cuZ29vZ2xlLmNvbSUyRm1hcHMlMkZlbWJlZCUzRnBiJTNEJTIxMW0xOCUyMTFtMTIlMjExbTMlMjExZDI5MzkuNTM0MDAyMjg0ODg3NyUyMTJkLTYuNTk1Njg5Nzg0MzU4Njg1JTIxM2Q0Mi41NDM5NTI3MzE0NjA3MzUlMjEybTMlMjExZjAlMjEyZjAlMjEzZjAlMjEzbTIlMjExaTEwMjQlMjEyaTc2OCUyMTRmMTMuMSUyMTNtMyUyMTFtMiUyMTFzMHhkMzc5YTg1MmMyY2YyMzUlMjUzQTB4ZmVmOGUxMDQ4MjQzNDI4OCUyMTJzQ2glMjVDMyUyNUEydGVhdSUyNTIwZGUlMjUyMFBvbmZlcnJhZGElMjE1ZTAlMjEzbTIlMjExc2ZyJTIxMnNmciUyMTR2MTYwNjc1OTA3NzcyNSUyMTVtMiUyMTFzZnIlMjEyc2ZyJTIyJTIwd2lkdGglM0QlMjI2MDAlMjIlMjBoZWlnaHQlM0QlMjIzMDAlMjIlMjBmcmFtZWJvcmRlciUzRCUyMjAlMjIlMjBzdHlsZSUzRCUyMmJvcmRlciUzQTAlM0IlMjIlMjBhbGxvd2Z1bGxzY3JlZW4lM0QlMjIlMjIlMjBhcmlhLWhpZGRlbiUzRCUyMmZhbHNlJTIyJTIwdGFiaW5kZXglM0QlMjIwJTIyJTNFJTNDJTJGaWZyYW1lJTNF\u00a0\u00bb][\/vc_column][vc_column][\/vc_column][\/vc_row]<\/p>\n<\/div>","protected":false},"excerpt":{"rendered":"<p>[vc_row css_animation=\u00a0\u00bb\u00a0\u00bb row_type=\u00a0\u00bbrow\u00a0\u00bb use_row_as_full_screen_section=\u00a0\u00bbno\u00a0\u00bb type=\u00a0\u00bbfull_width\u00a0\u00bb angled_section=\u00a0\u00bbno\u00a0\u00bb text_align=\u00a0\u00bbleft\u00a0\u00bb background_image_as_pattern=\u00a0\u00bbwithout_pattern\u00a0\u00bb][vc_column width=\u00a0\u00bb1\/2&Prime;][vc_column_text]Lorsqu&rsquo;en 1178 les rois de Leon font don de Ponferrada \u00e0 l&rsquo;Ordre du Temple, par donation des rois de L\u00e9on, les Templiers occupent une petite forteresse qui fut \u00e0 l&rsquo;origine un castro et post\u00e9rieurement une citadelle romaine&#8230;.<\/p>\n","protected":false},"author":27,"featured_media":0,"parent":0,"menu_order":0,"comment_status":"closed","ping_status":"closed","template":"","meta":{"footnotes":""},"class_list":["post-15636","page","type-page","status-publish","hentry"],"yoast_head":"<!-- This site is optimized with the Yoast SEO plugin v26.6 - https:\/\/yoast.com\/wordpress\/plugins\/seo\/ -->\n<title>Ch\u00e2teau Templier de Ponferrada - Route du patrimoine templier - Templars Route European Federation (TREF)<\/title>\n<meta name=\"robots\" content=\"index, follow, max-snippet:-1, max-image-preview:large, max-video-preview:-1\" \/>\n<link rel=\"canonical\" href=\"https:\/\/www.templars-route.eu\/fr\/chateau-ponferrada\/\" \/>\n<meta property=\"og:locale\" content=\"fr_FR\" \/>\n<meta property=\"og:type\" content=\"article\" \/>\n<meta property=\"og:title\" content=\"Ch\u00e2teau Templier de Ponferrada - Route du patrimoine templier - Templars Route European Federation (TREF)\" \/>\n<meta property=\"og:description\" content=\"[vc_row css_animation=\u00a0\u00bb\u00a0\u00bb row_type=\u00a0\u00bbrow\u00a0\u00bb use_row_as_full_screen_section=\u00a0\u00bbno\u00a0\u00bb type=\u00a0\u00bbfull_width\u00a0\u00bb angled_section=\u00a0\u00bbno\u00a0\u00bb text_align=\u00a0\u00bbleft\u00a0\u00bb background_image_as_pattern=\u00a0\u00bbwithout_pattern\u00a0\u00bb][vc_column width=\u00a0\u00bb1\/2&Prime;][vc_column_text]Lorsqu&rsquo;en 1178 les rois de Leon font don de Ponferrada \u00e0 l&rsquo;Ordre du Temple, par donation des rois de L\u00e9on, les Templiers occupent une petite forteresse qui fut \u00e0 l&rsquo;origine un castro et post\u00e9rieurement une citadelle romaine....\" \/>\n<meta property=\"og:url\" content=\"https:\/\/www.templars-route.eu\/fr\/chateau-ponferrada\/\" \/>\n<meta property=\"og:site_name\" content=\"Route du patrimoine templier - Templars Route European Federation (TREF)\" \/>\n<meta name=\"twitter:card\" content=\"summary_large_image\" \/>\n<meta name=\"twitter:label1\" content=\"Dur\u00e9e de lecture estim\u00e9e\" \/>\n\t<meta name=\"twitter:data1\" content=\"2 minutes\" \/>\n<script type=\"application\/ld+json\" class=\"yoast-schema-graph\">{\"@context\":\"https:\/\/schema.org\",\"@graph\":[{\"@type\":\"WebPage\",\"@id\":\"https:\/\/www.templars-route.eu\/fr\/chateau-ponferrada\/\",\"url\":\"https:\/\/www.templars-route.eu\/fr\/chateau-ponferrada\/\",\"name\":\"Ch\u00e2teau Templier de Ponferrada - Route du patrimoine templier - Templars Route European Federation (TREF)\",\"isPartOf\":{\"@id\":\"https:\/\/www.templars-route.eu\/fr\/#website\"},\"datePublished\":\"2020-11-30T18:02:20+00:00\",\"breadcrumb\":{\"@id\":\"https:\/\/www.templars-route.eu\/fr\/chateau-ponferrada\/#breadcrumb\"},\"inLanguage\":\"fr-FR\",\"potentialAction\":[{\"@type\":\"ReadAction\",\"target\":[\"https:\/\/www.templars-route.eu\/fr\/chateau-ponferrada\/\"]}]},{\"@type\":\"BreadcrumbList\",\"@id\":\"https:\/\/www.templars-route.eu\/fr\/chateau-ponferrada\/#breadcrumb\",\"itemListElement\":[{\"@type\":\"ListItem\",\"position\":1,\"name\":\"Accueil\",\"item\":\"https:\/\/www.templars-route.eu\/fr\/\"},{\"@type\":\"ListItem\",\"position\":2,\"name\":\"Ch\u00e2teau Templier de Ponferrada\"}]},{\"@type\":\"WebSite\",\"@id\":\"https:\/\/www.templars-route.eu\/fr\/#website\",\"url\":\"https:\/\/www.templars-route.eu\/fr\/\",\"name\":\"Route du patrimoine templier - Templars Route European Federation (TREF)\",\"description\":\"Valorisation of Templar heritage in Europe\",\"potentialAction\":[{\"@type\":\"SearchAction\",\"target\":{\"@type\":\"EntryPoint\",\"urlTemplate\":\"https:\/\/www.templars-route.eu\/fr\/?s={search_term_string}\"},\"query-input\":{\"@type\":\"PropertyValueSpecification\",\"valueRequired\":true,\"valueName\":\"search_term_string\"}}],\"inLanguage\":\"fr-FR\"}]}<\/script>\n<!-- \/ Yoast SEO plugin. -->","yoast_head_json":{"title":"Ch\u00e2teau Templier de Ponferrada - Route du patrimoine templier - Templars Route European Federation (TREF)","robots":{"index":"index","follow":"follow","max-snippet":"max-snippet:-1","max-image-preview":"max-image-preview:large","max-video-preview":"max-video-preview:-1"},"canonical":"https:\/\/www.templars-route.eu\/fr\/chateau-ponferrada\/","og_locale":"fr_FR","og_type":"article","og_title":"Ch\u00e2teau Templier de Ponferrada - Route du patrimoine templier - Templars Route European Federation (TREF)","og_description":"[vc_row css_animation=\u00a0\u00bb\u00a0\u00bb row_type=\u00a0\u00bbrow\u00a0\u00bb use_row_as_full_screen_section=\u00a0\u00bbno\u00a0\u00bb type=\u00a0\u00bbfull_width\u00a0\u00bb angled_section=\u00a0\u00bbno\u00a0\u00bb text_align=\u00a0\u00bbleft\u00a0\u00bb background_image_as_pattern=\u00a0\u00bbwithout_pattern\u00a0\u00bb][vc_column width=\u00a0\u00bb1\/2&Prime;][vc_column_text]Lorsqu&rsquo;en 1178 les rois de Leon font don de Ponferrada \u00e0 l&rsquo;Ordre du Temple, par donation des rois de L\u00e9on, les Templiers occupent une petite forteresse qui fut \u00e0 l&rsquo;origine un castro et post\u00e9rieurement une citadelle romaine....","og_url":"https:\/\/www.templars-route.eu\/fr\/chateau-ponferrada\/","og_site_name":"Route du patrimoine templier - Templars Route European Federation (TREF)","twitter_card":"summary_large_image","twitter_misc":{"Dur\u00e9e de lecture estim\u00e9e":"2 minutes"},"schema":{"@context":"https:\/\/schema.org","@graph":[{"@type":"WebPage","@id":"https:\/\/www.templars-route.eu\/fr\/chateau-ponferrada\/","url":"https:\/\/www.templars-route.eu\/fr\/chateau-ponferrada\/","name":"Ch\u00e2teau Templier de Ponferrada - Route du patrimoine templier - Templars Route European Federation (TREF)","isPartOf":{"@id":"https:\/\/www.templars-route.eu\/fr\/#website"},"datePublished":"2020-11-30T18:02:20+00:00","breadcrumb":{"@id":"https:\/\/www.templars-route.eu\/fr\/chateau-ponferrada\/#breadcrumb"},"inLanguage":"fr-FR","potentialAction":[{"@type":"ReadAction","target":["https:\/\/www.templars-route.eu\/fr\/chateau-ponferrada\/"]}]},{"@type":"BreadcrumbList","@id":"https:\/\/www.templars-route.eu\/fr\/chateau-ponferrada\/#breadcrumb","itemListElement":[{"@type":"ListItem","position":1,"name":"Accueil","item":"https:\/\/www.templars-route.eu\/fr\/"},{"@type":"ListItem","position":2,"name":"Ch\u00e2teau Templier de Ponferrada"}]},{"@type":"WebSite","@id":"https:\/\/www.templars-route.eu\/fr\/#website","url":"https:\/\/www.templars-route.eu\/fr\/","name":"Route du patrimoine templier - Templars Route European Federation (TREF)","description":"Valorisation of Templar heritage in Europe","potentialAction":[{"@type":"SearchAction","target":{"@type":"EntryPoint","urlTemplate":"https:\/\/www.templars-route.eu\/fr\/?s={search_term_string}"},"query-input":{"@type":"PropertyValueSpecification","valueRequired":true,"valueName":"search_term_string"}}],"inLanguage":"fr-FR"}]}},"_links":{"self":[{"href":"https:\/\/www.templars-route.eu\/fr\/wp-json\/wp\/v2\/pages\/15636\/"}],"collection":[{"href":"https:\/\/www.templars-route.eu\/fr\/wp-json\/wp\/v2\/pages\/"}],"about":[{"href":"https:\/\/www.templars-route.eu\/fr\/wp-json\/wp\/v2\/types\/page\/"}],"author":[{"embeddable":true,"href":"https:\/\/www.templars-route.eu\/fr\/wp-json\/wp\/v2\/users\/27\/"}],"replies":[{"embeddable":true,"href":"https:\/\/www.templars-route.eu\/fr\/wp-json\/wp\/v2\/comments\/?post=15636"}],"version-history":[{"count":3,"href":"https:\/\/www.templars-route.eu\/fr\/wp-json\/wp\/v2\/pages\/15636\/revisions\/"}],"predecessor-version":[{"id":18043,"href":"https:\/\/www.templars-route.eu\/fr\/wp-json\/wp\/v2\/pages\/15636\/revisions\/18043\/"}],"wp:attachment":[{"href":"https:\/\/www.templars-route.eu\/fr\/wp-json\/wp\/v2\/media\/?parent=15636"}],"curies":[{"name":"wp","href":"https:\/\/api.w.org\/{rel}","templated":true}]}}