{"id":15526,"date":"2018-09-13T16:14:52","date_gmt":"2018-09-13T14:14:52","guid":{"rendered":"https:\/\/www.templars-route.eu\/?page_id=15526"},"modified":"2023-03-14T16:04:40","modified_gmt":"2023-03-14T15:04:40","slug":"chapelle-bar-sur-aube","status":"publish","type":"page","link":"https:\/\/www.templars-route.eu\/fr\/chapelle-bar-sur-aube\/","title":{"rendered":"La Chapelle Saint-Jean de Bar-sur-Aube"},"content":{"rendered":"<div class=\"wpb-content-wrapper\"><p>[vc_row css_animation=\u00a0\u00bb\u00a0\u00bb row_type=\u00a0\u00bbrow\u00a0\u00bb use_row_as_full_screen_section=\u00a0\u00bbno\u00a0\u00bb type=\u00a0\u00bbfull_width\u00a0\u00bb angled_section=\u00a0\u00bbno\u00a0\u00bb text_align=\u00a0\u00bbleft\u00a0\u00bb background_image_as_pattern=\u00a0\u00bbwithout_pattern\u00a0\u00bb][vc_column width=\u00a0\u00bb1\/2&Prime;][vc_column_text]L\u2019histoire de la Chapelle Saint-Jean de Bar-sur-Aube, visible depuis la rue Nationale, reste \u00e0 \u00e9crire. <strong>M\u00eame si elle est souvent qualifi\u00e9e de templi\u00e8re, les historiens penchent plut\u00f4t en faveur d\u2019une origine hospitali\u00e8re<\/strong>. Les deux ordres religieux et militaires avaient des possessions \u00e0 Bar-sur-Aube, ville des foires de Champagne, celles des Templiers d\u00e9pendaient de la commanderie de Thors. La chapelle Saint-Jean correspondrait \u00e0 la donation\u00a0qu\u2019effectua en 1190, \u00e0 Marseille, juste avant de s\u2019embarquer pour la croisade, le comte Henri II de Champagne aux Hospitaliers de Saint Jean de J\u00e9rusalem. Il leur offre ce qui leur sera n\u00e9cessaire pour b\u00e2tir une chapelle et une maison et, puisqu\u2019il part pour J\u00e9rusalem, il charge sa m\u00e8re, la comtesse Marie, d\u2019assurer la mise en \u0153uvre de ces donations.<\/p>\n<p>&nbsp;<\/p>\n<p>La chapelle Saint-Jean serait le dernier vestige de cette maison des Hospitaliers. Longue de dix m\u00e8tres et large de huit, elle se compose de deux trav\u00e9es vo\u00fbt\u00e9es. Une des fen\u00eatres qui ouvrent sur la rue est de la fin du XIIe si\u00e8cle et l\u2019autre, date du XIIIe si\u00e8cle.<\/p>\n<p>&nbsp;<\/p>\n<p>Dans l\u2019\u00e9glise Saint-Pierre de Bar-sur-Aube, une statue de saint Jean-Baptiste, patron des Hospitaliers, proviendrait de cette chapelle.[\/vc_column_text][\/vc_column][vc_column width=\u00a0\u00bb1\/2&Prime;][vc_empty_space][vc_single_image image=\u00a0\u00bb18065&Prime; img_size=\u00a0\u00bblarge\u00a0\u00bb qode_css_animation=\u00a0\u00bb\u00a0\u00bb][\/vc_column][\/vc_row]<\/p>\n<\/div>","protected":false},"excerpt":{"rendered":"<p>[vc_row css_animation=\u00a0\u00bb\u00a0\u00bb row_type=\u00a0\u00bbrow\u00a0\u00bb use_row_as_full_screen_section=\u00a0\u00bbno\u00a0\u00bb type=\u00a0\u00bbfull_width\u00a0\u00bb angled_section=\u00a0\u00bbno\u00a0\u00bb text_align=\u00a0\u00bbleft\u00a0\u00bb background_image_as_pattern=\u00a0\u00bbwithout_pattern\u00a0\u00bb][vc_column width=\u00a0\u00bb1\/2&Prime;][vc_column_text]L\u2019histoire de la Chapelle Saint-Jean de Bar-sur-Aube, visible depuis la rue Nationale, reste \u00e0 \u00e9crire. M\u00eame si elle est souvent qualifi\u00e9e de templi\u00e8re, les historiens penchent plut\u00f4t en faveur d\u2019une origine hospitali\u00e8re. Les deux ordres religieux et&#8230;<\/p>\n","protected":false},"author":27,"featured_media":0,"parent":0,"menu_order":0,"comment_status":"closed","ping_status":"closed","template":"","meta":{"footnotes":""},"class_list":["post-15526","page","type-page","status-publish","hentry"],"yoast_head":"<!-- This site is optimized with the Yoast SEO plugin v26.6 - https:\/\/yoast.com\/wordpress\/plugins\/seo\/ -->\n<title>La Chapelle Saint-Jean de Bar-sur-Aube - Route du patrimoine templier - Templars Route European Federation (TREF)<\/title>\n<meta name=\"robots\" content=\"index, follow, max-snippet:-1, max-image-preview:large, max-video-preview:-1\" \/>\n<link rel=\"canonical\" href=\"https:\/\/www.templars-route.eu\/fr\/chapelle-bar-sur-aube\/\" \/>\n<meta property=\"og:locale\" content=\"fr_FR\" \/>\n<meta property=\"og:type\" content=\"article\" \/>\n<meta property=\"og:title\" content=\"La Chapelle Saint-Jean de Bar-sur-Aube - Route du patrimoine templier - Templars Route European Federation (TREF)\" \/>\n<meta property=\"og:description\" content=\"[vc_row css_animation=\u00a0\u00bb\u00a0\u00bb row_type=\u00a0\u00bbrow\u00a0\u00bb use_row_as_full_screen_section=\u00a0\u00bbno\u00a0\u00bb type=\u00a0\u00bbfull_width\u00a0\u00bb angled_section=\u00a0\u00bbno\u00a0\u00bb text_align=\u00a0\u00bbleft\u00a0\u00bb background_image_as_pattern=\u00a0\u00bbwithout_pattern\u00a0\u00bb][vc_column width=\u00a0\u00bb1\/2&Prime;][vc_column_text]L\u2019histoire de la Chapelle Saint-Jean de Bar-sur-Aube, visible depuis la rue Nationale, reste \u00e0 \u00e9crire. M\u00eame si elle est souvent qualifi\u00e9e de templi\u00e8re, les historiens penchent plut\u00f4t en faveur d\u2019une origine hospitali\u00e8re. Les deux ordres religieux et...\" \/>\n<meta property=\"og:url\" content=\"https:\/\/www.templars-route.eu\/fr\/chapelle-bar-sur-aube\/\" \/>\n<meta property=\"og:site_name\" content=\"Route du patrimoine templier - Templars Route European Federation (TREF)\" \/>\n<meta property=\"article:modified_time\" content=\"2023-03-14T15:04:40+00:00\" \/>\n<meta name=\"twitter:card\" content=\"summary_large_image\" \/>\n<meta name=\"twitter:label1\" content=\"Dur\u00e9e de lecture estim\u00e9e\" \/>\n\t<meta name=\"twitter:data1\" content=\"1 minute\" \/>\n<script type=\"application\/ld+json\" class=\"yoast-schema-graph\">{\"@context\":\"https:\/\/schema.org\",\"@graph\":[{\"@type\":\"WebPage\",\"@id\":\"https:\/\/www.templars-route.eu\/fr\/chapelle-bar-sur-aube\/\",\"url\":\"https:\/\/www.templars-route.eu\/fr\/chapelle-bar-sur-aube\/\",\"name\":\"La Chapelle Saint-Jean de Bar-sur-Aube - Route du patrimoine templier - Templars Route European Federation (TREF)\",\"isPartOf\":{\"@id\":\"https:\/\/www.templars-route.eu\/fr\/#website\"},\"datePublished\":\"2018-09-13T14:14:52+00:00\",\"dateModified\":\"2023-03-14T15:04:40+00:00\",\"breadcrumb\":{\"@id\":\"https:\/\/www.templars-route.eu\/fr\/chapelle-bar-sur-aube\/#breadcrumb\"},\"inLanguage\":\"fr-FR\",\"potentialAction\":[{\"@type\":\"ReadAction\",\"target\":[\"https:\/\/www.templars-route.eu\/fr\/chapelle-bar-sur-aube\/\"]}]},{\"@type\":\"BreadcrumbList\",\"@id\":\"https:\/\/www.templars-route.eu\/fr\/chapelle-bar-sur-aube\/#breadcrumb\",\"itemListElement\":[{\"@type\":\"ListItem\",\"position\":1,\"name\":\"Accueil\",\"item\":\"https:\/\/www.templars-route.eu\/fr\/\"},{\"@type\":\"ListItem\",\"position\":2,\"name\":\"La Chapelle Saint-Jean de Bar-sur-Aube\"}]},{\"@type\":\"WebSite\",\"@id\":\"https:\/\/www.templars-route.eu\/fr\/#website\",\"url\":\"https:\/\/www.templars-route.eu\/fr\/\",\"name\":\"Route du patrimoine templier - Templars Route European Federation (TREF)\",\"description\":\"Valorisation of Templar heritage in Europe\",\"potentialAction\":[{\"@type\":\"SearchAction\",\"target\":{\"@type\":\"EntryPoint\",\"urlTemplate\":\"https:\/\/www.templars-route.eu\/fr\/?s={search_term_string}\"},\"query-input\":{\"@type\":\"PropertyValueSpecification\",\"valueRequired\":true,\"valueName\":\"search_term_string\"}}],\"inLanguage\":\"fr-FR\"}]}<\/script>\n<!-- \/ Yoast SEO plugin. -->","yoast_head_json":{"title":"La Chapelle Saint-Jean de Bar-sur-Aube - Route du patrimoine templier - Templars Route European Federation (TREF)","robots":{"index":"index","follow":"follow","max-snippet":"max-snippet:-1","max-image-preview":"max-image-preview:large","max-video-preview":"max-video-preview:-1"},"canonical":"https:\/\/www.templars-route.eu\/fr\/chapelle-bar-sur-aube\/","og_locale":"fr_FR","og_type":"article","og_title":"La Chapelle Saint-Jean de Bar-sur-Aube - Route du patrimoine templier - Templars Route European Federation (TREF)","og_description":"[vc_row css_animation=\u00a0\u00bb\u00a0\u00bb row_type=\u00a0\u00bbrow\u00a0\u00bb use_row_as_full_screen_section=\u00a0\u00bbno\u00a0\u00bb type=\u00a0\u00bbfull_width\u00a0\u00bb angled_section=\u00a0\u00bbno\u00a0\u00bb text_align=\u00a0\u00bbleft\u00a0\u00bb background_image_as_pattern=\u00a0\u00bbwithout_pattern\u00a0\u00bb][vc_column width=\u00a0\u00bb1\/2&Prime;][vc_column_text]L\u2019histoire de la Chapelle Saint-Jean de Bar-sur-Aube, visible depuis la rue Nationale, reste \u00e0 \u00e9crire. M\u00eame si elle est souvent qualifi\u00e9e de templi\u00e8re, les historiens penchent plut\u00f4t en faveur d\u2019une origine hospitali\u00e8re. Les deux ordres religieux et...","og_url":"https:\/\/www.templars-route.eu\/fr\/chapelle-bar-sur-aube\/","og_site_name":"Route du patrimoine templier - Templars Route European Federation (TREF)","article_modified_time":"2023-03-14T15:04:40+00:00","twitter_card":"summary_large_image","twitter_misc":{"Dur\u00e9e de lecture estim\u00e9e":"1 minute"},"schema":{"@context":"https:\/\/schema.org","@graph":[{"@type":"WebPage","@id":"https:\/\/www.templars-route.eu\/fr\/chapelle-bar-sur-aube\/","url":"https:\/\/www.templars-route.eu\/fr\/chapelle-bar-sur-aube\/","name":"La Chapelle Saint-Jean de Bar-sur-Aube - Route du patrimoine templier - Templars Route European Federation (TREF)","isPartOf":{"@id":"https:\/\/www.templars-route.eu\/fr\/#website"},"datePublished":"2018-09-13T14:14:52+00:00","dateModified":"2023-03-14T15:04:40+00:00","breadcrumb":{"@id":"https:\/\/www.templars-route.eu\/fr\/chapelle-bar-sur-aube\/#breadcrumb"},"inLanguage":"fr-FR","potentialAction":[{"@type":"ReadAction","target":["https:\/\/www.templars-route.eu\/fr\/chapelle-bar-sur-aube\/"]}]},{"@type":"BreadcrumbList","@id":"https:\/\/www.templars-route.eu\/fr\/chapelle-bar-sur-aube\/#breadcrumb","itemListElement":[{"@type":"ListItem","position":1,"name":"Accueil","item":"https:\/\/www.templars-route.eu\/fr\/"},{"@type":"ListItem","position":2,"name":"La Chapelle Saint-Jean de Bar-sur-Aube"}]},{"@type":"WebSite","@id":"https:\/\/www.templars-route.eu\/fr\/#website","url":"https:\/\/www.templars-route.eu\/fr\/","name":"Route du patrimoine templier - Templars Route European Federation (TREF)","description":"Valorisation of Templar heritage in Europe","potentialAction":[{"@type":"SearchAction","target":{"@type":"EntryPoint","urlTemplate":"https:\/\/www.templars-route.eu\/fr\/?s={search_term_string}"},"query-input":{"@type":"PropertyValueSpecification","valueRequired":true,"valueName":"search_term_string"}}],"inLanguage":"fr-FR"}]}},"_links":{"self":[{"href":"https:\/\/www.templars-route.eu\/fr\/wp-json\/wp\/v2\/pages\/15526\/"}],"collection":[{"href":"https:\/\/www.templars-route.eu\/fr\/wp-json\/wp\/v2\/pages\/"}],"about":[{"href":"https:\/\/www.templars-route.eu\/fr\/wp-json\/wp\/v2\/types\/page\/"}],"author":[{"embeddable":true,"href":"https:\/\/www.templars-route.eu\/fr\/wp-json\/wp\/v2\/users\/27\/"}],"replies":[{"embeddable":true,"href":"https:\/\/www.templars-route.eu\/fr\/wp-json\/wp\/v2\/comments\/?post=15526"}],"version-history":[{"count":2,"href":"https:\/\/www.templars-route.eu\/fr\/wp-json\/wp\/v2\/pages\/15526\/revisions\/"}],"predecessor-version":[{"id":20547,"href":"https:\/\/www.templars-route.eu\/fr\/wp-json\/wp\/v2\/pages\/15526\/revisions\/20547\/"}],"wp:attachment":[{"href":"https:\/\/www.templars-route.eu\/fr\/wp-json\/wp\/v2\/media\/?parent=15526"}],"curies":[{"name":"wp","href":"https:\/\/api.w.org\/{rel}","templated":true}]}}