{"id":15519,"date":"2018-09-13T16:08:07","date_gmt":"2018-09-13T14:08:07","guid":{"rendered":"https:\/\/www.templars-route.eu\/?page_id=15519"},"modified":"2018-09-13T17:10:13","modified_gmt":"2018-09-13T15:10:13","slug":"commanderie-troyes","status":"publish","type":"page","link":"https:\/\/www.templars-route.eu\/fr\/commanderie-troyes\/","title":{"rendered":"La commanderie de Troyes"},"content":{"rendered":"<div class=\"wpb-content-wrapper\"><p>[vc_row css_animation=\u00a0\u00bb\u00a0\u00bb row_type=\u00a0\u00bbrow\u00a0\u00bb use_row_as_full_screen_section=\u00a0\u00bbno\u00a0\u00bb type=\u00a0\u00bbfull_width\u00a0\u00bb angled_section=\u00a0\u00bbno\u00a0\u00bb text_align=\u00a0\u00bbleft\u00a0\u00bb background_image_as_pattern=\u00a0\u00bbwithout_pattern\u00a0\u00bb][vc_column][vc_column_text]Dans les moments du concile de Troyes, la <strong>donation de Raoul le Gras \u00e0 Hugues de Payns d\u2019un domaine agricole dans le faubourg de Preize, en 1129, co\u00efncide avec la fondation de la commanderie de Troyes<\/strong>. Les comtes de Champagne, Thibaud II et Henri 1<sup>er<\/sup> c\u00e8dent aux Templiers une rente de dix marcs d\u2019argent sur le tonlieu des foires de Troyes. En 1171, Clarembaud IV de Chappes leur offre une rente de 100 livres tournois sur la vicomt\u00e9 de Troyes.<\/p>\n<p>&nbsp;<\/p>\n<p>Centre politique majeur et si\u00e8ge de deux des foires de Champagne, Troyes est alors une ville privil\u00e9gi\u00e9e pour les transactions commerciales et financi\u00e8res. D\u00e8s 1186, quand les Templiers re\u00e7oivent une maison rue Composte, au centre-ville, ils y \u00e9tablissent le si\u00e8ge de la commanderie de Troyes \u00e0 laquelle la grange de Preize est rattach\u00e9e. <strong>Les fr\u00e8res acqui\u00e8rent dans ce quartier une cinquantaine de maisons qu\u2019ils louent aux marchands et aux chalands des foires de Champagne<\/strong>. La commanderie poss\u00e8de plusieurs maisons secondaires dans les environs de Troyes, principalement \u00e0 Sancey (Saint\u2014Julien-les Villas) et \u00e0 Villiers-les-Verri\u00e8res (Verri\u00e8res).[\/vc_column_text][\/vc_column][vc_column][vc_empty_space][\/vc_column][\/vc_row][vc_row css_animation=\u00a0\u00bb\u00a0\u00bb row_type=\u00a0\u00bbrow\u00a0\u00bb use_row_as_full_screen_section=\u00a0\u00bbno\u00a0\u00bb type=\u00a0\u00bbfull_width\u00a0\u00bb angled_section=\u00a0\u00bbno\u00a0\u00bb text_align=\u00a0\u00bbleft\u00a0\u00bb background_image_as_pattern=\u00a0\u00bbwithout_pattern\u00a0\u00bb][vc_column width=\u00a0\u00bb1\/4&Prime;][vc_empty_space][vc_single_image image=\u00a0\u00bb15520&Prime; img_size=\u00a0\u00bbmedium\u00a0\u00bb alignment=\u00a0\u00bbcenter\u00a0\u00bb qode_css_animation=\u00a0\u00bb\u00a0\u00bb][vc_column_text]<\/p>\n<p style=\"text-align: center\">D\u00e9tail architectural de Troyes<\/p>\n<p>[\/vc_column_text][vc_empty_space][\/vc_column][vc_column width=\u00a0\u00bb3\/4&Prime;][vc_empty_space][vc_column_text]Les documents du proc\u00e8s citent trois commandeurs de Troyes\u00a0: Pierre de Cercelle, Nicolas de Serre et Jean Bruart.<\/p>\n<p>&nbsp;<\/p>\n<p><strong>La commanderie br\u00fbla<\/strong> dans le grand incendie qui ravage Troyes<strong> en 1524<\/strong>. \u00a0En 1656, elle est d\u00e9crite comme \u00e9tant \u00ab\u00a0un grand corps de logis en pierre de taille et un autre corps de logis respondant sur la rue, avec caves, chapelle, greniers, une cour et jardin\u00a0\u00bb. Saisie \u00e0 la R\u00e9volution, elle est vendue comme Bien national. C\u2019est aujourd\u2019hui le b\u00e2timent qui abrite le Cours Saint-Fran\u00e7ois de Sales, rue du G\u00e9n\u00e9ral Saussier qui, longtemps, s\u2019est appel\u00e9e la rue du Temple.[\/vc_column_text][vc_empty_space][\/vc_column][\/vc_row]<\/p>\n<\/div>","protected":false},"excerpt":{"rendered":"<p>[vc_row css_animation=\u00a0\u00bb\u00a0\u00bb row_type=\u00a0\u00bbrow\u00a0\u00bb use_row_as_full_screen_section=\u00a0\u00bbno\u00a0\u00bb type=\u00a0\u00bbfull_width\u00a0\u00bb angled_section=\u00a0\u00bbno\u00a0\u00bb text_align=\u00a0\u00bbleft\u00a0\u00bb background_image_as_pattern=\u00a0\u00bbwithout_pattern\u00a0\u00bb][vc_column][vc_column_text]Dans les moments du concile de Troyes, la donation de Raoul le Gras \u00e0 Hugues de Payns d\u2019un domaine agricole dans le faubourg de Preize, en 1129, co\u00efncide avec la fondation de la commanderie de Troyes. Les comtes&#8230;<\/p>\n","protected":false},"author":27,"featured_media":0,"parent":0,"menu_order":0,"comment_status":"closed","ping_status":"closed","template":"","meta":{"footnotes":""},"class_list":["post-15519","page","type-page","status-publish","hentry"],"yoast_head":"<!-- This site is optimized with the Yoast SEO plugin v26.6 - https:\/\/yoast.com\/wordpress\/plugins\/seo\/ -->\n<title>La commanderie de Troyes - Route du patrimoine templier - Templars Route European Federation (TREF)<\/title>\n<meta name=\"robots\" content=\"index, follow, max-snippet:-1, max-image-preview:large, max-video-preview:-1\" \/>\n<link rel=\"canonical\" href=\"https:\/\/www.templars-route.eu\/fr\/commanderie-troyes\/\" \/>\n<meta property=\"og:locale\" content=\"fr_FR\" \/>\n<meta property=\"og:type\" content=\"article\" \/>\n<meta property=\"og:title\" content=\"La commanderie de Troyes - Route du patrimoine templier - Templars Route European Federation (TREF)\" \/>\n<meta property=\"og:description\" content=\"[vc_row css_animation=\u00a0\u00bb\u00a0\u00bb row_type=\u00a0\u00bbrow\u00a0\u00bb use_row_as_full_screen_section=\u00a0\u00bbno\u00a0\u00bb type=\u00a0\u00bbfull_width\u00a0\u00bb angled_section=\u00a0\u00bbno\u00a0\u00bb text_align=\u00a0\u00bbleft\u00a0\u00bb background_image_as_pattern=\u00a0\u00bbwithout_pattern\u00a0\u00bb][vc_column][vc_column_text]Dans les moments du concile de Troyes, la donation de Raoul le Gras \u00e0 Hugues de Payns d\u2019un domaine agricole dans le faubourg de Preize, en 1129, co\u00efncide avec la fondation de la commanderie de Troyes. Les comtes...\" \/>\n<meta property=\"og:url\" content=\"https:\/\/www.templars-route.eu\/fr\/commanderie-troyes\/\" \/>\n<meta property=\"og:site_name\" content=\"Route du patrimoine templier - Templars Route European Federation (TREF)\" \/>\n<meta property=\"article:modified_time\" content=\"2018-09-13T15:10:13+00:00\" \/>\n<meta name=\"twitter:card\" content=\"summary_large_image\" \/>\n<meta name=\"twitter:label1\" content=\"Dur\u00e9e de lecture estim\u00e9e\" \/>\n\t<meta name=\"twitter:data1\" content=\"2 minutes\" \/>\n<script type=\"application\/ld+json\" class=\"yoast-schema-graph\">{\"@context\":\"https:\/\/schema.org\",\"@graph\":[{\"@type\":\"WebPage\",\"@id\":\"https:\/\/www.templars-route.eu\/fr\/commanderie-troyes\/\",\"url\":\"https:\/\/www.templars-route.eu\/fr\/commanderie-troyes\/\",\"name\":\"La commanderie de Troyes - Route du patrimoine templier - Templars Route European Federation (TREF)\",\"isPartOf\":{\"@id\":\"https:\/\/www.templars-route.eu\/fr\/#website\"},\"datePublished\":\"2018-09-13T14:08:07+00:00\",\"dateModified\":\"2018-09-13T15:10:13+00:00\",\"breadcrumb\":{\"@id\":\"https:\/\/www.templars-route.eu\/fr\/commanderie-troyes\/#breadcrumb\"},\"inLanguage\":\"fr-FR\",\"potentialAction\":[{\"@type\":\"ReadAction\",\"target\":[\"https:\/\/www.templars-route.eu\/fr\/commanderie-troyes\/\"]}]},{\"@type\":\"BreadcrumbList\",\"@id\":\"https:\/\/www.templars-route.eu\/fr\/commanderie-troyes\/#breadcrumb\",\"itemListElement\":[{\"@type\":\"ListItem\",\"position\":1,\"name\":\"Accueil\",\"item\":\"https:\/\/www.templars-route.eu\/fr\/\"},{\"@type\":\"ListItem\",\"position\":2,\"name\":\"La commanderie de Troyes\"}]},{\"@type\":\"WebSite\",\"@id\":\"https:\/\/www.templars-route.eu\/fr\/#website\",\"url\":\"https:\/\/www.templars-route.eu\/fr\/\",\"name\":\"Route du patrimoine templier - Templars Route European Federation (TREF)\",\"description\":\"Valorisation of Templar heritage in Europe\",\"potentialAction\":[{\"@type\":\"SearchAction\",\"target\":{\"@type\":\"EntryPoint\",\"urlTemplate\":\"https:\/\/www.templars-route.eu\/fr\/?s={search_term_string}\"},\"query-input\":{\"@type\":\"PropertyValueSpecification\",\"valueRequired\":true,\"valueName\":\"search_term_string\"}}],\"inLanguage\":\"fr-FR\"}]}<\/script>\n<!-- \/ Yoast SEO plugin. -->","yoast_head_json":{"title":"La commanderie de Troyes - Route du patrimoine templier - Templars Route European Federation (TREF)","robots":{"index":"index","follow":"follow","max-snippet":"max-snippet:-1","max-image-preview":"max-image-preview:large","max-video-preview":"max-video-preview:-1"},"canonical":"https:\/\/www.templars-route.eu\/fr\/commanderie-troyes\/","og_locale":"fr_FR","og_type":"article","og_title":"La commanderie de Troyes - Route du patrimoine templier - Templars Route European Federation (TREF)","og_description":"[vc_row css_animation=\u00a0\u00bb\u00a0\u00bb row_type=\u00a0\u00bbrow\u00a0\u00bb use_row_as_full_screen_section=\u00a0\u00bbno\u00a0\u00bb type=\u00a0\u00bbfull_width\u00a0\u00bb angled_section=\u00a0\u00bbno\u00a0\u00bb text_align=\u00a0\u00bbleft\u00a0\u00bb background_image_as_pattern=\u00a0\u00bbwithout_pattern\u00a0\u00bb][vc_column][vc_column_text]Dans les moments du concile de Troyes, la donation de Raoul le Gras \u00e0 Hugues de Payns d\u2019un domaine agricole dans le faubourg de Preize, en 1129, co\u00efncide avec la fondation de la commanderie de Troyes. Les comtes...","og_url":"https:\/\/www.templars-route.eu\/fr\/commanderie-troyes\/","og_site_name":"Route du patrimoine templier - Templars Route European Federation (TREF)","article_modified_time":"2018-09-13T15:10:13+00:00","twitter_card":"summary_large_image","twitter_misc":{"Dur\u00e9e de lecture estim\u00e9e":"2 minutes"},"schema":{"@context":"https:\/\/schema.org","@graph":[{"@type":"WebPage","@id":"https:\/\/www.templars-route.eu\/fr\/commanderie-troyes\/","url":"https:\/\/www.templars-route.eu\/fr\/commanderie-troyes\/","name":"La commanderie de Troyes - Route du patrimoine templier - Templars Route European Federation (TREF)","isPartOf":{"@id":"https:\/\/www.templars-route.eu\/fr\/#website"},"datePublished":"2018-09-13T14:08:07+00:00","dateModified":"2018-09-13T15:10:13+00:00","breadcrumb":{"@id":"https:\/\/www.templars-route.eu\/fr\/commanderie-troyes\/#breadcrumb"},"inLanguage":"fr-FR","potentialAction":[{"@type":"ReadAction","target":["https:\/\/www.templars-route.eu\/fr\/commanderie-troyes\/"]}]},{"@type":"BreadcrumbList","@id":"https:\/\/www.templars-route.eu\/fr\/commanderie-troyes\/#breadcrumb","itemListElement":[{"@type":"ListItem","position":1,"name":"Accueil","item":"https:\/\/www.templars-route.eu\/fr\/"},{"@type":"ListItem","position":2,"name":"La commanderie de Troyes"}]},{"@type":"WebSite","@id":"https:\/\/www.templars-route.eu\/fr\/#website","url":"https:\/\/www.templars-route.eu\/fr\/","name":"Route du patrimoine templier - Templars Route European Federation (TREF)","description":"Valorisation of Templar heritage in Europe","potentialAction":[{"@type":"SearchAction","target":{"@type":"EntryPoint","urlTemplate":"https:\/\/www.templars-route.eu\/fr\/?s={search_term_string}"},"query-input":{"@type":"PropertyValueSpecification","valueRequired":true,"valueName":"search_term_string"}}],"inLanguage":"fr-FR"}]}},"_links":{"self":[{"href":"https:\/\/www.templars-route.eu\/fr\/wp-json\/wp\/v2\/pages\/15519\/"}],"collection":[{"href":"https:\/\/www.templars-route.eu\/fr\/wp-json\/wp\/v2\/pages\/"}],"about":[{"href":"https:\/\/www.templars-route.eu\/fr\/wp-json\/wp\/v2\/types\/page\/"}],"author":[{"embeddable":true,"href":"https:\/\/www.templars-route.eu\/fr\/wp-json\/wp\/v2\/users\/27\/"}],"replies":[{"embeddable":true,"href":"https:\/\/www.templars-route.eu\/fr\/wp-json\/wp\/v2\/comments\/?post=15519"}],"version-history":[{"count":0,"href":"https:\/\/www.templars-route.eu\/fr\/wp-json\/wp\/v2\/pages\/15519\/revisions\/"}],"wp:attachment":[{"href":"https:\/\/www.templars-route.eu\/fr\/wp-json\/wp\/v2\/media\/?parent=15519"}],"curies":[{"name":"wp","href":"https:\/\/api.w.org\/{rel}","templated":true}]}}