{"id":15487,"date":"2018-09-13T15:01:44","date_gmt":"2018-09-13T13:01:44","guid":{"rendered":"https:\/\/www.templars-route.eu\/?page_id=15487"},"modified":"2018-09-13T17:14:24","modified_gmt":"2018-09-13T15:14:24","slug":"chapelle-mesnil-st-loup","status":"publish","type":"page","link":"https:\/\/www.templars-route.eu\/fr\/chapelle-mesnil-st-loup\/","title":{"rendered":"La chapelle templi\u00e8re de Mesnil-Saint-Loup"},"content":{"rendered":"<div class=\"wpb-content-wrapper\"><p>[vc_row css_animation=\u00a0\u00bb\u00a0\u00bb row_type=\u00a0\u00bbrow\u00a0\u00bb use_row_as_full_screen_section=\u00a0\u00bbno\u00a0\u00bb type=\u00a0\u00bbfull_width\u00a0\u00bb angled_section=\u00a0\u00bbno\u00a0\u00bb text_align=\u00a0\u00bbleft\u00a0\u00bb background_image_as_pattern=\u00a0\u00bbwithout_pattern\u00a0\u00bb][vc_column width=\u00a0\u00bb1\/2&Prime;][vc_column_text]Avant 1143, Dreu le Borgne, fr\u00e8re de Josbert le Grand de Villemaur, donne aux Templiers toute sa seigneurie. En 1208, Raoul Britaud, de Provins, leur donne \u00e0 son tour Le Mesnil et tout ce qu\u2019il poss\u00e8de en la rue \u00ab\u00a0Pute Aoite\u00a0\u00bb.<\/p>\n<p>\u00c0 l\u2019\u00e9poque hospitali\u00e8re, la <strong>commanderie de Mesnil-Saint-Loup fut rattach\u00e9e \u00e0 celle de Coulours (Yonne)<\/strong>. Un plan de 1774 attribue \u00e0 la seigneurie de Mesnil-Saint-Loup une<strong> superficie sup\u00e9rieure \u00e0 1200 ha<\/strong>. A proximit\u00e9 de l\u2019\u00e9glise, il mentionne une pi\u00e8ce de terre appel\u00e9e \u00ab\u00a0le clo\u00eetre\u00a0\u00bb qui semble correspondre \u00e0 l\u2019emplacement de l\u2019ancienne maison templi\u00e8re.<\/p>\n<p>De l\u2019\u00e9poque o\u00f9 Mesnil-saint-Loup \u00e9tait une seigneurie appartenant aux Templiers, <strong>ne subsiste que l\u2019abside semi-circulaire du XII<sup>e<\/sup> si\u00e8cle de la chapelle<\/strong>.[\/vc_column_text][vc_empty_space][\/vc_column][vc_column width=\u00a0\u00bb1\/2&Prime;][vc_single_image image=\u00a0\u00bb15493&Prime; img_size=\u00a0\u00bblarge\u00a0\u00bb alignment=\u00a0\u00bbcenter\u00a0\u00bb qode_css_animation=\u00a0\u00bb\u00a0\u00bb][vc_column_text]<\/p>\n<p style=\"text-align: center\">Chapelle templi\u00e8re de Mesnil-saint-Loup<\/p>\n<p>[\/vc_column_text][vc_empty_space][\/vc_column][\/vc_row][vc_row css_animation=\u00a0\u00bb\u00a0\u00bb row_type=\u00a0\u00bbrow\u00a0\u00bb use_row_as_full_screen_section=\u00a0\u00bbno\u00a0\u00bb type=\u00a0\u00bbfull_width\u00a0\u00bb angled_section=\u00a0\u00bbno\u00a0\u00bb text_align=\u00a0\u00bbleft\u00a0\u00bb background_image_as_pattern=\u00a0\u00bbwithout_pattern\u00a0\u00bb][vc_column width=\u00a0\u00bb1\/2&Prime;][vc_column_text]<\/p>\n<h2>Coordonn\u00e9es<\/h2>\n<p>&nbsp;<\/p>\n<p><strong>Chapelle de Mesnil-saint-Loup<\/strong><br \/>\n12 Place du P\u00e8re Emmanuel<br \/>\n10190 MESNIL-SAINT-LOUP<br \/>\nTel : +33 (0) 3 25 40 42 17<br \/>\nE-mail : <a href=\"mailto:mairie-mesnil-saint-loup@wanadoo.fr\" target=\"_blank\" rel=\"noopener\">mairie-mesnil-saint-loup@wanadoo.fr<\/a><br \/>\n<a href=\"http:\/\/www.mesnil-saint-loup.fr\" target=\"_blank\" rel=\"noopener\">www.mesnil-saint-loup.fr<\/a>[\/vc_column_text][vc_empty_space][\/vc_column][vc_column width=\u00a0\u00bb1\/2&Prime;]<div id='wrap_map_69e7d52792fbb' class='ultimate-map-wrapper ult-adjust-bottom-margin ' style=' height:300px;'><div id='map_69e7d52792fbb' data-map_override='0' class='ultimate_google_map wpb_content_element 0' style='width:100%;height:300px;'><\/div><\/div><script type='text\/javascript'>\n\t\t\t(function($) {\n  \t\t\t'use strict';\n\t\t\tvar map_map_69e7d52792fbb = null;\n\t\t\tvar coordinate_map_69e7d52792fbb;\n\t\t\tvar isDraggable = $(document).width() > 641 ? 'true' : 'true';\n\t\t\ttry\n\t\t\t{\n\t\t\t\tvar map_map_69e7d52792fbb = null;\n\t\t\t\tvar coordinate_map_69e7d52792fbb;\n\t\t\t\tcoordinate_map_69e7d52792fbb = new google.maps.LatLng(48.302695, 3.763747);\n\t\t\t\tvar mapOptions=\n\t\t\t\t{\n\t\t\t\t\tzoom: 12,\n\t\t\t\t\tcenter: coordinate_map_69e7d52792fbb,\n\t\t\t\t\tscaleControl: true,\n\t\t\t\t\tstreetViewControl: false,\n\t\t\t\t\tmapTypeControl: false,\n\t\t\t\t\tpanControl: false,\n\t\t\t\t\tzoomControl: false,\n\t\t\t\t\tscrollwheel: true,\n\t\t\t\t\tdraggable: isDraggable,\n\t\t\t\t\tzoomControlOptions: {\n\t\t\t\t\t\tposition: google.maps.ControlPosition.right_bottom\n\t\t\t\t\t},mapTypeId: google.maps.MapTypeId.roadmap,};var map_map_69e7d52792fbb = new google.maps.Map(document.getElementById('map_69e7d52792fbb'),mapOptions);\n\t\t\t\t\t\tvar x = 'infowindow_open_value';\n\t\t\t\t\t\tvar marker_map_69e7d52792fbb = new google.maps.Marker({\n\t\t\t\t\t\tposition: new google.maps.LatLng('48.302695', '3.763747'),\n\t\t\t\t\t\tanimation:  google.maps.Animation.DROP,\n\t\t\t\t\t\tmap: map_map_69e7d52792fbb,\n\t\t\t\t\t\ticon: ''\n\t\t\t\t\t});\tgoogle.maps.event.addListener(marker_map_69e7d52792fbb, 'click', toggleBounce);}\n\t\t\tcatch(e){};\n\t\t\tjQuery(document).ready(function($){\n\t\t\t\tgoogle.maps.event.trigger(map_map_69e7d52792fbb, 'resize');\n\t\t\t\t$(window).on('resize', function(){\n\t\t\t\t\tgoogle.maps.event.trigger(map_map_69e7d52792fbb, 'resize');\n\t\t\t\t\tif(map_map_69e7d52792fbb!=null)\n\t\t\t\t\t\tmap_map_69e7d52792fbb.setCenter(coordinate_map_69e7d52792fbb);\n\t\t\t\t});\n\t\t\t\t$('.ui-tabs').on('tabsactivate', function(event, ui) {\n\t\t\t\t   if($(this).find('.ultimate-map-wrapper').length > 0)\n\t\t\t\t\t{\n\t\t\t\t\t\tsetTimeout(function(){\n\t\t\t\t\t\t\t$(window).trigger('resize');\n\t\t\t\t\t\t},200);\n\t\t\t\t\t}\n\t\t\t\t});\n\t\t\t\t$('.ui-accordion').on('accordionactivate', function(event, ui) {\n\t\t\t\t   if($(this).find('.ultimate-map-wrapper').length > 0)\n\t\t\t\t\t{\n\t\t\t\t\t\tsetTimeout(function(){\n\t\t\t\t\t\t\t$(window).trigger('resize');\n\t\t\t\t\t\t},200);\n\t\t\t\t\t}\n\t\t\t\t});\n\t\t\t\t$(window).on('load',function(){\n\t\t\t\t\tsetTimeout(function(){\n\t\t\t\t\t\t$(window).trigger('resize');\n\t\t\t\t\t},200);\n\t\t\t\t});\n\t\t\t\t$('.ult_exp_section').on('select', function(){\n\t\t\t\t\tif($(map_map_69e7d52792fbb).parents('.ult_exp_section'))\n\t\t\t\t\t{\n\t\t\t\t\t\tsetTimeout(function(){\n\t\t\t\t\t\t\t$(window).trigger('resize');\n\t\t\t\t\t\t},200);\n\t\t\t\t\t}\n\t\t\t\t});\n\t\t\t\t$(document).on('onUVCModalPopupOpen', function(){\n\t\t\t\t\tif($(map_map_69e7d52792fbb).parents('.ult_modal-content'))\n\t\t\t\t\t{\n\t\t\t\t\t\tsetTimeout(function(){\n\t\t\t\t\t\t\t$(window).trigger('resize');\n\t\t\t\t\t\t},200);\n\t\t\t\t\t}\n\t\t\t\t});\n\t\t\t\t$(document).on('click','.ult_tab_li',function(){\n\t\t\t\t\t$(window).trigger('resize');\n\t\t\t\t\tsetTimeout(function(){\n\t\t\t\t\t\t$(window).trigger('resize');\n\t\t\t\t\t},200);\n\t\t\t\t});\n\t\t\t});\n\t\t\tfunction toggleBounce() {\n\t\t\t  if (marker_map_69e7d52792fbb.getAnimation() != null) {\n\t\t\t\tmarker_map_69e7d52792fbb.setAnimation(null);\n\t\t\t  } else {\n\t\t\t\tmarker_map_69e7d52792fbb.setAnimation(google.maps.Animation.BOUNCE);\n\t\t\t  }\n\t\t\t}\n\t\t\t})(jQuery);\n\t\t\t<\/script>[\/vc_column][\/vc_row][vc_row css_animation=\u00a0\u00bb\u00a0\u00bb row_type=\u00a0\u00bbrow\u00a0\u00bb use_row_as_full_screen_section=\u00a0\u00bbno\u00a0\u00bb type=\u00a0\u00bbfull_width\u00a0\u00bb angled_section=\u00a0\u00bbno\u00a0\u00bb text_align=\u00a0\u00bbleft\u00a0\u00bb background_image_as_pattern=\u00a0\u00bbwithout_pattern\u00a0\u00bb][vc_column][vc_column_text]<\/p>\n<h2>P\u00e9riodes d&rsquo;ouverture<\/h2>\n<p>&nbsp;<\/p>\n<p>Tous les jours de 7h00 \u00e0 20h00.[\/vc_column_text][vc_empty_space][\/vc_column][\/vc_row][vc_row css_animation=\u00a0\u00bb\u00a0\u00bb row_type=\u00a0\u00bbrow\u00a0\u00bb use_row_as_full_screen_section=\u00a0\u00bbno\u00a0\u00bb type=\u00a0\u00bbfull_width\u00a0\u00bb angled_section=\u00a0\u00bbno\u00a0\u00bb text_align=\u00a0\u00bbleft\u00a0\u00bb background_image_as_pattern=\u00a0\u00bbwithout_pattern\u00a0\u00bb][vc_column][vc_column_text]<\/p>\n<h2>Prestations<\/h2>\n<p>[\/vc_column_text][vc_empty_space][vc_column_text]Visite libre avec livret explicatif \u00e0 disposition.[\/vc_column_text][\/vc_column][\/vc_row]<\/p>\n<\/div>","protected":false},"excerpt":{"rendered":"<p>[vc_row css_animation=\u00a0\u00bb\u00a0\u00bb row_type=\u00a0\u00bbrow\u00a0\u00bb use_row_as_full_screen_section=\u00a0\u00bbno\u00a0\u00bb type=\u00a0\u00bbfull_width\u00a0\u00bb angled_section=\u00a0\u00bbno\u00a0\u00bb text_align=\u00a0\u00bbleft\u00a0\u00bb background_image_as_pattern=\u00a0\u00bbwithout_pattern\u00a0\u00bb][vc_column width=\u00a0\u00bb1\/2&Prime;][vc_column_text]Avant 1143, Dreu le Borgne, fr\u00e8re de Josbert le Grand de Villemaur, donne aux Templiers toute sa seigneurie. En 1208, Raoul Britaud, de Provins, leur donne \u00e0 son tour Le Mesnil et tout ce qu\u2019il poss\u00e8de en&#8230;<\/p>\n","protected":false},"author":27,"featured_media":0,"parent":0,"menu_order":0,"comment_status":"closed","ping_status":"closed","template":"","meta":{"footnotes":""},"class_list":["post-15487","page","type-page","status-publish","hentry"],"yoast_head":"<!-- This site is optimized with the Yoast SEO plugin v26.6 - https:\/\/yoast.com\/wordpress\/plugins\/seo\/ -->\n<title>La chapelle templi\u00e8re de Mesnil-Saint-Loup - Route du patrimoine templier - Templars Route European Federation (TREF)<\/title>\n<meta name=\"robots\" content=\"index, follow, max-snippet:-1, max-image-preview:large, max-video-preview:-1\" \/>\n<link rel=\"canonical\" href=\"https:\/\/www.templars-route.eu\/fr\/chapelle-mesnil-st-loup\/\" \/>\n<meta property=\"og:locale\" content=\"fr_FR\" \/>\n<meta property=\"og:type\" content=\"article\" \/>\n<meta property=\"og:title\" content=\"La chapelle templi\u00e8re de Mesnil-Saint-Loup - Route du patrimoine templier - Templars Route European Federation (TREF)\" \/>\n<meta property=\"og:description\" content=\"[vc_row css_animation=\u00a0\u00bb\u00a0\u00bb row_type=\u00a0\u00bbrow\u00a0\u00bb use_row_as_full_screen_section=\u00a0\u00bbno\u00a0\u00bb type=\u00a0\u00bbfull_width\u00a0\u00bb angled_section=\u00a0\u00bbno\u00a0\u00bb text_align=\u00a0\u00bbleft\u00a0\u00bb background_image_as_pattern=\u00a0\u00bbwithout_pattern\u00a0\u00bb][vc_column width=\u00a0\u00bb1\/2&Prime;][vc_column_text]Avant 1143, Dreu le Borgne, fr\u00e8re de Josbert le Grand de Villemaur, donne aux Templiers toute sa seigneurie. En 1208, Raoul Britaud, de Provins, leur donne \u00e0 son tour Le Mesnil et tout ce qu\u2019il poss\u00e8de en...\" \/>\n<meta property=\"og:url\" content=\"https:\/\/www.templars-route.eu\/fr\/chapelle-mesnil-st-loup\/\" \/>\n<meta property=\"og:site_name\" content=\"Route du patrimoine templier - Templars Route European Federation (TREF)\" \/>\n<meta property=\"article:modified_time\" content=\"2018-09-13T15:14:24+00:00\" \/>\n<meta name=\"twitter:card\" content=\"summary_large_image\" \/>\n<meta name=\"twitter:label1\" content=\"Dur\u00e9e de lecture estim\u00e9e\" \/>\n\t<meta name=\"twitter:data1\" content=\"2 minutes\" \/>\n<script type=\"application\/ld+json\" class=\"yoast-schema-graph\">{\"@context\":\"https:\/\/schema.org\",\"@graph\":[{\"@type\":\"WebPage\",\"@id\":\"https:\/\/www.templars-route.eu\/fr\/chapelle-mesnil-st-loup\/\",\"url\":\"https:\/\/www.templars-route.eu\/fr\/chapelle-mesnil-st-loup\/\",\"name\":\"La chapelle templi\u00e8re de Mesnil-Saint-Loup - Route du patrimoine templier - Templars Route European Federation (TREF)\",\"isPartOf\":{\"@id\":\"https:\/\/www.templars-route.eu\/fr\/#website\"},\"datePublished\":\"2018-09-13T13:01:44+00:00\",\"dateModified\":\"2018-09-13T15:14:24+00:00\",\"breadcrumb\":{\"@id\":\"https:\/\/www.templars-route.eu\/fr\/chapelle-mesnil-st-loup\/#breadcrumb\"},\"inLanguage\":\"fr-FR\",\"potentialAction\":[{\"@type\":\"ReadAction\",\"target\":[\"https:\/\/www.templars-route.eu\/fr\/chapelle-mesnil-st-loup\/\"]}]},{\"@type\":\"BreadcrumbList\",\"@id\":\"https:\/\/www.templars-route.eu\/fr\/chapelle-mesnil-st-loup\/#breadcrumb\",\"itemListElement\":[{\"@type\":\"ListItem\",\"position\":1,\"name\":\"Accueil\",\"item\":\"https:\/\/www.templars-route.eu\/fr\/\"},{\"@type\":\"ListItem\",\"position\":2,\"name\":\"La chapelle templi\u00e8re de Mesnil-Saint-Loup\"}]},{\"@type\":\"WebSite\",\"@id\":\"https:\/\/www.templars-route.eu\/fr\/#website\",\"url\":\"https:\/\/www.templars-route.eu\/fr\/\",\"name\":\"Route du patrimoine templier - Templars Route European Federation (TREF)\",\"description\":\"Valorisation of Templar heritage in Europe\",\"potentialAction\":[{\"@type\":\"SearchAction\",\"target\":{\"@type\":\"EntryPoint\",\"urlTemplate\":\"https:\/\/www.templars-route.eu\/fr\/?s={search_term_string}\"},\"query-input\":{\"@type\":\"PropertyValueSpecification\",\"valueRequired\":true,\"valueName\":\"search_term_string\"}}],\"inLanguage\":\"fr-FR\"}]}<\/script>\n<!-- \/ Yoast SEO plugin. -->","yoast_head_json":{"title":"La chapelle templi\u00e8re de Mesnil-Saint-Loup - Route du patrimoine templier - Templars Route European Federation (TREF)","robots":{"index":"index","follow":"follow","max-snippet":"max-snippet:-1","max-image-preview":"max-image-preview:large","max-video-preview":"max-video-preview:-1"},"canonical":"https:\/\/www.templars-route.eu\/fr\/chapelle-mesnil-st-loup\/","og_locale":"fr_FR","og_type":"article","og_title":"La chapelle templi\u00e8re de Mesnil-Saint-Loup - Route du patrimoine templier - Templars Route European Federation (TREF)","og_description":"[vc_row css_animation=\u00a0\u00bb\u00a0\u00bb row_type=\u00a0\u00bbrow\u00a0\u00bb use_row_as_full_screen_section=\u00a0\u00bbno\u00a0\u00bb type=\u00a0\u00bbfull_width\u00a0\u00bb angled_section=\u00a0\u00bbno\u00a0\u00bb text_align=\u00a0\u00bbleft\u00a0\u00bb background_image_as_pattern=\u00a0\u00bbwithout_pattern\u00a0\u00bb][vc_column width=\u00a0\u00bb1\/2&Prime;][vc_column_text]Avant 1143, Dreu le Borgne, fr\u00e8re de Josbert le Grand de Villemaur, donne aux Templiers toute sa seigneurie. En 1208, Raoul Britaud, de Provins, leur donne \u00e0 son tour Le Mesnil et tout ce qu\u2019il poss\u00e8de en...","og_url":"https:\/\/www.templars-route.eu\/fr\/chapelle-mesnil-st-loup\/","og_site_name":"Route du patrimoine templier - Templars Route European Federation (TREF)","article_modified_time":"2018-09-13T15:14:24+00:00","twitter_card":"summary_large_image","twitter_misc":{"Dur\u00e9e de lecture estim\u00e9e":"2 minutes"},"schema":{"@context":"https:\/\/schema.org","@graph":[{"@type":"WebPage","@id":"https:\/\/www.templars-route.eu\/fr\/chapelle-mesnil-st-loup\/","url":"https:\/\/www.templars-route.eu\/fr\/chapelle-mesnil-st-loup\/","name":"La chapelle templi\u00e8re de Mesnil-Saint-Loup - Route du patrimoine templier - Templars Route European Federation (TREF)","isPartOf":{"@id":"https:\/\/www.templars-route.eu\/fr\/#website"},"datePublished":"2018-09-13T13:01:44+00:00","dateModified":"2018-09-13T15:14:24+00:00","breadcrumb":{"@id":"https:\/\/www.templars-route.eu\/fr\/chapelle-mesnil-st-loup\/#breadcrumb"},"inLanguage":"fr-FR","potentialAction":[{"@type":"ReadAction","target":["https:\/\/www.templars-route.eu\/fr\/chapelle-mesnil-st-loup\/"]}]},{"@type":"BreadcrumbList","@id":"https:\/\/www.templars-route.eu\/fr\/chapelle-mesnil-st-loup\/#breadcrumb","itemListElement":[{"@type":"ListItem","position":1,"name":"Accueil","item":"https:\/\/www.templars-route.eu\/fr\/"},{"@type":"ListItem","position":2,"name":"La chapelle templi\u00e8re de Mesnil-Saint-Loup"}]},{"@type":"WebSite","@id":"https:\/\/www.templars-route.eu\/fr\/#website","url":"https:\/\/www.templars-route.eu\/fr\/","name":"Route du patrimoine templier - Templars Route European Federation (TREF)","description":"Valorisation of Templar heritage in Europe","potentialAction":[{"@type":"SearchAction","target":{"@type":"EntryPoint","urlTemplate":"https:\/\/www.templars-route.eu\/fr\/?s={search_term_string}"},"query-input":{"@type":"PropertyValueSpecification","valueRequired":true,"valueName":"search_term_string"}}],"inLanguage":"fr-FR"}]}},"_links":{"self":[{"href":"https:\/\/www.templars-route.eu\/fr\/wp-json\/wp\/v2\/pages\/15487\/"}],"collection":[{"href":"https:\/\/www.templars-route.eu\/fr\/wp-json\/wp\/v2\/pages\/"}],"about":[{"href":"https:\/\/www.templars-route.eu\/fr\/wp-json\/wp\/v2\/types\/page\/"}],"author":[{"embeddable":true,"href":"https:\/\/www.templars-route.eu\/fr\/wp-json\/wp\/v2\/users\/27\/"}],"replies":[{"embeddable":true,"href":"https:\/\/www.templars-route.eu\/fr\/wp-json\/wp\/v2\/comments\/?post=15487"}],"version-history":[{"count":0,"href":"https:\/\/www.templars-route.eu\/fr\/wp-json\/wp\/v2\/pages\/15487\/revisions\/"}],"wp:attachment":[{"href":"https:\/\/www.templars-route.eu\/fr\/wp-json\/wp\/v2\/media\/?parent=15487"}],"curies":[{"name":"wp","href":"https:\/\/api.w.org\/{rel}","templated":true}]}}