{"id":15432,"date":"2018-09-13T12:07:58","date_gmt":"2018-09-13T10:07:58","guid":{"rendered":"https:\/\/www.templars-route.eu\/?page_id=15432"},"modified":"2021-01-19T17:31:45","modified_gmt":"2021-01-19T16:31:45","slug":"chapelle-du-temple-de-beaune","status":"publish","type":"page","link":"https:\/\/www.templars-route.eu\/fr\/chapelle-du-temple-de-beaune\/","title":{"rendered":"Chapelle du Temple de Beaune"},"content":{"rendered":"<div class=\"wpb-content-wrapper\"><p>[vc_row css_animation=\u00a0\u00bb\u00a0\u00bb row_type=\u00a0\u00bbrow\u00a0\u00bb use_row_as_full_screen_section=\u00a0\u00bbno\u00a0\u00bb type=\u00a0\u00bbfull_width\u00a0\u00bb angled_section=\u00a0\u00bbno\u00a0\u00bb text_align=\u00a0\u00bbleft\u00a0\u00bb background_image_as_pattern=\u00a0\u00bbwithout_pattern\u00a0\u00bb][vc_column width=\u00a0\u00bb1\/2&Prime;][vc_column_text]Le <em>Cloisters<\/em> de New York, Mus\u00e9e des Clo\u00eetres relevant du Metropolitan Museum of Art, r\u00e9unit un ensemble de clo\u00eetres, d\u2019\u00e9l\u00e9ments architecturaux et de collections m\u00e9di\u00e9vales provenant essentiellement de France.<\/p>\n<p>&nbsp;<\/p>\n<p>Parmi les \u00e9l\u00e9ments conserv\u00e9s, la porte de la chapelle du Temple de Beaune, dat\u00e9e du XIIe si\u00e8cle, chapelle \u00e0 l\u2019int\u00e9rieur de laquelle le dernier grand-ma\u00eetre, Jacques de Molay, fut re\u00e7ut dans l\u2019Ordre en 1265.<\/p>\n<p>&nbsp;<\/p>\n<p>En savoir plus sur : <a href=\"https:\/\/www.metmuseum.org\/art\/collection\/search\/471178\" target=\"_blank\" rel=\"noopener noreferrer\">https:\/\/www.metmuseum.org\/art\/collection\/search\/471178<\/a>[\/vc_column_text][\/vc_column][vc_column width=\u00a0\u00bb1\/2&Prime;][vc_gallery interval=\u00a0\u00bb3&Prime; images=\u00a0\u00bb19026,19020&Prime; img_size=\u00a0\u00bblarge\u00a0\u00bb][\/vc_column][\/vc_row]<\/p>\n<\/div>","protected":false},"excerpt":{"rendered":"<p>[vc_row css_animation=\u00a0\u00bb\u00a0\u00bb row_type=\u00a0\u00bbrow\u00a0\u00bb use_row_as_full_screen_section=\u00a0\u00bbno\u00a0\u00bb type=\u00a0\u00bbfull_width\u00a0\u00bb angled_section=\u00a0\u00bbno\u00a0\u00bb text_align=\u00a0\u00bbleft\u00a0\u00bb background_image_as_pattern=\u00a0\u00bbwithout_pattern\u00a0\u00bb][vc_column width=\u00a0\u00bb1\/2&Prime;][vc_column_text]Le Cloisters de New York, Mus\u00e9e des Clo\u00eetres relevant du Metropolitan Museum of Art, r\u00e9unit un ensemble de clo\u00eetres, d\u2019\u00e9l\u00e9ments architecturaux et de collections m\u00e9di\u00e9vales provenant essentiellement de France. &nbsp; Parmi les \u00e9l\u00e9ments conserv\u00e9s, la porte de&#8230;<\/p>\n","protected":false},"author":27,"featured_media":0,"parent":0,"menu_order":0,"comment_status":"closed","ping_status":"closed","template":"","meta":{"footnotes":""},"class_list":["post-15432","page","type-page","status-publish","hentry"],"yoast_head":"<!-- This site is optimized with the Yoast SEO plugin v26.6 - https:\/\/yoast.com\/wordpress\/plugins\/seo\/ -->\n<title>Chapelle du Temple de Beaune - Route du patrimoine templier - Templars Route European Federation (TREF)<\/title>\n<meta name=\"robots\" content=\"index, follow, max-snippet:-1, max-image-preview:large, max-video-preview:-1\" \/>\n<link rel=\"canonical\" href=\"https:\/\/www.templars-route.eu\/fr\/chapelle-du-temple-de-beaune\/\" \/>\n<meta property=\"og:locale\" content=\"fr_FR\" \/>\n<meta property=\"og:type\" content=\"article\" \/>\n<meta property=\"og:title\" content=\"Chapelle du Temple de Beaune - Route du patrimoine templier - Templars Route European Federation (TREF)\" \/>\n<meta property=\"og:description\" content=\"[vc_row css_animation=\u00a0\u00bb\u00a0\u00bb row_type=\u00a0\u00bbrow\u00a0\u00bb use_row_as_full_screen_section=\u00a0\u00bbno\u00a0\u00bb type=\u00a0\u00bbfull_width\u00a0\u00bb angled_section=\u00a0\u00bbno\u00a0\u00bb text_align=\u00a0\u00bbleft\u00a0\u00bb background_image_as_pattern=\u00a0\u00bbwithout_pattern\u00a0\u00bb][vc_column width=\u00a0\u00bb1\/2&Prime;][vc_column_text]Le Cloisters de New York, Mus\u00e9e des Clo\u00eetres relevant du Metropolitan Museum of Art, r\u00e9unit un ensemble de clo\u00eetres, d\u2019\u00e9l\u00e9ments architecturaux et de collections m\u00e9di\u00e9vales provenant essentiellement de France. &nbsp; Parmi les \u00e9l\u00e9ments conserv\u00e9s, la porte de...\" \/>\n<meta property=\"og:url\" content=\"https:\/\/www.templars-route.eu\/fr\/chapelle-du-temple-de-beaune\/\" \/>\n<meta property=\"og:site_name\" content=\"Route du patrimoine templier - Templars Route European Federation (TREF)\" \/>\n<meta property=\"article:modified_time\" content=\"2021-01-19T16:31:45+00:00\" \/>\n<meta name=\"twitter:card\" content=\"summary_large_image\" \/>\n<meta name=\"twitter:label1\" content=\"Dur\u00e9e de lecture estim\u00e9e\" \/>\n\t<meta name=\"twitter:data1\" content=\"1 minute\" \/>\n<script type=\"application\/ld+json\" class=\"yoast-schema-graph\">{\"@context\":\"https:\/\/schema.org\",\"@graph\":[{\"@type\":\"WebPage\",\"@id\":\"https:\/\/www.templars-route.eu\/fr\/chapelle-du-temple-de-beaune\/\",\"url\":\"https:\/\/www.templars-route.eu\/fr\/chapelle-du-temple-de-beaune\/\",\"name\":\"Chapelle du Temple de Beaune - Route du patrimoine templier - Templars Route European Federation (TREF)\",\"isPartOf\":{\"@id\":\"https:\/\/www.templars-route.eu\/fr\/#website\"},\"datePublished\":\"2018-09-13T10:07:58+00:00\",\"dateModified\":\"2021-01-19T16:31:45+00:00\",\"breadcrumb\":{\"@id\":\"https:\/\/www.templars-route.eu\/fr\/chapelle-du-temple-de-beaune\/#breadcrumb\"},\"inLanguage\":\"fr-FR\",\"potentialAction\":[{\"@type\":\"ReadAction\",\"target\":[\"https:\/\/www.templars-route.eu\/fr\/chapelle-du-temple-de-beaune\/\"]}]},{\"@type\":\"BreadcrumbList\",\"@id\":\"https:\/\/www.templars-route.eu\/fr\/chapelle-du-temple-de-beaune\/#breadcrumb\",\"itemListElement\":[{\"@type\":\"ListItem\",\"position\":1,\"name\":\"Accueil\",\"item\":\"https:\/\/www.templars-route.eu\/fr\/\"},{\"@type\":\"ListItem\",\"position\":2,\"name\":\"Chapelle du Temple de Beaune\"}]},{\"@type\":\"WebSite\",\"@id\":\"https:\/\/www.templars-route.eu\/fr\/#website\",\"url\":\"https:\/\/www.templars-route.eu\/fr\/\",\"name\":\"Route du patrimoine templier - Templars Route European Federation (TREF)\",\"description\":\"Valorisation of Templar heritage in Europe\",\"potentialAction\":[{\"@type\":\"SearchAction\",\"target\":{\"@type\":\"EntryPoint\",\"urlTemplate\":\"https:\/\/www.templars-route.eu\/fr\/?s={search_term_string}\"},\"query-input\":{\"@type\":\"PropertyValueSpecification\",\"valueRequired\":true,\"valueName\":\"search_term_string\"}}],\"inLanguage\":\"fr-FR\"}]}<\/script>\n<!-- \/ Yoast SEO plugin. -->","yoast_head_json":{"title":"Chapelle du Temple de Beaune - Route du patrimoine templier - Templars Route European Federation (TREF)","robots":{"index":"index","follow":"follow","max-snippet":"max-snippet:-1","max-image-preview":"max-image-preview:large","max-video-preview":"max-video-preview:-1"},"canonical":"https:\/\/www.templars-route.eu\/fr\/chapelle-du-temple-de-beaune\/","og_locale":"fr_FR","og_type":"article","og_title":"Chapelle du Temple de Beaune - Route du patrimoine templier - Templars Route European Federation (TREF)","og_description":"[vc_row css_animation=\u00a0\u00bb\u00a0\u00bb row_type=\u00a0\u00bbrow\u00a0\u00bb use_row_as_full_screen_section=\u00a0\u00bbno\u00a0\u00bb type=\u00a0\u00bbfull_width\u00a0\u00bb angled_section=\u00a0\u00bbno\u00a0\u00bb text_align=\u00a0\u00bbleft\u00a0\u00bb background_image_as_pattern=\u00a0\u00bbwithout_pattern\u00a0\u00bb][vc_column width=\u00a0\u00bb1\/2&Prime;][vc_column_text]Le Cloisters de New York, Mus\u00e9e des Clo\u00eetres relevant du Metropolitan Museum of Art, r\u00e9unit un ensemble de clo\u00eetres, d\u2019\u00e9l\u00e9ments architecturaux et de collections m\u00e9di\u00e9vales provenant essentiellement de France. &nbsp; Parmi les \u00e9l\u00e9ments conserv\u00e9s, la porte de...","og_url":"https:\/\/www.templars-route.eu\/fr\/chapelle-du-temple-de-beaune\/","og_site_name":"Route du patrimoine templier - Templars Route European Federation (TREF)","article_modified_time":"2021-01-19T16:31:45+00:00","twitter_card":"summary_large_image","twitter_misc":{"Dur\u00e9e de lecture estim\u00e9e":"1 minute"},"schema":{"@context":"https:\/\/schema.org","@graph":[{"@type":"WebPage","@id":"https:\/\/www.templars-route.eu\/fr\/chapelle-du-temple-de-beaune\/","url":"https:\/\/www.templars-route.eu\/fr\/chapelle-du-temple-de-beaune\/","name":"Chapelle du Temple de Beaune - Route du patrimoine templier - Templars Route European Federation (TREF)","isPartOf":{"@id":"https:\/\/www.templars-route.eu\/fr\/#website"},"datePublished":"2018-09-13T10:07:58+00:00","dateModified":"2021-01-19T16:31:45+00:00","breadcrumb":{"@id":"https:\/\/www.templars-route.eu\/fr\/chapelle-du-temple-de-beaune\/#breadcrumb"},"inLanguage":"fr-FR","potentialAction":[{"@type":"ReadAction","target":["https:\/\/www.templars-route.eu\/fr\/chapelle-du-temple-de-beaune\/"]}]},{"@type":"BreadcrumbList","@id":"https:\/\/www.templars-route.eu\/fr\/chapelle-du-temple-de-beaune\/#breadcrumb","itemListElement":[{"@type":"ListItem","position":1,"name":"Accueil","item":"https:\/\/www.templars-route.eu\/fr\/"},{"@type":"ListItem","position":2,"name":"Chapelle du Temple de Beaune"}]},{"@type":"WebSite","@id":"https:\/\/www.templars-route.eu\/fr\/#website","url":"https:\/\/www.templars-route.eu\/fr\/","name":"Route du patrimoine templier - Templars Route European Federation (TREF)","description":"Valorisation of Templar heritage in Europe","potentialAction":[{"@type":"SearchAction","target":{"@type":"EntryPoint","urlTemplate":"https:\/\/www.templars-route.eu\/fr\/?s={search_term_string}"},"query-input":{"@type":"PropertyValueSpecification","valueRequired":true,"valueName":"search_term_string"}}],"inLanguage":"fr-FR"}]}},"_links":{"self":[{"href":"https:\/\/www.templars-route.eu\/fr\/wp-json\/wp\/v2\/pages\/15432\/"}],"collection":[{"href":"https:\/\/www.templars-route.eu\/fr\/wp-json\/wp\/v2\/pages\/"}],"about":[{"href":"https:\/\/www.templars-route.eu\/fr\/wp-json\/wp\/v2\/types\/page\/"}],"author":[{"embeddable":true,"href":"https:\/\/www.templars-route.eu\/fr\/wp-json\/wp\/v2\/users\/27\/"}],"replies":[{"embeddable":true,"href":"https:\/\/www.templars-route.eu\/fr\/wp-json\/wp\/v2\/comments\/?post=15432"}],"version-history":[{"count":3,"href":"https:\/\/www.templars-route.eu\/fr\/wp-json\/wp\/v2\/pages\/15432\/revisions\/"}],"predecessor-version":[{"id":19031,"href":"https:\/\/www.templars-route.eu\/fr\/wp-json\/wp\/v2\/pages\/15432\/revisions\/19031\/"}],"wp:attachment":[{"href":"https:\/\/www.templars-route.eu\/fr\/wp-json\/wp\/v2\/media\/?parent=15432"}],"curies":[{"name":"wp","href":"https:\/\/api.w.org\/{rel}","templated":true}]}}