{"id":14986,"date":"2016-10-06T18:00:48","date_gmt":"2016-10-06T16:00:48","guid":{"rendered":"http:\/\/www.templar-route.eu\/fr\/?page_id=14986"},"modified":"2018-06-06T13:39:36","modified_gmt":"2018-06-06T11:39:36","slug":"objectifs","status":"publish","type":"page","link":"https:\/\/www.templars-route.eu\/fr\/qui-sommes-nous\/objectifs\/","title":{"rendered":"Les objectifs"},"content":{"rendered":"<div class=\"wpb-content-wrapper\"><p>[vc_row css_animation=\u00a0\u00bb\u00a0\u00bb row_type=\u00a0\u00bbrow\u00a0\u00bb use_row_as_full_screen_section=\u00a0\u00bbno\u00a0\u00bb type=\u00a0\u00bbfull_width\u00a0\u00bb angled_section=\u00a0\u00bbno\u00a0\u00bb text_align=\u00a0\u00bbleft\u00a0\u00bb background_image_as_pattern=\u00a0\u00bbwithout_pattern\u00a0\u00bb][vc_column][vc_column_text]Comme pr\u00e9sent\u00e9 dans les statuts de Templars Route European Federation, l\u2019\u00a0\u00ab\u00a0association a pour but de rassembler les territoires et les institutions des \u00e9tats membres du Conseil de l\u2019Europe, qui repr\u00e9sentent ces territoires\u00a0 (Etats, d\u00e9partements, intercommunalit\u00e9s, communes, associations,\u2026) qui ont \u00e9t\u00e9 marqu\u00e9s par la pr\u00e9sence des templiers autour des orientations suivantes :<\/p>\n<p>&nbsp;<\/p>\n<ul>\n<li>Favoriser les \u00e9changes par l\u2019organisation de rencontres, de colloques, de publications en relations avec les universit\u00e9s, les institutions culturelles et les associations d\u2019histoire.<\/li>\n<li>Promouvoir et soutenir les actions de mise en valeur du patrimoine templier<\/li>\n<li>D\u00e9velopper les actions d\u2019animation et de valorisation \u00e0 travers la r\u00e9alisation d\u2019expositions, de manifestations artistiques, culturelles et de circuits de d\u00e9couvertes notamment dans le cadre d\u2019\u00e9changes touristiques, scolaires et universitaires.\u00a0\u00bb<\/li>\n<\/ul>\n<p>&nbsp;<\/p>\n<p>Dans le cadre du programme des Itin\u00e9raires Culturels Europ\u00e9ens, la Route des Templiers s\u2019engage \u00e0 remplir les objectifs suivants\u00a0:<\/p>\n<p>&nbsp;<\/p>\n<ul>\n<li>Objectif 1 : coop\u00e9ration en mati\u00e8re de recherche et d\u00e9veloppement<\/li>\n<li>Objectif 2 : valorisation de la m\u00e9moire, de l\u2019histoire et du patrimoine europ\u00e9en<\/li>\n<li>Objectif 3 : \u00e9changes culturels et \u00e9ducatifs de jeunes europ\u00e9ens<\/li>\n<li>Objectif 4 : pratique contemporaine de la culture et des arts<\/li>\n<li>Objectif 5 : tourisme culturel et d\u00e9veloppement culturel durable<\/li>\n<\/ul>\n<p>[\/vc_column_text][vc_empty_space][vc_column_text]<\/p>\n<p style=\"text-align: center\"><u>Retrouvez tous les projets de la f\u00e9d\u00e9ration\u00a0<\/u><\/p>\n<p>[\/vc_column_text][\/vc_column][\/vc_row]<\/p>\n<\/div>","protected":false},"excerpt":{"rendered":"<p>[vc_row css_animation=\u00a0\u00bb\u00a0\u00bb row_type=\u00a0\u00bbrow\u00a0\u00bb use_row_as_full_screen_section=\u00a0\u00bbno\u00a0\u00bb type=\u00a0\u00bbfull_width\u00a0\u00bb angled_section=\u00a0\u00bbno\u00a0\u00bb text_align=\u00a0\u00bbleft\u00a0\u00bb background_image_as_pattern=\u00a0\u00bbwithout_pattern\u00a0\u00bb][vc_column][vc_column_text]Comme pr\u00e9sent\u00e9 dans les statuts de Templars Route European Federation, l\u2019\u00a0\u00ab\u00a0association a pour but de rassembler les territoires et les institutions des \u00e9tats membres du Conseil de l\u2019Europe, qui repr\u00e9sentent ces territoires\u00a0 (Etats, d\u00e9partements, intercommunalit\u00e9s, communes, associations,\u2026) qui&#8230;<\/p>\n","protected":false},"author":1,"featured_media":0,"parent":14999,"menu_order":0,"comment_status":"closed","ping_status":"closed","template":"","meta":{"footnotes":""},"class_list":["post-14986","page","type-page","status-publish","hentry"],"yoast_head":"<!-- This site is optimized with the Yoast SEO plugin v26.6 - https:\/\/yoast.com\/wordpress\/plugins\/seo\/ -->\n<title>Les objectifs - Route du patrimoine templier - Templars Route European Federation (TREF)<\/title>\n<meta name=\"robots\" content=\"index, follow, max-snippet:-1, max-image-preview:large, max-video-preview:-1\" \/>\n<link rel=\"canonical\" href=\"https:\/\/www.templars-route.eu\/fr\/qui-sommes-nous\/objectifs\/\" \/>\n<meta property=\"og:locale\" content=\"fr_FR\" \/>\n<meta property=\"og:type\" content=\"article\" \/>\n<meta property=\"og:title\" content=\"Les objectifs - Route du patrimoine templier - Templars Route European Federation (TREF)\" \/>\n<meta property=\"og:description\" content=\"[vc_row css_animation=\u00a0\u00bb\u00a0\u00bb row_type=\u00a0\u00bbrow\u00a0\u00bb use_row_as_full_screen_section=\u00a0\u00bbno\u00a0\u00bb type=\u00a0\u00bbfull_width\u00a0\u00bb angled_section=\u00a0\u00bbno\u00a0\u00bb text_align=\u00a0\u00bbleft\u00a0\u00bb background_image_as_pattern=\u00a0\u00bbwithout_pattern\u00a0\u00bb][vc_column][vc_column_text]Comme pr\u00e9sent\u00e9 dans les statuts de Templars Route European Federation, l\u2019\u00a0\u00ab\u00a0association a pour but de rassembler les territoires et les institutions des \u00e9tats membres du Conseil de l\u2019Europe, qui repr\u00e9sentent ces territoires\u00a0 (Etats, d\u00e9partements, intercommunalit\u00e9s, communes, associations,\u2026) qui...\" \/>\n<meta property=\"og:url\" content=\"https:\/\/www.templars-route.eu\/fr\/qui-sommes-nous\/objectifs\/\" \/>\n<meta property=\"og:site_name\" content=\"Route du patrimoine templier - Templars Route European Federation (TREF)\" \/>\n<meta property=\"article:modified_time\" content=\"2018-06-06T11:39:36+00:00\" \/>\n<meta name=\"twitter:card\" content=\"summary_large_image\" \/>\n<meta name=\"twitter:label1\" content=\"Dur\u00e9e de lecture estim\u00e9e\" \/>\n\t<meta name=\"twitter:data1\" content=\"1 minute\" \/>\n<script type=\"application\/ld+json\" class=\"yoast-schema-graph\">{\"@context\":\"https:\/\/schema.org\",\"@graph\":[{\"@type\":\"WebPage\",\"@id\":\"https:\/\/www.templars-route.eu\/fr\/qui-sommes-nous\/objectifs\/\",\"url\":\"https:\/\/www.templars-route.eu\/fr\/qui-sommes-nous\/objectifs\/\",\"name\":\"Les objectifs - Route du patrimoine templier - Templars Route European Federation (TREF)\",\"isPartOf\":{\"@id\":\"https:\/\/www.templars-route.eu\/fr\/#website\"},\"datePublished\":\"2016-10-06T16:00:48+00:00\",\"dateModified\":\"2018-06-06T11:39:36+00:00\",\"breadcrumb\":{\"@id\":\"https:\/\/www.templars-route.eu\/fr\/qui-sommes-nous\/objectifs\/#breadcrumb\"},\"inLanguage\":\"fr-FR\",\"potentialAction\":[{\"@type\":\"ReadAction\",\"target\":[\"https:\/\/www.templars-route.eu\/fr\/qui-sommes-nous\/objectifs\/\"]}]},{\"@type\":\"BreadcrumbList\",\"@id\":\"https:\/\/www.templars-route.eu\/fr\/qui-sommes-nous\/objectifs\/#breadcrumb\",\"itemListElement\":[{\"@type\":\"ListItem\",\"position\":1,\"name\":\"Accueil\",\"item\":\"https:\/\/www.templars-route.eu\/fr\/\"},{\"@type\":\"ListItem\",\"position\":2,\"name\":\"Priv\u00e9\u00a0: Qui sommes nous\",\"item\":\"https:\/\/www.templars-route.eu\/fr\/?page_id=14999\"},{\"@type\":\"ListItem\",\"position\":3,\"name\":\"Les objectifs\"}]},{\"@type\":\"WebSite\",\"@id\":\"https:\/\/www.templars-route.eu\/fr\/#website\",\"url\":\"https:\/\/www.templars-route.eu\/fr\/\",\"name\":\"Route du patrimoine templier - Templars Route European Federation (TREF)\",\"description\":\"Valorisation of Templar heritage in Europe\",\"potentialAction\":[{\"@type\":\"SearchAction\",\"target\":{\"@type\":\"EntryPoint\",\"urlTemplate\":\"https:\/\/www.templars-route.eu\/fr\/?s={search_term_string}\"},\"query-input\":{\"@type\":\"PropertyValueSpecification\",\"valueRequired\":true,\"valueName\":\"search_term_string\"}}],\"inLanguage\":\"fr-FR\"}]}<\/script>\n<!-- \/ Yoast SEO plugin. -->","yoast_head_json":{"title":"Les objectifs - Route du patrimoine templier - Templars Route European Federation (TREF)","robots":{"index":"index","follow":"follow","max-snippet":"max-snippet:-1","max-image-preview":"max-image-preview:large","max-video-preview":"max-video-preview:-1"},"canonical":"https:\/\/www.templars-route.eu\/fr\/qui-sommes-nous\/objectifs\/","og_locale":"fr_FR","og_type":"article","og_title":"Les objectifs - Route du patrimoine templier - Templars Route European Federation (TREF)","og_description":"[vc_row css_animation=\u00a0\u00bb\u00a0\u00bb row_type=\u00a0\u00bbrow\u00a0\u00bb use_row_as_full_screen_section=\u00a0\u00bbno\u00a0\u00bb type=\u00a0\u00bbfull_width\u00a0\u00bb angled_section=\u00a0\u00bbno\u00a0\u00bb text_align=\u00a0\u00bbleft\u00a0\u00bb background_image_as_pattern=\u00a0\u00bbwithout_pattern\u00a0\u00bb][vc_column][vc_column_text]Comme pr\u00e9sent\u00e9 dans les statuts de Templars Route European Federation, l\u2019\u00a0\u00ab\u00a0association a pour but de rassembler les territoires et les institutions des \u00e9tats membres du Conseil de l\u2019Europe, qui repr\u00e9sentent ces territoires\u00a0 (Etats, d\u00e9partements, intercommunalit\u00e9s, communes, associations,\u2026) qui...","og_url":"https:\/\/www.templars-route.eu\/fr\/qui-sommes-nous\/objectifs\/","og_site_name":"Route du patrimoine templier - Templars Route European Federation (TREF)","article_modified_time":"2018-06-06T11:39:36+00:00","twitter_card":"summary_large_image","twitter_misc":{"Dur\u00e9e de lecture estim\u00e9e":"1 minute"},"schema":{"@context":"https:\/\/schema.org","@graph":[{"@type":"WebPage","@id":"https:\/\/www.templars-route.eu\/fr\/qui-sommes-nous\/objectifs\/","url":"https:\/\/www.templars-route.eu\/fr\/qui-sommes-nous\/objectifs\/","name":"Les objectifs - Route du patrimoine templier - Templars Route European Federation (TREF)","isPartOf":{"@id":"https:\/\/www.templars-route.eu\/fr\/#website"},"datePublished":"2016-10-06T16:00:48+00:00","dateModified":"2018-06-06T11:39:36+00:00","breadcrumb":{"@id":"https:\/\/www.templars-route.eu\/fr\/qui-sommes-nous\/objectifs\/#breadcrumb"},"inLanguage":"fr-FR","potentialAction":[{"@type":"ReadAction","target":["https:\/\/www.templars-route.eu\/fr\/qui-sommes-nous\/objectifs\/"]}]},{"@type":"BreadcrumbList","@id":"https:\/\/www.templars-route.eu\/fr\/qui-sommes-nous\/objectifs\/#breadcrumb","itemListElement":[{"@type":"ListItem","position":1,"name":"Accueil","item":"https:\/\/www.templars-route.eu\/fr\/"},{"@type":"ListItem","position":2,"name":"Priv\u00e9\u00a0: Qui sommes nous","item":"https:\/\/www.templars-route.eu\/fr\/?page_id=14999"},{"@type":"ListItem","position":3,"name":"Les objectifs"}]},{"@type":"WebSite","@id":"https:\/\/www.templars-route.eu\/fr\/#website","url":"https:\/\/www.templars-route.eu\/fr\/","name":"Route du patrimoine templier - Templars Route European Federation (TREF)","description":"Valorisation of Templar heritage in Europe","potentialAction":[{"@type":"SearchAction","target":{"@type":"EntryPoint","urlTemplate":"https:\/\/www.templars-route.eu\/fr\/?s={search_term_string}"},"query-input":{"@type":"PropertyValueSpecification","valueRequired":true,"valueName":"search_term_string"}}],"inLanguage":"fr-FR"}]}},"_links":{"self":[{"href":"https:\/\/www.templars-route.eu\/fr\/wp-json\/wp\/v2\/pages\/14986\/"}],"collection":[{"href":"https:\/\/www.templars-route.eu\/fr\/wp-json\/wp\/v2\/pages\/"}],"about":[{"href":"https:\/\/www.templars-route.eu\/fr\/wp-json\/wp\/v2\/types\/page\/"}],"author":[{"embeddable":true,"href":"https:\/\/www.templars-route.eu\/fr\/wp-json\/wp\/v2\/users\/1\/"}],"replies":[{"embeddable":true,"href":"https:\/\/www.templars-route.eu\/fr\/wp-json\/wp\/v2\/comments\/?post=14986"}],"version-history":[{"count":0,"href":"https:\/\/www.templars-route.eu\/fr\/wp-json\/wp\/v2\/pages\/14986\/revisions\/"}],"up":[{"embeddable":true,"href":"https:\/\/www.templars-route.eu\/fr\/wp-json\/wp\/v2\/pages\/14999\/"}],"wp:attachment":[{"href":"https:\/\/www.templars-route.eu\/fr\/wp-json\/wp\/v2\/media\/?parent=14986"}],"curies":[{"name":"wp","href":"https:\/\/api.w.org\/{rel}","templated":true}]}}