{"id":19529,"date":"2021-01-26T11:43:32","date_gmt":"2021-01-26T10:43:32","guid":{"rendered":"https:\/\/www.templars-route.eu\/?page_id=19529"},"modified":"2021-01-26T11:48:26","modified_gmt":"2021-01-26T10:48:26","slug":"biblioteca-casanatense-roma-3-2","status":"publish","type":"page","link":"https:\/\/www.templars-route.eu\/es\/biblioteca-casanatense-roma-3-2\/","title":{"rendered":"Ruspaglia Santa Maria"},"content":{"rendered":"<div class=\"wpb-content-wrapper\"><p>[vc_row css_animation=&#8221;&#8221; row_type=&#8221;row&#8221; use_row_as_full_screen_section=&#8221;no&#8221; type=&#8221;full_width&#8221; angled_section=&#8221;no&#8221; text_align=&#8221;left&#8221; background_image_as_pattern=&#8221;without_pattern&#8221;][vc_column width=&#8221;2\/3&#8243;][vc_column_text]En 1164 los condes de Biandrate confirmaron la donaci\u00f3n al templo de todos sus bienes ad locum ubi Ruspalia dicitur e in circuitu (en Ruspalia y sus alrededores), cerca de San Giusto Canavese. Hay pocas referencias a la casa de los Templarios, probablemente construida gracias a la donaci\u00f3n de la familia Biandrate. En 1222, Giacomo de Mellacio, tutor de la casa templaria de Vercelli, fue designado para proteger los intereses de las casas de Vercelli, Novara, Isana, Ruspaglia e Ivrea. El documento se refiere a la casa Ruspaglia como una domus y dedicada a Santa Mar\u00eda. Posteriormente, Gabriele, domus tutor Templi de Ruspalia (tutor de la casa de Ruspaglia), participa en el cap\u00edtulo provincial celebrado en Piacenza en 1271.<\/p>\n<p>Hoy en d\u00eda queda una peque\u00f1a iglesia en Ruspaglia, que pertenec\u00eda al hospital y que probablemente fue construida por los Caballeros Templarios. En los archivos hay un rastro de una visita anterior que tuvo lugar en 1768. Este documento nos dice que la iglesia, dedicada a San Giacomo, formaba parte de las recomendaciones de Ivrea. Aqu\u00ed la dedicaci\u00f3n es diferente a la de Santa Mar\u00eda en la \u00e9poca de los templarios y probablemente se remonta al per\u00edodo posterior a su entrega a los Caballeros de San Juan. No muy lejos de esta iglesia hay un caser\u00edo llamado &#8220;La Commenda&#8221;, que, seg\u00fan los documentos de los Caballeros de San Juan, pertenec\u00eda a la Orden. Debido a la falta de estudios detallados y a una serie de obras y alteraciones posteriores, es imposible establecer si alguna parte de este edificio data de la fase templaria.[\/vc_column_text][vc_empty_space][\/vc_column][vc_column width=&#8221;1\/3&#8243;][vc_single_image image=&#8221;19532&#8243; img_size=&#8221;medium&#8221; qode_css_animation=&#8221;&#8221;][\/vc_column][\/vc_row][vc_row css_animation=&#8221;&#8221; row_type=&#8221;row&#8221; use_row_as_full_screen_section=&#8221;no&#8221; type=&#8221;full_width&#8221; angled_section=&#8221;no&#8221; text_align=&#8221;left&#8221; background_image_as_pattern=&#8221;without_pattern&#8221;][vc_column width=&#8221;1\/2&#8243;][vc_column_text]<\/p>\n<h2>Datos de contacto<\/h2>\n<p>&nbsp;<\/p>\n<p>Chiesa di Santa Maria (San Giacomo)<\/p>\n<p>Ruspaglia, 10090, San Giusto Canavese, TO[\/vc_column_text][\/vc_column][vc_column width=&#8221;1\/2&#8243;][vc_gmaps link=&#8221;#E-8_JTNDaWZyYW1lJTIwc3JjJTNEJTIyaHR0cHMlM0ElMkYlMkZ3d3cuZ29vZ2xlLmNvbSUyRm1hcHMlMkZlbWJlZCUzRnBiJTNEJTIxMW0xNCUyMTFtOCUyMTFtMyUyMTFkMjgwNi40OTExOTcyMzM3MDU0JTIxMmQ3LjgxNjI0NTMlMjEzZDQ1LjI5ODUwMjQlMjEzbTIlMjExaTEwMjQlMjEyaTc2OCUyMTRmMTMuMSUyMTNtMyUyMTFtMiUyMTFzMHg0Nzg4N2Q0NGY1ZjAwZTZiJTI1M0EweGI5MGE0Nzc0YzI5YjA4ZTMlMjEyc0NhcHBlbGxhJTI1MjBkaSUyNTIwU2FuJTI1MjBHaWFjb21vJTI1MjBkaSUyNTIwUnVzcGFnbGlhJTIxNWUwJTIxM20yJTIxMXNmciUyMTJzZnIlMjE0djE2MTE2NTY5MzE0OTAlMjE1bTIlMjExc2ZyJTIxMnNmciUyMiUyMHdpZHRoJTNEJTIyNjAwJTIyJTIwaGVpZ2h0JTNEJTIyNDUwJTIyJTIwZnJhbWVib3JkZXIlM0QlMjIwJTIyJTIwc3R5bGUlM0QlMjJib3JkZXIlM0EwJTNCJTIyJTIwYWxsb3dmdWxsc2NyZWVuJTNEJTIyJTIyJTIwYXJpYS1oaWRkZW4lM0QlMjJmYWxzZSUyMiUyMHRhYmluZGV4JTNEJTIyMCUyMiUzRSUzQyUyRmlmcmFtZSUzRQ==&#8221;][\/vc_column][\/vc_row]<\/p>\n<\/div>","protected":false},"excerpt":{"rendered":"<p>[vc_row css_animation=&#8221;&#8221; row_type=&#8221;row&#8221; use_row_as_full_screen_section=&#8221;no&#8221; type=&#8221;full_width&#8221; angled_section=&#8221;no&#8221; text_align=&#8221;left&#8221; background_image_as_pattern=&#8221;without_pattern&#8221;][vc_column width=&#8221;2\/3&#8243;][vc_column_text]En 1164 los condes de Biandrate confirmaron la donaci\u00f3n al templo de todos sus bienes ad locum ubi Ruspalia dicitur e in circuitu (en Ruspalia y sus alrededores), cerca de San Giusto Canavese. Hay pocas referencias a&#8230;<\/p>\n","protected":false},"author":16,"featured_media":0,"parent":0,"menu_order":0,"comment_status":"closed","ping_status":"closed","template":"","meta":{"footnotes":""},"class_list":["post-19529","page","type-page","status-publish","hentry"],"yoast_head":"<!-- This site is optimized with the Yoast SEO plugin v26.6 - https:\/\/yoast.com\/wordpress\/plugins\/seo\/ -->\n<title>Ruspaglia Santa Maria - European Templar Route<\/title>\n<meta name=\"robots\" content=\"index, follow, max-snippet:-1, max-image-preview:large, max-video-preview:-1\" \/>\n<link rel=\"canonical\" href=\"https:\/\/www.templars-route.eu\/es\/biblioteca-casanatense-roma-3-2\/\" \/>\n<meta property=\"og:locale\" content=\"es_ES\" \/>\n<meta property=\"og:type\" content=\"article\" \/>\n<meta property=\"og:title\" content=\"Ruspaglia Santa Maria - European Templar Route\" \/>\n<meta property=\"og:description\" content=\"[vc_row css_animation=&#8221;&#8221; row_type=&#8221;row&#8221; use_row_as_full_screen_section=&#8221;no&#8221; type=&#8221;full_width&#8221; angled_section=&#8221;no&#8221; text_align=&#8221;left&#8221; background_image_as_pattern=&#8221;without_pattern&#8221;][vc_column width=&#8221;2\/3&#8243;][vc_column_text]En 1164 los condes de Biandrate confirmaron la donaci\u00f3n al templo de todos sus bienes ad locum ubi Ruspalia dicitur e in circuitu (en Ruspalia y sus alrededores), cerca de San Giusto Canavese. Hay pocas referencias a...\" \/>\n<meta property=\"og:url\" content=\"https:\/\/www.templars-route.eu\/es\/biblioteca-casanatense-roma-3-2\/\" \/>\n<meta property=\"og:site_name\" content=\"European Templar Route\" \/>\n<meta property=\"article:modified_time\" content=\"2021-01-26T10:48:26+00:00\" \/>\n<meta name=\"twitter:card\" content=\"summary_large_image\" \/>\n<meta name=\"twitter:label1\" content=\"Est. reading time\" \/>\n\t<meta name=\"twitter:data1\" content=\"2 minutes\" \/>\n<script type=\"application\/ld+json\" class=\"yoast-schema-graph\">{\"@context\":\"https:\/\/schema.org\",\"@graph\":[{\"@type\":\"WebPage\",\"@id\":\"https:\/\/www.templars-route.eu\/es\/biblioteca-casanatense-roma-3-2\/\",\"url\":\"https:\/\/www.templars-route.eu\/es\/biblioteca-casanatense-roma-3-2\/\",\"name\":\"Ruspaglia Santa Maria - European Templar Route\",\"isPartOf\":{\"@id\":\"https:\/\/www.templars-route.eu\/fr\/#website\"},\"datePublished\":\"2021-01-26T10:43:32+00:00\",\"dateModified\":\"2021-01-26T10:48:26+00:00\",\"breadcrumb\":{\"@id\":\"https:\/\/www.templars-route.eu\/es\/biblioteca-casanatense-roma-3-2\/#breadcrumb\"},\"inLanguage\":\"es-ES\",\"potentialAction\":[{\"@type\":\"ReadAction\",\"target\":[\"https:\/\/www.templars-route.eu\/es\/biblioteca-casanatense-roma-3-2\/\"]}]},{\"@type\":\"BreadcrumbList\",\"@id\":\"https:\/\/www.templars-route.eu\/es\/biblioteca-casanatense-roma-3-2\/#breadcrumb\",\"itemListElement\":[{\"@type\":\"ListItem\",\"position\":1,\"name\":\"Accueil\",\"item\":\"https:\/\/www.templars-route.eu\/es\/\"},{\"@type\":\"ListItem\",\"position\":2,\"name\":\"Ruspaglia Santa Maria\"}]},{\"@type\":\"WebSite\",\"@id\":\"https:\/\/www.templars-route.eu\/fr\/#website\",\"url\":\"https:\/\/www.templars-route.eu\/fr\/\",\"name\":\"European Templar Route\",\"description\":\"Un site utilisant Mobylee\",\"potentialAction\":[{\"@type\":\"SearchAction\",\"target\":{\"@type\":\"EntryPoint\",\"urlTemplate\":\"https:\/\/www.templars-route.eu\/fr\/?s={search_term_string}\"},\"query-input\":{\"@type\":\"PropertyValueSpecification\",\"valueRequired\":true,\"valueName\":\"search_term_string\"}}],\"inLanguage\":\"es-ES\"}]}<\/script>\n<!-- \/ Yoast SEO plugin. -->","yoast_head_json":{"title":"Ruspaglia Santa Maria - European Templar Route","robots":{"index":"index","follow":"follow","max-snippet":"max-snippet:-1","max-image-preview":"max-image-preview:large","max-video-preview":"max-video-preview:-1"},"canonical":"https:\/\/www.templars-route.eu\/es\/biblioteca-casanatense-roma-3-2\/","og_locale":"es_ES","og_type":"article","og_title":"Ruspaglia Santa Maria - European Templar Route","og_description":"[vc_row css_animation=&#8221;&#8221; row_type=&#8221;row&#8221; use_row_as_full_screen_section=&#8221;no&#8221; type=&#8221;full_width&#8221; angled_section=&#8221;no&#8221; text_align=&#8221;left&#8221; background_image_as_pattern=&#8221;without_pattern&#8221;][vc_column width=&#8221;2\/3&#8243;][vc_column_text]En 1164 los condes de Biandrate confirmaron la donaci\u00f3n al templo de todos sus bienes ad locum ubi Ruspalia dicitur e in circuitu (en Ruspalia y sus alrededores), cerca de San Giusto Canavese. Hay pocas referencias a...","og_url":"https:\/\/www.templars-route.eu\/es\/biblioteca-casanatense-roma-3-2\/","og_site_name":"European Templar Route","article_modified_time":"2021-01-26T10:48:26+00:00","twitter_card":"summary_large_image","twitter_misc":{"Est. reading time":"2 minutes"},"schema":{"@context":"https:\/\/schema.org","@graph":[{"@type":"WebPage","@id":"https:\/\/www.templars-route.eu\/es\/biblioteca-casanatense-roma-3-2\/","url":"https:\/\/www.templars-route.eu\/es\/biblioteca-casanatense-roma-3-2\/","name":"Ruspaglia Santa Maria - European Templar Route","isPartOf":{"@id":"https:\/\/www.templars-route.eu\/fr\/#website"},"datePublished":"2021-01-26T10:43:32+00:00","dateModified":"2021-01-26T10:48:26+00:00","breadcrumb":{"@id":"https:\/\/www.templars-route.eu\/es\/biblioteca-casanatense-roma-3-2\/#breadcrumb"},"inLanguage":"es-ES","potentialAction":[{"@type":"ReadAction","target":["https:\/\/www.templars-route.eu\/es\/biblioteca-casanatense-roma-3-2\/"]}]},{"@type":"BreadcrumbList","@id":"https:\/\/www.templars-route.eu\/es\/biblioteca-casanatense-roma-3-2\/#breadcrumb","itemListElement":[{"@type":"ListItem","position":1,"name":"Accueil","item":"https:\/\/www.templars-route.eu\/es\/"},{"@type":"ListItem","position":2,"name":"Ruspaglia Santa Maria"}]},{"@type":"WebSite","@id":"https:\/\/www.templars-route.eu\/fr\/#website","url":"https:\/\/www.templars-route.eu\/fr\/","name":"European Templar Route","description":"Un site utilisant Mobylee","potentialAction":[{"@type":"SearchAction","target":{"@type":"EntryPoint","urlTemplate":"https:\/\/www.templars-route.eu\/fr\/?s={search_term_string}"},"query-input":{"@type":"PropertyValueSpecification","valueRequired":true,"valueName":"search_term_string"}}],"inLanguage":"es-ES"}]}},"_links":{"self":[{"href":"https:\/\/www.templars-route.eu\/es\/wp-json\/wp\/v2\/pages\/19529\/"}],"collection":[{"href":"https:\/\/www.templars-route.eu\/es\/wp-json\/wp\/v2\/pages\/"}],"about":[{"href":"https:\/\/www.templars-route.eu\/es\/wp-json\/wp\/v2\/types\/page\/"}],"author":[{"embeddable":true,"href":"https:\/\/www.templars-route.eu\/es\/wp-json\/wp\/v2\/users\/16\/"}],"replies":[{"embeddable":true,"href":"https:\/\/www.templars-route.eu\/es\/wp-json\/wp\/v2\/comments\/?post=19529"}],"version-history":[{"count":2,"href":"https:\/\/www.templars-route.eu\/es\/wp-json\/wp\/v2\/pages\/19529\/revisions\/"}],"predecessor-version":[{"id":19545,"href":"https:\/\/www.templars-route.eu\/es\/wp-json\/wp\/v2\/pages\/19529\/revisions\/19545\/"}],"wp:attachment":[{"href":"https:\/\/www.templars-route.eu\/es\/wp-json\/wp\/v2\/media\/?parent=19529"}],"curies":[{"name":"wp","href":"https:\/\/api.w.org\/{rel}","templated":true}]}}