{"id":19045,"date":"2021-01-19T18:10:13","date_gmt":"2021-01-19T17:10:13","guid":{"rendered":"https:\/\/www.templars-route.eu\/?page_id=19045"},"modified":"2021-01-19T18:10:13","modified_gmt":"2021-01-19T17:10:13","slug":"capilla-de-los-templarios-de-beaune","status":"publish","type":"page","link":"https:\/\/www.templars-route.eu\/es\/capilla-de-los-templarios-de-beaune\/","title":{"rendered":"Capilla de los Templarios de Beaune"},"content":{"rendered":"<div class=\"wpb-content-wrapper\"><p>[vc_row css_animation=&#8221;&#8221; row_type=&#8221;row&#8221; use_row_as_full_screen_section=&#8221;no&#8221; type=&#8221;full_width&#8221; angled_section=&#8221;no&#8221; text_align=&#8221;left&#8221; background_image_as_pattern=&#8221;without_pattern&#8221;][vc_column width=&#8221;1\/2&#8243;][vc_column_text]Los Claustros de Nueva York, el Museo del Claustro del Museo Metropolitano de Arte, re\u00fane una colecci\u00f3n de claustros, elementos arquitect\u00f3nicos y colecciones medievales principalmente de Francia.<\/p>\n<p>Entre los elementos conservados est\u00e1 la puerta de la capilla del Templo de Beaune, que data del siglo XII, capilla en la que el \u00faltimo Gran Maestre, Jacques de Molay, fue recibido en la Orden en 1265.<\/p>\n<p>Para saber m\u00e1s sobre : <a href=\"https:\/\/www.metmuseum.org\/art\/collection\/search\/471178\" target=\"_blank\" rel=\"noopener noreferrer\">https:\/\/www.metmuseum.org\/art\/collection\/search\/471178<\/a>[\/vc_column_text][\/vc_column][vc_column width=&#8221;1\/2&#8243;][vc_gallery interval=&#8221;3&#8243; images=&#8221;19026,19020&#8243; img_size=&#8221;large&#8221;][\/vc_column][\/vc_row]<\/p>\n<\/div>","protected":false},"excerpt":{"rendered":"<p>[vc_row css_animation=&#8221;&#8221; row_type=&#8221;row&#8221; use_row_as_full_screen_section=&#8221;no&#8221; type=&#8221;full_width&#8221; angled_section=&#8221;no&#8221; text_align=&#8221;left&#8221; background_image_as_pattern=&#8221;without_pattern&#8221;][vc_column width=&#8221;1\/2&#8243;][vc_column_text]Los Claustros de Nueva York, el Museo del Claustro del Museo Metropolitano de Arte, re\u00fane una colecci\u00f3n de claustros, elementos arquitect\u00f3nicos y colecciones medievales principalmente de Francia. Entre los elementos conservados est\u00e1 la puerta de la capilla&#8230;<\/p>\n","protected":false},"author":27,"featured_media":0,"parent":0,"menu_order":0,"comment_status":"closed","ping_status":"closed","template":"","meta":{"footnotes":""},"class_list":["post-19045","page","type-page","status-publish","hentry"],"yoast_head":"<!-- This site is optimized with the Yoast SEO plugin v26.6 - https:\/\/yoast.com\/wordpress\/plugins\/seo\/ -->\n<title>Capilla de los Templarios de Beaune - European Templar Route<\/title>\n<meta name=\"robots\" content=\"index, follow, max-snippet:-1, max-image-preview:large, max-video-preview:-1\" \/>\n<link rel=\"canonical\" href=\"https:\/\/www.templars-route.eu\/es\/capilla-de-los-templarios-de-beaune\/\" \/>\n<meta property=\"og:locale\" content=\"es_ES\" \/>\n<meta property=\"og:type\" content=\"article\" \/>\n<meta property=\"og:title\" content=\"Capilla de los Templarios de Beaune - European Templar Route\" \/>\n<meta property=\"og:description\" content=\"[vc_row css_animation=&#8221;&#8221; row_type=&#8221;row&#8221; use_row_as_full_screen_section=&#8221;no&#8221; type=&#8221;full_width&#8221; angled_section=&#8221;no&#8221; text_align=&#8221;left&#8221; background_image_as_pattern=&#8221;without_pattern&#8221;][vc_column width=&#8221;1\/2&#8243;][vc_column_text]Los Claustros de Nueva York, el Museo del Claustro del Museo Metropolitano de Arte, re\u00fane una colecci\u00f3n de claustros, elementos arquitect\u00f3nicos y colecciones medievales principalmente de Francia. Entre los elementos conservados est\u00e1 la puerta de la capilla...\" \/>\n<meta property=\"og:url\" content=\"https:\/\/www.templars-route.eu\/es\/capilla-de-los-templarios-de-beaune\/\" \/>\n<meta property=\"og:site_name\" content=\"European Templar Route\" \/>\n<meta name=\"twitter:card\" content=\"summary_large_image\" \/>\n<meta name=\"twitter:label1\" content=\"Est. reading time\" \/>\n\t<meta name=\"twitter:data1\" content=\"1 minute\" \/>\n<script type=\"application\/ld+json\" class=\"yoast-schema-graph\">{\"@context\":\"https:\/\/schema.org\",\"@graph\":[{\"@type\":\"WebPage\",\"@id\":\"https:\/\/www.templars-route.eu\/es\/capilla-de-los-templarios-de-beaune\/\",\"url\":\"https:\/\/www.templars-route.eu\/es\/capilla-de-los-templarios-de-beaune\/\",\"name\":\"Capilla de los Templarios de Beaune - European Templar Route\",\"isPartOf\":{\"@id\":\"https:\/\/www.templars-route.eu\/fr\/#website\"},\"datePublished\":\"2021-01-19T17:10:13+00:00\",\"breadcrumb\":{\"@id\":\"https:\/\/www.templars-route.eu\/es\/capilla-de-los-templarios-de-beaune\/#breadcrumb\"},\"inLanguage\":\"es-ES\",\"potentialAction\":[{\"@type\":\"ReadAction\",\"target\":[\"https:\/\/www.templars-route.eu\/es\/capilla-de-los-templarios-de-beaune\/\"]}]},{\"@type\":\"BreadcrumbList\",\"@id\":\"https:\/\/www.templars-route.eu\/es\/capilla-de-los-templarios-de-beaune\/#breadcrumb\",\"itemListElement\":[{\"@type\":\"ListItem\",\"position\":1,\"name\":\"Accueil\",\"item\":\"https:\/\/www.templars-route.eu\/es\/\"},{\"@type\":\"ListItem\",\"position\":2,\"name\":\"Capilla de los Templarios de Beaune\"}]},{\"@type\":\"WebSite\",\"@id\":\"https:\/\/www.templars-route.eu\/fr\/#website\",\"url\":\"https:\/\/www.templars-route.eu\/fr\/\",\"name\":\"European Templar Route\",\"description\":\"Un site utilisant Mobylee\",\"potentialAction\":[{\"@type\":\"SearchAction\",\"target\":{\"@type\":\"EntryPoint\",\"urlTemplate\":\"https:\/\/www.templars-route.eu\/fr\/?s={search_term_string}\"},\"query-input\":{\"@type\":\"PropertyValueSpecification\",\"valueRequired\":true,\"valueName\":\"search_term_string\"}}],\"inLanguage\":\"es-ES\"}]}<\/script>\n<!-- \/ Yoast SEO plugin. -->","yoast_head_json":{"title":"Capilla de los Templarios de Beaune - European Templar Route","robots":{"index":"index","follow":"follow","max-snippet":"max-snippet:-1","max-image-preview":"max-image-preview:large","max-video-preview":"max-video-preview:-1"},"canonical":"https:\/\/www.templars-route.eu\/es\/capilla-de-los-templarios-de-beaune\/","og_locale":"es_ES","og_type":"article","og_title":"Capilla de los Templarios de Beaune - European Templar Route","og_description":"[vc_row css_animation=&#8221;&#8221; row_type=&#8221;row&#8221; use_row_as_full_screen_section=&#8221;no&#8221; type=&#8221;full_width&#8221; angled_section=&#8221;no&#8221; text_align=&#8221;left&#8221; background_image_as_pattern=&#8221;without_pattern&#8221;][vc_column width=&#8221;1\/2&#8243;][vc_column_text]Los Claustros de Nueva York, el Museo del Claustro del Museo Metropolitano de Arte, re\u00fane una colecci\u00f3n de claustros, elementos arquitect\u00f3nicos y colecciones medievales principalmente de Francia. Entre los elementos conservados est\u00e1 la puerta de la capilla...","og_url":"https:\/\/www.templars-route.eu\/es\/capilla-de-los-templarios-de-beaune\/","og_site_name":"European Templar Route","twitter_card":"summary_large_image","twitter_misc":{"Est. reading time":"1 minute"},"schema":{"@context":"https:\/\/schema.org","@graph":[{"@type":"WebPage","@id":"https:\/\/www.templars-route.eu\/es\/capilla-de-los-templarios-de-beaune\/","url":"https:\/\/www.templars-route.eu\/es\/capilla-de-los-templarios-de-beaune\/","name":"Capilla de los Templarios de Beaune - European Templar Route","isPartOf":{"@id":"https:\/\/www.templars-route.eu\/fr\/#website"},"datePublished":"2021-01-19T17:10:13+00:00","breadcrumb":{"@id":"https:\/\/www.templars-route.eu\/es\/capilla-de-los-templarios-de-beaune\/#breadcrumb"},"inLanguage":"es-ES","potentialAction":[{"@type":"ReadAction","target":["https:\/\/www.templars-route.eu\/es\/capilla-de-los-templarios-de-beaune\/"]}]},{"@type":"BreadcrumbList","@id":"https:\/\/www.templars-route.eu\/es\/capilla-de-los-templarios-de-beaune\/#breadcrumb","itemListElement":[{"@type":"ListItem","position":1,"name":"Accueil","item":"https:\/\/www.templars-route.eu\/es\/"},{"@type":"ListItem","position":2,"name":"Capilla de los Templarios de Beaune"}]},{"@type":"WebSite","@id":"https:\/\/www.templars-route.eu\/fr\/#website","url":"https:\/\/www.templars-route.eu\/fr\/","name":"European Templar Route","description":"Un site utilisant Mobylee","potentialAction":[{"@type":"SearchAction","target":{"@type":"EntryPoint","urlTemplate":"https:\/\/www.templars-route.eu\/fr\/?s={search_term_string}"},"query-input":{"@type":"PropertyValueSpecification","valueRequired":true,"valueName":"search_term_string"}}],"inLanguage":"es-ES"}]}},"_links":{"self":[{"href":"https:\/\/www.templars-route.eu\/es\/wp-json\/wp\/v2\/pages\/19045\/"}],"collection":[{"href":"https:\/\/www.templars-route.eu\/es\/wp-json\/wp\/v2\/pages\/"}],"about":[{"href":"https:\/\/www.templars-route.eu\/es\/wp-json\/wp\/v2\/types\/page\/"}],"author":[{"embeddable":true,"href":"https:\/\/www.templars-route.eu\/es\/wp-json\/wp\/v2\/users\/27\/"}],"replies":[{"embeddable":true,"href":"https:\/\/www.templars-route.eu\/es\/wp-json\/wp\/v2\/comments\/?post=19045"}],"version-history":[{"count":1,"href":"https:\/\/www.templars-route.eu\/es\/wp-json\/wp\/v2\/pages\/19045\/revisions\/"}],"predecessor-version":[{"id":19046,"href":"https:\/\/www.templars-route.eu\/es\/wp-json\/wp\/v2\/pages\/19045\/revisions\/19046\/"}],"wp:attachment":[{"href":"https:\/\/www.templars-route.eu\/es\/wp-json\/wp\/v2\/media\/?parent=19045"}],"curies":[{"name":"wp","href":"https:\/\/api.w.org\/{rel}","templated":true}]}}