{"id":18703,"date":"2020-12-23T09:54:05","date_gmt":"2020-12-23T08:54:05","guid":{"rendered":"https:\/\/www.templars-route.eu\/agenda\/"},"modified":"2020-12-23T09:57:34","modified_gmt":"2020-12-23T08:57:34","slug":"agenda","status":"publish","type":"page","link":"https:\/\/www.templars-route.eu\/es\/agenda\/","title":{"rendered":"Agenda"},"content":{"rendered":"<div class=\"wpb-content-wrapper\"><p>[vc_row css_animation=&#8221;&#8221; row_type=&#8221;row&#8221; use_row_as_full_screen_section=&#8221;no&#8221; type=&#8221;full_width&#8221; angled_section=&#8221;no&#8221; text_align=&#8221;left&#8221; background_image_as_pattern=&#8221;without_pattern&#8221;][vc_column][vc_column_text][ai1ec][\/vc_column_text][\/vc_column][\/vc_row][vc_row css_animation=&#8221;&#8221; row_type=&#8221;row&#8221; use_row_as_full_screen_section=&#8221;no&#8221; type=&#8221;full_width&#8221; angled_section=&#8221;no&#8221; text_align=&#8221;left&#8221; background_image_as_pattern=&#8221;without_pattern&#8221;][vc_column][vc_empty_space height=&#8221;70px&#8221;][vc_column_text]<\/p>\n<h3 style=\"text-align: center\">Noticias de la Ruta de los Caballeros Templarios<\/h3>\n<p>[\/vc_column_text][vc_empty_space height=&#8221;70px&#8221;]<div class='projects_holder_outer justified_gallery portfolio_holder_fwn'><div class='filter_outer'><div class='filter_holder'>\n                        <ul>\n                        <li class='filter' data-filter='*'><span class=\"filter_number_of_items\"  style='color:#e30614'><\/span><span>All<\/span><\/li><\/ul><\/div><\/div><div class='projects_holder portfolio_main_holder clearfix portfolio_full_image ' data-spacing='10' data-row-height='200' data-last-row='center' data-justify-threshold='0.75'>\n<article class='portfolio_category_226 ' style=''><div class=\"item_holder subtle_vertical_hover\"><div class=\"text_holder\"><div class=\"text_holder_outer\"><div class=\"text_holder_inner\"><h4 itemprop=\"name\" class=\"portfolio_title entry_title\"><a itemprop=\"url\" href=\"https:\/\/www.templars-route.eu\/es\/portfolio_page\/week-end-medieval-du-18-et-19-novembre-2023-projet-beauceant\/\" >Week-end m\u00e9di\u00e9val du 18 et 19 novembre 2023 : Projet Beauc\u00e9ant<\/a><\/h4><span class=\"project_category\" >Actualit\u00e9s<\/span><div class=\"icons_holder\"><a itemprop=\"image\" class=\"portfolio_lightbox\" title=\"Week-end m\u00e9di\u00e9val du 18 et 19 novembre 2023 : Projet Beauc\u00e9ant\" href=\"https:\/\/www.templars-route.eu\/assets\/uploads\/sites\/40\/2023\/03\/affiche-vezelise-nov2023.jpg\" data-rel=\"prettyPhoto[pretty_photo_gallery]\" rel=\"prettyPhoto[pretty_photo_gallery]\"><\/a><a data-type=\"icon\" href=\"#\" class=\"qode-like\" id=\"qode-like-21509\" title=\"Like this\"><\/a><a itemprop=\"url\" class=\"preview\" title=\"Go to Project\" href=\"https:\/\/www.templars-route.eu\/es\/portfolio_page\/week-end-medieval-du-18-et-19-novembre-2023-projet-beauceant\/\" data-type=\"portfolio_list\" target=\"_self\" ><\/a><\/div><\/div><\/div><\/div><div  class=\"portfolio_shader\"><\/div><\/div><a itemprop=\"url\" class=\"portfolio_jg_image_link image_holder subtle_vertical_hover\" href=\"https:\/\/www.templars-route.eu\/es\/portfolio_page\/week-end-medieval-du-18-et-19-novembre-2023-projet-beauceant\/\" target=\"_self\"><img fetchpriority=\"high\" decoding=\"async\" width=\"1420\" height=\"2048\" src=\"https:\/\/www.templars-route.eu\/assets\/uploads\/sites\/40\/2023\/03\/affiche-vezelise-nov2023.jpg\" class=\"attachment-full size-full wp-post-image\" alt=\"\" srcset=\"https:\/\/www.templars-route.eu\/assets\/uploads\/sites\/40\/2023\/03\/affiche-vezelise-nov2023.jpg 1420w, https:\/\/www.templars-route.eu\/assets\/uploads\/sites\/40\/2023\/03\/affiche-vezelise-nov2023-208x300.jpg 208w, https:\/\/www.templars-route.eu\/assets\/uploads\/sites\/40\/2023\/03\/affiche-vezelise-nov2023-768x1108.jpg 768w, https:\/\/www.templars-route.eu\/assets\/uploads\/sites\/40\/2023\/03\/affiche-vezelise-nov2023-710x1024.jpg 710w, https:\/\/www.templars-route.eu\/assets\/uploads\/sites\/40\/2023\/03\/affiche-vezelise-nov2023-700x1010.jpg 700w\" sizes=\"(max-width: 1420px) 100vw, 1420px\" \/><\/a><\/article>\n<article class='portfolio_category_226 ' style=''><div class=\"item_holder subtle_vertical_hover\"><div class=\"text_holder\"><div class=\"text_holder_outer\"><div class=\"text_holder_inner\"><h4 itemprop=\"name\" class=\"portfolio_title entry_title\"><a itemprop=\"url\" href=\"https:\/\/www.templars-route.eu\/es\/portfolio_page\/les-archives-nationales-de-france-evoque-le-proces-des-templiers-dans-le-journal-memoire-davenir\/\" >Les Archives nationales de France \u00e9voque le proc\u00e8s des templiers dans le journal  \u00ab M\u00e9moire d&#8217;avenir \u00bb !<\/a><\/h4><span class=\"project_category\" >Actualit\u00e9s<\/span><div class=\"icons_holder\"><a itemprop=\"image\" class=\"portfolio_lightbox\" title=\"Les Archives nationales de France \u00e9voque le proc\u00e8s des templiers dans le journal  \u00ab M\u00e9moire d&#8217;avenir \u00bb !\" href=\"https:\/\/www.templars-route.eu\/assets\/uploads\/sites\/40\/2023\/07\/m\u00e9moire-davenir.png\" data-rel=\"prettyPhoto[pretty_photo_gallery]\" rel=\"prettyPhoto[pretty_photo_gallery]\"><\/a><a data-type=\"icon\" href=\"#\" class=\"qode-like\" id=\"qode-like-21406\" title=\"Like this\"><\/a><a itemprop=\"url\" class=\"preview\" title=\"Go to Project\" href=\"https:\/\/www.templars-route.eu\/es\/portfolio_page\/les-archives-nationales-de-france-evoque-le-proces-des-templiers-dans-le-journal-memoire-davenir\/\" data-type=\"portfolio_list\" target=\"_self\" ><\/a><\/div><\/div><\/div><\/div><div  class=\"portfolio_shader\"><\/div><\/div><a itemprop=\"url\" class=\"portfolio_jg_image_link image_holder subtle_vertical_hover\" href=\"https:\/\/www.templars-route.eu\/es\/portfolio_page\/les-archives-nationales-de-france-evoque-le-proces-des-templiers-dans-le-journal-memoire-davenir\/\" target=\"_self\"><img decoding=\"async\" width=\"640\" height=\"836\" src=\"https:\/\/www.templars-route.eu\/assets\/uploads\/sites\/40\/2023\/07\/m\u00e9moire-davenir.png\" class=\"attachment-full size-full wp-post-image\" alt=\"\" srcset=\"https:\/\/www.templars-route.eu\/assets\/uploads\/sites\/40\/2023\/07\/m\u00e9moire-davenir.png 640w, https:\/\/www.templars-route.eu\/assets\/uploads\/sites\/40\/2023\/07\/m\u00e9moire-davenir-230x300.png 230w\" sizes=\"(max-width: 640px) 100vw, 640px\" \/><\/a><\/article>\n<article class='portfolio_category_226 portfolio_category_226 portfolio_category_266 ' style=''><div class=\"item_holder subtle_vertical_hover\"><div class=\"text_holder\"><div class=\"text_holder_outer\"><div class=\"text_holder_inner\"><h4 itemprop=\"name\" class=\"portfolio_title entry_title\"><a itemprop=\"url\" href=\"https:\/\/www.templars-route.eu\/es\/portfolio_page\/lancement-du-livre-dorient-en-occident-les-templiers-des-origines-a-la-fin-du-xiie-siecle\/\" >Lancement du livre \u00ab D\u2019Orient en Occident. Les Templiers, des origines \u00e0 la fin du XIIe si\u00e8cle \u00bb<\/a><\/h4><span class=\"project_category\" >Actualit\u00e9s \/ Actualit\u00e9s \/ Communiqu\u00e9s de presse<\/span><div class=\"icons_holder\"><a itemprop=\"image\" class=\"portfolio_lightbox\" title=\"Lancement du livre \u00ab D\u2019Orient en Occident. Les Templiers, des origines \u00e0 la fin du XIIe si\u00e8cle \u00bb\" href=\"https:\/\/www.templars-route.eu\/assets\/uploads\/sites\/40\/2023\/05\/Lancement-livre-.png\" data-rel=\"prettyPhoto[pretty_photo_gallery]\" rel=\"prettyPhoto[pretty_photo_gallery]\"><\/a><a data-type=\"icon\" href=\"#\" class=\"qode-like\" id=\"qode-like-21253\" title=\"Like this\"><\/a><a itemprop=\"url\" class=\"preview\" title=\"Go to Project\" href=\"https:\/\/www.templars-route.eu\/es\/portfolio_page\/lancement-du-livre-dorient-en-occident-les-templiers-des-origines-a-la-fin-du-xiie-siecle\/\" data-type=\"portfolio_list\" target=\"_self\" ><\/a><\/div><\/div><\/div><\/div><div  class=\"portfolio_shader\"><\/div><\/div><a itemprop=\"url\" class=\"portfolio_jg_image_link image_holder subtle_vertical_hover\" href=\"https:\/\/www.templars-route.eu\/es\/portfolio_page\/lancement-du-livre-dorient-en-occident-les-templiers-des-origines-a-la-fin-du-xiie-siecle\/\" target=\"_self\"><img decoding=\"async\" width=\"1640\" height=\"924\" src=\"https:\/\/www.templars-route.eu\/assets\/uploads\/sites\/40\/2023\/05\/Lancement-livre-.png\" class=\"attachment-full size-full wp-post-image\" alt=\"\" srcset=\"https:\/\/www.templars-route.eu\/assets\/uploads\/sites\/40\/2023\/05\/Lancement-livre-.png 1640w, https:\/\/www.templars-route.eu\/assets\/uploads\/sites\/40\/2023\/05\/Lancement-livre--300x169.png 300w, https:\/\/www.templars-route.eu\/assets\/uploads\/sites\/40\/2023\/05\/Lancement-livre--768x433.png 768w, https:\/\/www.templars-route.eu\/assets\/uploads\/sites\/40\/2023\/05\/Lancement-livre--1024x577.png 1024w, https:\/\/www.templars-route.eu\/assets\/uploads\/sites\/40\/2023\/05\/Lancement-livre--700x394.png 700w, https:\/\/www.templars-route.eu\/assets\/uploads\/sites\/40\/2023\/05\/Lancement-livre--539x303.png 539w\" sizes=\"(max-width: 1640px) 100vw, 1640px\" \/><\/a><\/article>\n<article class='portfolio_category_226 ' style=''><div class=\"item_holder subtle_vertical_hover\"><div class=\"text_holder\"><div class=\"text_holder_outer\"><div class=\"text_holder_inner\"><h4 itemprop=\"name\" class=\"portfolio_title entry_title\"><a itemprop=\"url\" href=\"https:\/\/www.templars-route.eu\/es\/portfolio_page\/una-nueva-presidencia-para-la-ruta-de-los-templarios\/\" >Una nueva presidencia para la Ruta de los Templarios<\/a><\/h4><span class=\"project_category\" >Actualit\u00e9s<\/span><div class=\"icons_holder\"><a itemprop=\"image\" class=\"portfolio_lightbox\" title=\"Una nueva presidencia para la Ruta de los Templarios\" href=\"https:\/\/www.templars-route.eu\/assets\/uploads\/sites\/40\/2021\/01\/presidencia__tref_layout_hor.jpg\" data-rel=\"prettyPhoto[pretty_photo_gallery]\" rel=\"prettyPhoto[pretty_photo_gallery]\"><\/a><a data-type=\"icon\" href=\"#\" class=\"qode-like\" id=\"qode-like-18941\" title=\"Like this\"><\/a><a itemprop=\"url\" class=\"preview\" title=\"Go to Project\" href=\"https:\/\/www.templars-route.eu\/es\/portfolio_page\/una-nueva-presidencia-para-la-ruta-de-los-templarios\/\" data-type=\"portfolio_list\" target=\"_self\" ><\/a><\/div><\/div><\/div><\/div><div  class=\"portfolio_shader\"><\/div><\/div><a itemprop=\"url\" class=\"portfolio_jg_image_link image_holder subtle_vertical_hover\" href=\"https:\/\/www.templars-route.eu\/es\/portfolio_page\/una-nueva-presidencia-para-la-ruta-de-los-templarios\/\" target=\"_self\"><img loading=\"lazy\" decoding=\"async\" width=\"4234\" height=\"3491\" src=\"https:\/\/www.templars-route.eu\/assets\/uploads\/sites\/40\/2021\/01\/presidencia__tref_layout_hor.jpg\" class=\"attachment-full size-full wp-post-image\" alt=\"\" srcset=\"https:\/\/www.templars-route.eu\/assets\/uploads\/sites\/40\/2021\/01\/presidencia__tref_layout_hor.jpg 4234w, https:\/\/www.templars-route.eu\/assets\/uploads\/sites\/40\/2021\/01\/presidencia__tref_layout_hor-300x247.jpg 300w, https:\/\/www.templars-route.eu\/assets\/uploads\/sites\/40\/2021\/01\/presidencia__tref_layout_hor-768x633.jpg 768w, https:\/\/www.templars-route.eu\/assets\/uploads\/sites\/40\/2021\/01\/presidencia__tref_layout_hor-1024x844.jpg 1024w, https:\/\/www.templars-route.eu\/assets\/uploads\/sites\/40\/2021\/01\/presidencia__tref_layout_hor-700x577.jpg 700w\" sizes=\"(max-width: 4234px) 100vw, 4234px\" \/><\/a><\/article>\n<article class='portfolio_category_226 ' style=''><div class=\"item_holder subtle_vertical_hover\"><div class=\"text_holder\"><div class=\"text_holder_outer\"><div class=\"text_holder_inner\"><h4 itemprop=\"name\" class=\"portfolio_title entry_title\"><a itemprop=\"url\" href=\"https:\/\/www.templars-route.eu\/es\/portfolio_page\/tomar-e-os-templarios-libros-ofrecidos-a-los-estudiantes-de-tomar\/\" >Tomar e os Templarios libros ofrecidos a los estudiantes de Tomar<\/a><\/h4><span class=\"project_category\" >Actualit\u00e9s<\/span><div class=\"icons_holder\"><a itemprop=\"image\" class=\"portfolio_lightbox\" title=\"Tomar e os Templarios libros ofrecidos a los estudiantes de Tomar\" href=\"https:\/\/www.templars-route.eu\/assets\/uploads\/sites\/40\/2021\/01\/Distribution-livre-enfant2.jpg\" data-rel=\"prettyPhoto[pretty_photo_gallery]\" rel=\"prettyPhoto[pretty_photo_gallery]\"><\/a><a data-type=\"icon\" href=\"#\" class=\"qode-like\" id=\"qode-like-18931\" title=\"Like this\"><\/a><a itemprop=\"url\" class=\"preview\" title=\"Go to Project\" href=\"https:\/\/www.templars-route.eu\/es\/portfolio_page\/tomar-e-os-templarios-libros-ofrecidos-a-los-estudiantes-de-tomar\/\" data-type=\"portfolio_list\" target=\"_self\" ><\/a><\/div><\/div><\/div><\/div><div  class=\"portfolio_shader\"><\/div><\/div><a itemprop=\"url\" class=\"portfolio_jg_image_link image_holder subtle_vertical_hover\" href=\"https:\/\/www.templars-route.eu\/es\/portfolio_page\/tomar-e-os-templarios-libros-ofrecidos-a-los-estudiantes-de-tomar\/\" target=\"_self\"><img loading=\"lazy\" decoding=\"async\" width=\"872\" height=\"871\" src=\"https:\/\/www.templars-route.eu\/assets\/uploads\/sites\/40\/2021\/01\/Distribution-livre-enfant2.jpg\" class=\"attachment-full size-full wp-post-image\" alt=\"\" srcset=\"https:\/\/www.templars-route.eu\/assets\/uploads\/sites\/40\/2021\/01\/Distribution-livre-enfant2.jpg 872w, https:\/\/www.templars-route.eu\/assets\/uploads\/sites\/40\/2021\/01\/Distribution-livre-enfant2-150x150.jpg 150w, https:\/\/www.templars-route.eu\/assets\/uploads\/sites\/40\/2021\/01\/Distribution-livre-enfant2-300x300.jpg 300w, https:\/\/www.templars-route.eu\/assets\/uploads\/sites\/40\/2021\/01\/Distribution-livre-enfant2-768x767.jpg 768w, https:\/\/www.templars-route.eu\/assets\/uploads\/sites\/40\/2021\/01\/Distribution-livre-enfant2-570x570.jpg 570w, https:\/\/www.templars-route.eu\/assets\/uploads\/sites\/40\/2021\/01\/Distribution-livre-enfant2-500x500.jpg 500w, https:\/\/www.templars-route.eu\/assets\/uploads\/sites\/40\/2021\/01\/Distribution-livre-enfant2-700x699.jpg 700w\" sizes=\"(max-width: 872px) 100vw, 872px\" \/><\/a><\/article>\n<article class='portfolio_category_226 ' style=''><div class=\"item_holder subtle_vertical_hover\"><div class=\"text_holder\"><div class=\"text_holder_outer\"><div class=\"text_holder_inner\"><h4 itemprop=\"name\" class=\"portfolio_title entry_title\"><a itemprop=\"url\" href=\"https:\/\/www.templars-route.eu\/es\/portfolio_page\/libro-infantil-tomar-e-os-templarios-c-trincao-abril-2020\/\" >Libro infantil Tomar e os Templarios, C. Trincao &#8211; Abril, 2020<\/a><\/h4><span class=\"project_category\" >Actualit\u00e9s<\/span><div class=\"icons_holder\"><a itemprop=\"image\" class=\"portfolio_lightbox\" title=\"Libro infantil Tomar e os Templarios, C. Trincao &#8211; Abril, 2020\" href=\"https:\/\/www.templars-route.eu\/assets\/uploads\/sites\/40\/2020\/11\/Tomar-and-the-Templars.jpg\" data-rel=\"prettyPhoto[pretty_photo_gallery]\" rel=\"prettyPhoto[pretty_photo_gallery]\"><\/a><a data-type=\"icon\" href=\"#\" class=\"qode-like\" id=\"qode-like-18943\" title=\"Like this\"><\/a><a itemprop=\"url\" class=\"preview\" title=\"Go to Project\" href=\"https:\/\/www.templars-route.eu\/es\/portfolio_page\/libro-infantil-tomar-e-os-templarios-c-trincao-abril-2020\/\" data-type=\"portfolio_list\" target=\"_self\" ><\/a><\/div><\/div><\/div><\/div><div  class=\"portfolio_shader\"><\/div><\/div><a itemprop=\"url\" class=\"portfolio_jg_image_link image_holder subtle_vertical_hover\" href=\"https:\/\/www.templars-route.eu\/es\/portfolio_page\/libro-infantil-tomar-e-os-templarios-c-trincao-abril-2020\/\" target=\"_self\"><img loading=\"lazy\" decoding=\"async\" width=\"680\" height=\"880\" src=\"https:\/\/www.templars-route.eu\/assets\/uploads\/sites\/40\/2020\/11\/Tomar-and-the-Templars.jpg\" class=\"attachment-full size-full wp-post-image\" alt=\"\" srcset=\"https:\/\/www.templars-route.eu\/assets\/uploads\/sites\/40\/2020\/11\/Tomar-and-the-Templars.jpg 680w, https:\/\/www.templars-route.eu\/assets\/uploads\/sites\/40\/2020\/11\/Tomar-and-the-Templars-232x300.jpg 232w\" sizes=\"(max-width: 680px) 100vw, 680px\" \/><\/a><\/article>\n<\/div><\/div>[\/vc_column][\/vc_row]<\/p>\n<\/div>","protected":false},"excerpt":{"rendered":"<p>[vc_row css_animation=&#8221;&#8221; row_type=&#8221;row&#8221; use_row_as_full_screen_section=&#8221;no&#8221; type=&#8221;full_width&#8221; angled_section=&#8221;no&#8221; text_align=&#8221;left&#8221; background_image_as_pattern=&#8221;without_pattern&#8221;][vc_column][vc_column_text][ai1ec][\/vc_column_text][\/vc_column][\/vc_row][vc_row css_animation=&#8221;&#8221; row_type=&#8221;row&#8221; use_row_as_full_screen_section=&#8221;no&#8221; type=&#8221;full_width&#8221; angled_section=&#8221;no&#8221; text_align=&#8221;left&#8221; background_image_as_pattern=&#8221;without_pattern&#8221;][vc_column][vc_empty_space height=&#8221;70px&#8221;][vc_column_text] Noticias de la Ruta de los Caballeros Templarios [\/vc_column_text][vc_empty_space height=&#8221;70px&#8221;][\/vc_column][\/vc_row]<\/p>\n","protected":false},"author":1,"featured_media":0,"parent":0,"menu_order":0,"comment_status":"closed","ping_status":"closed","template":"","meta":{"footnotes":""},"class_list":["post-18703","page","type-page","status-publish","hentry"],"yoast_head":"<!-- This site is optimized with the Yoast SEO plugin v26.6 - https:\/\/yoast.com\/wordpress\/plugins\/seo\/ -->\n<title>Agenda - European Templar Route<\/title>\n<meta name=\"robots\" content=\"index, follow, max-snippet:-1, max-image-preview:large, max-video-preview:-1\" \/>\n<link rel=\"canonical\" href=\"https:\/\/www.templars-route.eu\/es\/agenda\/\" \/>\n<meta property=\"og:locale\" content=\"es_ES\" \/>\n<meta property=\"og:type\" content=\"article\" \/>\n<meta property=\"og:title\" content=\"Agenda - European Templar Route\" \/>\n<meta property=\"og:description\" content=\"[vc_row css_animation=&#8221;&#8221; row_type=&#8221;row&#8221; use_row_as_full_screen_section=&#8221;no&#8221; type=&#8221;full_width&#8221; angled_section=&#8221;no&#8221; text_align=&#8221;left&#8221; background_image_as_pattern=&#8221;without_pattern&#8221;][vc_column][vc_column_text][ai1ec][\/vc_column_text][\/vc_column][\/vc_row][vc_row css_animation=&#8221;&#8221; row_type=&#8221;row&#8221; use_row_as_full_screen_section=&#8221;no&#8221; type=&#8221;full_width&#8221; angled_section=&#8221;no&#8221; text_align=&#8221;left&#8221; background_image_as_pattern=&#8221;without_pattern&#8221;][vc_column][vc_empty_space height=&#8221;70px&#8221;][vc_column_text] Noticias de la Ruta de los Caballeros Templarios [\/vc_column_text][vc_empty_space height=&#8221;70px&#8221;][\/vc_column][\/vc_row]\" \/>\n<meta property=\"og:url\" content=\"https:\/\/www.templars-route.eu\/es\/agenda\/\" \/>\n<meta property=\"og:site_name\" content=\"European Templar Route\" \/>\n<meta property=\"article:modified_time\" content=\"2020-12-23T08:57:34+00:00\" \/>\n<meta name=\"twitter:card\" content=\"summary_large_image\" \/>\n<meta name=\"twitter:label1\" content=\"Est. reading time\" \/>\n\t<meta name=\"twitter:data1\" content=\"1 minute\" \/>\n<script type=\"application\/ld+json\" class=\"yoast-schema-graph\">{\"@context\":\"https:\/\/schema.org\",\"@graph\":[{\"@type\":\"WebPage\",\"@id\":\"https:\/\/www.templars-route.eu\/es\/agenda\/\",\"url\":\"https:\/\/www.templars-route.eu\/es\/agenda\/\",\"name\":\"Agenda - European Templar Route\",\"isPartOf\":{\"@id\":\"https:\/\/www.templars-route.eu\/fr\/#website\"},\"datePublished\":\"2020-12-23T08:54:05+00:00\",\"dateModified\":\"2020-12-23T08:57:34+00:00\",\"breadcrumb\":{\"@id\":\"https:\/\/www.templars-route.eu\/es\/agenda\/#breadcrumb\"},\"inLanguage\":\"es-ES\",\"potentialAction\":[{\"@type\":\"ReadAction\",\"target\":[\"https:\/\/www.templars-route.eu\/es\/agenda\/\"]}]},{\"@type\":\"BreadcrumbList\",\"@id\":\"https:\/\/www.templars-route.eu\/es\/agenda\/#breadcrumb\",\"itemListElement\":[{\"@type\":\"ListItem\",\"position\":1,\"name\":\"Accueil\",\"item\":\"https:\/\/www.templars-route.eu\/es\/\"},{\"@type\":\"ListItem\",\"position\":2,\"name\":\"Agenda\"}]},{\"@type\":\"WebSite\",\"@id\":\"https:\/\/www.templars-route.eu\/fr\/#website\",\"url\":\"https:\/\/www.templars-route.eu\/fr\/\",\"name\":\"European Templar Route\",\"description\":\"Un site utilisant Mobylee\",\"potentialAction\":[{\"@type\":\"SearchAction\",\"target\":{\"@type\":\"EntryPoint\",\"urlTemplate\":\"https:\/\/www.templars-route.eu\/fr\/?s={search_term_string}\"},\"query-input\":{\"@type\":\"PropertyValueSpecification\",\"valueRequired\":true,\"valueName\":\"search_term_string\"}}],\"inLanguage\":\"es-ES\"}]}<\/script>\n<!-- \/ Yoast SEO plugin. -->","yoast_head_json":{"title":"Agenda - European Templar Route","robots":{"index":"index","follow":"follow","max-snippet":"max-snippet:-1","max-image-preview":"max-image-preview:large","max-video-preview":"max-video-preview:-1"},"canonical":"https:\/\/www.templars-route.eu\/es\/agenda\/","og_locale":"es_ES","og_type":"article","og_title":"Agenda - European Templar Route","og_description":"[vc_row css_animation=&#8221;&#8221; row_type=&#8221;row&#8221; use_row_as_full_screen_section=&#8221;no&#8221; type=&#8221;full_width&#8221; angled_section=&#8221;no&#8221; text_align=&#8221;left&#8221; background_image_as_pattern=&#8221;without_pattern&#8221;][vc_column][vc_column_text][ai1ec][\/vc_column_text][\/vc_column][\/vc_row][vc_row css_animation=&#8221;&#8221; row_type=&#8221;row&#8221; use_row_as_full_screen_section=&#8221;no&#8221; type=&#8221;full_width&#8221; angled_section=&#8221;no&#8221; text_align=&#8221;left&#8221; background_image_as_pattern=&#8221;without_pattern&#8221;][vc_column][vc_empty_space height=&#8221;70px&#8221;][vc_column_text] Noticias de la Ruta de los Caballeros Templarios [\/vc_column_text][vc_empty_space height=&#8221;70px&#8221;][\/vc_column][\/vc_row]","og_url":"https:\/\/www.templars-route.eu\/es\/agenda\/","og_site_name":"European Templar Route","article_modified_time":"2020-12-23T08:57:34+00:00","twitter_card":"summary_large_image","twitter_misc":{"Est. reading time":"1 minute"},"schema":{"@context":"https:\/\/schema.org","@graph":[{"@type":"WebPage","@id":"https:\/\/www.templars-route.eu\/es\/agenda\/","url":"https:\/\/www.templars-route.eu\/es\/agenda\/","name":"Agenda - European Templar Route","isPartOf":{"@id":"https:\/\/www.templars-route.eu\/fr\/#website"},"datePublished":"2020-12-23T08:54:05+00:00","dateModified":"2020-12-23T08:57:34+00:00","breadcrumb":{"@id":"https:\/\/www.templars-route.eu\/es\/agenda\/#breadcrumb"},"inLanguage":"es-ES","potentialAction":[{"@type":"ReadAction","target":["https:\/\/www.templars-route.eu\/es\/agenda\/"]}]},{"@type":"BreadcrumbList","@id":"https:\/\/www.templars-route.eu\/es\/agenda\/#breadcrumb","itemListElement":[{"@type":"ListItem","position":1,"name":"Accueil","item":"https:\/\/www.templars-route.eu\/es\/"},{"@type":"ListItem","position":2,"name":"Agenda"}]},{"@type":"WebSite","@id":"https:\/\/www.templars-route.eu\/fr\/#website","url":"https:\/\/www.templars-route.eu\/fr\/","name":"European Templar Route","description":"Un site utilisant Mobylee","potentialAction":[{"@type":"SearchAction","target":{"@type":"EntryPoint","urlTemplate":"https:\/\/www.templars-route.eu\/fr\/?s={search_term_string}"},"query-input":{"@type":"PropertyValueSpecification","valueRequired":true,"valueName":"search_term_string"}}],"inLanguage":"es-ES"}]}},"_links":{"self":[{"href":"https:\/\/www.templars-route.eu\/es\/wp-json\/wp\/v2\/pages\/18703\/"}],"collection":[{"href":"https:\/\/www.templars-route.eu\/es\/wp-json\/wp\/v2\/pages\/"}],"about":[{"href":"https:\/\/www.templars-route.eu\/es\/wp-json\/wp\/v2\/types\/page\/"}],"author":[{"embeddable":true,"href":"https:\/\/www.templars-route.eu\/es\/wp-json\/wp\/v2\/users\/1\/"}],"replies":[{"embeddable":true,"href":"https:\/\/www.templars-route.eu\/es\/wp-json\/wp\/v2\/comments\/?post=18703"}],"version-history":[{"count":1,"href":"https:\/\/www.templars-route.eu\/es\/wp-json\/wp\/v2\/pages\/18703\/revisions\/"}],"predecessor-version":[{"id":18704,"href":"https:\/\/www.templars-route.eu\/es\/wp-json\/wp\/v2\/pages\/18703\/revisions\/18704\/"}],"wp:attachment":[{"href":"https:\/\/www.templars-route.eu\/es\/wp-json\/wp\/v2\/media\/?parent=18703"}],"curies":[{"name":"wp","href":"https:\/\/api.w.org\/{rel}","templated":true}]}}