{"id":20309,"date":"2023-02-27T16:39:04","date_gmt":"2023-02-27T15:39:04","guid":{"rendered":"https:\/\/www.templars-route.eu\/commanderie-des-templiers-de-coulommiers\/"},"modified":"2025-01-22T08:15:19","modified_gmt":"2025-01-22T07:15:19","slug":"commanderie-des-templiers-de-coulommiers","status":"publish","type":"page","link":"https:\/\/www.templars-route.eu\/en\/commanderie-des-templiers-de-coulommiers\/","title":{"rendered":"Commanderie des templiers de Coulommiers"},"content":{"rendered":"<div class=\"wpb-content-wrapper\"><p>[vc_row css_animation=&#8221;&#8221; row_type=&#8221;row&#8221; use_row_as_full_screen_section=&#8221;no&#8221; type=&#8221;full_width&#8221; angled_section=&#8221;no&#8221; text_align=&#8221;left&#8221; background_image_as_pattern=&#8221;without_pattern&#8221;][vc_column width=&#8221;1\/2&#8243;][vc_single_image image=&#8221;20249&#8243; img_size=&#8221;large&#8221; add_caption=&#8221;yes&#8221; alignment=&#8221;center&#8221; css=&#8221;&#8221; qode_css_animation=&#8221;&#8221;][vc_empty_space][\/vc_column][vc_column width=&#8221;1\/2&#8243;][vc_column_text]Fond\u00e9e avant 1173, la commanderie de Coulommiers poss\u00e9dait plusieurs moulins, dont un qui lui avait \u00e9t\u00e9 donn\u00e9 en 1194 par Pierre de Tosquino, avec l\u2019approbation de la comtesse Marie de France. En 1198, le comte de Champagne Thibaud III confirme une importante donation de terres que Robert de Milly avait faite aux Templiers. On apprend alors que le domaine agricole de Coulommiers \u00e9tait d\u00e9j\u00e0 constitu\u00e9 autour d\u2019une grange. En juin 1232, la commanderie re\u00e7oit du comte Thibaud IV 400 arpents de terre dans la for\u00eat de Mahant.[\/vc_column_text][vc_empty_space][vc_column_text]Par son domaine et surtout par les vestiges qui subsistent, la commanderie de Coulommiers est l\u2019un des plus int\u00e9ressants ensemble templier de l\u2019ancien comt\u00e9 de Champagne et de Brie. La commanderie, sa chapelle et son commandeur sont cit\u00e9s dans le proc\u00e8s (<em>in capella domus Templi de Colomeriis Meldensis diocesis &#8211; Roberto Frisonre preceptore dicte domus de Colomeriis<\/em>).[\/vc_column_text][vc_empty_space][vc_column_text]Depuis 1994, la commanderie des Templiers de Coulommiers est class\u00e9e au titre des Monuments historiques.[\/vc_column_text][\/vc_column][\/vc_row][vc_row css_animation=&#8221;&#8221; row_type=&#8221;row&#8221; use_row_as_full_screen_section=&#8221;no&#8221; type=&#8221;full_width&#8221; angled_section=&#8221;no&#8221; text_align=&#8221;left&#8221; background_image_as_pattern=&#8221;without_pattern&#8221;][vc_column][vc_empty_space][vc_separator type=&#8221;normal&#8221;][vc_empty_space height=&#8221;15px&#8221;][\/vc_column][\/vc_row][vc_row css_animation=&#8221;&#8221; row_type=&#8221;row&#8221; use_row_as_full_screen_section=&#8221;no&#8221; type=&#8221;full_width&#8221; angled_section=&#8221;no&#8221; text_align=&#8221;left&#8221; background_image_as_pattern=&#8221;without_pattern&#8221;][vc_column width=&#8221;1\/2&#8243;][vc_column_text]<\/p>\n<h2>Coordonn\u00e9es<\/h2>\n<p>&nbsp;<\/p>\n<p><strong>Commanderie des Templiers de Coulommiers<\/strong><br \/>\n1 Rue des Templiers<br \/>\n77120 Coulommiers[\/vc_column_text][vc_empty_space][\/vc_column][vc_column width=&#8221;1\/2&#8243;]<div id='wrap_map_69dc4bc158c2d' class='ultimate-map-wrapper ult-adjust-bottom-margin ' style=' height:300px;'><div id='map_69dc4bc158c2d' data-map_override='0' class='ultimate_google_map wpb_content_element 0' style='width:100%;height:300px;'><\/div><\/div><script type='text\/javascript'>\n\t\t\t(function($) {\n  \t\t\t'use strict';\n\t\t\tvar map_map_69dc4bc158c2d = null;\n\t\t\tvar coordinate_map_69dc4bc158c2d;\n\t\t\tvar isDraggable = $(document).width() > 641 ? 'true' : 'true';\n\t\t\ttry\n\t\t\t{\n\t\t\t\tvar map_map_69dc4bc158c2d = null;\n\t\t\t\tvar coordinate_map_69dc4bc158c2d;\n\t\t\t\tcoordinate_map_69dc4bc158c2d = new google.maps.LatLng(48.82384, 3.09449);\n\t\t\t\tvar mapOptions=\n\t\t\t\t{\n\t\t\t\t\tzoom: 12,\n\t\t\t\t\tcenter: coordinate_map_69dc4bc158c2d,\n\t\t\t\t\tscaleControl: true,\n\t\t\t\t\tstreetViewControl: false,\n\t\t\t\t\tmapTypeControl: false,\n\t\t\t\t\tpanControl: false,\n\t\t\t\t\tzoomControl: false,\n\t\t\t\t\tscrollwheel: true,\n\t\t\t\t\tdraggable: isDraggable,\n\t\t\t\t\tzoomControlOptions: {\n\t\t\t\t\t\tposition: google.maps.ControlPosition.right_bottom\n\t\t\t\t\t},mapTypeId: google.maps.MapTypeId.roadmap,};var map_map_69dc4bc158c2d = new google.maps.Map(document.getElementById('map_69dc4bc158c2d'),mapOptions);\n\t\t\t\t\t\tvar x = 'infowindow_open_value';\n\t\t\t\t\t\tvar marker_map_69dc4bc158c2d = new google.maps.Marker({\n\t\t\t\t\t\tposition: new google.maps.LatLng('48.82384', '3.09449'),\n\t\t\t\t\t\tanimation:  google.maps.Animation.DROP,\n\t\t\t\t\t\tmap: map_map_69dc4bc158c2d,\n\t\t\t\t\t\ticon: ''\n\t\t\t\t\t});\tgoogle.maps.event.addListener(marker_map_69dc4bc158c2d, 'click', toggleBounce);}\n\t\t\tcatch(e){};\n\t\t\tjQuery(document).ready(function($){\n\t\t\t\tgoogle.maps.event.trigger(map_map_69dc4bc158c2d, 'resize');\n\t\t\t\t$(window).on('resize', function(){\n\t\t\t\t\tgoogle.maps.event.trigger(map_map_69dc4bc158c2d, 'resize');\n\t\t\t\t\tif(map_map_69dc4bc158c2d!=null)\n\t\t\t\t\t\tmap_map_69dc4bc158c2d.setCenter(coordinate_map_69dc4bc158c2d);\n\t\t\t\t});\n\t\t\t\t$('.ui-tabs').on('tabsactivate', function(event, ui) {\n\t\t\t\t   if($(this).find('.ultimate-map-wrapper').length > 0)\n\t\t\t\t\t{\n\t\t\t\t\t\tsetTimeout(function(){\n\t\t\t\t\t\t\t$(window).trigger('resize');\n\t\t\t\t\t\t},200);\n\t\t\t\t\t}\n\t\t\t\t});\n\t\t\t\t$('.ui-accordion').on('accordionactivate', function(event, ui) {\n\t\t\t\t   if($(this).find('.ultimate-map-wrapper').length > 0)\n\t\t\t\t\t{\n\t\t\t\t\t\tsetTimeout(function(){\n\t\t\t\t\t\t\t$(window).trigger('resize');\n\t\t\t\t\t\t},200);\n\t\t\t\t\t}\n\t\t\t\t});\n\t\t\t\t$(window).on('load',function(){\n\t\t\t\t\tsetTimeout(function(){\n\t\t\t\t\t\t$(window).trigger('resize');\n\t\t\t\t\t},200);\n\t\t\t\t});\n\t\t\t\t$('.ult_exp_section').on('select', function(){\n\t\t\t\t\tif($(map_map_69dc4bc158c2d).parents('.ult_exp_section'))\n\t\t\t\t\t{\n\t\t\t\t\t\tsetTimeout(function(){\n\t\t\t\t\t\t\t$(window).trigger('resize');\n\t\t\t\t\t\t},200);\n\t\t\t\t\t}\n\t\t\t\t});\n\t\t\t\t$(document).on('onUVCModalPopupOpen', function(){\n\t\t\t\t\tif($(map_map_69dc4bc158c2d).parents('.ult_modal-content'))\n\t\t\t\t\t{\n\t\t\t\t\t\tsetTimeout(function(){\n\t\t\t\t\t\t\t$(window).trigger('resize');\n\t\t\t\t\t\t},200);\n\t\t\t\t\t}\n\t\t\t\t});\n\t\t\t\t$(document).on('click','.ult_tab_li',function(){\n\t\t\t\t\t$(window).trigger('resize');\n\t\t\t\t\tsetTimeout(function(){\n\t\t\t\t\t\t$(window).trigger('resize');\n\t\t\t\t\t},200);\n\t\t\t\t});\n\t\t\t});\n\t\t\tfunction toggleBounce() {\n\t\t\t  if (marker_map_69dc4bc158c2d.getAnimation() != null) {\n\t\t\t\tmarker_map_69dc4bc158c2d.setAnimation(null);\n\t\t\t  } else {\n\t\t\t\tmarker_map_69dc4bc158c2d.setAnimation(google.maps.Animation.BOUNCE);\n\t\t\t  }\n\t\t\t}\n\t\t\t})(jQuery);\n\t\t\t<\/script>[\/vc_column][\/vc_row]<\/p>\n<\/div>","protected":false},"excerpt":{"rendered":"<p>[vc_row css_animation=&#8221;&#8221; row_type=&#8221;row&#8221; use_row_as_full_screen_section=&#8221;no&#8221; type=&#8221;full_width&#8221; angled_section=&#8221;no&#8221; text_align=&#8221;left&#8221; background_image_as_pattern=&#8221;without_pattern&#8221;][vc_column width=&#8221;1\/2&#8243;][vc_single_image image=&#8221;20249&#8243; img_size=&#8221;large&#8221; add_caption=&#8221;yes&#8221; alignment=&#8221;center&#8221; css=&#8221;&#8221; qode_css_animation=&#8221;&#8221;][vc_empty_space][\/vc_column][vc_column width=&#8221;1\/2&#8243;][vc_column_text]Fond\u00e9e avant 1173, la commanderie de Coulommiers poss\u00e9dait plusieurs moulins, dont un qui lui avait \u00e9t\u00e9 donn\u00e9 en 1194 par Pierre de Tosquino, avec l\u2019approbation de la comtesse Marie de&#8230;<\/p>\n","protected":false},"author":95,"featured_media":0,"parent":0,"menu_order":0,"comment_status":"closed","ping_status":"closed","template":"","meta":{"footnotes":""},"class_list":["post-20309","page","type-page","status-publish","hentry"],"yoast_head":"<!-- This site is optimized with the Yoast SEO plugin v26.6 - https:\/\/yoast.com\/wordpress\/plugins\/seo\/ -->\n<title>Commanderie des templiers de Coulommiers - European Templar Route<\/title>\n<meta name=\"robots\" content=\"index, follow, max-snippet:-1, max-image-preview:large, max-video-preview:-1\" \/>\n<link rel=\"canonical\" href=\"https:\/\/www.templars-route.eu\/en\/commanderie-des-templiers-de-coulommiers\/\" \/>\n<meta property=\"og:locale\" content=\"en_US\" \/>\n<meta property=\"og:type\" content=\"article\" \/>\n<meta property=\"og:title\" content=\"Commanderie des templiers de Coulommiers - European Templar Route\" \/>\n<meta property=\"og:description\" content=\"[vc_row css_animation=&#8221;&#8221; row_type=&#8221;row&#8221; use_row_as_full_screen_section=&#8221;no&#8221; type=&#8221;full_width&#8221; angled_section=&#8221;no&#8221; text_align=&#8221;left&#8221; background_image_as_pattern=&#8221;without_pattern&#8221;][vc_column width=&#8221;1\/2&#8243;][vc_single_image image=&#8221;20249&#8243; img_size=&#8221;large&#8221; add_caption=&#8221;yes&#8221; alignment=&#8221;center&#8221; css=&#8221;&#8221; qode_css_animation=&#8221;&#8221;][vc_empty_space][\/vc_column][vc_column width=&#8221;1\/2&#8243;][vc_column_text]Fond\u00e9e avant 1173, la commanderie de Coulommiers poss\u00e9dait plusieurs moulins, dont un qui lui avait \u00e9t\u00e9 donn\u00e9 en 1194 par Pierre de Tosquino, avec l\u2019approbation de la comtesse Marie de...\" \/>\n<meta property=\"og:url\" content=\"https:\/\/www.templars-route.eu\/en\/commanderie-des-templiers-de-coulommiers\/\" \/>\n<meta property=\"og:site_name\" content=\"European Templar Route\" \/>\n<meta property=\"article:modified_time\" content=\"2025-01-22T07:15:19+00:00\" \/>\n<meta name=\"twitter:card\" content=\"summary_large_image\" \/>\n<meta name=\"twitter:label1\" content=\"Est. reading time\" \/>\n\t<meta name=\"twitter:data1\" content=\"2 minutes\" \/>\n<script type=\"application\/ld+json\" class=\"yoast-schema-graph\">{\"@context\":\"https:\/\/schema.org\",\"@graph\":[{\"@type\":\"WebPage\",\"@id\":\"https:\/\/www.templars-route.eu\/en\/commanderie-des-templiers-de-coulommiers\/\",\"url\":\"https:\/\/www.templars-route.eu\/en\/commanderie-des-templiers-de-coulommiers\/\",\"name\":\"Commanderie des templiers de Coulommiers - European Templar Route\",\"isPartOf\":{\"@id\":\"https:\/\/www.templars-route.eu\/fr\/#website\"},\"datePublished\":\"2023-02-27T15:39:04+00:00\",\"dateModified\":\"2025-01-22T07:15:19+00:00\",\"breadcrumb\":{\"@id\":\"https:\/\/www.templars-route.eu\/en\/commanderie-des-templiers-de-coulommiers\/#breadcrumb\"},\"inLanguage\":\"en-US\",\"potentialAction\":[{\"@type\":\"ReadAction\",\"target\":[\"https:\/\/www.templars-route.eu\/en\/commanderie-des-templiers-de-coulommiers\/\"]}]},{\"@type\":\"BreadcrumbList\",\"@id\":\"https:\/\/www.templars-route.eu\/en\/commanderie-des-templiers-de-coulommiers\/#breadcrumb\",\"itemListElement\":[{\"@type\":\"ListItem\",\"position\":1,\"name\":\"Accueil\",\"item\":\"https:\/\/www.templars-route.eu\/en\/\"},{\"@type\":\"ListItem\",\"position\":2,\"name\":\"Commanderie des templiers de Coulommiers\"}]},{\"@type\":\"WebSite\",\"@id\":\"https:\/\/www.templars-route.eu\/fr\/#website\",\"url\":\"https:\/\/www.templars-route.eu\/fr\/\",\"name\":\"European Templar Route\",\"description\":\"Un site utilisant Mobylee\",\"potentialAction\":[{\"@type\":\"SearchAction\",\"target\":{\"@type\":\"EntryPoint\",\"urlTemplate\":\"https:\/\/www.templars-route.eu\/fr\/?s={search_term_string}\"},\"query-input\":{\"@type\":\"PropertyValueSpecification\",\"valueRequired\":true,\"valueName\":\"search_term_string\"}}],\"inLanguage\":\"en-US\"}]}<\/script>\n<!-- \/ Yoast SEO plugin. -->","yoast_head_json":{"title":"Commanderie des templiers de Coulommiers - European Templar Route","robots":{"index":"index","follow":"follow","max-snippet":"max-snippet:-1","max-image-preview":"max-image-preview:large","max-video-preview":"max-video-preview:-1"},"canonical":"https:\/\/www.templars-route.eu\/en\/commanderie-des-templiers-de-coulommiers\/","og_locale":"en_US","og_type":"article","og_title":"Commanderie des templiers de Coulommiers - European Templar Route","og_description":"[vc_row css_animation=&#8221;&#8221; row_type=&#8221;row&#8221; use_row_as_full_screen_section=&#8221;no&#8221; type=&#8221;full_width&#8221; angled_section=&#8221;no&#8221; text_align=&#8221;left&#8221; background_image_as_pattern=&#8221;without_pattern&#8221;][vc_column width=&#8221;1\/2&#8243;][vc_single_image image=&#8221;20249&#8243; img_size=&#8221;large&#8221; add_caption=&#8221;yes&#8221; alignment=&#8221;center&#8221; css=&#8221;&#8221; qode_css_animation=&#8221;&#8221;][vc_empty_space][\/vc_column][vc_column width=&#8221;1\/2&#8243;][vc_column_text]Fond\u00e9e avant 1173, la commanderie de Coulommiers poss\u00e9dait plusieurs moulins, dont un qui lui avait \u00e9t\u00e9 donn\u00e9 en 1194 par Pierre de Tosquino, avec l\u2019approbation de la comtesse Marie de...","og_url":"https:\/\/www.templars-route.eu\/en\/commanderie-des-templiers-de-coulommiers\/","og_site_name":"European Templar Route","article_modified_time":"2025-01-22T07:15:19+00:00","twitter_card":"summary_large_image","twitter_misc":{"Est. reading time":"2 minutes"},"schema":{"@context":"https:\/\/schema.org","@graph":[{"@type":"WebPage","@id":"https:\/\/www.templars-route.eu\/en\/commanderie-des-templiers-de-coulommiers\/","url":"https:\/\/www.templars-route.eu\/en\/commanderie-des-templiers-de-coulommiers\/","name":"Commanderie des templiers de Coulommiers - European Templar Route","isPartOf":{"@id":"https:\/\/www.templars-route.eu\/fr\/#website"},"datePublished":"2023-02-27T15:39:04+00:00","dateModified":"2025-01-22T07:15:19+00:00","breadcrumb":{"@id":"https:\/\/www.templars-route.eu\/en\/commanderie-des-templiers-de-coulommiers\/#breadcrumb"},"inLanguage":"en-US","potentialAction":[{"@type":"ReadAction","target":["https:\/\/www.templars-route.eu\/en\/commanderie-des-templiers-de-coulommiers\/"]}]},{"@type":"BreadcrumbList","@id":"https:\/\/www.templars-route.eu\/en\/commanderie-des-templiers-de-coulommiers\/#breadcrumb","itemListElement":[{"@type":"ListItem","position":1,"name":"Accueil","item":"https:\/\/www.templars-route.eu\/en\/"},{"@type":"ListItem","position":2,"name":"Commanderie des templiers de Coulommiers"}]},{"@type":"WebSite","@id":"https:\/\/www.templars-route.eu\/fr\/#website","url":"https:\/\/www.templars-route.eu\/fr\/","name":"European Templar Route","description":"Un site utilisant Mobylee","potentialAction":[{"@type":"SearchAction","target":{"@type":"EntryPoint","urlTemplate":"https:\/\/www.templars-route.eu\/fr\/?s={search_term_string}"},"query-input":{"@type":"PropertyValueSpecification","valueRequired":true,"valueName":"search_term_string"}}],"inLanguage":"en-US"}]}},"_links":{"self":[{"href":"https:\/\/www.templars-route.eu\/en\/wp-json\/wp\/v2\/pages\/20309\/"}],"collection":[{"href":"https:\/\/www.templars-route.eu\/en\/wp-json\/wp\/v2\/pages\/"}],"about":[{"href":"https:\/\/www.templars-route.eu\/en\/wp-json\/wp\/v2\/types\/page\/"}],"author":[{"embeddable":true,"href":"https:\/\/www.templars-route.eu\/en\/wp-json\/wp\/v2\/users\/95\/"}],"replies":[{"embeddable":true,"href":"https:\/\/www.templars-route.eu\/en\/wp-json\/wp\/v2\/comments\/?post=20309"}],"version-history":[{"count":2,"href":"https:\/\/www.templars-route.eu\/en\/wp-json\/wp\/v2\/pages\/20309\/revisions\/"}],"predecessor-version":[{"id":22391,"href":"https:\/\/www.templars-route.eu\/en\/wp-json\/wp\/v2\/pages\/20309\/revisions\/22391\/"}],"wp:attachment":[{"href":"https:\/\/www.templars-route.eu\/en\/wp-json\/wp\/v2\/media\/?parent=20309"}],"curies":[{"name":"wp","href":"https:\/\/api.w.org\/{rel}","templated":true}]}}