{"id":18573,"date":"2020-11-25T15:56:05","date_gmt":"2020-11-25T14:56:05","guid":{"rendered":"https:\/\/www.templars-route.eu\/commanderie-de-jales\/"},"modified":"2020-12-11T17:51:51","modified_gmt":"2020-12-11T16:51:51","slug":"commandery-of-jales","status":"publish","type":"page","link":"https:\/\/www.templars-route.eu\/en\/commandery-of-jales\/","title":{"rendered":"Commandery of Jal\u00e8s"},"content":{"rendered":"<div class=\"wpb-content-wrapper\"><p>[vc_row css_animation=&#8221;&#8221; row_type=&#8221;row&#8221; use_row_as_full_screen_section=&#8221;no&#8221; type=&#8221;full_width&#8221; angled_section=&#8221;no&#8221; text_align=&#8221;left&#8221; background_image_as_pattern=&#8221;without_pattern&#8221;][vc_column width=&#8221;2\/3&#8243;][vc_column_text]Witness of 8 centuries of history, the Commandery of Jal\u00e8s, built around 1140, knew within its walls the &#8220;Poor Knights of Christ and the Temple of Jerusalem&#8221; (otherwise known as the Knights Templar), then the Hospitallers of St. John of Jerusalem, and finally the Knights of Malta who, in turn, were the lords of a real fiefdom until the revolution.<\/p>\n<p>In this last period, Jal\u00e8s was the epicenter of armed gatherings known as the &#8220;Camps of Jal\u00e8s&#8221; which resulted in the conspiracy of Saillans and the destruction of the castle of Banne. Sold in lots as a national asset in 1793, the building was bought back by farmers of the commune. The commandery owes this to the fact that, like many other buildings of the old regime, it did not end its career as a&#8230; stone quarry! Rarely in France, the 12th century convent complex of the Commanderie is still visible. A large part of the buildings of the commandery is today the property of the Department of Ard\u00e8che. In Jal\u00e8s, Arch\u00e9orient, a CNRS laboratory specialized in the study of the environment and societies of the ancient Orient, also resides. [\/vc_column_text][vc_empty_space][\/vc_column][\/vc_row][vc_row css_animation=&#8221;&#8221; row_type=&#8221;row&#8221; use_row_as_full_screen_section=&#8221;no&#8221; type=&#8221;full_width&#8221; angled_section=&#8221;no&#8221; text_align=&#8221;left&#8221; background_image_as_pattern=&#8221;without_pattern&#8221;][vc_column width=&#8221;1\/2&#8243;][vc_column_text]<\/p>\n<h2>Contact information<\/h2>\n<p>&nbsp;<\/p>\n<p><strong>Commanderie de Jal\u00e8s<\/strong><br \/>\nAssociation &#8220;Les Amis de la Commanderie Templi\u00e8re de Jal\u00e8s&#8221; Act\u2019Jal\u00e8s,<br \/>\nMairie de Berrias<br \/>\n07460 Berrias-et-Casteljau<br \/>\nE-mail : <a href=\"mailto:Jales07460@gmail.com\" target=\"_blank\" rel=\"noopener noreferrer\">Jales07460<span class=\"mcrypt\">@<\/span>gmail.com<\/a><br \/>\n<a href=\"http:\/\/www.jales.fr\" target=\"_blank\" rel=\"noopener noreferrer\">www.jales.fr<\/a>[\/vc_column_text][\/vc_column][vc_column width=&#8221;1\/2&#8243;][vc_gmaps link=&#8221;#E-8_JTNDaWZyYW1lJTIwc3JjJTNEJTIyaHR0cHMlM0ElMkYlMkZ3d3cuZ29vZ2xlLmNvbSUyRm1hcHMlMkZlbWJlZCUzRnBiJTNEJTIxMW0xOCUyMTFtMTIlMjExbTMlMjExZDkxMzA2LjgzOTE1OTkyMDIyJTIxMmQ0LjEyNDE0MTA2NTQyNDkxMiUyMTNkNDQuMzQ0MDkyNDE4NzYyMzYlMjEybTMlMjExZjAlMjEyZjAlMjEzZjAlMjEzbTIlMjExaTEwMjQlMjEyaTc2OCUyMTRmMTMuMSUyMTNtMyUyMTFtMiUyMTFzMHgxMmI0Zjc1YWNhZDU4OWYzJTI1M0EweDYwYzBkMDMwNjA0NDllNTAlMjEyc0NvbW1hbmRlcmllJTI1MjBkZSUyNTIwSmFsJTI1QzMlMjVBOHMlMjE1ZTAlMjEzbTIlMjExc2ZyJTIxMnNmciUyMTR2MTYwNjMxNjEzNjA3NyUyMTVtMiUyMTFzZnIlMjEyc2ZyJTIyJTIwd2lkdGglM0QlMjI2MDAlMjIlMjBoZWlnaHQlM0QlMjIzMDAlMjIlMjBmcmFtZWJvcmRlciUzRCUyMjAlMjIlMjBzdHlsZSUzRCUyMmJvcmRlciUzQTAlM0IlMjIlMjBhbGxvd2Z1bGxzY3JlZW4lM0QlMjIlMjIlMjBhcmlhLWhpZGRlbiUzRCUyMmZhbHNlJTIyJTIwdGFiaW5kZXglM0QlMjIwJTIyJTNFJTNDJTJGaWZyYW1lJTNF&#8221;][\/vc_column][\/vc_row]<\/p>\n<\/div>","protected":false},"excerpt":{"rendered":"<p>[vc_row css_animation=&#8221;&#8221; row_type=&#8221;row&#8221; use_row_as_full_screen_section=&#8221;no&#8221; type=&#8221;full_width&#8221; angled_section=&#8221;no&#8221; text_align=&#8221;left&#8221; background_image_as_pattern=&#8221;without_pattern&#8221;][vc_column width=&#8221;2\/3&#8243;][vc_column_text]Witness of 8 centuries of history, the Commandery of Jal\u00e8s, built around 1140, knew within its walls the &#8220;Poor Knights of Christ and the Temple of Jerusalem&#8221; (otherwise known as the Knights Templar), then the Hospitallers of&#8230;<\/p>\n","protected":false},"author":27,"featured_media":0,"parent":0,"menu_order":0,"comment_status":"closed","ping_status":"closed","template":"","meta":{"footnotes":""},"class_list":["post-18573","page","type-page","status-publish","hentry"],"yoast_head":"<!-- This site is optimized with the Yoast SEO plugin v26.6 - https:\/\/yoast.com\/wordpress\/plugins\/seo\/ -->\n<title>Commandery of Jal\u00e8s - European Templar Route<\/title>\n<meta name=\"robots\" content=\"index, follow, max-snippet:-1, max-image-preview:large, max-video-preview:-1\" \/>\n<link rel=\"canonical\" href=\"https:\/\/www.templars-route.eu\/en\/commandery-of-jales\/\" \/>\n<meta property=\"og:locale\" content=\"en_US\" \/>\n<meta property=\"og:type\" content=\"article\" \/>\n<meta property=\"og:title\" content=\"Commandery of Jal\u00e8s - European Templar Route\" \/>\n<meta property=\"og:description\" content=\"[vc_row css_animation=&#8221;&#8221; row_type=&#8221;row&#8221; use_row_as_full_screen_section=&#8221;no&#8221; type=&#8221;full_width&#8221; angled_section=&#8221;no&#8221; text_align=&#8221;left&#8221; background_image_as_pattern=&#8221;without_pattern&#8221;][vc_column width=&#8221;2\/3&#8243;][vc_column_text]Witness of 8 centuries of history, the Commandery of Jal\u00e8s, built around 1140, knew within its walls the &#8220;Poor Knights of Christ and the Temple of Jerusalem&#8221; (otherwise known as the Knights Templar), then the Hospitallers of...\" \/>\n<meta property=\"og:url\" content=\"https:\/\/www.templars-route.eu\/en\/commandery-of-jales\/\" \/>\n<meta property=\"og:site_name\" content=\"European Templar Route\" \/>\n<meta property=\"article:modified_time\" content=\"2020-12-11T16:51:51+00:00\" \/>\n<meta name=\"twitter:card\" content=\"summary_large_image\" \/>\n<meta name=\"twitter:label1\" content=\"Est. reading time\" \/>\n\t<meta name=\"twitter:data1\" content=\"2 minutes\" \/>\n<script type=\"application\/ld+json\" class=\"yoast-schema-graph\">{\"@context\":\"https:\/\/schema.org\",\"@graph\":[{\"@type\":\"WebPage\",\"@id\":\"https:\/\/www.templars-route.eu\/en\/commandery-of-jales\/\",\"url\":\"https:\/\/www.templars-route.eu\/en\/commandery-of-jales\/\",\"name\":\"Commandery of Jal\u00e8s - European Templar Route\",\"isPartOf\":{\"@id\":\"https:\/\/www.templars-route.eu\/fr\/#website\"},\"datePublished\":\"2020-11-25T14:56:05+00:00\",\"dateModified\":\"2020-12-11T16:51:51+00:00\",\"breadcrumb\":{\"@id\":\"https:\/\/www.templars-route.eu\/en\/commandery-of-jales\/#breadcrumb\"},\"inLanguage\":\"en-US\",\"potentialAction\":[{\"@type\":\"ReadAction\",\"target\":[\"https:\/\/www.templars-route.eu\/en\/commandery-of-jales\/\"]}]},{\"@type\":\"BreadcrumbList\",\"@id\":\"https:\/\/www.templars-route.eu\/en\/commandery-of-jales\/#breadcrumb\",\"itemListElement\":[{\"@type\":\"ListItem\",\"position\":1,\"name\":\"Accueil\",\"item\":\"https:\/\/www.templars-route.eu\/en\/\"},{\"@type\":\"ListItem\",\"position\":2,\"name\":\"Commandery of Jal\u00e8s\"}]},{\"@type\":\"WebSite\",\"@id\":\"https:\/\/www.templars-route.eu\/fr\/#website\",\"url\":\"https:\/\/www.templars-route.eu\/fr\/\",\"name\":\"European Templar Route\",\"description\":\"Un site utilisant Mobylee\",\"potentialAction\":[{\"@type\":\"SearchAction\",\"target\":{\"@type\":\"EntryPoint\",\"urlTemplate\":\"https:\/\/www.templars-route.eu\/fr\/?s={search_term_string}\"},\"query-input\":{\"@type\":\"PropertyValueSpecification\",\"valueRequired\":true,\"valueName\":\"search_term_string\"}}],\"inLanguage\":\"en-US\"}]}<\/script>\n<!-- \/ Yoast SEO plugin. -->","yoast_head_json":{"title":"Commandery of Jal\u00e8s - European Templar Route","robots":{"index":"index","follow":"follow","max-snippet":"max-snippet:-1","max-image-preview":"max-image-preview:large","max-video-preview":"max-video-preview:-1"},"canonical":"https:\/\/www.templars-route.eu\/en\/commandery-of-jales\/","og_locale":"en_US","og_type":"article","og_title":"Commandery of Jal\u00e8s - European Templar Route","og_description":"[vc_row css_animation=&#8221;&#8221; row_type=&#8221;row&#8221; use_row_as_full_screen_section=&#8221;no&#8221; type=&#8221;full_width&#8221; angled_section=&#8221;no&#8221; text_align=&#8221;left&#8221; background_image_as_pattern=&#8221;without_pattern&#8221;][vc_column width=&#8221;2\/3&#8243;][vc_column_text]Witness of 8 centuries of history, the Commandery of Jal\u00e8s, built around 1140, knew within its walls the &#8220;Poor Knights of Christ and the Temple of Jerusalem&#8221; (otherwise known as the Knights Templar), then the Hospitallers of...","og_url":"https:\/\/www.templars-route.eu\/en\/commandery-of-jales\/","og_site_name":"European Templar Route","article_modified_time":"2020-12-11T16:51:51+00:00","twitter_card":"summary_large_image","twitter_misc":{"Est. reading time":"2 minutes"},"schema":{"@context":"https:\/\/schema.org","@graph":[{"@type":"WebPage","@id":"https:\/\/www.templars-route.eu\/en\/commandery-of-jales\/","url":"https:\/\/www.templars-route.eu\/en\/commandery-of-jales\/","name":"Commandery of Jal\u00e8s - European Templar Route","isPartOf":{"@id":"https:\/\/www.templars-route.eu\/fr\/#website"},"datePublished":"2020-11-25T14:56:05+00:00","dateModified":"2020-12-11T16:51:51+00:00","breadcrumb":{"@id":"https:\/\/www.templars-route.eu\/en\/commandery-of-jales\/#breadcrumb"},"inLanguage":"en-US","potentialAction":[{"@type":"ReadAction","target":["https:\/\/www.templars-route.eu\/en\/commandery-of-jales\/"]}]},{"@type":"BreadcrumbList","@id":"https:\/\/www.templars-route.eu\/en\/commandery-of-jales\/#breadcrumb","itemListElement":[{"@type":"ListItem","position":1,"name":"Accueil","item":"https:\/\/www.templars-route.eu\/en\/"},{"@type":"ListItem","position":2,"name":"Commandery of Jal\u00e8s"}]},{"@type":"WebSite","@id":"https:\/\/www.templars-route.eu\/fr\/#website","url":"https:\/\/www.templars-route.eu\/fr\/","name":"European Templar Route","description":"Un site utilisant Mobylee","potentialAction":[{"@type":"SearchAction","target":{"@type":"EntryPoint","urlTemplate":"https:\/\/www.templars-route.eu\/fr\/?s={search_term_string}"},"query-input":{"@type":"PropertyValueSpecification","valueRequired":true,"valueName":"search_term_string"}}],"inLanguage":"en-US"}]}},"_links":{"self":[{"href":"https:\/\/www.templars-route.eu\/en\/wp-json\/wp\/v2\/pages\/18573\/"}],"collection":[{"href":"https:\/\/www.templars-route.eu\/en\/wp-json\/wp\/v2\/pages\/"}],"about":[{"href":"https:\/\/www.templars-route.eu\/en\/wp-json\/wp\/v2\/types\/page\/"}],"author":[{"embeddable":true,"href":"https:\/\/www.templars-route.eu\/en\/wp-json\/wp\/v2\/users\/27\/"}],"replies":[{"embeddable":true,"href":"https:\/\/www.templars-route.eu\/en\/wp-json\/wp\/v2\/comments\/?post=18573"}],"version-history":[{"count":2,"href":"https:\/\/www.templars-route.eu\/en\/wp-json\/wp\/v2\/pages\/18573\/revisions\/"}],"predecessor-version":[{"id":18579,"href":"https:\/\/www.templars-route.eu\/en\/wp-json\/wp\/v2\/pages\/18573\/revisions\/18579\/"}],"wp:attachment":[{"href":"https:\/\/www.templars-route.eu\/en\/wp-json\/wp\/v2\/media\/?parent=18573"}],"curies":[{"name":"wp","href":"https:\/\/api.w.org\/{rel}","templated":true}]}}