{"id":18465,"date":"2020-12-07T18:39:41","date_gmt":"2020-12-07T17:39:41","guid":{"rendered":"https:\/\/www.templars-route.eu\/?page_id=18465"},"modified":"2021-01-14T14:47:29","modified_gmt":"2021-01-14T13:47:29","slug":"scientific-publications","status":"publish","type":"page","link":"https:\/\/www.templars-route.eu\/en\/scientific-publications\/","title":{"rendered":"Scientific publications"},"content":{"rendered":"<div class=\"wpb-content-wrapper\"><p>[vc_row css_animation=&#8221;&#8221; row_type=&#8221;row&#8221; use_row_as_full_screen_section=&#8221;no&#8221; type=&#8221;full_width&#8221; angled_section=&#8221;no&#8221; text_align=&#8221;left&#8221; background_image_as_pattern=&#8221;without_pattern&#8221;][vc_column][vc_column_text]<\/p>\n<h2>The last publications<\/h2>\n<p>[\/vc_column_text][vc_empty_space]<div class='projects_holder_outer justified_gallery '><div class='filter_outer'><div class='filter_holder'>\n                        <ul>\n                        <li class='filter' data-filter='*'><span>All<\/span><\/li><li class='filter' data-filter='.portfolio_category_174'><span>Alain Demurger<\/span><\/li><li class='filter' data-filter='.portfolio_category_178'><span>Damien Carraz<\/span><\/li><\/ul><\/div><\/div><div class='projects_holder portfolio_main_holder clearfix portfolio_full_image ' data-spacing='30' data-row-height='300' data-last-row='nojustify' data-justify-threshold='0.75'>\n<article class='portfolio_category_174 ' style=''><a itemprop=\"url\" class=\"portfolio_jg_image_link image_holder default\" href=\"https:\/\/www.templars-route.eu\/en\/portfolio_page\/le-peuple-templier-1307-1312\/\" target=\"_self\"><img fetchpriority=\"high\" decoding=\"async\" width=\"400\" height=\"565\" src=\"https:\/\/www.templars-route.eu\/assets\/uploads\/sites\/40\/2020\/06\/Le-peuple-templier.jpg\" class=\"attachment-full size-full wp-post-image\" alt=\"\" srcset=\"https:\/\/www.templars-route.eu\/assets\/uploads\/sites\/40\/2020\/06\/Le-peuple-templier.jpg 400w, https:\/\/www.templars-route.eu\/assets\/uploads\/sites\/40\/2020\/06\/Le-peuple-templier-212x300.jpg 212w\" sizes=\"(max-width: 400px) 100vw, 400px\" \/><\/a><span class='text_holder'><span class='text_outer'><span class='text_inner'><div class=\"hover_feature_holder_title\"><div class=\"hover_feature_holder_title_inner\"><h5 itemprop=\"name\" class=\"portfolio_title entry_title\"><a itemprop=\"url\" href=\"https:\/\/www.templars-route.eu\/en\/portfolio_page\/le-peuple-templier-1307-1312\/\"  target=\"_self\">Le peuple templier 1307-1312<\/a><\/h5><span class=\"project_category\" >Alain Demurger<\/span><\/div><\/div><span class='feature_holder'><span class=\"feature_holder_icons\"><span class='portfolio_like qbutton small white'><a  href=\"#\" class=\"qode-like\" id=\"qode-like-18466\" title=\"Like this\">2<span>  Likes<\/span><\/a><\/span><\/span><\/span><\/span><\/span><\/span><\/article>\n<article class='portfolio_category_140 portfolio_category_178 portfolio_category_178 ' style=''><a itemprop=\"url\" class=\"portfolio_jg_image_link image_holder default\" href=\"https:\/\/www.templars-route.eu\/en\/portfolio_page\/un-commandeur-ordinaire\/\" target=\"_self\"><img decoding=\"async\" width=\"156\" height=\"234\" src=\"https:\/\/www.templars-route.eu\/assets\/uploads\/sites\/40\/2020\/12\/Carraz.jpg\" class=\"attachment-full size-full wp-post-image\" alt=\"\" \/><\/a><span class='text_holder'><span class='text_outer'><span class='text_inner'><div class=\"hover_feature_holder_title\"><div class=\"hover_feature_holder_title_inner\"><h5 itemprop=\"name\" class=\"portfolio_title entry_title\"><a itemprop=\"url\" href=\"https:\/\/www.templars-route.eu\/en\/portfolio_page\/un-commandeur-ordinaire\/\"  target=\"_self\">Un commandeur ordinaire ?<\/a><\/h5><span class=\"project_category\" >News, Damien Carraz, Damien Carraz<\/span><\/div><\/div><span class='feature_holder'><span class=\"feature_holder_icons\"><span class='portfolio_like qbutton small white'><a  href=\"#\" class=\"qode-like\" id=\"qode-like-18476\" title=\"Like this\">16<span>  Likes<\/span><\/a><\/span><\/span><\/span><\/span><\/span><\/span><\/article>\n<\/div><\/div>[vc_empty_space][\/vc_column][\/vc_row][vc_row css_animation=&#8221;&#8221; row_type=&#8221;row&#8221; use_row_as_full_screen_section=&#8221;no&#8221; type=&#8221;full_width&#8221; angled_section=&#8221;no&#8221; text_align=&#8221;left&#8221; background_image_as_pattern=&#8221;without_pattern&#8221;][vc_column][vc_column_text]<\/p>\n<h2>Editions<\/h2>\n<p>&nbsp;<\/p>\n<p>&#8211; Templars. From Jerusalem to the Champagne Commanderies, edited by Arnaud Baudin, Ghislain Brunel and Nicolas Dohrmann, Somogy, 2012 (Exhibition catalogue 2012).<\/p>\n<p>&#8211; October-November 2012, Dossier &#8220;Templars: warriors or bankers&#8221; in the magazine Histoire et images m\u00e9di\u00e9vales nelien with the Troyes exhibition and the international symposium.<\/p>\n<p>&#8211; La commanderie et le tr\u00e9sor de Payns, Thierry Leroy, TheBookEdition, 2012<\/p>\n<p>&#8211; The last Templar of Avalleur. Memoirs of Chr\u00e9tien de Bissey, Fran\u00e7ois Gilet and Val\u00e9rie Alani\u00e8ce, DVD (production Conseil g\u00e9n\u00e9ral de l&#8217;Aube), 2012<\/p>\n<p>&#8211; The Templar economy in the West. Patrimoines, commerce, finances, under the direction of Arnaud Baudin, Ghislain Brunel, Nicolas Dohrmann, ed. Gu\u00e9niot, Langres 2013 (Proceedings of the October 2012 conference)<\/p>\n<p>&#8211; Les templiers dans l&#8217;Aube, ed. La Vie en Champagne, 2013 (Texts of the 2012 conference cycle)<\/p>\n<p>&#8211; Le Templier et le grand secret, Thierry Leroy, ed. Pygmalion, 2015 (novel)<\/p>\n<p>&#8211; Secret Guide of the Templars, Thierry Leroy, ed. Ouest-France, 2015<\/p>\n<p>&#8211; The Templars in the forest of the Orient. Myth and reality, Fran\u00e7ois Gilet and Val\u00e9rie Alani\u00e8ce, eds. Parc Naturel R\u00e9gional de la For\u00eat d&#8217;Orient, 2015<\/p>\n<p>&#8211; The Templars and the Hospitallers in Sancey, now Saint-Julien-les-Villas, article by Fran\u00e7ois Gilet in La Vie en Champagne, January 2016<\/p>\n<p>&nbsp;<\/p>\n<h2>Colloquia and conferences<\/h2>\n<p>&nbsp;<\/p>\n<p>&#8211; 24, 25, 26 October 2012, in Troyes and Clairvaux, international symposium &#8220;The Templar economy. Patrimoines, commerce, finances&#8221;, organised by the CERHIC (Centre d&#8217;\u00e9tudes et de recherche en histoire culturelle) of the University of Reims Champagne-Ardenne and the General Council of Aube as part of the year 2012 &#8220;Templars, a history our treasure&#8221;.<\/p>\n<p>&#8211; April-October 2012: cycle of conferences as part of the year &#8220;Templars, a history our treasure&#8221;.<\/p>\n<p>&#8211; Tuesday 10 April 2012. Media library of Grand Troyes. &#8220;Europe and Islam at the time of the Crusades&#8221; by Michel Balard.<\/p>\n<p>&#8211; Thursday 12th April 2012. House of the Tool. &#8220;Hugues de Payns. La m\u00e9moire retrouv\u00e9e&#8221; by Thierry Leroy.<\/p>\n<p>&#8211; Saturday 12th May 2012. Media library. &#8220;The Templars in the comic strip &#8211; The Secret Triangle&#8221;, round table with Didier Convard, Thierry Leroy and Nicolas Dohrmann<\/p>\n<p>&#8211; Tuesday 15 May 2012, in Payns. &#8220;Hugues de Payns, la m\u00e9moire retrouv\u00e9e&#8221;, by Thierry Leroy.<\/p>\n<p>&#8211; Tuesday 22nd May 2012. Salle de Notre Dame en l&#8217;Isle. &#8220;Templar Spirituality&#8221; by Pierre Gandil<\/p>\n<p>&#8211; Thursday 14 June 2012, Troyes University Centre. &#8220;The Champagne of the Knights Templar: from the origins to the trial&#8221;, by Arnaud Baudin (Departmental Archives) and Ghislain Brunel (National Archives), curators of the exhibition &#8220;Templars. From Jerusalem to the Champagne Commanderies&#8221;.<\/p>\n<p>&#8211; Wednesday 20 June 2012, Vendeuvre-sur-Barse church. &#8220;The forest of the Orient and the Templars. Between myth and reality&#8221;, by Fran\u00e7ois Gilet and Val\u00e9rie Alani\u00e8ce.<\/p>\n<p>&#8211; Tuesday 26 June 2012, Avalleur commandery chapel, &#8220;The Templars and the war&#8221;, by Damien Carraz.<\/p>\n<p>&#8211; Tuesday 10 July 2012, Archives d\u00e9partementales de l&#8217;Aube, &#8220;A new alliance between God and France. The mystic-political motivations of the trial of the Templars&#8221;, by Julien Th\u00e9ry.<\/p>\n<p>&#8211; Tuesday 28 August 2012, Payns, &#8220;The trial of the Templars of Southern Champagne&#8221;, by Fran\u00e7ois Gilet and Val\u00e9rie Alani\u00e8ce.<\/p>\n<p>&#8211; Thursday 6 September 2012. Chapel of the Commanderie d&#8217; Avalleur. &#8220;Le devenir de la commanderie d&#8217;Avalleur \u00e0 l&#8217;\u00e9poque hospitali\u00e8re&#8221;, by Geert Verbrughe and C\u00e9dric Roms, archaeologists.<\/p>\n<p>&#8211; Thursday 6 September 2012. Chapel of the Commanderie d&#8217;Avalleur. &#8220;The Templar and Hospital Larzac: an example of cultural and tourist development around a heritage and historical theme&#8221;, by Jacques Miquel.<\/p>\n<p>&#8211; Sunday 8 September Isle-Aumont church. &#8220;The last Templar of Avalleur. Memory of Chr\u00e9tien de Bissey. Presentation of the DVD&#8221;, by Fran\u00e7ois Gilet and Yvon Laurent &#8211; Friday 14 September 2012, Soci\u00e9t\u00e9 acad\u00e9mique de l&#8217;Aube, &#8220;Les templiers et la papaut\u00e9&#8221;, by Patrick Demouy.<\/p>\n<p>&#8211; Saturday 15 and Sunday 16 September 2012 at the Hugues de Payns Museum in Payns. &#8220;Les templiers, de l&#8217;histoire au polar&#8221;, by Thierry Leroy.<\/p>\n<p>&#8211; Tuesday 18 September 2012 at the Espace Argence, &#8220;La marine du Temple dans l&#8217;Orient des crusades&#8221;, by Pierre-Vincent Claverie<\/p>\n<p>&#8211; Tuesday 2 October 2012, in Soulaines, &#8220;History and Legends of the Order of the Knights Templar&#8221;, by Thierry Leroy.<\/p>\n<p>&#8211; Wednesday 17 October 2012, Archives d\u00e9partementales de l&#8217;Aube, &#8220;The burning of the Templars in school textbooks from the Romantic period to the present day: one of the &#8220;Thirty Days that made France&#8221;?&#8221;, by Christian Amalvi.<\/p>\n<p>&#8211; Autumn 2012. Conference by Arnaud Baudin at the Central House of Clairvaux.<\/p>\n<p>&#8211; Friday 8th November 2012. &#8220;The Templars, an ephemeral glory and a tragic destiny&#8221;, by Fran\u00e7ois Gilet invited by the Kiwanis Club of Arcis-sur-Aube.<\/p>\n<p>&#8211; 3 April 2014 in Saint-Julien, &#8220;Les templiers et les hospitaliers \u00e0 Sancey aujourd&#8217;hui Saint-Julien-les-Villas&#8221;, by Fran\u00e7ois Gilet (on the occasion of the GA of the Association for the Safeguarding of the Church)<\/p>\n<p>&#8211; 5 April 2014, &#8220;L&#8217;ordre du Temple et ses origines champenoises&#8221;, in Troyes, by Fran\u00e7ois Gilet, (in Troyes, as part of the regional cardiology congress)<\/p>\n<p>&#8211; 9 October 2014, &#8220;The Templar economy in the 13th century: the exploitation of the Temple forest&#8221;, by Val\u00e9rie Alani\u00e8ce and Fran\u00e7ois Gilet (as part of the Congress of Regional Nature Parks, at the Maison du PNRFO)<\/p>\n<p>&#8211; 16 April 2015, at the Maison de l&#8217;Outil, &#8220;Le templier et le grand secret&#8221;, by Thierry Leroy (on the occasion of the release of his novel)<\/p>\n<p>&#8211; 6 September 2015 in Clairvaux, &#8220;Saint-Bernard and the Templars&#8221; Fran\u00e7ois Gilet and Val\u00e9rie Alani\u00e8ce (as part of the 900th anniversary of the foundation of Clairvaux).<\/p>\n<h2>Exhibitions<\/h2>\n<p>&#8211; 15 June-31 October 2012. Exhibition in Troyes &#8220;From Jerusalem to the Champagne Commanderies&#8221;, organised by the General Council of Aube in partnership with the National Archives. Curators: Arnaud Baudin and Ghislain Brunel.<\/p>\n<p>&#8211; Since 2012. The &#8220;light&#8221; versions of the exhibition, limited to panels, continues to tour libraries, schools&#8230;<\/p>\n<p>&#8211; Permanent exhibition at the Hugues de Payns Museum in Payns.[\/vc_column_text][\/vc_column][\/vc_row]<\/p>\n<\/div>","protected":false},"excerpt":{"rendered":"<p>[vc_row css_animation=&#8221;&#8221; row_type=&#8221;row&#8221; use_row_as_full_screen_section=&#8221;no&#8221; type=&#8221;full_width&#8221; angled_section=&#8221;no&#8221; text_align=&#8221;left&#8221; background_image_as_pattern=&#8221;without_pattern&#8221;][vc_column][vc_column_text] The last publications [\/vc_column_text][vc_empty_space][vc_empty_space][\/vc_column][\/vc_row][vc_row css_animation=&#8221;&#8221; row_type=&#8221;row&#8221; use_row_as_full_screen_section=&#8221;no&#8221; type=&#8221;full_width&#8221; angled_section=&#8221;no&#8221; text_align=&#8221;left&#8221; background_image_as_pattern=&#8221;without_pattern&#8221;][vc_column][vc_column_text] Editions &nbsp; &#8211; Templars. From Jerusalem to the Champagne Commanderies, edited by Arnaud Baudin, Ghislain Brunel and Nicolas Dohrmann, Somogy, 2012 (Exhibition catalogue 2012). &#8211; October-November&#8230;<\/p>\n","protected":false},"author":27,"featured_media":0,"parent":0,"menu_order":0,"comment_status":"closed","ping_status":"closed","template":"","meta":{"footnotes":""},"class_list":["post-18465","page","type-page","status-publish","hentry"],"yoast_head":"<!-- This site is optimized with the Yoast SEO plugin v26.6 - https:\/\/yoast.com\/wordpress\/plugins\/seo\/ -->\n<title>Scientific publications - European Templar Route<\/title>\n<meta name=\"robots\" content=\"index, follow, max-snippet:-1, max-image-preview:large, max-video-preview:-1\" \/>\n<link rel=\"canonical\" href=\"https:\/\/www.templars-route.eu\/en\/scientific-publications\/\" \/>\n<meta property=\"og:locale\" content=\"en_US\" \/>\n<meta property=\"og:type\" content=\"article\" \/>\n<meta property=\"og:title\" content=\"Scientific publications - European Templar Route\" \/>\n<meta property=\"og:description\" content=\"[vc_row css_animation=&#8221;&#8221; row_type=&#8221;row&#8221; use_row_as_full_screen_section=&#8221;no&#8221; type=&#8221;full_width&#8221; angled_section=&#8221;no&#8221; text_align=&#8221;left&#8221; background_image_as_pattern=&#8221;without_pattern&#8221;][vc_column][vc_column_text] The last publications [\/vc_column_text][vc_empty_space][vc_empty_space][\/vc_column][\/vc_row][vc_row css_animation=&#8221;&#8221; row_type=&#8221;row&#8221; use_row_as_full_screen_section=&#8221;no&#8221; type=&#8221;full_width&#8221; angled_section=&#8221;no&#8221; text_align=&#8221;left&#8221; background_image_as_pattern=&#8221;without_pattern&#8221;][vc_column][vc_column_text] Editions &nbsp; &#8211; Templars. From Jerusalem to the Champagne Commanderies, edited by Arnaud Baudin, Ghislain Brunel and Nicolas Dohrmann, Somogy, 2012 (Exhibition catalogue 2012). &#8211; October-November...\" \/>\n<meta property=\"og:url\" content=\"https:\/\/www.templars-route.eu\/en\/scientific-publications\/\" \/>\n<meta property=\"og:site_name\" content=\"European Templar Route\" \/>\n<meta property=\"article:modified_time\" content=\"2021-01-14T13:47:29+00:00\" \/>\n<meta name=\"twitter:card\" content=\"summary_large_image\" \/>\n<meta name=\"twitter:label1\" content=\"Est. reading time\" \/>\n\t<meta name=\"twitter:data1\" content=\"5 minutes\" \/>\n<script type=\"application\/ld+json\" class=\"yoast-schema-graph\">{\"@context\":\"https:\/\/schema.org\",\"@graph\":[{\"@type\":\"WebPage\",\"@id\":\"https:\/\/www.templars-route.eu\/en\/scientific-publications\/\",\"url\":\"https:\/\/www.templars-route.eu\/en\/scientific-publications\/\",\"name\":\"Scientific publications - European Templar Route\",\"isPartOf\":{\"@id\":\"https:\/\/www.templars-route.eu\/fr\/#website\"},\"datePublished\":\"2020-12-07T17:39:41+00:00\",\"dateModified\":\"2021-01-14T13:47:29+00:00\",\"breadcrumb\":{\"@id\":\"https:\/\/www.templars-route.eu\/en\/scientific-publications\/#breadcrumb\"},\"inLanguage\":\"en-US\",\"potentialAction\":[{\"@type\":\"ReadAction\",\"target\":[\"https:\/\/www.templars-route.eu\/en\/scientific-publications\/\"]}]},{\"@type\":\"BreadcrumbList\",\"@id\":\"https:\/\/www.templars-route.eu\/en\/scientific-publications\/#breadcrumb\",\"itemListElement\":[{\"@type\":\"ListItem\",\"position\":1,\"name\":\"Accueil\",\"item\":\"https:\/\/www.templars-route.eu\/en\/\"},{\"@type\":\"ListItem\",\"position\":2,\"name\":\"Scientific publications\"}]},{\"@type\":\"WebSite\",\"@id\":\"https:\/\/www.templars-route.eu\/fr\/#website\",\"url\":\"https:\/\/www.templars-route.eu\/fr\/\",\"name\":\"European Templar Route\",\"description\":\"Un site utilisant Mobylee\",\"potentialAction\":[{\"@type\":\"SearchAction\",\"target\":{\"@type\":\"EntryPoint\",\"urlTemplate\":\"https:\/\/www.templars-route.eu\/fr\/?s={search_term_string}\"},\"query-input\":{\"@type\":\"PropertyValueSpecification\",\"valueRequired\":true,\"valueName\":\"search_term_string\"}}],\"inLanguage\":\"en-US\"}]}<\/script>\n<!-- \/ Yoast SEO plugin. -->","yoast_head_json":{"title":"Scientific publications - European Templar Route","robots":{"index":"index","follow":"follow","max-snippet":"max-snippet:-1","max-image-preview":"max-image-preview:large","max-video-preview":"max-video-preview:-1"},"canonical":"https:\/\/www.templars-route.eu\/en\/scientific-publications\/","og_locale":"en_US","og_type":"article","og_title":"Scientific publications - European Templar Route","og_description":"[vc_row css_animation=&#8221;&#8221; row_type=&#8221;row&#8221; use_row_as_full_screen_section=&#8221;no&#8221; type=&#8221;full_width&#8221; angled_section=&#8221;no&#8221; text_align=&#8221;left&#8221; background_image_as_pattern=&#8221;without_pattern&#8221;][vc_column][vc_column_text] The last publications [\/vc_column_text][vc_empty_space][vc_empty_space][\/vc_column][\/vc_row][vc_row css_animation=&#8221;&#8221; row_type=&#8221;row&#8221; use_row_as_full_screen_section=&#8221;no&#8221; type=&#8221;full_width&#8221; angled_section=&#8221;no&#8221; text_align=&#8221;left&#8221; background_image_as_pattern=&#8221;without_pattern&#8221;][vc_column][vc_column_text] Editions &nbsp; &#8211; Templars. From Jerusalem to the Champagne Commanderies, edited by Arnaud Baudin, Ghislain Brunel and Nicolas Dohrmann, Somogy, 2012 (Exhibition catalogue 2012). &#8211; October-November...","og_url":"https:\/\/www.templars-route.eu\/en\/scientific-publications\/","og_site_name":"European Templar Route","article_modified_time":"2021-01-14T13:47:29+00:00","twitter_card":"summary_large_image","twitter_misc":{"Est. reading time":"5 minutes"},"schema":{"@context":"https:\/\/schema.org","@graph":[{"@type":"WebPage","@id":"https:\/\/www.templars-route.eu\/en\/scientific-publications\/","url":"https:\/\/www.templars-route.eu\/en\/scientific-publications\/","name":"Scientific publications - European Templar Route","isPartOf":{"@id":"https:\/\/www.templars-route.eu\/fr\/#website"},"datePublished":"2020-12-07T17:39:41+00:00","dateModified":"2021-01-14T13:47:29+00:00","breadcrumb":{"@id":"https:\/\/www.templars-route.eu\/en\/scientific-publications\/#breadcrumb"},"inLanguage":"en-US","potentialAction":[{"@type":"ReadAction","target":["https:\/\/www.templars-route.eu\/en\/scientific-publications\/"]}]},{"@type":"BreadcrumbList","@id":"https:\/\/www.templars-route.eu\/en\/scientific-publications\/#breadcrumb","itemListElement":[{"@type":"ListItem","position":1,"name":"Accueil","item":"https:\/\/www.templars-route.eu\/en\/"},{"@type":"ListItem","position":2,"name":"Scientific publications"}]},{"@type":"WebSite","@id":"https:\/\/www.templars-route.eu\/fr\/#website","url":"https:\/\/www.templars-route.eu\/fr\/","name":"European Templar Route","description":"Un site utilisant Mobylee","potentialAction":[{"@type":"SearchAction","target":{"@type":"EntryPoint","urlTemplate":"https:\/\/www.templars-route.eu\/fr\/?s={search_term_string}"},"query-input":{"@type":"PropertyValueSpecification","valueRequired":true,"valueName":"search_term_string"}}],"inLanguage":"en-US"}]}},"_links":{"self":[{"href":"https:\/\/www.templars-route.eu\/en\/wp-json\/wp\/v2\/pages\/18465\/"}],"collection":[{"href":"https:\/\/www.templars-route.eu\/en\/wp-json\/wp\/v2\/pages\/"}],"about":[{"href":"https:\/\/www.templars-route.eu\/en\/wp-json\/wp\/v2\/types\/page\/"}],"author":[{"embeddable":true,"href":"https:\/\/www.templars-route.eu\/en\/wp-json\/wp\/v2\/users\/27\/"}],"replies":[{"embeddable":true,"href":"https:\/\/www.templars-route.eu\/en\/wp-json\/wp\/v2\/comments\/?post=18465"}],"version-history":[{"count":3,"href":"https:\/\/www.templars-route.eu\/en\/wp-json\/wp\/v2\/pages\/18465\/revisions\/"}],"predecessor-version":[{"id":18502,"href":"https:\/\/www.templars-route.eu\/en\/wp-json\/wp\/v2\/pages\/18465\/revisions\/18502\/"}],"wp:attachment":[{"href":"https:\/\/www.templars-route.eu\/en\/wp-json\/wp\/v2\/media\/?parent=18465"}],"curies":[{"name":"wp","href":"https:\/\/api.w.org\/{rel}","templated":true}]}}