{"id":18363,"date":"2020-12-07T13:58:36","date_gmt":"2020-12-07T12:58:36","guid":{"rendered":"https:\/\/www.templars-route.eu\/?page_id=18363"},"modified":"2020-12-23T12:15:00","modified_gmt":"2020-12-23T11:15:00","slug":"textes-fondateurs","status":"publish","type":"page","link":"https:\/\/www.templars-route.eu\/en\/textes-fondateurs\/","title":{"rendered":"The founding texts"},"content":{"rendered":"<div class=\"wpb-content-wrapper\">\t\t<div data-elementor-type=\"wp-page\" data-elementor-id=\"18363\" class=\"elementor elementor-18363\">\n\t\t\t\t\t\t<section class=\"elementor-section elementor-top-section elementor-element elementor-element-3a76204b elementor-section-boxed elementor-section-height-default elementor-section-height-default\" data-id=\"3a76204b\" data-element_type=\"section\" data-e-type=\"section\">\n\t\t\t\t\t\t<div class=\"elementor-container elementor-column-gap-default\">\n\t\t\t\t\t<div class=\"elementor-column elementor-col-100 elementor-top-column elementor-element elementor-element-b8b85f2\" data-id=\"b8b85f2\" data-element_type=\"column\" data-e-type=\"column\">\n\t\t\t<div class=\"elementor-widget-wrap elementor-element-populated\">\n\t\t\t\t\t\t<div class=\"elementor-element elementor-element-2135389a elementor-widget elementor-widget-text-editor\" data-id=\"2135389a\" data-element_type=\"widget\" data-e-type=\"widget\" data-widget_type=\"text-editor.default\">\n\t\t\t\t<div class=\"elementor-widget-container\">\n\t\t\t\t\t\t\t\t\t<p>[vc_row css_animation=&#8221;&#8221; row_type=&#8221;row&#8221; use_row_as_full_screen_section=&#8221;no&#8221; type=&#8221;full_width&#8221; angled_section=&#8221;no&#8221; text_align=&#8221;left&#8221; background_image_as_pattern=&#8221;without_pattern&#8221;][vc_column][vc_column_text]<\/p><h3>The Council of Troyes and the rule of the Knights Templar<\/h3><p>[\/vc_column_text][\/vc_column][\/vc_row][vc_row css_animation=&#8221;&#8221; row_type=&#8221;row&#8221; use_row_as_full_screen_section=&#8221;no&#8221; type=&#8221;full_width&#8221; angled_section=&#8221;no&#8221; text_align=&#8221;left&#8221; background_image_as_pattern=&#8221;without_pattern&#8221;][vc_column][vc_column_text]<\/p><div align=\"justify\"><p>The Council that opened in the Cathedral of Troyes on January 13, 1129 established the rule of the Order of the Temple, making official the first religious and military order of Christendom.<\/p><p>On his return from Jerusalem with some of his companions, Hugues de Payns mobilized his energy to gain recognition for the innovative status of &#8220;soldier monk&#8221; that he had created in the Holy City. Among the religious and political support he sought, that of Pope Honorius II was decisive. He promised Hughes that he would convene a provincial council to offer a rule of life to the new community. The council opened in the Cathedral of Troyes on January 13, 1129.<\/p><p>The choice of Troyes owes nothing to chance. Hugues de Payns found a natural echo in his native Champagne, with Count Thibaud II and his aristocracy. Above all, he succeeded in convincing Abbot Bernard de Clairvaux of the merits of the order&#8217;s dual religious and military vocation.<\/p><p>On January 13, 1129, under the authority of the Pope&#8217;s legate, Matthew of Albano, and around Bernard of Clairvaux, the most influential figure in the assembly, the most important prelates of the ecclesiastical provinces of Sens and Reims were gathered together: the archbishops (Reims and Sens), the bishops (Chartres, Soissons, Paris, Troyes, Orl\u00e9ans, Ch\u00e2lons, Laon, Beauvais), the abbots (Clairvaux, C\u00eeteaux, V\u00e9zelay, Pontigny, Trois-Fontaines, Saint-Denis de Reims, Saint-\u00c9tienne de Dijon and Molesme). Some lay people are also present: the Count of Champagne Thibaud II with his seneschal Andr\u00e9 de Baudement, as well as the Count of Nevers, William II.<\/p><\/div><p>[\/vc_column_text][vc_empty_space][\/vc_column][\/vc_row][vc_row css_animation=&#8221;&#8221; row_type=&#8221;row&#8221; use_row_as_full_screen_section=&#8221;no&#8221; type=&#8221;full_width&#8221; angled_section=&#8221;no&#8221; text_align=&#8221;left&#8221; background_image_as_pattern=&#8221;without_pattern&#8221;][vc_column width=&#8221;1\/2&#8243;][vc_empty_space][vc_column_text]<\/p><div align=\"justify\">Adopted at the end of the council, the primitive rule, inspired by the rule of St. Benedict, includes 71 articles in Latin that define the life of the Knights Templar, both monks and warriors. The first articles deal with courage, discipline and humility, their essential and primordial qualities. Quickly translated into French, the rule is enriched with new articles to better solve the daily problems of their community life.<\/div><p>[\/vc_column_text][\/vc_column][vc_column width=&#8221;1\/2&#8243;][vc_single_image image=&#8221;15114&#8243; img_size=&#8221;medium&#8221; alignment=&#8221;center&#8221; qode_css_animation=&#8221;&#8221;][\/vc_column][\/vc_row][vc_row css_animation=&#8221;&#8221; row_type=&#8221;row&#8221; use_row_as_full_screen_section=&#8221;no&#8221; type=&#8221;full_width&#8221; angled_section=&#8221;no&#8221; text_align=&#8221;left&#8221; background_image_as_pattern=&#8221;without_pattern&#8221;][vc_column][vc_empty_space][vc_column_text]<\/p><h3>In Praise of the New Chivalry<\/h3><p>[\/vc_column_text][\/vc_column][\/vc_row][vc_row css_animation=&#8221;&#8221; row_type=&#8221;row&#8221; use_row_as_full_screen_section=&#8221;no&#8221; type=&#8221;full_width&#8221; angled_section=&#8221;no&#8221; text_align=&#8221;left&#8221; background_image_as_pattern=&#8221;without_pattern&#8221;][vc_column][vc_column_text]<\/p><div align=\"justify\">At the request of Hugues de Payns, Bernard de Clairvaux wrote De laudae novae militiae or In Praise of the New Chivalry, to legitimize the double vocation, both religious and military, of Hugues de Payns and his companions. In it, he asserts that the indispensable protection of the Holy Places and of Christians justifies war against their aggressors, infidels moved by the &#8220;Evil One,&#8221; hence the term &#8220;malicide,&#8221; used to describe the murder perpetrated by a Templar.<\/div><blockquote><div style=\"padding-left: 60px\" align=\"justify\">&#8220;I repeat, the knight of Christ gives death safely and receives it with even greater assurance. If he dies, it is for his own good, if he kills, it is for Christ [&#8230;] In killing a criminal, he does not behave like a murderer, but, if I dare say so, like a malicide [&#8230;] Not that it is necessary, moreover, to massacre pagans, if there were another way to prevent them from harassing and oppressing Christians too heavily. But it is better, all the same, to kill them than to let the scepter of sinners fall on the share of the just, at the risk, for the just, of extending their hand to iniquity.<\/div><\/blockquote><p>[\/vc_column_text][\/vc_column][\/vc_row]<\/p>\t\t\t\t\t\t\t\t<\/div>\n\t\t\t\t<\/div>\n\t\t\t\t\t<\/div>\n\t\t<\/div>\n\t\t\t\t\t<\/div>\n\t\t<\/section>\n\t\t\t\t<section class=\"elementor-section elementor-top-section elementor-element elementor-element-d802849 elementor-section-boxed elementor-section-height-default elementor-section-height-default\" data-id=\"d802849\" data-element_type=\"section\" data-e-type=\"section\">\n\t\t\t\t\t\t<div class=\"elementor-container elementor-column-gap-default\">\n\t\t\t\t\t<div class=\"elementor-column elementor-col-100 elementor-top-column elementor-element elementor-element-7f32412\" data-id=\"7f32412\" data-element_type=\"column\" data-e-type=\"column\">\n\t\t\t<div class=\"elementor-widget-wrap elementor-element-populated\">\n\t\t\t\t\t\t<div class=\"elementor-element elementor-element-043a485 elementor-widget elementor-widget-spacer\" data-id=\"043a485\" data-element_type=\"widget\" data-e-type=\"widget\" data-widget_type=\"spacer.default\">\n\t\t\t\t<div class=\"elementor-widget-container\">\n\t\t\t\t\t\t\t<div class=\"elementor-spacer\">\n\t\t\t<div class=\"elementor-spacer-inner\"><\/div>\n\t\t<\/div>\n\t\t\t\t\t\t<\/div>\n\t\t\t\t<\/div>\n\t\t\t\t\t<\/div>\n\t\t<\/div>\n\t\t\t\t\t<\/div>\n\t\t<\/section>\n\t\t\t\t<section class=\"elementor-section elementor-top-section elementor-element elementor-element-7af9c20 elementor-section-boxed elementor-section-height-default elementor-section-height-default\" data-id=\"7af9c20\" data-element_type=\"section\" data-e-type=\"section\">\n\t\t\t\t\t\t<div class=\"elementor-container elementor-column-gap-default\">\n\t\t\t\t\t<div class=\"elementor-column elementor-col-33 elementor-top-column elementor-element elementor-element-eb77919\" data-id=\"eb77919\" data-element_type=\"column\" data-e-type=\"column\">\n\t\t\t<div class=\"elementor-widget-wrap elementor-element-populated\">\n\t\t\t\t\t\t<div class=\"elementor-element elementor-element-6fa12e4 elementor-align-center elementor-widget elementor-widget-button\" data-id=\"6fa12e4\" data-element_type=\"widget\" data-e-type=\"widget\" data-widget_type=\"button.default\">\n\t\t\t\t<div class=\"elementor-widget-container\">\n\t\t\t\t\t\t\t\t\t<div class=\"elementor-button-wrapper\">\n\t\t\t\t\t<a class=\"elementor-button elementor-button-link elementor-size-md\" href=\"https:\/\/www.templars-route.eu\/en\/templars-a-two-hundred-years-history\/\">\n\t\t\t\t\t\t<span class=\"elementor-button-content-wrapper\">\n\t\t\t\t\t\t\t\t\t<span class=\"elementor-button-text\">THE HISTORY OF THE TEMPLARS<\/span>\n\t\t\t\t\t<\/span>\n\t\t\t\t\t<\/a>\n\t\t\t\t<\/div>\n\t\t\t\t\t\t\t\t<\/div>\n\t\t\t\t<\/div>\n\t\t\t\t\t<\/div>\n\t\t<\/div>\n\t\t\t\t<div class=\"elementor-column elementor-col-33 elementor-top-column elementor-element elementor-element-2993e57\" data-id=\"2993e57\" data-element_type=\"column\" data-e-type=\"column\">\n\t\t\t<div class=\"elementor-widget-wrap elementor-element-populated\">\n\t\t\t\t\t\t<div class=\"elementor-element elementor-element-a286389 elementor-align-center elementor-widget elementor-widget-button\" data-id=\"a286389\" data-element_type=\"widget\" data-e-type=\"widget\" data-widget_type=\"button.default\">\n\t\t\t\t<div class=\"elementor-widget-container\">\n\t\t\t\t\t\t\t\t\t<div class=\"elementor-button-wrapper\">\n\t\t\t\t\t<a class=\"elementor-button elementor-button-link elementor-size-md\" href=\"https:\/\/www.templars-route.eu\/en\/great-figures\/\">\n\t\t\t\t\t\t<span class=\"elementor-button-content-wrapper\">\n\t\t\t\t\t\t\t\t\t<span class=\"elementor-button-text\">THE GREAT CHARACTERS<\/span>\n\t\t\t\t\t<\/span>\n\t\t\t\t\t<\/a>\n\t\t\t\t<\/div>\n\t\t\t\t\t\t\t\t<\/div>\n\t\t\t\t<\/div>\n\t\t\t\t\t<\/div>\n\t\t<\/div>\n\t\t\t\t<div class=\"elementor-column elementor-col-33 elementor-top-column elementor-element elementor-element-6146ad4\" data-id=\"6146ad4\" data-element_type=\"column\" data-e-type=\"column\">\n\t\t\t<div class=\"elementor-widget-wrap elementor-element-populated\">\n\t\t\t\t\t\t<div class=\"elementor-element elementor-element-353451f elementor-align-center elementor-widget elementor-widget-button\" data-id=\"353451f\" data-element_type=\"widget\" data-e-type=\"widget\" data-widget_type=\"button.default\">\n\t\t\t\t<div class=\"elementor-widget-container\">\n\t\t\t\t\t\t\t\t\t<div class=\"elementor-button-wrapper\">\n\t\t\t\t\t<a class=\"elementor-button elementor-button-link elementor-size-md\" href=\"\/?page_id=15147\">\n\t\t\t\t\t\t<span class=\"elementor-button-content-wrapper\">\n\t\t\t\t\t\t\t\t\t<span class=\"elementor-button-text\">ALL THE TOOLS TO UNDERSTAND<\/span>\n\t\t\t\t\t<\/span>\n\t\t\t\t\t<\/a>\n\t\t\t\t<\/div>\n\t\t\t\t\t\t\t\t<\/div>\n\t\t\t\t<\/div>\n\t\t\t\t\t<\/div>\n\t\t<\/div>\n\t\t\t\t\t<\/div>\n\t\t<\/section>\n\t\t\t\t<\/div>\n\t\t<\/div>","protected":false},"excerpt":{"rendered":"<p>[vc_row css_animation=&#8221;&#8221; row_type=&#8221;row&#8221; use_row_as_full_screen_section=&#8221;no&#8221; type=&#8221;full_width&#8221; angled_section=&#8221;no&#8221; text_align=&#8221;left&#8221; background_image_as_pattern=&#8221;without_pattern&#8221;][vc_column][vc_column_text] The Council of Troyes and the rule of the Knights Templar [\/vc_column_text][\/vc_column][\/vc_row][vc_row css_animation=&#8221;&#8221; row_type=&#8221;row&#8221; use_row_as_full_screen_section=&#8221;no&#8221; type=&#8221;full_width&#8221; angled_section=&#8221;no&#8221; text_align=&#8221;left&#8221; background_image_as_pattern=&#8221;without_pattern&#8221;][vc_column][vc_column_text] The Council that opened in the Cathedral of Troyes on January 13, 1129 established the rule of the&#8230;<\/p>\n","protected":false},"author":1,"featured_media":0,"parent":0,"menu_order":0,"comment_status":"closed","ping_status":"closed","template":"","meta":{"footnotes":""},"class_list":["post-18363","page","type-page","status-publish","hentry"],"yoast_head":"<!-- This site is optimized with the Yoast SEO plugin v26.6 - https:\/\/yoast.com\/wordpress\/plugins\/seo\/ -->\n<title>The founding texts - European Templar Route<\/title>\n<meta name=\"robots\" content=\"index, follow, max-snippet:-1, max-image-preview:large, max-video-preview:-1\" \/>\n<link rel=\"canonical\" href=\"https:\/\/www.templars-route.eu\/en\/textes-fondateurs\/\" \/>\n<meta property=\"og:locale\" content=\"en_US\" \/>\n<meta property=\"og:type\" content=\"article\" \/>\n<meta property=\"og:title\" content=\"The founding texts - European Templar Route\" \/>\n<meta property=\"og:description\" content=\"[vc_row css_animation=&#8221;&#8221; row_type=&#8221;row&#8221; use_row_as_full_screen_section=&#8221;no&#8221; type=&#8221;full_width&#8221; angled_section=&#8221;no&#8221; text_align=&#8221;left&#8221; background_image_as_pattern=&#8221;without_pattern&#8221;][vc_column][vc_column_text] The Council of Troyes and the rule of the Knights Templar [\/vc_column_text][\/vc_column][\/vc_row][vc_row css_animation=&#8221;&#8221; row_type=&#8221;row&#8221; use_row_as_full_screen_section=&#8221;no&#8221; type=&#8221;full_width&#8221; angled_section=&#8221;no&#8221; text_align=&#8221;left&#8221; background_image_as_pattern=&#8221;without_pattern&#8221;][vc_column][vc_column_text] The Council that opened in the Cathedral of Troyes on January 13, 1129 established the rule of the...\" \/>\n<meta property=\"og:url\" content=\"https:\/\/www.templars-route.eu\/en\/textes-fondateurs\/\" \/>\n<meta property=\"og:site_name\" content=\"European Templar Route\" \/>\n<meta property=\"article:modified_time\" content=\"2020-12-23T11:15:00+00:00\" \/>\n<meta name=\"twitter:card\" content=\"summary_large_image\" \/>\n<meta name=\"twitter:label1\" content=\"Est. reading time\" \/>\n\t<meta name=\"twitter:data1\" content=\"4 minutes\" \/>\n<script type=\"application\/ld+json\" class=\"yoast-schema-graph\">{\"@context\":\"https:\/\/schema.org\",\"@graph\":[{\"@type\":\"WebPage\",\"@id\":\"https:\/\/www.templars-route.eu\/en\/textes-fondateurs\/\",\"url\":\"https:\/\/www.templars-route.eu\/en\/textes-fondateurs\/\",\"name\":\"The founding texts - European Templar Route\",\"isPartOf\":{\"@id\":\"https:\/\/www.templars-route.eu\/fr\/#website\"},\"datePublished\":\"2020-12-07T12:58:36+00:00\",\"dateModified\":\"2020-12-23T11:15:00+00:00\",\"breadcrumb\":{\"@id\":\"https:\/\/www.templars-route.eu\/en\/textes-fondateurs\/#breadcrumb\"},\"inLanguage\":\"en-US\",\"potentialAction\":[{\"@type\":\"ReadAction\",\"target\":[\"https:\/\/www.templars-route.eu\/en\/textes-fondateurs\/\"]}]},{\"@type\":\"BreadcrumbList\",\"@id\":\"https:\/\/www.templars-route.eu\/en\/textes-fondateurs\/#breadcrumb\",\"itemListElement\":[{\"@type\":\"ListItem\",\"position\":1,\"name\":\"Accueil\",\"item\":\"https:\/\/www.templars-route.eu\/en\/\"},{\"@type\":\"ListItem\",\"position\":2,\"name\":\"The founding texts\"}]},{\"@type\":\"WebSite\",\"@id\":\"https:\/\/www.templars-route.eu\/fr\/#website\",\"url\":\"https:\/\/www.templars-route.eu\/fr\/\",\"name\":\"European Templar Route\",\"description\":\"Un site utilisant Mobylee\",\"potentialAction\":[{\"@type\":\"SearchAction\",\"target\":{\"@type\":\"EntryPoint\",\"urlTemplate\":\"https:\/\/www.templars-route.eu\/fr\/?s={search_term_string}\"},\"query-input\":{\"@type\":\"PropertyValueSpecification\",\"valueRequired\":true,\"valueName\":\"search_term_string\"}}],\"inLanguage\":\"en-US\"}]}<\/script>\n<!-- \/ Yoast SEO plugin. -->","yoast_head_json":{"title":"The founding texts - European Templar Route","robots":{"index":"index","follow":"follow","max-snippet":"max-snippet:-1","max-image-preview":"max-image-preview:large","max-video-preview":"max-video-preview:-1"},"canonical":"https:\/\/www.templars-route.eu\/en\/textes-fondateurs\/","og_locale":"en_US","og_type":"article","og_title":"The founding texts - European Templar Route","og_description":"[vc_row css_animation=&#8221;&#8221; row_type=&#8221;row&#8221; use_row_as_full_screen_section=&#8221;no&#8221; type=&#8221;full_width&#8221; angled_section=&#8221;no&#8221; text_align=&#8221;left&#8221; background_image_as_pattern=&#8221;without_pattern&#8221;][vc_column][vc_column_text] The Council of Troyes and the rule of the Knights Templar [\/vc_column_text][\/vc_column][\/vc_row][vc_row css_animation=&#8221;&#8221; row_type=&#8221;row&#8221; use_row_as_full_screen_section=&#8221;no&#8221; type=&#8221;full_width&#8221; angled_section=&#8221;no&#8221; text_align=&#8221;left&#8221; background_image_as_pattern=&#8221;without_pattern&#8221;][vc_column][vc_column_text] The Council that opened in the Cathedral of Troyes on January 13, 1129 established the rule of the...","og_url":"https:\/\/www.templars-route.eu\/en\/textes-fondateurs\/","og_site_name":"European Templar Route","article_modified_time":"2020-12-23T11:15:00+00:00","twitter_card":"summary_large_image","twitter_misc":{"Est. reading time":"4 minutes"},"schema":{"@context":"https:\/\/schema.org","@graph":[{"@type":"WebPage","@id":"https:\/\/www.templars-route.eu\/en\/textes-fondateurs\/","url":"https:\/\/www.templars-route.eu\/en\/textes-fondateurs\/","name":"The founding texts - European Templar Route","isPartOf":{"@id":"https:\/\/www.templars-route.eu\/fr\/#website"},"datePublished":"2020-12-07T12:58:36+00:00","dateModified":"2020-12-23T11:15:00+00:00","breadcrumb":{"@id":"https:\/\/www.templars-route.eu\/en\/textes-fondateurs\/#breadcrumb"},"inLanguage":"en-US","potentialAction":[{"@type":"ReadAction","target":["https:\/\/www.templars-route.eu\/en\/textes-fondateurs\/"]}]},{"@type":"BreadcrumbList","@id":"https:\/\/www.templars-route.eu\/en\/textes-fondateurs\/#breadcrumb","itemListElement":[{"@type":"ListItem","position":1,"name":"Accueil","item":"https:\/\/www.templars-route.eu\/en\/"},{"@type":"ListItem","position":2,"name":"The founding texts"}]},{"@type":"WebSite","@id":"https:\/\/www.templars-route.eu\/fr\/#website","url":"https:\/\/www.templars-route.eu\/fr\/","name":"European Templar Route","description":"Un site utilisant Mobylee","potentialAction":[{"@type":"SearchAction","target":{"@type":"EntryPoint","urlTemplate":"https:\/\/www.templars-route.eu\/fr\/?s={search_term_string}"},"query-input":{"@type":"PropertyValueSpecification","valueRequired":true,"valueName":"search_term_string"}}],"inLanguage":"en-US"}]}},"_links":{"self":[{"href":"https:\/\/www.templars-route.eu\/en\/wp-json\/wp\/v2\/pages\/18363\/"}],"collection":[{"href":"https:\/\/www.templars-route.eu\/en\/wp-json\/wp\/v2\/pages\/"}],"about":[{"href":"https:\/\/www.templars-route.eu\/en\/wp-json\/wp\/v2\/types\/page\/"}],"author":[{"embeddable":true,"href":"https:\/\/www.templars-route.eu\/en\/wp-json\/wp\/v2\/users\/1\/"}],"replies":[{"embeddable":true,"href":"https:\/\/www.templars-route.eu\/en\/wp-json\/wp\/v2\/comments\/?post=18363"}],"version-history":[{"count":5,"href":"https:\/\/www.templars-route.eu\/en\/wp-json\/wp\/v2\/pages\/18363\/revisions\/"}],"predecessor-version":[{"id":18397,"href":"https:\/\/www.templars-route.eu\/en\/wp-json\/wp\/v2\/pages\/18363\/revisions\/18397\/"}],"wp:attachment":[{"href":"https:\/\/www.templars-route.eu\/en\/wp-json\/wp\/v2\/media\/?parent=18363"}],"curies":[{"name":"wp","href":"https:\/\/api.w.org\/{rel}","templated":true}]}}